{"id":994,"date":"2019-11-04T15:24:11","date_gmt":"2019-11-04T14:24:11","guid":{"rendered":"https:\/\/www.cituro.com\/help\/?page_id=994"},"modified":"2024-07-31T13:27:39","modified_gmt":"2024-07-31T11:27:39","slug":"x","status":"publish","type":"page","link":"https:\/\/www.cituro.com\/help\/einbindung-online-terminbuchung\/einbindung-in-social-media\/x","title":{"rendered":"Online-Terminbuchung \u00fcber Twitter"},"content":{"rendered":"<p>[et_pb_section fb_built=&#8220;1&#8243; specialty=&#8220;on&#8220; module_class=&#8220; et_pb_specialty_fullwidth&#8220; _builder_version=&#8220;3.22&#8243; inner_width=&#8220;89%&#8220; inner_width_tablet=&#8220;80%&#8220; inner_width_phone=&#8220;&#8220; inner_width_last_edited=&#8220;on|desktop&#8220; inner_max_width=&#8220;89%&#8220; inner_max_width_tablet=&#8220;80%&#8220; inner_max_width_phone=&#8220;&#8220; inner_max_width_last_edited=&#8220;on|desktop&#8220; make_fullwidth=&#8220;on&#8220; global_colors_info=&#8220;{}&#8220;][et_pb_column type=&#8220;1_4&#8243; _builder_version=&#8220;3.25&#8243; custom_padding=&#8220;|||&#8220; global_colors_info=&#8220;{}&#8220; custom_padding__hover=&#8220;|||&#8220;][et_pb_sidebar area=&#8220;sidebar-1&#8243; disabled_on=&#8220;on|on|off&#8220; _builder_version=&#8220;4.14.5&#8243; custom_padding=&#8220;50px|||&#8220; global_colors_info=&#8220;{}&#8220;][\/et_pb_sidebar][\/et_pb_column][et_pb_column type=&#8220;3_4&#8243; specialty_columns=&#8220;3&#8243; _builder_version=&#8220;3.25&#8243; custom_padding=&#8220;|||&#8220; global_colors_info=&#8220;{}&#8220; custom_padding__hover=&#8220;|||&#8220;][et_pb_row_inner admin_label=&#8220;Zeile&#8220; _builder_version=&#8220;3.25&#8243; global_colors_info=&#8220;{}&#8220;][et_pb_column_inner saved_specialty_column_type=&#8220;3_4&#8243; _builder_version=&#8220;3.25&#8243; custom_padding=&#8220;|||&#8220; global_colors_info=&#8220;{}&#8220; custom_padding__hover=&#8220;|||&#8220;][et_pb_text _builder_version=&#8220;4.14.5&#8243; global_colors_info=&#8220;{}&#8220;]<\/p>\n<h1>Terminbuchung \u00fcber X<\/h1>\n<p>[\/et_pb_text][et_pb_text _builder_version=&#8220;4.14.5&#8243; custom_padding=&#8220;||20px&#8220; text_font_size_tablet=&#8220;&#8220; text_font_size_phone=&#8220;&#8220; text_font_size_last_edited=&#8220;on|phone&#8220; global_colors_info=&#8220;{}&#8220;]<\/p>\n<p>Wir zeigen Ihnen drei M\u00f6glichkeiten wie Sie die Online-Terminbuchung von cituro in Ihren X Account einbinden k\u00f6nnen. Falls Sie noch keinen cituro Account haben, k\u00f6nnen Sie sich <a href=\"https:\/\/www.cituro.com\/registrierung\">hier kostenlos bei cituro anmelden<\/a>.<\/p>\n<p><a href=\"#post\">1. M\u00f6glichkeit:<\/a> Sie f\u00fcgen Ihren <em>Posts<\/em> den Link zur Online-Terminbuchung hinzu.<\/p>\n<p><a href=\"#link\">2. M\u00f6glichkeit:<\/a> Sie verlinken anstelle Ihrer Webseite den Link zur Online-Terminbuchung von cituro.<\/p>\n<p><a href=\"#landingpage\">3. M\u00f6glichkeit:<\/a> Sie verlinken die Seite, in der Sie den Buchungsbutton eingebunden haben.<\/p>\n<p>[\/et_pb_text][et_pb_divider color=&#8220;#555555&#8243; _builder_version=&#8220;4.14.5&#8243; global_colors_info=&#8220;{}&#8220;][\/et_pb_divider][\/et_pb_column_inner][\/et_pb_row_inner][et_pb_row_inner admin_label=&#8220;Zeile&#8220; _builder_version=&#8220;3.25&#8243; global_colors_info=&#8220;{}&#8220;][et_pb_column_inner saved_specialty_column_type=&#8220;3_4&#8243; _builder_version=&#8220;3.25&#8243; custom_padding=&#8220;|||&#8220; global_colors_info=&#8220;{}&#8220; custom_padding__hover=&#8220;|||&#8220;][et_pb_text admin_label=&#8220;Text&#8220; _builder_version=&#8220;4.14.5&#8243; global_colors_info=&#8220;{}&#8220;]<\/p>\n<h2 id=\"post\" class=\"text-content-heading\">1. M\u00f6glichkeit: cituro Link in Ihrem Post<\/h2>\n<p>[\/et_pb_text][et_pb_text _builder_version=&#8220;4.14.5&#8243; text_font=&#8220;||||||||&#8220; custom_padding=&#8220;0px||20px&#8220; global_colors_info=&#8220;{}&#8220;]<\/p>\n<p>Sie k\u00f6nnen den Link f\u00fcr die Online-Terminbuchung auch in einen Post kopieren. Falls mal ein Termin spontan frei werden sollte, k\u00f6nnen Sie das posten und gleich noch den Link zur Buchung hinzuf\u00fcgen. Oder wenn Sie Neuigkeiten oder Angebote haben k\u00f6nnen Sie jederzeit den Link zu Buchung f\u00fcr Ihre Kunden hinzuf\u00fcgen.<\/p>\n<p>[\/et_pb_text][et_pb_text _builder_version=&#8220;4.14.5&#8243; custom_padding=&#8220;0px||20px&#8220; global_colors_info=&#8220;{}&#8220;]<\/p>\n<p><strong>Anleitung:<\/strong><\/p>\n<ol>\n<li>Gehen Sie in Ihren cituro Manager auf <strong>Men\u00fc \u2192 Onlinebuchung \u2192 Tab Buchungswidget einbinden<\/strong>.<\/li>\n<li>Kopieren Sie den <strong>Link<\/strong> unter <i>2. Website Integration (Link oder IFrame) <\/i>.<\/li>\n<li>Gehen Sie in Ihr X Profil und f\u00fcgen Sie den Link in Ihren <i>Post<\/i> ein.<\/li>\n<\/ol>\n<p><strong>FERTIG!<\/strong> Und schon k\u00f6nnen Ihre Follower \u00fcber X &#8211; mit nur einem Klick! &#8211; bei Ihnen Termine buchen.<\/p>\n<p>[\/et_pb_text][et_pb_divider color=&#8220;#555555&#8243; _builder_version=&#8220;3.5.1&#8243; global_colors_info=&#8220;{}&#8220;][\/et_pb_divider][\/et_pb_column_inner][\/et_pb_row_inner][et_pb_row_inner admin_label=&#8220;Zeile&#8220; _builder_version=&#8220;3.25&#8243; global_colors_info=&#8220;{}&#8220;][et_pb_column_inner saved_specialty_column_type=&#8220;3_4&#8243; _builder_version=&#8220;3.25&#8243; custom_padding=&#8220;|||&#8220; global_colors_info=&#8220;{}&#8220; custom_padding__hover=&#8220;|||&#8220;][et_pb_text admin_label=&#8220;Text&#8220; _builder_version=&#8220;4.14.5&#8243; global_colors_info=&#8220;{}&#8220;]<\/p>\n<h2 id=\"link\" class=\"text-content-heading\">2. M\u00f6glichkeit: cituro Link anstelle der Webseite<\/h2>\n<p>[\/et_pb_text][et_pb_text _builder_version=&#8220;4.14.5&#8243; text_font=&#8220;||||||||&#8220; custom_padding=&#8220;0px||20px&#8220; global_colors_info=&#8220;{}&#8220;]<\/p>\n<p>Diese Variante ist sehr leicht umzusetzen, da wir einfach den cituro Buchungswidget Link anstelle der Webseite verlinken. So werden Ihre Kunden direkt zur Online-Terminbuchung weitergeleitet.<\/p>\n<p>[\/et_pb_text][et_pb_text _builder_version=&#8220;4.14.5&#8243; custom_padding=&#8220;0px||20px&#8220; global_colors_info=&#8220;{}&#8220;]<\/p>\n<p><strong>Anleitung:<\/strong><\/p>\n<ol>\n<li>Gehen Sie in Ihren cituro Manager auf <strong>Men\u00fc \u2192 Onlinebuchung \u2192 Tab Buchungswidget einbinden<\/strong>.<\/li>\n<li>Kopieren Sie den <strong>Link<\/strong> unter <i>2. Website Integration (Link oder IFrame) <\/i>.<\/li>\n<li>Gehen Sie in Ihr X Profil auf <i>Profil bearbeiten<\/i> und f\u00fcgen Sie den Link bei Webseite ein.<\/li>\n<\/ol>\n<p><strong>FERTIG!<\/strong> Und schon k\u00f6nnen Ihre Follower \u00fcber X &#8211; mit nur einem Klick! &#8211; bei Ihnen Termine buchen.<\/p>\n<p>Hinweis:<br \/>Wenn Ihnen der Buchungslink zu lang ist, k\u00f6nnen Sie diesen mit <strong>bitly<\/strong> k\u00fcrzen:<br \/>Gehen Sie auf <a href=\"https:\/\/bitly.com\" target=\"_blank\" rel=\"noopener noreferrer\">bitly.com<\/a> und f\u00fcgen Sie den Link aus dem cituro Manager in das Feld <i>[Paste a link to shorten it]<\/i> ein und klicken Sie auf <i>SHORTEN<\/i>. Kopieren Sie sich den neuen Link, den bitly gerade f\u00fcr Sie generiert hat.<\/p>\n<p>[\/et_pb_text][et_pb_divider color=&#8220;#555555&#8243; _builder_version=&#8220;3.5.1&#8243; global_colors_info=&#8220;{}&#8220;][\/et_pb_divider][\/et_pb_column_inner][\/et_pb_row_inner][et_pb_row_inner admin_label=&#8220;Zeile&#8220; _builder_version=&#8220;3.25&#8243; global_colors_info=&#8220;{}&#8220;][et_pb_column_inner saved_specialty_column_type=&#8220;3_4&#8243; _builder_version=&#8220;3.25&#8243; custom_padding=&#8220;|||&#8220; global_colors_info=&#8220;{}&#8220; custom_padding__hover=&#8220;|||&#8220;][et_pb_text _builder_version=&#8220;4.14.5&#8243; global_colors_info=&#8220;{}&#8220;]<\/p>\n<h2 id=\"landingpage\" class=\"text-content-heading\">3. M\u00f6glichkeit: Seite mit Buchungsbutton<\/h2>\n<p>[\/et_pb_text][et_pb_text _builder_version=&#8220;4.14.5&#8243; text_font=&#8220;||||||||&#8220; custom_padding=&#8220;0px||20px&#8220; global_colors_info=&#8220;{}&#8220;]<\/p>\n<p>Verlinken Sie die Seite auf der Sie die Online-Terminbuchung eingebunden haben. Wenn Sie z.B. den Button nicht auf Ihrer Startseite eingebunden haben sondern z.B. auf einer Unterseite, dann verlinken Sie diese Seite.<\/p>\n<p>[\/et_pb_text][et_pb_text _builder_version=&#8220;4.14.5&#8243; custom_padding=&#8220;0px||20px&#8220; global_colors_info=&#8220;{}&#8220;]<\/p>\n<p><strong>Anleitung:<\/strong><\/p>\n<p>Gehen Sie in Ihr X Profil auf <i>Profil bearbeiten<\/i> und f\u00fcgen Sie den Link Ihrer Seite bei <i>Webseite<\/i> ein.<\/p>\n<p><strong>FERTIG!<\/strong> Und schon k\u00f6nnen Ihre Follower \u00fcber X bei Ihnen Termine buchen.<\/p>\n<p>[\/et_pb_text][\/et_pb_column_inner][\/et_pb_row_inner][\/et_pb_column][\/et_pb_section]<\/p>\n","protected":false},"excerpt":{"rendered":"<p>Wir zeigen Ihnen hier 3 M\u00f6glichkeiten wie Sie die Online-Terminbuchung von cituro in Ihren Twitter Account einbinden k\u00f6nnen.<\/p>\n","protected":false},"author":1,"featured_media":0,"parent":938,"menu_order":0,"comment_status":"closed","ping_status":"closed","template":"","meta":{"_et_pb_use_builder":"on","_et_pb_old_content":"","_et_gb_content_width":"","footnotes":""},"class_list":["post-994","page","type-page","status-publish","hentry"],"yoast_head":"<!-- This site is optimized with the Yoast SEO plugin v23.9 - https:\/\/yoast.com\/wordpress\/plugins\/seo\/ -->\n<title>Online-Terminbuchung \u00fcber X - cituro Helpcenter<\/title>\n<meta name=\"description\" content=\"Ihre Kunden wollen Termine online buchen? Bieten Sie die Online-Terminvereinbarung \u00fcber X an und machen Sie Ihre Follower zu Kunden!\" \/>\n<meta name=\"robots\" content=\"index, follow, max-snippet:-1, max-image-preview:large, max-video-preview:-1\" \/>\n<link rel=\"canonical\" href=\"https:\/\/www.cituro.com\/help\/einbindung-online-terminbuchung\/einbindung-in-social-media\/x\" \/>\n<meta property=\"og:locale\" content=\"de_DE\" \/>\n<meta property=\"og:type\" content=\"article\" \/>\n<meta property=\"og:title\" content=\"Online-Terminbuchung \u00fcber X - cituro Helpcenter\" \/>\n<meta property=\"og:description\" content=\"Ihre Kunden wollen Termine online buchen? Bieten Sie die Online-Terminvereinbarung \u00fcber X an und machen Sie Ihre Follower zu Kunden!\" \/>\n<meta property=\"og:url\" content=\"https:\/\/www.cituro.com\/help\/einbindung-online-terminbuchung\/einbindung-in-social-media\/x\" \/>\n<meta property=\"og:site_name\" content=\"cituro Helpcenter\" \/>\n<meta property=\"article:modified_time\" content=\"2024-07-31T11:27:39+00:00\" \/>\n<meta name=\"twitter:card\" content=\"summary_large_image\" \/>\n<meta name=\"twitter:label1\" content=\"Gesch\u00e4tzte Lesezeit\" \/>\n\t<meta name=\"twitter:data1\" content=\"3\u00a0Minuten\" \/>\n<script type=\"application\/ld+json\" class=\"yoast-schema-graph\">{\"@context\":\"https:\/\/schema.org\",\"@graph\":[{\"@type\":\"WebPage\",\"@id\":\"https:\/\/www.cituro.com\/help\/einbindung-online-terminbuchung\/einbindung-in-social-media\/x\",\"url\":\"https:\/\/www.cituro.com\/help\/einbindung-online-terminbuchung\/einbindung-in-social-media\/x\",\"name\":\"Online-Terminbuchung \u00fcber X - cituro Helpcenter\",\"isPartOf\":{\"@id\":\"https:\/\/www.cituro.com\/help\/#website\"},\"datePublished\":\"2019-11-04T14:24:11+00:00\",\"dateModified\":\"2024-07-31T11:27:39+00:00\",\"description\":\"Ihre Kunden wollen Termine online buchen? Bieten Sie die Online-Terminvereinbarung \u00fcber X an und machen Sie Ihre Follower zu Kunden!\",\"breadcrumb\":{\"@id\":\"https:\/\/www.cituro.com\/help\/einbindung-online-terminbuchung\/einbindung-in-social-media\/x#breadcrumb\"},\"inLanguage\":\"de\",\"potentialAction\":[{\"@type\":\"ReadAction\",\"target\":[\"https:\/\/www.cituro.com\/help\/einbindung-online-terminbuchung\/einbindung-in-social-media\/x\"]}]},{\"@type\":\"BreadcrumbList\",\"@id\":\"https:\/\/www.cituro.com\/help\/einbindung-online-terminbuchung\/einbindung-in-social-media\/x#breadcrumb\",\"itemListElement\":[{\"@type\":\"ListItem\",\"position\":1,\"name\":\"Startseite\",\"item\":\"https:\/\/www.cituro.com\/help\/\"},{\"@type\":\"ListItem\",\"position\":2,\"name\":\"Einbindung Online-Terminbuchung\",\"item\":\"https:\/\/www.cituro.com\/help\/einbindung-online-terminbuchung\"},{\"@type\":\"ListItem\",\"position\":3,\"name\":\"Einbindung in Social Media\",\"item\":\"https:\/\/www.cituro.com\/help\/einbindung-online-terminbuchung\/einbindung-in-social-media\"},{\"@type\":\"ListItem\",\"position\":4,\"name\":\"Online-Terminbuchung \u00fcber Twitter\"}]},{\"@type\":\"WebSite\",\"@id\":\"https:\/\/www.cituro.com\/help\/#website\",\"url\":\"https:\/\/www.cituro.com\/help\/\",\"name\":\"cituro Helpcenter\",\"description\":\"Eine weitere WordPress-Website\",\"potentialAction\":[{\"@type\":\"SearchAction\",\"target\":{\"@type\":\"EntryPoint\",\"urlTemplate\":\"https:\/\/www.cituro.com\/help\/?s={search_term_string}\"},\"query-input\":{\"@type\":\"PropertyValueSpecification\",\"valueRequired\":true,\"valueName\":\"search_term_string\"}}],\"inLanguage\":\"de\"}]}<\/script>\n<!-- \/ Yoast SEO plugin. -->","yoast_head_json":{"title":"Online-Terminbuchung \u00fcber X - cituro Helpcenter","description":"Ihre Kunden wollen Termine online buchen? Bieten Sie die Online-Terminvereinbarung \u00fcber X an und machen Sie Ihre Follower zu Kunden!","robots":{"index":"index","follow":"follow","max-snippet":"max-snippet:-1","max-image-preview":"max-image-preview:large","max-video-preview":"max-video-preview:-1"},"canonical":"https:\/\/www.cituro.com\/help\/einbindung-online-terminbuchung\/einbindung-in-social-media\/x","og_locale":"de_DE","og_type":"article","og_title":"Online-Terminbuchung \u00fcber X - cituro Helpcenter","og_description":"Ihre Kunden wollen Termine online buchen? Bieten Sie die Online-Terminvereinbarung \u00fcber X an und machen Sie Ihre Follower zu Kunden!","og_url":"https:\/\/www.cituro.com\/help\/einbindung-online-terminbuchung\/einbindung-in-social-media\/x","og_site_name":"cituro Helpcenter","article_modified_time":"2024-07-31T11:27:39+00:00","twitter_card":"summary_large_image","twitter_misc":{"Gesch\u00e4tzte Lesezeit":"3\u00a0Minuten"},"schema":{"@context":"https:\/\/schema.org","@graph":[{"@type":"WebPage","@id":"https:\/\/www.cituro.com\/help\/einbindung-online-terminbuchung\/einbindung-in-social-media\/x","url":"https:\/\/www.cituro.com\/help\/einbindung-online-terminbuchung\/einbindung-in-social-media\/x","name":"Online-Terminbuchung \u00fcber X - cituro Helpcenter","isPartOf":{"@id":"https:\/\/www.cituro.com\/help\/#website"},"datePublished":"2019-11-04T14:24:11+00:00","dateModified":"2024-07-31T11:27:39+00:00","description":"Ihre Kunden wollen Termine online buchen? Bieten Sie die Online-Terminvereinbarung \u00fcber X an und machen Sie Ihre Follower zu Kunden!","breadcrumb":{"@id":"https:\/\/www.cituro.com\/help\/einbindung-online-terminbuchung\/einbindung-in-social-media\/x#breadcrumb"},"inLanguage":"de","potentialAction":[{"@type":"ReadAction","target":["https:\/\/www.cituro.com\/help\/einbindung-online-terminbuchung\/einbindung-in-social-media\/x"]}]},{"@type":"BreadcrumbList","@id":"https:\/\/www.cituro.com\/help\/einbindung-online-terminbuchung\/einbindung-in-social-media\/x#breadcrumb","itemListElement":[{"@type":"ListItem","position":1,"name":"Startseite","item":"https:\/\/www.cituro.com\/help\/"},{"@type":"ListItem","position":2,"name":"Einbindung Online-Terminbuchung","item":"https:\/\/www.cituro.com\/help\/einbindung-online-terminbuchung"},{"@type":"ListItem","position":3,"name":"Einbindung in Social Media","item":"https:\/\/www.cituro.com\/help\/einbindung-online-terminbuchung\/einbindung-in-social-media"},{"@type":"ListItem","position":4,"name":"Online-Terminbuchung \u00fcber Twitter"}]},{"@type":"WebSite","@id":"https:\/\/www.cituro.com\/help\/#website","url":"https:\/\/www.cituro.com\/help\/","name":"cituro Helpcenter","description":"Eine weitere WordPress-Website","potentialAction":[{"@type":"SearchAction","target":{"@type":"EntryPoint","urlTemplate":"https:\/\/www.cituro.com\/help\/?s={search_term_string}"},"query-input":{"@type":"PropertyValueSpecification","valueRequired":true,"valueName":"search_term_string"}}],"inLanguage":"de"}]}},"_links":{"self":[{"href":"https:\/\/www.cituro.com\/help\/wp-json\/wp\/v2\/pages\/994","targetHints":{"allow":["GET"]}}],"collection":[{"href":"https:\/\/www.cituro.com\/help\/wp-json\/wp\/v2\/pages"}],"about":[{"href":"https:\/\/www.cituro.com\/help\/wp-json\/wp\/v2\/types\/page"}],"author":[{"embeddable":true,"href":"https:\/\/www.cituro.com\/help\/wp-json\/wp\/v2\/users\/1"}],"replies":[{"embeddable":true,"href":"https:\/\/www.cituro.com\/help\/wp-json\/wp\/v2\/comments?post=994"}],"version-history":[{"count":5,"href":"https:\/\/www.cituro.com\/help\/wp-json\/wp\/v2\/pages\/994\/revisions"}],"predecessor-version":[{"id":11848,"href":"https:\/\/www.cituro.com\/help\/wp-json\/wp\/v2\/pages\/994\/revisions\/11848"}],"up":[{"embeddable":true,"href":"https:\/\/www.cituro.com\/help\/wp-json\/wp\/v2\/pages\/938"}],"wp:attachment":[{"href":"https:\/\/www.cituro.com\/help\/wp-json\/wp\/v2\/media?parent=994"}],"curies":[{"name":"wp","href":"https:\/\/api.w.org\/{rel}","templated":true}]}}