{"id":960,"date":"2019-11-04T11:52:04","date_gmt":"2019-11-04T10:52:04","guid":{"rendered":"https:\/\/www.cituro.com\/help\/?page_id=960"},"modified":"2025-08-01T23:00:32","modified_gmt":"2025-08-01T21:00:32","slug":"facebook","status":"publish","type":"page","link":"https:\/\/www.cituro.com\/help\/einbindung-online-terminbuchung\/einbindung-in-social-media\/facebook","title":{"rendered":"Online-Terminbuchung \u00fcber Facebook"},"content":{"rendered":"<p>[et_pb_section fb_built=&#8220;1&#8243; specialty=&#8220;on&#8220; module_class=&#8220; et_pb_specialty_fullwidth&#8220; _builder_version=&#8220;3.22&#8243; inner_width=&#8220;89%&#8220; inner_width_tablet=&#8220;80%&#8220; inner_width_phone=&#8220;&#8220; inner_width_last_edited=&#8220;on|desktop&#8220; inner_max_width=&#8220;89%&#8220; inner_max_width_tablet=&#8220;80%&#8220; inner_max_width_phone=&#8220;&#8220; inner_max_width_last_edited=&#8220;on|desktop&#8220; make_fullwidth=&#8220;on&#8220; global_colors_info=&#8220;{}&#8220;][et_pb_column type=&#8220;1_4&#8243; _builder_version=&#8220;3.25&#8243; custom_padding=&#8220;|||&#8220; global_colors_info=&#8220;{}&#8220; custom_padding__hover=&#8220;|||&#8220;][et_pb_sidebar area=&#8220;sidebar-1&#8243; disabled_on=&#8220;on|on|off&#8220; _builder_version=&#8220;3.29.3&#8243; custom_padding=&#8220;50px|||&#8220; global_colors_info=&#8220;{}&#8220;][\/et_pb_sidebar][\/et_pb_column][et_pb_column type=&#8220;3_4&#8243; specialty_columns=&#8220;3&#8243; _builder_version=&#8220;3.25&#8243; custom_padding=&#8220;|||&#8220; global_colors_info=&#8220;{}&#8220; custom_padding__hover=&#8220;|||&#8220;][et_pb_row_inner admin_label=&#8220;Zeile&#8220; _builder_version=&#8220;3.25&#8243; global_colors_info=&#8220;{}&#8220;][et_pb_column_inner saved_specialty_column_type=&#8220;3_4&#8243; _builder_version=&#8220;3.25&#8243; custom_padding=&#8220;|||&#8220; global_colors_info=&#8220;{}&#8220; custom_padding__hover=&#8220;|||&#8220;][et_pb_text _builder_version=&#8220;3.29.3&#8243; global_colors_info=&#8220;{}&#8220;]<\/p>\n<h1>Terminbuchung direkt \u00fcber Facebook<\/h1>\n<p>[\/et_pb_text][et_pb_text _builder_version=&#8220;4.14.5&#8243; custom_padding=&#8220;||20px&#8220; text_font_size_tablet=&#8220;&#8220; text_font_size_phone=&#8220;&#8220; text_font_size_last_edited=&#8220;on|phone&#8220; global_colors_info=&#8220;{}&#8220;]<\/p>\n<p>Erm\u00f6glichen Sie Ihren Kunden, Followern, Neukunden und Interessenten \u00fcber Ihr Facebook-Profil Termine zu buchen.<\/p>\n<p class=\"notice blue\"><strong>Hinweis:<\/strong><br \/>\nAufgrund eines aktuellen <strong>Facebook-Updates<\/strong> ist die Terminbuchung \u00fcber einen <strong>&#8222;Jetzt buchen&#8220;<\/strong> Button nicht mehr m\u00f6glich. Bitte verwenden Sie zwischenzeitlich <a href=\"#update\">folgende Einbindungsm\u00f6glichkeit<\/a>. F\u00fcr die Online-Terminbuchung \u00fcber Facebook ben\u00f6tigen Sie eine <a href=\"https:\/\/www.facebook.com\/business\/pages\/set-up\" target=\"_blank\" rel=\"noopener noreferrer\">Facebook Unternehmensseite<\/a>.<\/p>\n<p>[\/et_pb_text][et_pb_divider color=&#8220;#555555&#8243; _builder_version=&#8220;3.5.1&#8243; global_colors_info=&#8220;{}&#8220;][\/et_pb_divider][\/et_pb_column_inner][\/et_pb_row_inner][et_pb_row_inner admin_label=&#8220;Zeile&#8220; _builder_version=&#8220;3.25&#8243; global_colors_info=&#8220;{}&#8220;][et_pb_column_inner saved_specialty_column_type=&#8220;3_4&#8243; _builder_version=&#8220;3.25&#8243; custom_padding=&#8220;|||&#8220; global_colors_info=&#8220;{}&#8220; custom_padding__hover=&#8220;|||&#8220;][et_pb_text _builder_version=&#8220;3.29.3&#8243; global_colors_info=&#8220;{}&#8220;]<\/p>\n<h2 class=\"text-content-heading\" id=\"landingpage\">Anleitung<\/h2>\n<p>[\/et_pb_text][\/et_pb_column_inner][\/et_pb_row_inner][et_pb_row_inner column_structure=&#8220;1_2,1_2&#8243; admin_label=&#8220;Zeile&#8220; _builder_version=&#8220;3.25&#8243; global_colors_info=&#8220;{}&#8220;][et_pb_column_inner type=&#8220;1_2&#8243; saved_specialty_column_type=&#8220;3_4&#8243; _builder_version=&#8220;3.25&#8243; custom_padding=&#8220;|||&#8220; global_colors_info=&#8220;{}&#8220; custom_padding__hover=&#8220;|||&#8220;][et_pb_text _builder_version=&#8220;3.29.3&#8243; global_colors_info=&#8220;{}&#8220;]<\/p>\n<p><strong>Schritt 1:<\/strong><\/p>\n<p>Klicken Sie auf Ihrer Facebook Seite auf die blaue Schaltfl\u00e4che <i>Button hinzuf\u00fcgen<\/i> oder, falls Sie schon einen Call-to-Action Button haben, fahren Sie mit der Maus \u00fcber den Button und klicken Sie auf <i>Button bearbeiten<\/i>.<\/p>\n<p>W\u00e4hlen Sie die Option <strong>Termin vereinbaren<\/strong> aus und klicken Sie anschlie\u00dfend auf <strong>Jetzt buchen<\/strong>. Klicken Sie auf <i>Weiter<\/i>.<\/p>\n<p>[\/et_pb_text][\/et_pb_column_inner][et_pb_column_inner type=&#8220;1_2&#8243; saved_specialty_column_type=&#8220;3_4&#8243; _builder_version=&#8220;3.29.3&#8243; global_colors_info=&#8220;{}&#8220;][et_pb_image src=&#8220;https:\/\/www.cituro.com\/help\/wp-content\/uploads\/2019\/11\/FB-Schritt1.png&#8220; alt=&#8220;Online-Terminbuchung \u00fcber Facebook &#8211; Schritt 1&#8243; title_text=&#8220;Online-Terminbuchung \u00fcber Facebook &#8211; Schritt 1&#8243; _builder_version=&#8220;4.14.5&#8243; hover_enabled=&#8220;0&#8243; box_shadow_style=&#8220;preset1&#8243; global_colors_info=&#8220;{}&#8220; sticky_enabled=&#8220;0&#8243;][\/et_pb_image][et_pb_text _builder_version=&#8220;3.29.3&#8243; global_colors_info=&#8220;{}&#8220;]<\/p>\n<p>Zum Vergr\u00f6\u00dfern das Bild anklicken<\/p>\n<p>[\/et_pb_text][\/et_pb_column_inner][\/et_pb_row_inner][et_pb_row_inner column_structure=&#8220;1_2,1_2&#8243; admin_label=&#8220;Zeile&#8220; _builder_version=&#8220;3.25&#8243; global_colors_info=&#8220;{}&#8220;][et_pb_column_inner type=&#8220;1_2&#8243; saved_specialty_column_type=&#8220;3_4&#8243; _builder_version=&#8220;3.25&#8243; custom_padding=&#8220;|||&#8220; global_colors_info=&#8220;{}&#8220; custom_padding__hover=&#8220;|||&#8220;][et_pb_image src=&#8220;https:\/\/www.cituro.com\/help\/wp-content\/uploads\/2019\/11\/FB-Schritt2.png&#8220; alt=&#8220;Online-Terminbuchung \u00fcber Facebook &#8211; Schritt 2&#8243; title_text=&#8220;Online-Terminbuchung \u00fcber Facebook &#8211; Schritt 2&#8243; _builder_version=&#8220;4.14.5&#8243; hover_enabled=&#8220;0&#8243; box_shadow_style=&#8220;preset1&#8243; global_colors_info=&#8220;{}&#8220; sticky_enabled=&#8220;0&#8243;][\/et_pb_image][et_pb_text _builder_version=&#8220;3.29.3&#8243; global_colors_info=&#8220;{}&#8220;]<\/p>\n<p>Zum Vergr\u00f6\u00dfern das Bild anklicken<\/p>\n<p>[\/et_pb_text][\/et_pb_column_inner][et_pb_column_inner type=&#8220;1_2&#8243; saved_specialty_column_type=&#8220;3_4&#8243; _builder_version=&#8220;3.29.3&#8243; global_colors_info=&#8220;{}&#8220;][et_pb_text _builder_version=&#8220;3.29.3&#8243; global_colors_info=&#8220;{}&#8220;]<\/p>\n<p><strong>Schritt 2:<\/strong><\/p>\n<p>Klicken Sie auf <strong>Link zur Webseite<\/strong>. <\/p>\n<p>Logen Sie sich im cituro Manager ein und kopieren Sie folgenden Link:<br \/>\nMen\u00fc (cituro Manager) \u2192 Onlinebuchung \u2192 Tab Buchungswidget einbinden \u2192 Link kopieren: 3. Integration auf Ihrer Facebookseite\n<\/p>\n<p>F\u00fcgen Sie diesen Link bei Facebook ein. Klicken Sie auf <i>Speichern<\/i> und anschlie\u00dfend auf <i>Fertig<\/i>.<\/p>\n<p>[\/et_pb_text][et_pb_text _builder_version=&#8220;3.29.3&#8243; custom_padding=&#8220;0px||20px&#8220; global_colors_info=&#8220;{}&#8220;]<\/p>\n<p>Jetzt k\u00f6nnen Ihre Kunden, Follower und Interessenten bei Ihnen \u00fcber Facebook Termine buchen!<\/p>\n<p>[\/et_pb_text][\/et_pb_column_inner][\/et_pb_row_inner][et_pb_row_inner admin_label=&#8220;Zeile&#8220; module_id=&#8220;update&#8220; _builder_version=&#8220;4.14.5&#8243; global_colors_info=&#8220;{}&#8220;][et_pb_column_inner saved_specialty_column_type=&#8220;3_4&#8243; _builder_version=&#8220;3.25&#8243; custom_padding=&#8220;|||&#8220; global_colors_info=&#8220;{}&#8220; custom_padding__hover=&#8220;|||&#8220;][et_pb_divider color=&#8220;#555555&#8243; _builder_version=&#8220;3.5.1&#8243; global_colors_info=&#8220;{}&#8220;][\/et_pb_divider][et_pb_text _builder_version=&#8220;4.14.5&#8243; custom_padding=&#8220;0px||20px&#8220; global_colors_info=&#8220;{}&#8220;]<\/p>\n<h2>WICHTIGES UPDATE<\/h2>\n<p><\/p>\n<p>Facebook hat die M\u00f6glichkeit entfernt, den \u201eJetzt buchen\u201c-Button auszuw\u00e4hlen, um dort eine Website f\u00fcr die Onlinebuchung zu verlinken. Das bedeutet, dass aktuell leider es nicht mehr m\u00f6glich ist, den \u201eJetzt buchen\u201c-Button von Facebook mit Ihrer cituro Buchungsseite zu verbinden.<\/p>\n<p>Wir haben Facebook bereits kontaktiert, um cituro in die Liste der Partner f\u00fcr die Schaltfl\u00e4che \u201eJetzt buchen\u201c aufzunehmen.<\/p>\n<p>In der Zwischenzeit gibt es folgenden Workaround, mit dem Sie Ihre Facebook-Seite mit Ihrer Buchungsseite verbinden k\u00f6nnen:<\/p>\n<ol>\n<li>Melden Sie sich bei Facebook an und navigieren Sie zu Ihrer Facebook-Gesch\u00e4ftsseite<\/li>\n<li>Klicken Sie auf &#8222;Bearbeiten&#8220; oder &#8222;Schaltfl\u00e4che hinzuf\u00fcgen&#8220;<\/li>\n<li>W\u00e4hlen Sie die Option &#8222;Kontakt&#8220;, &#8222;Mehr dazu&#8220; oder &#8222;App ausw\u00e4hlen&#8220;<\/li>\n<li>F\u00fcgen Sie den cituro Buchungslink ein<\/li>\n<li>Klicken Sie auf &#8222;Speichern&#8220;<\/li>\n<\/ol>\n<p>Alternativ k\u00f6nnen Sie auch einen separaten Post Beitrag zur Onlinebuchung erstellen und diesen in Ihrem Feed oben fixieren.<\/p>\n<p>Wir entschuldigen uns sehr f\u00fcr die Unannehmlichkeiten und hoffen, dass dieser Workaround f\u00fcr Sie funktioniert. Seien Sie versichert, dass wir in der Zwischenzeit alles tun, um in die Buchungsliste aufgenommen zu werden. Wir werden Sie per Newsletter informieren, sobald es Neuigkeiten dazu gibt.<\/p>\n<p>[\/et_pb_text][\/et_pb_column_inner][\/et_pb_row_inner][\/et_pb_column][\/et_pb_section]<\/p>\n","protected":false},"excerpt":{"rendered":"<p>Erm\u00f6glichen Sie Ihren Kunden, Followern, Neukunden und Interessenten \u00fcber Ihr Facebook-Profil Termine zu buchen.<\/p>\n","protected":false},"author":1,"featured_media":0,"parent":938,"menu_order":0,"comment_status":"closed","ping_status":"closed","template":"","meta":{"_et_pb_use_builder":"on","_et_pb_old_content":"","_et_gb_content_width":"","footnotes":""},"class_list":["post-960","page","type-page","status-publish","hentry"],"yoast_head":"<!-- This site is optimized with the Yoast SEO plugin v23.9 - https:\/\/yoast.com\/wordpress\/plugins\/seo\/ -->\n<title>Online-Terminbuchung \u00fcber Facebook - cituro Helpcenter<\/title>\n<meta name=\"description\" content=\"Ihre Kunden wollen Termine online buchen? Bieten Sie die Online-Terminvereinbarung \u00fcber Facebook an und machen Sie Ihre Follower zu Kunden!\" \/>\n<meta name=\"robots\" content=\"index, follow, max-snippet:-1, max-image-preview:large, max-video-preview:-1\" \/>\n<link rel=\"canonical\" href=\"https:\/\/www.cituro.com\/help\/einbindung-online-terminbuchung\/einbindung-in-social-media\/facebook\" \/>\n<meta property=\"og:locale\" content=\"de_DE\" \/>\n<meta property=\"og:type\" content=\"article\" \/>\n<meta property=\"og:title\" content=\"Online-Terminbuchung \u00fcber Facebook - cituro Helpcenter\" \/>\n<meta property=\"og:description\" content=\"Ihre Kunden wollen Termine online buchen? Bieten Sie die Online-Terminvereinbarung \u00fcber Facebook an und machen Sie Ihre Follower zu Kunden!\" \/>\n<meta property=\"og:url\" content=\"https:\/\/www.cituro.com\/help\/einbindung-online-terminbuchung\/einbindung-in-social-media\/facebook\" \/>\n<meta property=\"og:site_name\" content=\"cituro Helpcenter\" \/>\n<meta property=\"article:modified_time\" content=\"2025-08-01T21:00:32+00:00\" \/>\n<meta name=\"twitter:card\" content=\"summary_large_image\" \/>\n<meta name=\"twitter:label1\" content=\"Gesch\u00e4tzte Lesezeit\" \/>\n\t<meta name=\"twitter:data1\" content=\"4\u00a0Minuten\" \/>\n<script type=\"application\/ld+json\" class=\"yoast-schema-graph\">{\"@context\":\"https:\/\/schema.org\",\"@graph\":[{\"@type\":\"WebPage\",\"@id\":\"https:\/\/www.cituro.com\/help\/einbindung-online-terminbuchung\/einbindung-in-social-media\/facebook\",\"url\":\"https:\/\/www.cituro.com\/help\/einbindung-online-terminbuchung\/einbindung-in-social-media\/facebook\",\"name\":\"Online-Terminbuchung \u00fcber Facebook - cituro Helpcenter\",\"isPartOf\":{\"@id\":\"https:\/\/www.cituro.com\/help\/#website\"},\"datePublished\":\"2019-11-04T10:52:04+00:00\",\"dateModified\":\"2025-08-01T21:00:32+00:00\",\"description\":\"Ihre Kunden wollen Termine online buchen? Bieten Sie die Online-Terminvereinbarung \u00fcber Facebook an und machen Sie Ihre Follower zu Kunden!\",\"breadcrumb\":{\"@id\":\"https:\/\/www.cituro.com\/help\/einbindung-online-terminbuchung\/einbindung-in-social-media\/facebook#breadcrumb\"},\"inLanguage\":\"de\",\"potentialAction\":[{\"@type\":\"ReadAction\",\"target\":[\"https:\/\/www.cituro.com\/help\/einbindung-online-terminbuchung\/einbindung-in-social-media\/facebook\"]}]},{\"@type\":\"BreadcrumbList\",\"@id\":\"https:\/\/www.cituro.com\/help\/einbindung-online-terminbuchung\/einbindung-in-social-media\/facebook#breadcrumb\",\"itemListElement\":[{\"@type\":\"ListItem\",\"position\":1,\"name\":\"Startseite\",\"item\":\"https:\/\/www.cituro.com\/help\/\"},{\"@type\":\"ListItem\",\"position\":2,\"name\":\"Einbindung Online-Terminbuchung\",\"item\":\"https:\/\/www.cituro.com\/help\/einbindung-online-terminbuchung\"},{\"@type\":\"ListItem\",\"position\":3,\"name\":\"Einbindung in Social Media\",\"item\":\"https:\/\/www.cituro.com\/help\/einbindung-online-terminbuchung\/einbindung-in-social-media\"},{\"@type\":\"ListItem\",\"position\":4,\"name\":\"Online-Terminbuchung \u00fcber Facebook\"}]},{\"@type\":\"WebSite\",\"@id\":\"https:\/\/www.cituro.com\/help\/#website\",\"url\":\"https:\/\/www.cituro.com\/help\/\",\"name\":\"cituro Helpcenter\",\"description\":\"Eine weitere WordPress-Website\",\"potentialAction\":[{\"@type\":\"SearchAction\",\"target\":{\"@type\":\"EntryPoint\",\"urlTemplate\":\"https:\/\/www.cituro.com\/help\/?s={search_term_string}\"},\"query-input\":{\"@type\":\"PropertyValueSpecification\",\"valueRequired\":true,\"valueName\":\"search_term_string\"}}],\"inLanguage\":\"de\"}]}<\/script>\n<!-- \/ Yoast SEO plugin. -->","yoast_head_json":{"title":"Online-Terminbuchung \u00fcber Facebook - cituro Helpcenter","description":"Ihre Kunden wollen Termine online buchen? Bieten Sie die Online-Terminvereinbarung \u00fcber Facebook an und machen Sie Ihre Follower zu Kunden!","robots":{"index":"index","follow":"follow","max-snippet":"max-snippet:-1","max-image-preview":"max-image-preview:large","max-video-preview":"max-video-preview:-1"},"canonical":"https:\/\/www.cituro.com\/help\/einbindung-online-terminbuchung\/einbindung-in-social-media\/facebook","og_locale":"de_DE","og_type":"article","og_title":"Online-Terminbuchung \u00fcber Facebook - cituro Helpcenter","og_description":"Ihre Kunden wollen Termine online buchen? Bieten Sie die Online-Terminvereinbarung \u00fcber Facebook an und machen Sie Ihre Follower zu Kunden!","og_url":"https:\/\/www.cituro.com\/help\/einbindung-online-terminbuchung\/einbindung-in-social-media\/facebook","og_site_name":"cituro Helpcenter","article_modified_time":"2025-08-01T21:00:32+00:00","twitter_card":"summary_large_image","twitter_misc":{"Gesch\u00e4tzte Lesezeit":"4\u00a0Minuten"},"schema":{"@context":"https:\/\/schema.org","@graph":[{"@type":"WebPage","@id":"https:\/\/www.cituro.com\/help\/einbindung-online-terminbuchung\/einbindung-in-social-media\/facebook","url":"https:\/\/www.cituro.com\/help\/einbindung-online-terminbuchung\/einbindung-in-social-media\/facebook","name":"Online-Terminbuchung \u00fcber Facebook - cituro Helpcenter","isPartOf":{"@id":"https:\/\/www.cituro.com\/help\/#website"},"datePublished":"2019-11-04T10:52:04+00:00","dateModified":"2025-08-01T21:00:32+00:00","description":"Ihre Kunden wollen Termine online buchen? Bieten Sie die Online-Terminvereinbarung \u00fcber Facebook an und machen Sie Ihre Follower zu Kunden!","breadcrumb":{"@id":"https:\/\/www.cituro.com\/help\/einbindung-online-terminbuchung\/einbindung-in-social-media\/facebook#breadcrumb"},"inLanguage":"de","potentialAction":[{"@type":"ReadAction","target":["https:\/\/www.cituro.com\/help\/einbindung-online-terminbuchung\/einbindung-in-social-media\/facebook"]}]},{"@type":"BreadcrumbList","@id":"https:\/\/www.cituro.com\/help\/einbindung-online-terminbuchung\/einbindung-in-social-media\/facebook#breadcrumb","itemListElement":[{"@type":"ListItem","position":1,"name":"Startseite","item":"https:\/\/www.cituro.com\/help\/"},{"@type":"ListItem","position":2,"name":"Einbindung Online-Terminbuchung","item":"https:\/\/www.cituro.com\/help\/einbindung-online-terminbuchung"},{"@type":"ListItem","position":3,"name":"Einbindung in Social Media","item":"https:\/\/www.cituro.com\/help\/einbindung-online-terminbuchung\/einbindung-in-social-media"},{"@type":"ListItem","position":4,"name":"Online-Terminbuchung \u00fcber Facebook"}]},{"@type":"WebSite","@id":"https:\/\/www.cituro.com\/help\/#website","url":"https:\/\/www.cituro.com\/help\/","name":"cituro Helpcenter","description":"Eine weitere WordPress-Website","potentialAction":[{"@type":"SearchAction","target":{"@type":"EntryPoint","urlTemplate":"https:\/\/www.cituro.com\/help\/?s={search_term_string}"},"query-input":{"@type":"PropertyValueSpecification","valueRequired":true,"valueName":"search_term_string"}}],"inLanguage":"de"}]}},"_links":{"self":[{"href":"https:\/\/www.cituro.com\/help\/wp-json\/wp\/v2\/pages\/960","targetHints":{"allow":["GET"]}}],"collection":[{"href":"https:\/\/www.cituro.com\/help\/wp-json\/wp\/v2\/pages"}],"about":[{"href":"https:\/\/www.cituro.com\/help\/wp-json\/wp\/v2\/types\/page"}],"author":[{"embeddable":true,"href":"https:\/\/www.cituro.com\/help\/wp-json\/wp\/v2\/users\/1"}],"replies":[{"embeddable":true,"href":"https:\/\/www.cituro.com\/help\/wp-json\/wp\/v2\/comments?post=960"}],"version-history":[{"count":5,"href":"https:\/\/www.cituro.com\/help\/wp-json\/wp\/v2\/pages\/960\/revisions"}],"predecessor-version":[{"id":12566,"href":"https:\/\/www.cituro.com\/help\/wp-json\/wp\/v2\/pages\/960\/revisions\/12566"}],"up":[{"embeddable":true,"href":"https:\/\/www.cituro.com\/help\/wp-json\/wp\/v2\/pages\/938"}],"wp:attachment":[{"href":"https:\/\/www.cituro.com\/help\/wp-json\/wp\/v2\/media?parent=960"}],"curies":[{"name":"wp","href":"https:\/\/api.w.org\/{rel}","templated":true}]}}