{"id":91,"date":"2019-08-28T10:49:14","date_gmt":"2019-08-28T08:49:14","guid":{"rendered":"https:\/\/www.cituro.com\/help\/?page_id=91"},"modified":"2025-09-18T10:58:25","modified_gmt":"2025-09-18T08:58:25","slug":"cituro-app","status":"publish","type":"page","link":"https:\/\/www.cituro.com\/help\/cituro-app","title":{"rendered":"cituro APP"},"content":{"rendered":"<p>[et_pb_section fb_built=&#8220;1&#8243; specialty=&#8220;on&#8220; module_class=&#8220; et_pb_specialty_fullwidth&#8220; _builder_version=&#8220;3.22&#8243; inner_width=&#8220;89%&#8220; inner_width_tablet=&#8220;80%&#8220; inner_width_phone=&#8220;&#8220; inner_width_last_edited=&#8220;on|desktop&#8220; inner_max_width=&#8220;89%&#8220; inner_max_width_tablet=&#8220;80%&#8220; inner_max_width_phone=&#8220;&#8220; inner_max_width_last_edited=&#8220;on|desktop&#8220; make_fullwidth=&#8220;on&#8220; global_colors_info=&#8220;{}&#8220;][et_pb_column type=&#8220;1_4&#8243; _builder_version=&#8220;3.25&#8243; custom_padding=&#8220;|||&#8220; global_colors_info=&#8220;{}&#8220; custom_padding__hover=&#8220;|||&#8220;][et_pb_sidebar area=&#8220;sidebar-1&#8243; disabled_on=&#8220;on|on|off&#8220; _builder_version=&#8220;3.29.3&#8243; header_text_align=&#8220;left&#8220; header_font_size=&#8220;16&#8243; custom_padding=&#8220;50px|||&#8220; global_colors_info=&#8220;{}&#8220;][\/et_pb_sidebar][\/et_pb_column][et_pb_column type=&#8220;3_4&#8243; specialty_columns=&#8220;3&#8243; _builder_version=&#8220;3.25&#8243; custom_padding=&#8220;|||&#8220; global_colors_info=&#8220;{}&#8220; custom_padding__hover=&#8220;|||&#8220;][et_pb_row_inner admin_label=&#8220;Zeile&#8220; _builder_version=&#8220;3.25&#8243; global_colors_info=&#8220;{}&#8220;][et_pb_column_inner saved_specialty_column_type=&#8220;3_4&#8243; _builder_version=&#8220;3.25&#8243; custom_padding=&#8220;|||&#8220; global_colors_info=&#8220;{}&#8220; custom_padding__hover=&#8220;|||&#8220;][et_pb_text _builder_version=&#8220;3.29.3&#8243; custom_padding=&#8220;||20px&#8220; text_font_size_tablet=&#8220;&#8220; text_font_size_phone=&#8220;&#8220; text_font_size_last_edited=&#8220;on|phone&#8220; global_colors_info=&#8220;{}&#8220;]<\/p>\n<h1>cituro APP<\/h1>\n<p>[\/et_pb_text][et_pb_text _builder_version=&#8220;3.29.3&#8243; custom_padding=&#8220;||20px&#8220; text_font_size_tablet=&#8220;&#8220; text_font_size_phone=&#8220;&#8220; text_font_size_last_edited=&#8220;on|phone&#8220; global_colors_info=&#8220;{}&#8220;]<\/p>\n<p>Um schneller mit dem cituro Manager auch von unterwegs aus zu arbeiten, empfehlen wir Ihnen unsere APP auf Ihrem Handy zu speichern. So k\u00f6nnen Sie unseren cituro Manager verwenden, ohne dass Sie jedesmal den Browser aufrufen m\u00fcssen. Folgen Sie einfach den Schritten in unserer Anleitung.<\/p>\n<p><\/p>\n<ol>\n<li><a href=\"#iphone\">Anleitung iPhone<\/a><\/li>\n<li><a href=\"#android\">Anleitung Samsung\/Android Handy<\/a><\/li>\n<\/ol>\n<p>[\/et_pb_text][\/et_pb_column_inner][\/et_pb_row_inner][et_pb_row_inner admin_label=&#8220;Zeile&#8220; _builder_version=&#8220;3.25&#8243; global_colors_info=&#8220;{}&#8220;][et_pb_column_inner saved_specialty_column_type=&#8220;3_4&#8243; _builder_version=&#8220;3.25&#8243; custom_padding=&#8220;|||&#8220; global_colors_info=&#8220;{}&#8220; custom_padding__hover=&#8220;|||&#8220;][et_pb_divider color=&#8220;#555555&#8243; _builder_version=&#8220;3.5.1&#8243; global_colors_info=&#8220;{}&#8220;][\/et_pb_divider][\/et_pb_column_inner][\/et_pb_row_inner][et_pb_row_inner admin_label=&#8220;Zeile&#8220; _builder_version=&#8220;3.25&#8243; global_colors_info=&#8220;{}&#8220;][et_pb_column_inner saved_specialty_column_type=&#8220;3_4&#8243; _builder_version=&#8220;3.25&#8243; custom_padding=&#8220;|||&#8220; global_colors_info=&#8220;{}&#8220; custom_padding__hover=&#8220;|||&#8220;][et_pb_text _builder_version=&#8220;3.29.3&#8243; header_font=&#8220;||||||||&#8220; header_text_color=&#8220;#000000&#8243; header_2_text_align=&#8220;left&#8220; header_2_text_color=&#8220;#000000&#8243; header_2_font_size=&#8220;29px&#8220; header_2_letter_spacing=&#8220;1px&#8220; header_2_line_height=&#8220;1.2em&#8220; header_2_font_size_tablet=&#8220;25px&#8220; header_2_font_size_phone=&#8220;20px&#8220; header_2_font_size_last_edited=&#8220;on|desktop&#8220; global_colors_info=&#8220;{}&#8220;]<\/p>\n<h2 class=\"text-content-heading\" id=\"iphone\">1. Anleitung iPhone<\/h2>\n<p>[\/et_pb_text][et_pb_text _builder_version=&#8220;3.27.4&#8243; custom_padding=&#8220;0px||20px&#8220; global_colors_info=&#8220;{}&#8220;]<\/p>\n<ol>\n<li>Rufen Sie auf Ihrem Handy den cituro Manager im Browser auf und loggen Sie sich ein: <a href=\"https:\/\/app.cituro.com\/login?lang=de\">LOGIN<\/a><\/li>\n<li>Tippen Sie in der Navigation unten in der Mitte auf das Viereck mit Pfeil nach oben.<\/li>\n<li>W\u00e4hlen Sie &#8222;Add to Homescreen&#8220; bzw. &#8222;Zum Home-Bildschirm&#8220; aus.&nbsp;(Sie m\u00fcssen ggf. nach rechts scrollen, um es sehen zu k\u00f6nnen.)&nbsp;<\/li>\n<li>Vergeben Sie einen Namen und klicken Sie auf &#8222;Hinzuf\u00fcgen&#8220;. FERTIG!<\/li>\n<\/ol>\n<p>[\/et_pb_text][et_pb_image src=&#8220;https:\/\/www.cituro.com\/help\/wp-content\/uploads\/2024\/07\/cituro-App.png&#8220; alt=&#8220;Anleitung cituro App zum Homebildschirm hinzuf\u00fcgen Apple&#8220; title_text=&#8220;cituro-App&#8220; align_tablet=&#8220;center&#8220; align_phone=&#8220;&#8220; align_last_edited=&#8220;on|desktop&#8220; _builder_version=&#8220;4.14.5&#8243; global_colors_info=&#8220;{}&#8220;][\/et_pb_image][\/et_pb_column_inner][\/et_pb_row_inner][et_pb_row_inner admin_label=&#8220;Zeile&#8220; _builder_version=&#8220;3.25&#8243; global_colors_info=&#8220;{}&#8220;][et_pb_column_inner saved_specialty_column_type=&#8220;3_4&#8243; _builder_version=&#8220;3.25&#8243; custom_padding=&#8220;|||&#8220; global_colors_info=&#8220;{}&#8220; custom_padding__hover=&#8220;|||&#8220;][et_pb_divider color=&#8220;#555555&#8243; _builder_version=&#8220;3.5.1&#8243; global_colors_info=&#8220;{}&#8220;][\/et_pb_divider][\/et_pb_column_inner][\/et_pb_row_inner][et_pb_row_inner admin_label=&#8220;Zeile&#8220; _builder_version=&#8220;3.25&#8243; global_colors_info=&#8220;{}&#8220;][et_pb_column_inner saved_specialty_column_type=&#8220;3_4&#8243; _builder_version=&#8220;3.25&#8243; custom_padding=&#8220;|||&#8220; global_colors_info=&#8220;{}&#8220; custom_padding__hover=&#8220;|||&#8220;][et_pb_text _builder_version=&#8220;3.29.3&#8243; header_font=&#8220;||||||||&#8220; header_text_color=&#8220;#000000&#8243; header_2_text_align=&#8220;left&#8220; header_2_text_color=&#8220;#000000&#8243; header_2_font_size=&#8220;29px&#8220; header_2_letter_spacing=&#8220;1px&#8220; header_2_line_height=&#8220;1.2em&#8220; header_2_font_size_tablet=&#8220;25px&#8220; header_2_font_size_phone=&#8220;20px&#8220; header_2_font_size_last_edited=&#8220;on|desktop&#8220; global_colors_info=&#8220;{}&#8220;]<\/p>\n<h2 class=\"text-content-heading\" id=\"android\">2. Anleitung Samsung\/Android<\/h2>\n<p>[\/et_pb_text][et_pb_text _builder_version=&#8220;3.27.4&#8243; custom_padding=&#8220;0px||20px&#8220; global_colors_info=&#8220;{}&#8220;]<\/p>\n<ol>\n<li>Rufen Sie auf Ihrem Handy den cituro Manager im Browser auf und loggen Sie sich ein: <a href=\"https:\/\/app.cituro.com\/login?lang=de\">LOGIN<\/a><\/li>\n<li>Tippen Sie oben rechts auf die drei Punkte.<\/li>\n<li>W\u00e4hlen Sie &#8222;Zum Startbildschirm zuf\u00fcgen&#8220; aus.<\/li>\n<li>Vergeben Sie einen Namen und klicken Sie auf &#8222;Hinzuf\u00fcgen&#8220;. FERTIG!<\/li>\n<\/ol>\n<p>[\/et_pb_text][et_pb_image src=&#8220;https:\/\/www.cituro.com\/help\/wp-content\/uploads\/2024\/07\/cituro-App-Samsung.png&#8220; alt=&#8220;Anleitung cituro App zum Startbildschirm hinzuf\u00fcgen Android&#8220; title_text=&#8220;cituro-App-Samsung&#8220; align_tablet=&#8220;center&#8220; align_phone=&#8220;&#8220; align_last_edited=&#8220;on|desktop&#8220; _builder_version=&#8220;4.14.5&#8243; global_colors_info=&#8220;{}&#8220;][\/et_pb_image][\/et_pb_column_inner][\/et_pb_row_inner][\/et_pb_column][\/et_pb_section]<\/p>\n","protected":false},"excerpt":{"rendered":"<p>Um schneller mit dem cituro Manager auch von unterwegs aus zu arbeiten, empfehlen wir Ihnen unsere APP auf Ihrem Handy zu speichern. So k\u00f6nnen Sie unseren cituro Manager verwenden, ohne dass Sie jedes mal den Browser aufrufen m\u00fcssen. Folgen Sie einfach den Schritten in unserer Anleitung.<\/p>\n","protected":false},"author":1,"featured_media":0,"parent":0,"menu_order":0,"comment_status":"closed","ping_status":"closed","template":"","meta":{"_et_pb_use_builder":"on","_et_pb_old_content":"","_et_gb_content_width":"","footnotes":""},"class_list":["post-91","page","type-page","status-publish","hentry"],"yoast_head":"<!-- This site is optimized with the Yoast SEO plugin v23.9 - https:\/\/yoast.com\/wordpress\/plugins\/seo\/ -->\n<title>cituro APP - cituro Helpcenter<\/title>\n<meta name=\"description\" content=\"Mit unserer cituro Manager Web APP haben Sie Ihr Unternehmen stets dabei und k\u00f6nnen bequem von unterwegs Ihre Termine, Kundendaten uvm. abrufen.\" \/>\n<meta name=\"robots\" content=\"index, follow, max-snippet:-1, max-image-preview:large, max-video-preview:-1\" \/>\n<link rel=\"canonical\" href=\"https:\/\/www.cituro.com\/help\/cituro-app\" \/>\n<meta property=\"og:locale\" content=\"de_DE\" \/>\n<meta property=\"og:type\" content=\"article\" \/>\n<meta property=\"og:title\" content=\"cituro APP - cituro Helpcenter\" \/>\n<meta property=\"og:description\" content=\"Mit unserer cituro Manager Web APP haben Sie Ihr Unternehmen stets dabei und k\u00f6nnen bequem von unterwegs Ihre Termine, Kundendaten uvm. abrufen.\" \/>\n<meta property=\"og:url\" content=\"https:\/\/www.cituro.com\/help\/cituro-app\" \/>\n<meta property=\"og:site_name\" content=\"cituro Helpcenter\" \/>\n<meta property=\"article:modified_time\" content=\"2025-09-18T08:58:25+00:00\" \/>\n<meta name=\"twitter:card\" content=\"summary_large_image\" \/>\n<meta name=\"twitter:label1\" content=\"Gesch\u00e4tzte Lesezeit\" \/>\n\t<meta name=\"twitter:data1\" content=\"3\u00a0Minuten\" \/>\n<script type=\"application\/ld+json\" class=\"yoast-schema-graph\">{\"@context\":\"https:\/\/schema.org\",\"@graph\":[{\"@type\":\"WebPage\",\"@id\":\"https:\/\/www.cituro.com\/help\/cituro-app\",\"url\":\"https:\/\/www.cituro.com\/help\/cituro-app\",\"name\":\"cituro APP - cituro Helpcenter\",\"isPartOf\":{\"@id\":\"https:\/\/www.cituro.com\/help\/#website\"},\"datePublished\":\"2019-08-28T08:49:14+00:00\",\"dateModified\":\"2025-09-18T08:58:25+00:00\",\"description\":\"Mit unserer cituro Manager Web APP haben Sie Ihr Unternehmen stets dabei und k\u00f6nnen bequem von unterwegs Ihre Termine, Kundendaten uvm. abrufen.\",\"breadcrumb\":{\"@id\":\"https:\/\/www.cituro.com\/help\/cituro-app#breadcrumb\"},\"inLanguage\":\"de\",\"potentialAction\":[{\"@type\":\"ReadAction\",\"target\":[\"https:\/\/www.cituro.com\/help\/cituro-app\"]}]},{\"@type\":\"BreadcrumbList\",\"@id\":\"https:\/\/www.cituro.com\/help\/cituro-app#breadcrumb\",\"itemListElement\":[{\"@type\":\"ListItem\",\"position\":1,\"name\":\"Startseite\",\"item\":\"https:\/\/www.cituro.com\/help\/\"},{\"@type\":\"ListItem\",\"position\":2,\"name\":\"cituro APP\"}]},{\"@type\":\"WebSite\",\"@id\":\"https:\/\/www.cituro.com\/help\/#website\",\"url\":\"https:\/\/www.cituro.com\/help\/\",\"name\":\"cituro Helpcenter\",\"description\":\"Eine weitere WordPress-Website\",\"potentialAction\":[{\"@type\":\"SearchAction\",\"target\":{\"@type\":\"EntryPoint\",\"urlTemplate\":\"https:\/\/www.cituro.com\/help\/?s={search_term_string}\"},\"query-input\":{\"@type\":\"PropertyValueSpecification\",\"valueRequired\":true,\"valueName\":\"search_term_string\"}}],\"inLanguage\":\"de\"}]}<\/script>\n<!-- \/ Yoast SEO plugin. -->","yoast_head_json":{"title":"cituro APP - cituro Helpcenter","description":"Mit unserer cituro Manager Web APP haben Sie Ihr Unternehmen stets dabei und k\u00f6nnen bequem von unterwegs Ihre Termine, Kundendaten uvm. abrufen.","robots":{"index":"index","follow":"follow","max-snippet":"max-snippet:-1","max-image-preview":"max-image-preview:large","max-video-preview":"max-video-preview:-1"},"canonical":"https:\/\/www.cituro.com\/help\/cituro-app","og_locale":"de_DE","og_type":"article","og_title":"cituro APP - cituro Helpcenter","og_description":"Mit unserer cituro Manager Web APP haben Sie Ihr Unternehmen stets dabei und k\u00f6nnen bequem von unterwegs Ihre Termine, Kundendaten uvm. abrufen.","og_url":"https:\/\/www.cituro.com\/help\/cituro-app","og_site_name":"cituro Helpcenter","article_modified_time":"2025-09-18T08:58:25+00:00","twitter_card":"summary_large_image","twitter_misc":{"Gesch\u00e4tzte Lesezeit":"3\u00a0Minuten"},"schema":{"@context":"https:\/\/schema.org","@graph":[{"@type":"WebPage","@id":"https:\/\/www.cituro.com\/help\/cituro-app","url":"https:\/\/www.cituro.com\/help\/cituro-app","name":"cituro APP - cituro Helpcenter","isPartOf":{"@id":"https:\/\/www.cituro.com\/help\/#website"},"datePublished":"2019-08-28T08:49:14+00:00","dateModified":"2025-09-18T08:58:25+00:00","description":"Mit unserer cituro Manager Web APP haben Sie Ihr Unternehmen stets dabei und k\u00f6nnen bequem von unterwegs Ihre Termine, Kundendaten uvm. abrufen.","breadcrumb":{"@id":"https:\/\/www.cituro.com\/help\/cituro-app#breadcrumb"},"inLanguage":"de","potentialAction":[{"@type":"ReadAction","target":["https:\/\/www.cituro.com\/help\/cituro-app"]}]},{"@type":"BreadcrumbList","@id":"https:\/\/www.cituro.com\/help\/cituro-app#breadcrumb","itemListElement":[{"@type":"ListItem","position":1,"name":"Startseite","item":"https:\/\/www.cituro.com\/help\/"},{"@type":"ListItem","position":2,"name":"cituro APP"}]},{"@type":"WebSite","@id":"https:\/\/www.cituro.com\/help\/#website","url":"https:\/\/www.cituro.com\/help\/","name":"cituro Helpcenter","description":"Eine weitere WordPress-Website","potentialAction":[{"@type":"SearchAction","target":{"@type":"EntryPoint","urlTemplate":"https:\/\/www.cituro.com\/help\/?s={search_term_string}"},"query-input":{"@type":"PropertyValueSpecification","valueRequired":true,"valueName":"search_term_string"}}],"inLanguage":"de"}]}},"_links":{"self":[{"href":"https:\/\/www.cituro.com\/help\/wp-json\/wp\/v2\/pages\/91","targetHints":{"allow":["GET"]}}],"collection":[{"href":"https:\/\/www.cituro.com\/help\/wp-json\/wp\/v2\/pages"}],"about":[{"href":"https:\/\/www.cituro.com\/help\/wp-json\/wp\/v2\/types\/page"}],"author":[{"embeddable":true,"href":"https:\/\/www.cituro.com\/help\/wp-json\/wp\/v2\/users\/1"}],"replies":[{"embeddable":true,"href":"https:\/\/www.cituro.com\/help\/wp-json\/wp\/v2\/comments?post=91"}],"version-history":[{"count":5,"href":"https:\/\/www.cituro.com\/help\/wp-json\/wp\/v2\/pages\/91\/revisions"}],"predecessor-version":[{"id":12410,"href":"https:\/\/www.cituro.com\/help\/wp-json\/wp\/v2\/pages\/91\/revisions\/12410"}],"wp:attachment":[{"href":"https:\/\/www.cituro.com\/help\/wp-json\/wp\/v2\/media?parent=91"}],"curies":[{"name":"wp","href":"https:\/\/api.w.org\/{rel}","templated":true}]}}