{"id":8263,"date":"2022-09-12T09:39:18","date_gmt":"2022-09-12T07:39:18","guid":{"rendered":"https:\/\/www.cituro.com\/help\/?page_id=8263"},"modified":"2025-08-01T22:36:43","modified_gmt":"2025-08-01T20:36:43","slug":"rabattfunktion","status":"publish","type":"page","link":"https:\/\/www.cituro.com\/help\/rabatte-und-gutscheine\/rabattfunktion","title":{"rendered":"Rabatte"},"content":{"rendered":"<p>[et_pb_section fb_built=&#8220;1&#8243; specialty=&#8220;on&#8220; module_class=&#8220; et_pb_specialty_fullwidth&#8220; _builder_version=&#8220;3.22&#8243; inner_width=&#8220;89%&#8220; inner_width_tablet=&#8220;80%&#8220; inner_width_phone=&#8220;&#8220; inner_width_last_edited=&#8220;on|desktop&#8220; inner_max_width=&#8220;89%&#8220; inner_max_width_tablet=&#8220;80%&#8220; inner_max_width_phone=&#8220;&#8220; inner_max_width_last_edited=&#8220;on|desktop&#8220; make_fullwidth=&#8220;on&#8220; global_colors_info=&#8220;{}&#8220;][et_pb_column type=&#8220;1_4&#8243; _builder_version=&#8220;3.25&#8243; custom_padding=&#8220;|||&#8220; global_colors_info=&#8220;{}&#8220; custom_padding__hover=&#8220;|||&#8220;][et_pb_sidebar area=&#8220;sidebar-1&#8243; disabled_on=&#8220;on|on|off&#8220; _builder_version=&#8220;3.29.3&#8243; custom_padding=&#8220;50px|||&#8220; global_colors_info=&#8220;{}&#8220;][\/et_pb_sidebar][\/et_pb_column][et_pb_column type=&#8220;3_4&#8243; specialty_columns=&#8220;3&#8243; _builder_version=&#8220;3.25&#8243; custom_padding=&#8220;|||&#8220; global_colors_info=&#8220;{}&#8220; custom_padding__hover=&#8220;|||&#8220;][et_pb_row_inner admin_label=&#8220;Zeile&#8220; _builder_version=&#8220;3.25&#8243; global_colors_info=&#8220;{}&#8220;][et_pb_column_inner saved_specialty_column_type=&#8220;3_4&#8243; _builder_version=&#8220;3.25&#8243; custom_padding=&#8220;|||&#8220; global_colors_info=&#8220;{}&#8220; custom_padding__hover=&#8220;|||&#8220;][et_pb_text admin_label=&#8220;Rabattfunktion&#8220; _builder_version=&#8220;4.14.5&#8243; global_colors_info=&#8220;{}&#8220;]<\/p>\n<h1>Rabatte<\/h1>\n<p>[\/et_pb_text][et_pb_text _builder_version=&#8220;4.14.5&#8243; custom_padding=&#8220;0px||20px&#8220; global_colors_info=&#8220;{}&#8220;]<\/p>\n<p>Mit unserer Rabattfunktion sind zum Beispiel saisonale Rabatte wie Sommerrabatte, Winterschlussverkauf und viele weitere m\u00f6glich. Aber auch individuelle Rabatte wie eine Blackfriday-Week oder Jubil\u00e4umsrabatte k\u00f6nnen mit dieser Funktion eingerichtet werden. Bereits in der Leistungsauswahl Ihrer Online-Terminbuchung, wird der Rabatt automatisch abgezogen. <\/p>\n<p>[\/et_pb_text][et_pb_text admin_label=&#8220;Anleitung&#8220; _builder_version=&#8220;3.29.3&#8243; global_colors_info=&#8220;{}&#8220;]<strong>Schritt-f\u00fcr-Schritt Anleitung<\/strong>[\/et_pb_text][et_pb_text admin_label=&#8220;Liste&#8220; _builder_version=&#8220;4.14.5&#8243; global_colors_info=&#8220;{}&#8220;]<\/p>\n<ol>\n<li><a href=\"#erstellen\">Rabatt erstellen<\/a><\/li>\n<li><a href=\"#bearbeiten\">Rabatt bearbeiten<\/a><\/li>\n<li><a href=\"#hinweis\">Rabatthinweis<\/a><\/li>\n<li><a href=\"#ansicht\">Ansicht in der Onlinebuchung<\/a><\/li>\n<\/ol>\n<p>[\/et_pb_text][\/et_pb_column_inner][\/et_pb_row_inner][et_pb_row_inner admin_label=&#8220;Zeile&#8220; _builder_version=&#8220;3.25&#8243; global_colors_info=&#8220;{}&#8220;][et_pb_column_inner saved_specialty_column_type=&#8220;3_4&#8243; _builder_version=&#8220;3.25&#8243; custom_padding=&#8220;|||&#8220; global_colors_info=&#8220;{}&#8220; custom_padding__hover=&#8220;|||&#8220;][et_pb_divider color=&#8220;#555555&#8243; _builder_version=&#8220;3.5.1&#8243; global_colors_info=&#8220;{}&#8220;][\/et_pb_divider][et_pb_text admin_label=&#8220;Rabatt&#8220; _builder_version=&#8220;4.14.5&#8243; global_colors_info=&#8220;{}&#8220;]<\/p>\n<h2 id=\"erstellen\" class=\"text-content-heading\">1. Rabatt erstellen<\/h2>\n<p>[\/et_pb_text][et_pb_text _builder_version=&#8220;4.14.5&#8243; global_colors_info=&#8220;{}&#8220;]<\/p>\n<p><strong>Men\u00fc<\/strong>\u00a0\u2192\u00a0<strong>Rabatte &#038; Gutscheine<\/strong>\u00a0\u2192\u00a0<strong>Rabatte<\/strong> \u2192\u00a0<strong>Rabatt erstellen<\/strong>[\/et_pb_text][et_pb_text _builder_version=&#8220;4.14.5&#8243; global_colors_info=&#8220;{}&#8220;]<\/p>\n<p> Mit dem Klick auf <strong>Rabatt erstellen<\/strong> k\u00f6nnen Sie einen neuen Rabatt f\u00fcr Ihre Kunden einrichten.<\/p>\n<p>[\/et_pb_text][et_pb_image src=&#8220;https:\/\/www.cituro.com\/help\/wp-content\/uploads\/2022\/09\/Rabattfunktion.png&#8220; alt=&#8220;Rabattfunktion&#8220; title_text=&#8220;Rabattfunktion&#8220; align_tablet=&#8220;center&#8220; align_phone=&#8220;center&#8220; align_last_edited=&#8220;on|desktop&#8220; _builder_version=&#8220;4.14.5&#8243; max_width=&#8220;500px&#8220; module_alignment=&#8220;center&#8220; hover_enabled=&#8220;0&#8243; box_shadow_style=&#8220;preset2&#8243; box_shadow_vertical=&#8220;4px&#8220; global_colors_info=&#8220;{}&#8220; sticky_enabled=&#8220;0&#8243;][\/et_pb_image][et_pb_text _builder_version=&#8220;4.14.5&#8243; global_colors_info=&#8220;{}&#8220;]<\/p>\n<p> Es \u00f6ffnet sich ein Fenster, in welchem Sie den <strong>Namen<\/strong>, <strong>Prozentwert<\/strong> und <strong>Zeitraum<\/strong> Ihres Rabattes eintragen k\u00f6nnen.<\/p>\n<p>[\/et_pb_text][et_pb_image src=&#8220;https:\/\/www.cituro.com\/help\/wp-content\/uploads\/2022\/09\/Rabatt-erstellen.png&#8220; alt=&#8220;Rabatt erstellen&#8220; title_text=&#8220;Rabatt-erstellen&#8220; align_tablet=&#8220;center&#8220; align_phone=&#8220;center&#8220; align_last_edited=&#8220;on|desktop&#8220; _builder_version=&#8220;4.14.5&#8243; max_width=&#8220;500px&#8220; module_alignment=&#8220;center&#8220; hover_enabled=&#8220;0&#8243; box_shadow_style=&#8220;preset2&#8243; box_shadow_vertical=&#8220;4px&#8220; global_colors_info=&#8220;{}&#8220; sticky_enabled=&#8220;0&#8243;][\/et_pb_image][et_pb_text _builder_version=&#8220;4.14.5&#8243; global_colors_info=&#8220;{}&#8220;]<\/p>\n<p>Im <strong>zweiten Schritt<\/strong> k\u00f6nnen Sie den Rabatt einschr\u00e4nken. Hierf\u00fcr k\u00f6nnen Sie ausw\u00e4hlen, auf welche <strong>Leistungen<\/strong>, <strong>Kategorien<\/strong> oder <strong>Standorte<\/strong> Ihr Rabatt beschr\u00e4nkt werden soll. <\/p>\n<p>[\/et_pb_text][et_pb_image src=&#8220;https:\/\/www.cituro.com\/help\/wp-content\/uploads\/2022\/09\/Rabatt-einschraenken.png&#8220; alt=&#8220;Rabatt einschr\u00e4nken&#8220; title_text=&#8220;Rabatt-einschr\u00e4nken&#8220; align_tablet=&#8220;center&#8220; align_phone=&#8220;center&#8220; align_last_edited=&#8220;on|desktop&#8220; _builder_version=&#8220;4.14.5&#8243; max_width=&#8220;500px&#8220; module_alignment=&#8220;center&#8220; hover_enabled=&#8220;0&#8243; box_shadow_style=&#8220;preset2&#8243; box_shadow_vertical=&#8220;4px&#8220; global_colors_info=&#8220;{}&#8220; sticky_enabled=&#8220;0&#8243;][\/et_pb_image][et_pb_text _builder_version=&#8220;4.14.5&#8243; global_colors_info=&#8220;{}&#8220;]<\/p>\n<p class=\"notice blue\"><strong>Hinweis:<\/strong> Wenn Ihr Rabatt auf <strong>alle Leistungen<\/strong> angewendet werden soll, k\u00f6nnen Sie diese Felder leer lassen.<\/p>\n<p>[\/et_pb_text][\/et_pb_column_inner][\/et_pb_row_inner][et_pb_row_inner admin_label=&#8220;Zeile&#8220; _builder_version=&#8220;3.25&#8243; global_colors_info=&#8220;{}&#8220;][et_pb_column_inner saved_specialty_column_type=&#8220;3_4&#8243; _builder_version=&#8220;3.25&#8243; custom_padding=&#8220;|||&#8220; global_colors_info=&#8220;{}&#8220; custom_padding__hover=&#8220;|||&#8220;][et_pb_divider color=&#8220;#555555&#8243; _builder_version=&#8220;3.5.1&#8243; global_colors_info=&#8220;{}&#8220;][\/et_pb_divider][et_pb_text admin_label=&#8220;Rabatt bearbeiten&#8220; _builder_version=&#8220;4.14.5&#8243; global_colors_info=&#8220;{}&#8220;]<\/p>\n<h2  id=\"bearbeiten\" class=\"text-content-heading\">2. Rabatt bearbeiten<\/h2>\n<p>[\/et_pb_text][et_pb_text _builder_version=&#8220;4.14.5&#8243; global_colors_info=&#8220;{}&#8220;]<strong>Navigation<\/strong>: <strong>Men\u00fc<\/strong>\u00a0\u2192\u00a0<strong>Rabatte &#038; Gutscheine<\/strong>\u00a0\u2192\u00a0<strong>Rabatte<\/strong>[\/et_pb_text][et_pb_text _builder_version=&#8220;4.14.5&#8243; global_colors_info=&#8220;{}&#8220;]<\/p>\n<p>Ihre laufenden Rabatte k\u00f6nnen nat\u00fcrlich bearbeitet werden. Um zu sehen, welche Rabatte aktuell bei Ihnen angeboten werden, k\u00f6nnen Sie den Haken bei &#8222;Nur G\u00fcltige anzeigen&#8220; setzen. Damit werden alle vergangenen und noch zuk\u00fcnftigen Rabatte ausgeblendet.<\/p>\n<p>[\/et_pb_text][et_pb_image src=&#8220;https:\/\/www.cituro.com\/help\/wp-content\/uploads\/2022\/09\/rabatt-uebersicht.png&#8220; alt=&#8220;Rabatt \u00dcbersicht&#8220; title_text=&#8220;rabatt-\u00fcbersicht&#8220; align_tablet=&#8220;center&#8220; align_phone=&#8220;center&#8220; align_last_edited=&#8220;on|desktop&#8220; _builder_version=&#8220;4.14.5&#8243; max_width=&#8220;500px&#8220; module_alignment=&#8220;center&#8220; hover_enabled=&#8220;0&#8243; box_shadow_style=&#8220;preset2&#8243; box_shadow_vertical=&#8220;4px&#8220; global_colors_info=&#8220;{}&#8220; sticky_enabled=&#8220;0&#8243;][\/et_pb_image][et_pb_text _builder_version=&#8220;4.14.5&#8243; global_colors_info=&#8220;{}&#8220;]<\/p>\n<p>\u00dcber die drei Punkte rechts an der Seite eines Rabattes k\u00f6nnen Sie den Rabatt <strong>l\u00f6schen<\/strong> oder <strong>bearbeiten<\/strong>.<\/p>\n<p>Mit dem Klick auf <strong>bearbeiten<\/strong> \u00f6ffnet sich das Fenster zur Bearbeitung. <\/p>\n<p>[\/et_pb_text][et_pb_image src=&#8220;https:\/\/www.cituro.com\/help\/wp-content\/uploads\/2022\/09\/rabatt-bearbeiten.png&#8220; alt=&#8220;Rabatt bearbeiten&#8220; title_text=&#8220;rabatt-bearbeiten&#8220; align_tablet=&#8220;center&#8220; align_phone=&#8220;&#8220; align_last_edited=&#8220;on|desktop&#8220; _builder_version=&#8220;4.14.5&#8243; max_width=&#8220;500px&#8220; module_alignment=&#8220;center&#8220; hover_enabled=&#8220;0&#8243; box_shadow_style=&#8220;preset2&#8243; box_shadow_vertical=&#8220;4px&#8220; global_colors_info=&#8220;{}&#8220; sticky_enabled=&#8220;0&#8243;][\/et_pb_image][\/et_pb_column_inner][\/et_pb_row_inner][et_pb_row_inner admin_label=&#8220;Zeile&#8220; _builder_version=&#8220;3.25&#8243; global_colors_info=&#8220;{}&#8220;][et_pb_column_inner saved_specialty_column_type=&#8220;3_4&#8243; _builder_version=&#8220;3.25&#8243; custom_padding=&#8220;|||&#8220; global_colors_info=&#8220;{}&#8220; custom_padding__hover=&#8220;|||&#8220;][et_pb_divider color=&#8220;#555555&#8243; _builder_version=&#8220;3.5.1&#8243; global_colors_info=&#8220;{}&#8220;][\/et_pb_divider][et_pb_text admin_label=&#8220;Rabatt Hinweis&#8220; _builder_version=&#8220;4.14.5&#8243; global_colors_info=&#8220;{}&#8220;]<\/p>\n<h2 id=\"hinweis\" class=\"text-content-heading\">3. Rabatthinweis<\/h2>\n<p>[\/et_pb_text][et_pb_text _builder_version=&#8220;4.14.5&#8243; global_colors_info=&#8220;{}&#8220;]<strong>Navigation<\/strong>:\u00a0<strong>Men\u00fc<\/strong>\u00a0\u2192\u00a0<strong>Onlinebuchung<\/strong>\u00a0\u2192\u00a0<strong>Design &#038; Vorschau<\/strong>\u00a0\u2192\u00a0<strong>Buchungswidget<\/strong>[\/et_pb_text][et_pb_text _builder_version=&#8220;4.14.5&#8243; global_colors_info=&#8220;{}&#8220;]<\/p>\n<p>Damit Ihre Kunden bei einer Buchung auf Ihren Rabatt aufmerksam werden, k\u00f6nnen Sie in Ihrer Online-Terminbuchung einen Rabatthinweis hinzuf\u00fcgen. Dieser erscheint unterhalb der Titelleiste und kann individuell gestaltet werden.<\/p>\n<p> Wenn Sie den Schalter bei &#8222;Benutzerdefinierter Rabatttext&#8220; aktivieren, k\u00f6nnen Sie einen benutzerdefinierten Rabatthinweis erstellen. Mit diesem k\u00f6nnen Sie Ihren eigenen Inhalt (auch HTML-Markup) hinterlegen, dass Ihren Kunden im Buchungswidget angezeigt wird.<\/p>\n<p>[\/et_pb_text][et_pb_image src=&#8220;https:\/\/www.cituro.com\/help\/wp-content\/uploads\/2022\/09\/Rabatthinweis.png&#8220; alt=&#8220;Rabatthinweis&#8220; title_text=&#8220;Rabatthinweis&#8220; align_tablet=&#8220;center&#8220; align_phone=&#8220;&#8220; align_last_edited=&#8220;on|desktop&#8220; _builder_version=&#8220;4.14.5&#8243; max_width=&#8220;600px&#8220; module_alignment=&#8220;center&#8220; hover_enabled=&#8220;0&#8243; global_colors_info=&#8220;{}&#8220; sticky_enabled=&#8220;0&#8243;][\/et_pb_image][\/et_pb_column_inner][\/et_pb_row_inner][et_pb_row_inner admin_label=&#8220;Zeile&#8220; _builder_version=&#8220;3.25&#8243; global_colors_info=&#8220;{}&#8220;][et_pb_column_inner saved_specialty_column_type=&#8220;3_4&#8243; _builder_version=&#8220;3.25&#8243; custom_padding=&#8220;|||&#8220; global_colors_info=&#8220;{}&#8220; custom_padding__hover=&#8220;|||&#8220;][et_pb_divider color=&#8220;#555555&#8243; _builder_version=&#8220;3.5.1&#8243; global_colors_info=&#8220;{}&#8220;][\/et_pb_divider][et_pb_text admin_label=&#8220;Ansicht in der Onlinebuchung&#8220; _builder_version=&#8220;4.14.5&#8243; global_colors_info=&#8220;{}&#8220;]<\/p>\n<h2 id=\"ansicht\" class=\"text-content-heading\">4. Ansicht in der Online-Buchung<\/h2>\n<p>[\/et_pb_text][et_pb_text _builder_version=&#8220;4.14.5&#8243; global_colors_info=&#8220;{}&#8220;]<\/p>\n<p> In Ihrer Online-Terminbuchung wird entsprechend Ihrer Einstellungen die Rabattinformation angezeigt, sowie der jeweilige Rabatt am Preis der Leistung abgezogen. Leistungen, welche nicht vom Rabatt betroffen sind, werden regul\u00e4r dargestellt. <\/p>\n<p>[\/et_pb_text][et_pb_image src=&#8220;https:\/\/www.cituro.com\/help\/wp-content\/uploads\/2024\/07\/Rabatte-in-der-Onlinebuchung.png&#8220; alt=&#8220;Rabatte in der Onlinebuchung&#8220; title_text=&#8220;Rabatte in der Onlinebuchung&#8220; align_tablet=&#8220;center&#8220; align_phone=&#8220;&#8220; align_last_edited=&#8220;on|desktop&#8220; _builder_version=&#8220;4.14.5&#8243; max_width=&#8220;500px&#8220; module_alignment=&#8220;center&#8220; hover_enabled=&#8220;0&#8243; global_colors_info=&#8220;{}&#8220; sticky_enabled=&#8220;0&#8243;][\/et_pb_image][et_pb_text admin_label=&#8220;Hinweis&#8220; _builder_version=&#8220;4.14.5&#8243; global_colors_info=&#8220;{}&#8220;]<\/p>\n<p class=\"notice blue\"><strong>Hinweis:<\/strong> Sollten Sie mehrere Rabatte parallel aktiv haben, wird immer der gr\u00f6\u00dftm\u00f6gliche g\u00fcltige Rabatt angewendet. Wenn Sie unterschiedliche Rabatte zu verschiedenen Leistungen zugeordnet haben, wird auch nur der zur Leistung geh\u00f6rige Rabatt abgezogen. Im <strong>Hinweistext <\/strong>wird der gr\u00f6\u00dftm\u00f6gliche Rabatt angezeigt.<\/p>\n<p>[\/et_pb_text][\/et_pb_column_inner][\/et_pb_row_inner][et_pb_row_inner _builder_version=&#8220;3.25&#8243; global_module=&#8220;491&#8243; collapsed=&#8220;off&#8220; global_colors_info=&#8220;{}&#8220;][et_pb_column_inner _builder_version=&#8220;3.25&#8243; custom_padding=&#8220;|||&#8220; global_colors_info=&#8220;{}&#8220; custom_padding__hover=&#8220;|||&#8220;][et_pb_divider color=&#8220;#555555&#8243; divider_position=&#8220;center&#8220; _builder_version=&#8220;4.12.1&#8243; global_colors_info=&#8220;{}&#8220;][\/et_pb_divider][et_pb_text _builder_version=&#8220;4.14.5&#8243; global_colors_info=&#8220;{}&#8220;]<\/p>\n<h2 style=\"text-align: center;\">Sie haben Fragen? Wir helfen gerne!<\/h2>\n<p>[\/et_pb_text][\/et_pb_column_inner][\/et_pb_row_inner][et_pb_row_inner column_structure=&#8220;1_2,1_2&#8243; _builder_version=&#8220;3.25&#8243; global_module=&#8220;487&#8243; saved_tabs=&#8220;all&#8220; global_colors_info=&#8220;{}&#8220;][et_pb_column_inner type=&#8220;1_2&#8243; _builder_version=&#8220;3.25&#8243; custom_padding=&#8220;|||&#8220; global_colors_info=&#8220;{}&#8220; custom_padding__hover=&#8220;|||&#8220;][et_pb_blurb title=&#8220;E-Mail&#8220; use_icon=&#8220;on&#8220; font_icon=&#8220;&#xe010;||divi||400&#8243; icon_color=&#8220;#555555&#8243; _builder_version=&#8220;4.13.0&#8243; header_level=&#8220;h3&#8243; text_orientation=&#8220;center&#8220; custom_padding=&#8220;10px|10px|10px|10px&#8220; animation_style=&#8220;zoom&#8220; box_shadow_style=&#8220;preset1&#8243; global_colors_info=&#8220;{}&#8220;]<\/p>\n<p style=\"text-align: center;\">Schreiben Sie uns eine E-Mail<br \/>\n<a href=\"mailto:support@cituro.com\">support@cituro.com<\/a><\/p>\n<p>[\/et_pb_blurb][\/et_pb_column_inner][et_pb_column_inner type=&#8220;1_2&#8243; _builder_version=&#8220;3.25&#8243; custom_padding=&#8220;|||&#8220; global_colors_info=&#8220;{}&#8220; custom_padding__hover=&#8220;|||&#8220;][et_pb_blurb title=&#8220;Telefon&#8220; use_icon=&#8220;on&#8220; font_icon=&#8220;&#xe090;||divi||400&#8243; icon_color=&#8220;#555555&#8243; _builder_version=&#8220;4.13.0&#8243; header_level=&#8220;h3&#8243; text_orientation=&#8220;center&#8220; custom_padding=&#8220;10px|10px|10px|10px&#8220; animation_style=&#8220;zoom&#8220; box_shadow_style=&#8220;preset1&#8243; global_colors_info=&#8220;{}&#8220;]<\/p>\n<p style=\"text-align: center;\">Wir sind f\u00fcr Sie da<br \/>\n<a href=\"tel:004982199973940\">+49 821 999 739 40<\/a><\/p>\n<p>[\/et_pb_blurb][\/et_pb_column_inner][\/et_pb_row_inner][\/et_pb_column][\/et_pb_section]<\/p>\n","protected":false},"excerpt":{"rendered":"<p>RabatteMit unserer Rabattfunktion sind zum Beispiel saisonale Rabatte wie Sommerrabatte, Winterschlussverkauf und viele weitere m\u00f6glich. Aber auch individuelle Rabatte wie eine Blackfriday-Week oder Jubil\u00e4umsrabatte k\u00f6nnen mit dieser Funktion eingerichtet werden. Bereits in der Leistungsauswahl Ihrer Online-Terminbuchung, wird der Rabatt automatisch abgezogen. Schritt-f\u00fcr-Schritt Anleitung Rabatt erstellen Rabatt bearbeiten Rabatthinweis Ansicht in der Onlinebuchung 1. Rabatt erstellenMen\u00fc\u00a0\u2192\u00a0Rabatte [&hellip;]<\/p>\n","protected":false},"author":3,"featured_media":391,"parent":8206,"menu_order":0,"comment_status":"closed","ping_status":"closed","template":"","meta":{"_et_pb_use_builder":"on","_et_pb_old_content":"","_et_gb_content_width":"","footnotes":""},"class_list":["post-8263","page","type-page","status-publish","has-post-thumbnail","hentry"],"yoast_head":"<!-- This site is optimized with the Yoast SEO plugin v23.9 - https:\/\/yoast.com\/wordpress\/plugins\/seo\/ -->\n<title>Rabatte - cituro Helpcenter<\/title>\n<meta name=\"description\" content=\"Legen Sie individuelle Rabatte an und entscheiden Sie, f\u00fcr welchen Zeitraum und in welcher H\u00f6he Sie den Preis reduzieren m\u00f6chten.\" \/>\n<meta name=\"robots\" content=\"index, follow, max-snippet:-1, max-image-preview:large, max-video-preview:-1\" \/>\n<link rel=\"canonical\" href=\"https:\/\/www.cituro.com\/help\/rabatte-und-gutscheine\/rabattfunktion\" \/>\n<meta property=\"og:locale\" content=\"de_DE\" \/>\n<meta property=\"og:type\" content=\"article\" \/>\n<meta property=\"og:title\" content=\"Rabatte - cituro Helpcenter\" \/>\n<meta property=\"og:description\" content=\"Legen Sie individuelle Rabatte an und entscheiden Sie, f\u00fcr welchen Zeitraum und in welcher H\u00f6he Sie den Preis reduzieren m\u00f6chten.\" \/>\n<meta property=\"og:url\" content=\"https:\/\/www.cituro.com\/help\/rabatte-und-gutscheine\/rabattfunktion\" \/>\n<meta property=\"og:site_name\" content=\"cituro Helpcenter\" \/>\n<meta property=\"article:modified_time\" content=\"2025-08-01T20:36:43+00:00\" \/>\n<meta property=\"og:image\" content=\"https:\/\/www.cituro.com\/help\/wp-content\/uploads\/2019\/09\/Cituro_logodark-grey-blue.jpg\" \/>\n\t<meta property=\"og:image:width\" content=\"4167\" \/>\n\t<meta property=\"og:image:height\" content=\"4167\" \/>\n\t<meta property=\"og:image:type\" content=\"image\/jpeg\" \/>\n<meta name=\"twitter:card\" content=\"summary_large_image\" \/>\n<meta name=\"twitter:label1\" content=\"Gesch\u00e4tzte Lesezeit\" \/>\n\t<meta name=\"twitter:data1\" content=\"6\u00a0Minuten\" \/>\n<script type=\"application\/ld+json\" class=\"yoast-schema-graph\">{\"@context\":\"https:\/\/schema.org\",\"@graph\":[{\"@type\":\"WebPage\",\"@id\":\"https:\/\/www.cituro.com\/help\/rabatte-und-gutscheine\/rabattfunktion\",\"url\":\"https:\/\/www.cituro.com\/help\/rabatte-und-gutscheine\/rabattfunktion\",\"name\":\"Rabatte - cituro Helpcenter\",\"isPartOf\":{\"@id\":\"https:\/\/www.cituro.com\/help\/#website\"},\"primaryImageOfPage\":{\"@id\":\"https:\/\/www.cituro.com\/help\/rabatte-und-gutscheine\/rabattfunktion#primaryimage\"},\"image\":{\"@id\":\"https:\/\/www.cituro.com\/help\/rabatte-und-gutscheine\/rabattfunktion#primaryimage\"},\"thumbnailUrl\":\"https:\/\/www.cituro.com\/help\/wp-content\/uploads\/2019\/09\/Cituro_logodark-grey-blue.jpg\",\"datePublished\":\"2022-09-12T07:39:18+00:00\",\"dateModified\":\"2025-08-01T20:36:43+00:00\",\"description\":\"Legen Sie individuelle Rabatte an und entscheiden Sie, f\u00fcr welchen Zeitraum und in welcher H\u00f6he Sie den Preis reduzieren m\u00f6chten.\",\"breadcrumb\":{\"@id\":\"https:\/\/www.cituro.com\/help\/rabatte-und-gutscheine\/rabattfunktion#breadcrumb\"},\"inLanguage\":\"de\",\"potentialAction\":[{\"@type\":\"ReadAction\",\"target\":[\"https:\/\/www.cituro.com\/help\/rabatte-und-gutscheine\/rabattfunktion\"]}]},{\"@type\":\"ImageObject\",\"inLanguage\":\"de\",\"@id\":\"https:\/\/www.cituro.com\/help\/rabatte-und-gutscheine\/rabattfunktion#primaryimage\",\"url\":\"https:\/\/www.cituro.com\/help\/wp-content\/uploads\/2019\/09\/Cituro_logodark-grey-blue.jpg\",\"contentUrl\":\"https:\/\/www.cituro.com\/help\/wp-content\/uploads\/2019\/09\/Cituro_logodark-grey-blue.jpg\",\"width\":4167,\"height\":4167},{\"@type\":\"BreadcrumbList\",\"@id\":\"https:\/\/www.cituro.com\/help\/rabatte-und-gutscheine\/rabattfunktion#breadcrumb\",\"itemListElement\":[{\"@type\":\"ListItem\",\"position\":1,\"name\":\"Startseite\",\"item\":\"https:\/\/www.cituro.com\/help\/\"},{\"@type\":\"ListItem\",\"position\":2,\"name\":\"Rabatte &#038; Gutscheine\",\"item\":\"https:\/\/www.cituro.com\/help\/rabatte-und-gutscheine\"},{\"@type\":\"ListItem\",\"position\":3,\"name\":\"Rabatte\"}]},{\"@type\":\"WebSite\",\"@id\":\"https:\/\/www.cituro.com\/help\/#website\",\"url\":\"https:\/\/www.cituro.com\/help\/\",\"name\":\"cituro Helpcenter\",\"description\":\"Eine weitere WordPress-Website\",\"potentialAction\":[{\"@type\":\"SearchAction\",\"target\":{\"@type\":\"EntryPoint\",\"urlTemplate\":\"https:\/\/www.cituro.com\/help\/?s={search_term_string}\"},\"query-input\":{\"@type\":\"PropertyValueSpecification\",\"valueRequired\":true,\"valueName\":\"search_term_string\"}}],\"inLanguage\":\"de\"}]}<\/script>\n<!-- \/ Yoast SEO plugin. -->","yoast_head_json":{"title":"Rabatte - cituro Helpcenter","description":"Legen Sie individuelle Rabatte an und entscheiden Sie, f\u00fcr welchen Zeitraum und in welcher H\u00f6he Sie den Preis reduzieren m\u00f6chten.","robots":{"index":"index","follow":"follow","max-snippet":"max-snippet:-1","max-image-preview":"max-image-preview:large","max-video-preview":"max-video-preview:-1"},"canonical":"https:\/\/www.cituro.com\/help\/rabatte-und-gutscheine\/rabattfunktion","og_locale":"de_DE","og_type":"article","og_title":"Rabatte - cituro Helpcenter","og_description":"Legen Sie individuelle Rabatte an und entscheiden Sie, f\u00fcr welchen Zeitraum und in welcher H\u00f6he Sie den Preis reduzieren m\u00f6chten.","og_url":"https:\/\/www.cituro.com\/help\/rabatte-und-gutscheine\/rabattfunktion","og_site_name":"cituro Helpcenter","article_modified_time":"2025-08-01T20:36:43+00:00","og_image":[{"width":4167,"height":4167,"url":"https:\/\/www.cituro.com\/help\/wp-content\/uploads\/2019\/09\/Cituro_logodark-grey-blue.jpg","type":"image\/jpeg"}],"twitter_card":"summary_large_image","twitter_misc":{"Gesch\u00e4tzte Lesezeit":"6\u00a0Minuten"},"schema":{"@context":"https:\/\/schema.org","@graph":[{"@type":"WebPage","@id":"https:\/\/www.cituro.com\/help\/rabatte-und-gutscheine\/rabattfunktion","url":"https:\/\/www.cituro.com\/help\/rabatte-und-gutscheine\/rabattfunktion","name":"Rabatte - cituro Helpcenter","isPartOf":{"@id":"https:\/\/www.cituro.com\/help\/#website"},"primaryImageOfPage":{"@id":"https:\/\/www.cituro.com\/help\/rabatte-und-gutscheine\/rabattfunktion#primaryimage"},"image":{"@id":"https:\/\/www.cituro.com\/help\/rabatte-und-gutscheine\/rabattfunktion#primaryimage"},"thumbnailUrl":"https:\/\/www.cituro.com\/help\/wp-content\/uploads\/2019\/09\/Cituro_logodark-grey-blue.jpg","datePublished":"2022-09-12T07:39:18+00:00","dateModified":"2025-08-01T20:36:43+00:00","description":"Legen Sie individuelle Rabatte an und entscheiden Sie, f\u00fcr welchen Zeitraum und in welcher H\u00f6he Sie den Preis reduzieren m\u00f6chten.","breadcrumb":{"@id":"https:\/\/www.cituro.com\/help\/rabatte-und-gutscheine\/rabattfunktion#breadcrumb"},"inLanguage":"de","potentialAction":[{"@type":"ReadAction","target":["https:\/\/www.cituro.com\/help\/rabatte-und-gutscheine\/rabattfunktion"]}]},{"@type":"ImageObject","inLanguage":"de","@id":"https:\/\/www.cituro.com\/help\/rabatte-und-gutscheine\/rabattfunktion#primaryimage","url":"https:\/\/www.cituro.com\/help\/wp-content\/uploads\/2019\/09\/Cituro_logodark-grey-blue.jpg","contentUrl":"https:\/\/www.cituro.com\/help\/wp-content\/uploads\/2019\/09\/Cituro_logodark-grey-blue.jpg","width":4167,"height":4167},{"@type":"BreadcrumbList","@id":"https:\/\/www.cituro.com\/help\/rabatte-und-gutscheine\/rabattfunktion#breadcrumb","itemListElement":[{"@type":"ListItem","position":1,"name":"Startseite","item":"https:\/\/www.cituro.com\/help\/"},{"@type":"ListItem","position":2,"name":"Rabatte &#038; Gutscheine","item":"https:\/\/www.cituro.com\/help\/rabatte-und-gutscheine"},{"@type":"ListItem","position":3,"name":"Rabatte"}]},{"@type":"WebSite","@id":"https:\/\/www.cituro.com\/help\/#website","url":"https:\/\/www.cituro.com\/help\/","name":"cituro Helpcenter","description":"Eine weitere WordPress-Website","potentialAction":[{"@type":"SearchAction","target":{"@type":"EntryPoint","urlTemplate":"https:\/\/www.cituro.com\/help\/?s={search_term_string}"},"query-input":{"@type":"PropertyValueSpecification","valueRequired":true,"valueName":"search_term_string"}}],"inLanguage":"de"}]}},"_links":{"self":[{"href":"https:\/\/www.cituro.com\/help\/wp-json\/wp\/v2\/pages\/8263","targetHints":{"allow":["GET"]}}],"collection":[{"href":"https:\/\/www.cituro.com\/help\/wp-json\/wp\/v2\/pages"}],"about":[{"href":"https:\/\/www.cituro.com\/help\/wp-json\/wp\/v2\/types\/page"}],"author":[{"embeddable":true,"href":"https:\/\/www.cituro.com\/help\/wp-json\/wp\/v2\/users\/3"}],"replies":[{"embeddable":true,"href":"https:\/\/www.cituro.com\/help\/wp-json\/wp\/v2\/comments?post=8263"}],"version-history":[{"count":60,"href":"https:\/\/www.cituro.com\/help\/wp-json\/wp\/v2\/pages\/8263\/revisions"}],"predecessor-version":[{"id":12547,"href":"https:\/\/www.cituro.com\/help\/wp-json\/wp\/v2\/pages\/8263\/revisions\/12547"}],"up":[{"embeddable":true,"href":"https:\/\/www.cituro.com\/help\/wp-json\/wp\/v2\/pages\/8206"}],"wp:featuredmedia":[{"embeddable":true,"href":"https:\/\/www.cituro.com\/help\/wp-json\/wp\/v2\/media\/391"}],"wp:attachment":[{"href":"https:\/\/www.cituro.com\/help\/wp-json\/wp\/v2\/media?parent=8263"}],"curies":[{"name":"wp","href":"https:\/\/api.w.org\/{rel}","templated":true}]}}