{"id":7905,"date":"2022-10-27T12:21:09","date_gmt":"2022-10-27T10:21:09","guid":{"rendered":"https:\/\/www.cituro.com\/help\/?page_id=7905"},"modified":"2025-08-01T23:10:11","modified_gmt":"2025-08-01T21:10:11","slug":"terminbuchung-ueber-google","status":"publish","type":"page","link":"https:\/\/www.cituro.com\/help\/einbindung-online-terminbuchung\/terminbuchung-ueber-google","title":{"rendered":"Terminbuchung \u00fcber Google"},"content":{"rendered":"<p>[et_pb_section fb_built=&#8220;1&#8243; specialty=&#8220;on&#8220; module_class=&#8220; et_pb_specialty_fullwidth&#8220; _builder_version=&#8220;3.22&#8243; inner_width=&#8220;89%&#8220; inner_width_tablet=&#8220;80%&#8220; inner_width_phone=&#8220;&#8220; inner_width_last_edited=&#8220;on|desktop&#8220; inner_max_width=&#8220;89%&#8220; inner_max_width_tablet=&#8220;80%&#8220; inner_max_width_phone=&#8220;&#8220; inner_max_width_last_edited=&#8220;on|desktop&#8220; make_fullwidth=&#8220;on&#8220; global_colors_info=&#8220;{}&#8220;][et_pb_column type=&#8220;1_4&#8243; _builder_version=&#8220;3.25&#8243; custom_padding=&#8220;|||&#8220; global_colors_info=&#8220;{}&#8220; custom_padding__hover=&#8220;|||&#8220;][et_pb_sidebar area=&#8220;sidebar-1&#8243; disabled_on=&#8220;on|on|off&#8220; _builder_version=&#8220;3.29.3&#8243; custom_padding=&#8220;50px|||&#8220; global_colors_info=&#8220;{}&#8220;][\/et_pb_sidebar][\/et_pb_column][et_pb_column type=&#8220;3_4&#8243; specialty_columns=&#8220;3&#8243; _builder_version=&#8220;3.25&#8243; custom_padding=&#8220;|||&#8220; global_colors_info=&#8220;{}&#8220; custom_padding__hover=&#8220;|||&#8220;][et_pb_row_inner admin_label=&#8220;Zeile&#8220; _builder_version=&#8220;3.25&#8243; global_colors_info=&#8220;{}&#8220;][et_pb_column_inner saved_specialty_column_type=&#8220;3_4&#8243; _builder_version=&#8220;3.25&#8243; custom_padding=&#8220;|||&#8220; global_colors_info=&#8220;{}&#8220; custom_padding__hover=&#8220;|||&#8220;][et_pb_text admin_label=&#8220;Terminbuchung \u00fcber Google \u00dcberschrift&#8220; _builder_version=&#8220;4.14.5&#8243; global_colors_info=&#8220;{}&#8220;]<\/p>\n<h1>Terminbuchung \u00fcber Google<\/h1>\n<p>[\/et_pb_text][et_pb_text admin_label=&#8220;Beschreibung&#8220; _builder_version=&#8220;4.14.5&#8243; global_colors_info=&#8220;{}&#8220;]<\/p>\n<p>Bieten Sie mit cituro Ihre Online-Terminbuchung direkt \u00fcber Google an. In den folgenden Anleitungen zeigen wir Ihnen die verschiedenen M\u00f6glichkeiten, wie Sie \u00fcber Google Ihre cituro Terminbuchung schnell und einfach einrichten k\u00f6nnen.<\/p>\n<p>[\/et_pb_text][\/et_pb_column_inner][\/et_pb_row_inner][et_pb_row_inner column_structure=&#8220;1_2,1_2&#8243; admin_label=&#8220;Zeile&#8220; _builder_version=&#8220;4.14.5&#8243; custom_margin=&#8220;-50px||||false|false&#8220; global_colors_info=&#8220;{}&#8220;][et_pb_column_inner type=&#8220;1_2&#8243; saved_specialty_column_type=&#8220;3_4&#8243; _builder_version=&#8220;3.25&#8243; custom_padding=&#8220;|||&#8220; global_colors_info=&#8220;{}&#8220; custom_padding__hover=&#8220;|||&#8220;][et_pb_text _builder_version=&#8220;4.14.5&#8243; text_orientation=&#8220;center&#8220; global_colors_info=&#8220;{}&#8220;]<\/p>\n<h2><a href=\"https:\/\/www.cituro.com\/help\/einbindung-online-terminbuchung\/terminbuchung-ueber-google\/reserve-with-google\">Terminbuchung mit &#8222;Reserve with Google&#8220;<\/a><\/h2>\n<p>[\/et_pb_text][et_pb_image src=&#8220;https:\/\/www.cituro.com\/help\/wp-content\/uploads\/2022\/10\/Google-suche-rwg.png&#8220; alt=&#8220;Reserve with Google in der Google Suche&#8220; title_text=&#8220;Google-suche-rwg&#8220; url=&#8220;https:\/\/www.cituro.com\/help\/einbindung-online-terminbuchung\/terminbuchung-ueber-google\/reserve-with-google&#8220; align=&#8220;center&#8220; _builder_version=&#8220;4.14.5&#8243; _module_preset=&#8220;default&#8220; max_height=&#8220;400px&#8220; box_shadow_style=&#8220;preset2&#8243; global_colors_info=&#8220;{}&#8220;][\/et_pb_image][et_pb_text _builder_version=&#8220;4.14.5&#8243; global_colors_info=&#8220;{}&#8220;]<\/p>\n<p>F\u00fcr Unternehmen, die nicht der Branche <b>\u00f6ffentlicher Dienst<\/b> zugeordnet sind, bietet Google eine direkte Buchung \u00fcber &#8222;Reserve with Google&#8220; an.  Steigern Sie die Anzahl Ihrer Buchungen, indem Sie <strong>cituro<\/strong> f\u00fcr die Google Terminbuchung einrichten. Ihre Kunden k\u00f6nnen so \u00fcber <strong>Google Search, Google Maps<\/strong> und <strong> Google Assistant<\/strong> einen Termin bei Ihnen buchen. <a href=\"https:\/\/www.cituro.com\/help\/einbindung-online-terminbuchung\/terminbuchung-ueber-google\/reserve-with-google\">Zur Anleitung<\/a><\/p>\n<p>[\/et_pb_text][\/et_pb_column_inner][et_pb_column_inner type=&#8220;1_2&#8243; saved_specialty_column_type=&#8220;3_4&#8243; _builder_version=&#8220;3.25&#8243; custom_padding=&#8220;|||&#8220; global_colors_info=&#8220;{}&#8220; custom_padding__hover=&#8220;|||&#8220;][et_pb_text _builder_version=&#8220;4.14.5&#8243; text_orientation=&#8220;center&#8220; hover_enabled=&#8220;0&#8243; global_colors_info=&#8220;{}&#8220; sticky_enabled=&#8220;0&#8243;]<\/p>\n<h2><a href=\"https:\/\/www.cituro.com\/help\/einbindung-online-terminbuchung\/terminbuchung-ueber-google\/terminbuchung-im-google-business-profile\">Terminbuchung \u00fcber ein Google Unternehmensprofil<\/a><\/h2>\n<p>[\/et_pb_text][et_pb_image src=&#8220;https:\/\/www.cituro.com\/help\/wp-content\/uploads\/2022\/11\/google-termin-buchen-uebersicht.png&#8220; alt=&#8220;Reserve with Google in der Google Suche&#8220; title_text=&#8220;terminbuchung-unternehmensprofil&#8220; url=&#8220;https:\/\/www.cituro.com\/help\/einbindung-online-terminbuchung\/terminbuchung-ueber-google\/terminbuchung-im-google-business-profile&#8220; align=&#8220;center&#8220; _builder_version=&#8220;4.14.5&#8243; _module_preset=&#8220;default&#8220; max_height=&#8220;400px&#8220; box_shadow_style=&#8220;preset2&#8243; global_colors_info=&#8220;{}&#8220;][\/et_pb_image][et_pb_text _builder_version=&#8220;4.14.5&#8243; hover_enabled=&#8220;0&#8243; global_colors_info=&#8220;{}&#8220; sticky_enabled=&#8220;0&#8243;]<\/p>\n<p>F\u00fcr Unternehmen mit einem <strong>Google Unternehmensprofil<\/strong> ist eine Verlinkung zu cituro m\u00f6glich. Kunden k\u00f6nnen direkt \u00fcber Ihr Google Unternehmensprofil die cituro Buchung aufrufen und einen Termin vereinbaren. <a href=\"https:\/\/www.cituro.com\/help\/einbindung-online-terminbuchung\/terminbuchung-ueber-google\/terminbuchung-im-google-business-profile\">Zur Anleitung<\/a><\/p>\n<p>[\/et_pb_text][\/et_pb_column_inner][\/et_pb_row_inner][et_pb_row_inner admin_label=&#8220;Zeile&#8220; _builder_version=&#8220;3.25&#8243; global_colors_info=&#8220;{}&#8220;][et_pb_column_inner saved_specialty_column_type=&#8220;3_4&#8243; _builder_version=&#8220;3.25&#8243; custom_padding=&#8220;|||&#8220; global_colors_info=&#8220;{}&#8220; custom_padding__hover=&#8220;|||&#8220;][et_pb_divider color=&#8220;#555555&#8243; _builder_version=&#8220;3.5.1&#8243; global_colors_info=&#8220;{}&#8220;][\/et_pb_divider][\/et_pb_column_inner][\/et_pb_row_inner][et_pb_row_inner column_structure=&#8220;1_2,1_2&#8243; admin_label=&#8220;Zeile&#8220; _builder_version=&#8220;4.14.5&#8243; global_colors_info=&#8220;{}&#8220;][et_pb_column_inner type=&#8220;1_2&#8243; saved_specialty_column_type=&#8220;3_4&#8243; _builder_version=&#8220;3.25&#8243; custom_padding=&#8220;|||&#8220; global_colors_info=&#8220;{}&#8220; custom_padding__hover=&#8220;|||&#8220;][et_pb_blurb title=&#8220;Terminbuchung mit <br \/> Reserve with Google&#8220; url=&#8220;https:\/\/www.cituro.com\/help\/einbindung-online-terminbuchung\/terminbuchung-ueber-google\/reserve-with-google&#8220; image=&#8220;https:\/\/www.cituro.com\/help\/wp-content\/uploads\/2022\/06\/reserve-with-google-logo.png&#8220; alt=&#8220;Google Chechmark&#8220; admin_label=&#8220;Terminbuchung mit \u201eReserve with Google\u201c&#8220; _builder_version=&#8220;4.14.5&#8243; header_level=&#8220;h2&#8243; body_text_align=&#8220;left&#8220; custom_padding=&#8220;10px|10px|10px|10px&#8220; animation_style=&#8220;zoom&#8220; link_option_url=&#8220;https:\/\/www.cituro.com\/help\/einbindung-online-terminbuchung\/terminbuchung-ueber-google\/reserve-with-google&#8220; box_shadow_style=&#8220;preset1&#8243; saved_tabs=&#8220;all&#8220; global_colors_info=&#8220;{}&#8220;]<\/p>\n<p style=\"text-align: center;\">Anleitung<\/p>\n<p>[\/et_pb_blurb][\/et_pb_column_inner][et_pb_column_inner type=&#8220;1_2&#8243; saved_specialty_column_type=&#8220;3_4&#8243; _builder_version=&#8220;3.25&#8243; custom_padding=&#8220;|||&#8220; global_colors_info=&#8220;{}&#8220; custom_padding__hover=&#8220;|||&#8220;][et_pb_blurb title=&#8220;Google Terminbuchung f\u00fcr <br \/> weitere Branchen&#8220; url=&#8220;https:\/\/www.cituro.com\/help\/einbindung-online-terminbuchung\/terminbuchung-ueber-google\/terminbuchung-im-google-business-profile&#8220; image=&#8220;https:\/\/www.cituro.com\/help\/wp-content\/uploads\/2022\/06\/google-logo.png&#8220; alt=&#8220;Google Logo&#8220; admin_label=&#8220;Terminbuchung \u00fcber My Business Profil&#8220; _builder_version=&#8220;4.14.5&#8243; header_level=&#8220;h2&#8243; body_text_align=&#8220;left&#8220; custom_padding=&#8220;10px|10px|10px|10px&#8220; animation_style=&#8220;zoom&#8220; link_option_url=&#8220;https:\/\/www.cituro.com\/help\/einbindung-online-terminbuchung\/terminbuchung-ueber-google\/terminbuchung-im-google-business-profile&#8220; box_shadow_style=&#8220;preset1&#8243; saved_tabs=&#8220;all&#8220; global_colors_info=&#8220;{}&#8220;]<\/p>\n<p style=\"text-align: center;\">Anleitung<\/p>\n<p>[\/et_pb_blurb][\/et_pb_column_inner][\/et_pb_row_inner][et_pb_row_inner _builder_version=&#8220;3.25&#8243; global_module=&#8220;491&#8243; collapsed=&#8220;off&#8220; global_colors_info=&#8220;{}&#8220;][et_pb_column_inner _builder_version=&#8220;3.25&#8243; custom_padding=&#8220;|||&#8220; global_colors_info=&#8220;{}&#8220; custom_padding__hover=&#8220;|||&#8220;][et_pb_divider color=&#8220;#555555&#8243; divider_position=&#8220;center&#8220; _builder_version=&#8220;4.12.1&#8243; global_colors_info=&#8220;{}&#8220;][\/et_pb_divider][et_pb_text _builder_version=&#8220;4.14.5&#8243; global_colors_info=&#8220;{}&#8220;]<\/p>\n<h2 style=\"text-align: center;\">Sie haben Fragen? Wir helfen gerne!<\/h2>\n<p>[\/et_pb_text][\/et_pb_column_inner][\/et_pb_row_inner][et_pb_row_inner column_structure=&#8220;1_2,1_2&#8243; _builder_version=&#8220;3.25&#8243; global_module=&#8220;487&#8243; saved_tabs=&#8220;all&#8220; global_colors_info=&#8220;{}&#8220;][et_pb_column_inner type=&#8220;1_2&#8243; _builder_version=&#8220;3.25&#8243; custom_padding=&#8220;|||&#8220; global_colors_info=&#8220;{}&#8220; custom_padding__hover=&#8220;|||&#8220;][et_pb_blurb title=&#8220;E-Mail&#8220; use_icon=&#8220;on&#8220; font_icon=&#8220;&#xe010;||divi||400&#8243; icon_color=&#8220;#555555&#8243; _builder_version=&#8220;4.13.0&#8243; header_level=&#8220;h3&#8243; text_orientation=&#8220;center&#8220; custom_padding=&#8220;10px|10px|10px|10px&#8220; animation_style=&#8220;zoom&#8220; box_shadow_style=&#8220;preset1&#8243; global_colors_info=&#8220;{}&#8220;]<\/p>\n<p style=\"text-align: center;\">Schreiben Sie uns eine E-Mail<br \/>\n<a href=\"mailto:support@cituro.com\">support@cituro.com<\/a><\/p>\n<p>[\/et_pb_blurb][\/et_pb_column_inner][et_pb_column_inner type=&#8220;1_2&#8243; _builder_version=&#8220;3.25&#8243; custom_padding=&#8220;|||&#8220; global_colors_info=&#8220;{}&#8220; custom_padding__hover=&#8220;|||&#8220;][et_pb_blurb title=&#8220;Telefon&#8220; use_icon=&#8220;on&#8220; font_icon=&#8220;&#xe090;||divi||400&#8243; icon_color=&#8220;#555555&#8243; _builder_version=&#8220;4.13.0&#8243; header_level=&#8220;h3&#8243; text_orientation=&#8220;center&#8220; custom_padding=&#8220;10px|10px|10px|10px&#8220; animation_style=&#8220;zoom&#8220; box_shadow_style=&#8220;preset1&#8243; global_colors_info=&#8220;{}&#8220;]<\/p>\n<p style=\"text-align: center;\">Wir sind f\u00fcr Sie da<br \/>\n<a href=\"tel:004982199973940\">+49 821 999 739 40<\/a><\/p>\n<p>[\/et_pb_blurb][\/et_pb_column_inner][\/et_pb_row_inner][\/et_pb_column][\/et_pb_section]<\/p>\n","protected":false},"excerpt":{"rendered":"<p>Bieten Sie mit cituro Ihre Online-Terminbuchung direkt \u00fcber Google an. Mit unseren einfachen Anleitungen werden Sie \u00fcber Google gefunden und direkt buchbar!<\/p>\n","protected":false},"author":3,"featured_media":0,"parent":838,"menu_order":0,"comment_status":"closed","ping_status":"closed","template":"","meta":{"_et_pb_use_builder":"on","_et_pb_old_content":"","_et_gb_content_width":"","footnotes":""},"class_list":["post-7905","page","type-page","status-publish","hentry"],"yoast_head":"<!-- This site is optimized with the Yoast SEO plugin v23.9 - https:\/\/yoast.com\/wordpress\/plugins\/seo\/ -->\n<title>Terminbuchung \u00fcber Google - cituro Helpcenter<\/title>\n<meta name=\"description\" content=\"Bieten Sie mit cituro Ihre Online-Terminbuchung direkt \u00fcber Google an. Mit unseren einfachen Anleitungen werden Sie \u00fcber Google gefunden und direkt buchbar!\" \/>\n<meta name=\"robots\" content=\"index, follow, max-snippet:-1, max-image-preview:large, max-video-preview:-1\" \/>\n<link rel=\"canonical\" href=\"https:\/\/www.cituro.com\/help\/einbindung-online-terminbuchung\/terminbuchung-ueber-google\" \/>\n<meta property=\"og:locale\" content=\"de_DE\" \/>\n<meta property=\"og:type\" content=\"article\" \/>\n<meta property=\"og:title\" content=\"Terminbuchung \u00fcber Google - cituro Helpcenter\" \/>\n<meta property=\"og:description\" content=\"Bieten Sie mit cituro Ihre Online-Terminbuchung direkt \u00fcber Google an. Mit unseren einfachen Anleitungen werden Sie \u00fcber Google gefunden und direkt buchbar!\" \/>\n<meta property=\"og:url\" content=\"https:\/\/www.cituro.com\/help\/einbindung-online-terminbuchung\/terminbuchung-ueber-google\" \/>\n<meta property=\"og:site_name\" content=\"cituro Helpcenter\" \/>\n<meta property=\"article:modified_time\" content=\"2025-08-01T21:10:11+00:00\" \/>\n<meta name=\"twitter:card\" content=\"summary_large_image\" \/>\n<meta name=\"twitter:label1\" content=\"Gesch\u00e4tzte Lesezeit\" \/>\n\t<meta name=\"twitter:data1\" content=\"4\u00a0Minuten\" \/>\n<script type=\"application\/ld+json\" class=\"yoast-schema-graph\">{\"@context\":\"https:\/\/schema.org\",\"@graph\":[{\"@type\":\"WebPage\",\"@id\":\"https:\/\/www.cituro.com\/help\/einbindung-online-terminbuchung\/terminbuchung-ueber-google\",\"url\":\"https:\/\/www.cituro.com\/help\/einbindung-online-terminbuchung\/terminbuchung-ueber-google\",\"name\":\"Terminbuchung \u00fcber Google - cituro Helpcenter\",\"isPartOf\":{\"@id\":\"https:\/\/www.cituro.com\/help\/#website\"},\"datePublished\":\"2022-10-27T10:21:09+00:00\",\"dateModified\":\"2025-08-01T21:10:11+00:00\",\"description\":\"Bieten Sie mit cituro Ihre Online-Terminbuchung direkt \u00fcber Google an. Mit unseren einfachen Anleitungen werden Sie \u00fcber Google gefunden und direkt buchbar!\",\"breadcrumb\":{\"@id\":\"https:\/\/www.cituro.com\/help\/einbindung-online-terminbuchung\/terminbuchung-ueber-google#breadcrumb\"},\"inLanguage\":\"de\",\"potentialAction\":[{\"@type\":\"ReadAction\",\"target\":[\"https:\/\/www.cituro.com\/help\/einbindung-online-terminbuchung\/terminbuchung-ueber-google\"]}]},{\"@type\":\"BreadcrumbList\",\"@id\":\"https:\/\/www.cituro.com\/help\/einbindung-online-terminbuchung\/terminbuchung-ueber-google#breadcrumb\",\"itemListElement\":[{\"@type\":\"ListItem\",\"position\":1,\"name\":\"Startseite\",\"item\":\"https:\/\/www.cituro.com\/help\/\"},{\"@type\":\"ListItem\",\"position\":2,\"name\":\"Einbindung Online-Terminbuchung\",\"item\":\"https:\/\/www.cituro.com\/help\/einbindung-online-terminbuchung\"},{\"@type\":\"ListItem\",\"position\":3,\"name\":\"Terminbuchung \u00fcber Google\"}]},{\"@type\":\"WebSite\",\"@id\":\"https:\/\/www.cituro.com\/help\/#website\",\"url\":\"https:\/\/www.cituro.com\/help\/\",\"name\":\"cituro Helpcenter\",\"description\":\"Eine weitere WordPress-Website\",\"potentialAction\":[{\"@type\":\"SearchAction\",\"target\":{\"@type\":\"EntryPoint\",\"urlTemplate\":\"https:\/\/www.cituro.com\/help\/?s={search_term_string}\"},\"query-input\":{\"@type\":\"PropertyValueSpecification\",\"valueRequired\":true,\"valueName\":\"search_term_string\"}}],\"inLanguage\":\"de\"}]}<\/script>\n<!-- \/ Yoast SEO plugin. -->","yoast_head_json":{"title":"Terminbuchung \u00fcber Google - cituro Helpcenter","description":"Bieten Sie mit cituro Ihre Online-Terminbuchung direkt \u00fcber Google an. Mit unseren einfachen Anleitungen werden Sie \u00fcber Google gefunden und direkt buchbar!","robots":{"index":"index","follow":"follow","max-snippet":"max-snippet:-1","max-image-preview":"max-image-preview:large","max-video-preview":"max-video-preview:-1"},"canonical":"https:\/\/www.cituro.com\/help\/einbindung-online-terminbuchung\/terminbuchung-ueber-google","og_locale":"de_DE","og_type":"article","og_title":"Terminbuchung \u00fcber Google - cituro Helpcenter","og_description":"Bieten Sie mit cituro Ihre Online-Terminbuchung direkt \u00fcber Google an. Mit unseren einfachen Anleitungen werden Sie \u00fcber Google gefunden und direkt buchbar!","og_url":"https:\/\/www.cituro.com\/help\/einbindung-online-terminbuchung\/terminbuchung-ueber-google","og_site_name":"cituro Helpcenter","article_modified_time":"2025-08-01T21:10:11+00:00","twitter_card":"summary_large_image","twitter_misc":{"Gesch\u00e4tzte Lesezeit":"4\u00a0Minuten"},"schema":{"@context":"https:\/\/schema.org","@graph":[{"@type":"WebPage","@id":"https:\/\/www.cituro.com\/help\/einbindung-online-terminbuchung\/terminbuchung-ueber-google","url":"https:\/\/www.cituro.com\/help\/einbindung-online-terminbuchung\/terminbuchung-ueber-google","name":"Terminbuchung \u00fcber Google - cituro Helpcenter","isPartOf":{"@id":"https:\/\/www.cituro.com\/help\/#website"},"datePublished":"2022-10-27T10:21:09+00:00","dateModified":"2025-08-01T21:10:11+00:00","description":"Bieten Sie mit cituro Ihre Online-Terminbuchung direkt \u00fcber Google an. Mit unseren einfachen Anleitungen werden Sie \u00fcber Google gefunden und direkt buchbar!","breadcrumb":{"@id":"https:\/\/www.cituro.com\/help\/einbindung-online-terminbuchung\/terminbuchung-ueber-google#breadcrumb"},"inLanguage":"de","potentialAction":[{"@type":"ReadAction","target":["https:\/\/www.cituro.com\/help\/einbindung-online-terminbuchung\/terminbuchung-ueber-google"]}]},{"@type":"BreadcrumbList","@id":"https:\/\/www.cituro.com\/help\/einbindung-online-terminbuchung\/terminbuchung-ueber-google#breadcrumb","itemListElement":[{"@type":"ListItem","position":1,"name":"Startseite","item":"https:\/\/www.cituro.com\/help\/"},{"@type":"ListItem","position":2,"name":"Einbindung Online-Terminbuchung","item":"https:\/\/www.cituro.com\/help\/einbindung-online-terminbuchung"},{"@type":"ListItem","position":3,"name":"Terminbuchung \u00fcber Google"}]},{"@type":"WebSite","@id":"https:\/\/www.cituro.com\/help\/#website","url":"https:\/\/www.cituro.com\/help\/","name":"cituro Helpcenter","description":"Eine weitere WordPress-Website","potentialAction":[{"@type":"SearchAction","target":{"@type":"EntryPoint","urlTemplate":"https:\/\/www.cituro.com\/help\/?s={search_term_string}"},"query-input":{"@type":"PropertyValueSpecification","valueRequired":true,"valueName":"search_term_string"}}],"inLanguage":"de"}]}},"_links":{"self":[{"href":"https:\/\/www.cituro.com\/help\/wp-json\/wp\/v2\/pages\/7905","targetHints":{"allow":["GET"]}}],"collection":[{"href":"https:\/\/www.cituro.com\/help\/wp-json\/wp\/v2\/pages"}],"about":[{"href":"https:\/\/www.cituro.com\/help\/wp-json\/wp\/v2\/types\/page"}],"author":[{"embeddable":true,"href":"https:\/\/www.cituro.com\/help\/wp-json\/wp\/v2\/users\/3"}],"replies":[{"embeddable":true,"href":"https:\/\/www.cituro.com\/help\/wp-json\/wp\/v2\/comments?post=7905"}],"version-history":[{"count":36,"href":"https:\/\/www.cituro.com\/help\/wp-json\/wp\/v2\/pages\/7905\/revisions"}],"predecessor-version":[{"id":12572,"href":"https:\/\/www.cituro.com\/help\/wp-json\/wp\/v2\/pages\/7905\/revisions\/12572"}],"up":[{"embeddable":true,"href":"https:\/\/www.cituro.com\/help\/wp-json\/wp\/v2\/pages\/838"}],"wp:attachment":[{"href":"https:\/\/www.cituro.com\/help\/wp-json\/wp\/v2\/media?parent=7905"}],"curies":[{"name":"wp","href":"https:\/\/api.w.org\/{rel}","templated":true}]}}