{"id":7727,"date":"2022-06-15T14:43:47","date_gmt":"2022-06-15T12:43:47","guid":{"rendered":"https:\/\/www.cituro.com\/help\/?page_id=7727"},"modified":"2025-08-01T21:11:27","modified_gmt":"2025-08-01T19:11:27","slug":"informationspflicht-zur-echtheit-von-bewertungen","status":"publish","type":"page","link":"https:\/\/www.cituro.com\/help\/bewertungssystem\/informationspflicht-zur-echtheit-von-bewertungen","title":{"rendered":"Informationspflicht zur Echtheit von Bewertungen"},"content":{"rendered":"<p>[et_pb_section fb_built=&#8220;1&#8243; specialty=&#8220;on&#8220; module_class=&#8220; et_pb_specialty_fullwidth&#8220; _builder_version=&#8220;3.22&#8243; inner_width=&#8220;89%&#8220; inner_width_tablet=&#8220;80%&#8220; inner_width_phone=&#8220;&#8220; inner_width_last_edited=&#8220;on|desktop&#8220; inner_max_width=&#8220;89%&#8220; inner_max_width_tablet=&#8220;80%&#8220; inner_max_width_phone=&#8220;&#8220; inner_max_width_last_edited=&#8220;on|desktop&#8220; make_fullwidth=&#8220;on&#8220; global_colors_info=&#8220;{}&#8220;][et_pb_column type=&#8220;1_4&#8243; _builder_version=&#8220;3.25&#8243; custom_padding=&#8220;|||&#8220; global_colors_info=&#8220;{}&#8220; custom_padding__hover=&#8220;|||&#8220;][et_pb_sidebar area=&#8220;sidebar-1&#8243; disabled_on=&#8220;on|on|off&#8220; _builder_version=&#8220;3.29.3&#8243; custom_padding=&#8220;50px|||&#8220; global_colors_info=&#8220;{}&#8220;][\/et_pb_sidebar][\/et_pb_column][et_pb_column type=&#8220;3_4&#8243; specialty_columns=&#8220;3&#8243; _builder_version=&#8220;3.25&#8243; custom_padding=&#8220;|||&#8220; global_colors_info=&#8220;{}&#8220; custom_padding__hover=&#8220;|||&#8220;][et_pb_row_inner admin_label=&#8220;Zeile&#8220; _builder_version=&#8220;3.25&#8243; global_colors_info=&#8220;{}&#8220;][et_pb_column_inner saved_specialty_column_type=&#8220;3_4&#8243; _builder_version=&#8220;3.25&#8243; custom_padding=&#8220;|||&#8220; global_colors_info=&#8220;{}&#8220; custom_padding__hover=&#8220;|||&#8220;][et_pb_text admin_label=&#8220;Informationen zur Echtheit von Kundenbewertungen&#8220; _builder_version=&#8220;4.14.5&#8243; global_colors_info=&#8220;{}&#8220;]<\/p>\n<h1 class=\"article__title\">Informationen zur Echtheit von Kundenbewertungen<\/h1>\n<p>[\/et_pb_text][et_pb_text _builder_version=&#8220;4.14.5&#8243; global_colors_info=&#8220;{}&#8220;]Unternehmen, die Bewertungen zug\u00e4nglich machen, m\u00fcssen dar\u00fcber informieren ob und wie sie sicherstellen, dass die Bewertungen auch tats\u00e4chlich von Kunden abgegeben wurden, die die bewerteten Waren oder Dienstleistungen in Anspruch genommen haben. Ganz konkret hei\u00dft es in <a href=\"https:\/\/www.gesetze-im-internet.de\/uwg_2004\/__5b.html\" target=\"_blank\" rel=\"noopener\">\u00a7 5b Abs. 3 UWG<\/a>:<\/p>\n<p class=\"notice yellow\">\u201fMacht ein Unternehmer Bewertungen zug\u00e4nglich, die Verbraucher im Hinblick auf Waren oder Dienstleistungen vorgenommen haben, so gelten als wesentlich Informationen dar\u00fcber, ob und wie der Unternehmer sicherstellt, dass die ver\u00f6ffentlichten Bewertungen von solchen Verbrauchern stammen, die die Waren oder Dienstleistungen tats\u00e4chlich genutzt oder erworben haben.\u201f<\/p>\n<p>Wir zeigen Ihnen in diesem Beitrag, wie Sie dieser Informationspflicht nachkommen, wenn Sie das Bewertungssystem von cituro nutzen.<\/p>\n<p><\/p>\n<p><a href=\"#actions\">1. Ma\u00dfnahmen zur Verifizierung von Bewertungen<\/a><br \/>\n<a href=\"#responsibility\">2. Pflichtinformationen bei Bewertungen<\/a>[\/et_pb_text][\/et_pb_column_inner][\/et_pb_row_inner][et_pb_row_inner admin_label=&#8220;Zeile&#8220; _builder_version=&#8220;3.25&#8243; global_colors_info=&#8220;{}&#8220;][et_pb_column_inner saved_specialty_column_type=&#8220;3_4&#8243; _builder_version=&#8220;3.25&#8243; custom_padding=&#8220;|||&#8220; global_colors_info=&#8220;{}&#8220; custom_padding__hover=&#8220;|||&#8220;][et_pb_divider color=&#8220;#555555&#8243; _builder_version=&#8220;3.5.1&#8243; global_colors_info=&#8220;{}&#8220;][\/et_pb_divider][\/et_pb_column_inner][\/et_pb_row_inner][et_pb_row_inner admin_label=&#8220;Zeile&#8220; _builder_version=&#8220;3.25&#8243; global_colors_info=&#8220;{}&#8220;][et_pb_column_inner saved_specialty_column_type=&#8220;3_4&#8243; _builder_version=&#8220;3.25&#8243; custom_padding=&#8220;|||&#8220; global_colors_info=&#8220;{}&#8220; custom_padding__hover=&#8220;|||&#8220;][et_pb_text admin_label=&#8220;1. Ma\u00dfnahmen zur Verifizierung von Bewertungen&#8220; _builder_version=&#8220;4.14.5&#8243; global_colors_info=&#8220;{}&#8220;]<\/p>\n<h2 id=\"actions\" class=\"text-content-heading\">1. Ma\u00dfnahmen zur Verifizierung von Bewertungen<\/h2>\n<p>[\/et_pb_text][et_pb_text _builder_version=&#8220;4.14.5&#8243; global_colors_info=&#8220;{}&#8220;]<\/p>\n<p>cituro ergreift einige technische Ma\u00dfnahmen, um sicherzustellen, dass Bewertungen auch tats\u00e4chlich von Kunden stammen, die eine Leistung wahrgenommen haben.<\/p>\n<p>Sofern der Kunde zugestimmt hat und die automatischen Bewertungsanfragen in cituro aktiviert sind, erh\u00e4lt ein Kunde nach seinem Termin eine automatische Nachricht per SMS oder E-Mail, mit der Bitte den Termin zu bewerten (Link zu unserem Bewertungssystem). Es gibt <strong>keine<\/strong> M\u00f6glichkeit eine Bewertung abzugeben, ohne einen Termin mit dem entsprechenden Unternehmen gehabt zu haben. Dar\u00fcber hinaus kann jeder Termin von einem Kunden nur <strong>einmal<\/strong> bewertet werden.<\/p>\n<p>[\/et_pb_text][\/et_pb_column_inner][\/et_pb_row_inner][et_pb_row_inner admin_label=&#8220;Zeile&#8220; _builder_version=&#8220;3.25&#8243; global_colors_info=&#8220;{}&#8220;][et_pb_column_inner saved_specialty_column_type=&#8220;3_4&#8243; _builder_version=&#8220;3.25&#8243; custom_padding=&#8220;|||&#8220; global_colors_info=&#8220;{}&#8220; custom_padding__hover=&#8220;|||&#8220;][et_pb_divider color=&#8220;#555555&#8243; _builder_version=&#8220;3.5.1&#8243; global_colors_info=&#8220;{}&#8220;][\/et_pb_divider][\/et_pb_column_inner][\/et_pb_row_inner][et_pb_row_inner admin_label=&#8220;Zeile&#8220; _builder_version=&#8220;3.25&#8243; global_colors_info=&#8220;{}&#8220;][et_pb_column_inner saved_specialty_column_type=&#8220;3_4&#8243; _builder_version=&#8220;3.25&#8243; custom_padding=&#8220;|||&#8220; global_colors_info=&#8220;{}&#8220; custom_padding__hover=&#8220;|||&#8220;][et_pb_text admin_label=&#8220;2. Bewertungssnippet einbingen&#8220; _builder_version=&#8220;4.14.5&#8243; global_colors_info=&#8220;{}&#8220;]<\/p>\n<h2 id=\"responsibility\" class=\"text-content-heading\">2. Pflichtinformationen bei Bewertungen<\/h2>\n<p>[\/et_pb_text][et_pb_text _builder_version=&#8220;4.14.5&#8243; global_colors_info=&#8220;{}&#8220;]<\/p>\n<p>Bei der Darstellung der gesammelten Kundenbewertungen in den Widgets unseres Buchungssystems werden die gesetzlich erforderlichen Informationen mit dem Hinweis \u201e<strong>\ud83d\udec8 Informationen zur Echtheit von Bewertungen<\/strong>\u201c zur Verf\u00fcgung gestellt. Au\u00dferdem steht eine eigenst\u00e4ndige Informationsseite zur Verf\u00fcgung, auf der alle Ma\u00dfnahmen aufgelistet und beschreiben werden, die cituro zur Verifizierung von Bewertungen ergreift.<\/p>\n<p>Mit der Nutzung unserer Standardwidgets erf\u00fcllen Sie die rechtlichen Anforderungen an die Darstellung der gesammelten Bewertungen.<\/p>\n<p>[\/et_pb_text][et_pb_image src=&#8220;https:\/\/www.cituro.com\/help\/wp-content\/uploads\/2022\/06\/echtheit-von-bewertungen.png&#8220; alt=&#8220;Darstellung der Informationen zur Echtheit von Kundenbewertungen&#8220; title_text=&#8220;echtheit-von-bewertungen&#8220; align=&#8220;center&#8220; align_tablet=&#8220;center&#8220; align_phone=&#8220;&#8220; align_last_edited=&#8220;on|desktop&#8220; _builder_version=&#8220;4.14.5&#8243; width=&#8220;100%&#8220; max_width=&#8220;300px&#8220; module_alignment=&#8220;center&#8220; custom_margin=&#8220;||||false|false&#8220; custom_padding=&#8220;||||false|false&#8220; hover_enabled=&#8220;0&#8243; box_shadow_style=&#8220;preset2&#8243; box_shadow_horizontal=&#8220;4px&#8220; box_shadow_vertical=&#8220;4px&#8220; global_colors_info=&#8220;{}&#8220; sticky_enabled=&#8220;0&#8243;][\/et_pb_image][et_pb_text _builder_version=&#8220;4.14.5&#8243; _module_preset=&#8220;default&#8220; global_colors_info=&#8220;{}&#8220;]<\/p>\n<p class=\"notice blue\"><strong>Hinweis<\/strong>: Wenn Sie Bewertungen \u00fcber unsere API abfragen und auf Ihrer Website darstellen, m\u00fcssen Sie in inhaltlichem Zusammenhang ebenfalls die Informationen zur Echtheit von Kundenbewertungen anzeigen. Beispielsweise k\u00f6nnte folgender Text genutzt werden <i>\u201eUnser Unternehmen sammelt Bewertungen \u00fcber cituro. cituro setzt automatische Ma\u00dfnahmen ein, um Bewertungen zu verifizieren. <a href=\"https:\/\/www.cituro.com\/help\/bewertungssystem\/informationspflicht-zur-echtheit-von-bewertungen\">Hier finden Sie weitere Informationen zur Echtheit von Kundenbewertungen<\/a><\/i>.<\/p>\n<p>[\/et_pb_text][\/et_pb_column_inner][\/et_pb_row_inner][et_pb_row_inner _builder_version=&#8220;3.25&#8243; global_module=&#8220;491&#8243; collapsed=&#8220;off&#8220; global_colors_info=&#8220;{}&#8220;][et_pb_column_inner _builder_version=&#8220;3.25&#8243; custom_padding=&#8220;|||&#8220; global_colors_info=&#8220;{}&#8220; custom_padding__hover=&#8220;|||&#8220;][et_pb_divider color=&#8220;#555555&#8243; divider_position=&#8220;center&#8220; _builder_version=&#8220;4.12.1&#8243; global_colors_info=&#8220;{}&#8220;][\/et_pb_divider][et_pb_text _builder_version=&#8220;4.14.5&#8243; global_colors_info=&#8220;{}&#8220;]<\/p>\n<h2 style=\"text-align: center;\">Sie haben Fragen? Wir helfen gerne!<\/h2>\n<p>[\/et_pb_text][\/et_pb_column_inner][\/et_pb_row_inner][et_pb_row_inner column_structure=&#8220;1_2,1_2&#8243; _builder_version=&#8220;3.25&#8243; global_module=&#8220;487&#8243; saved_tabs=&#8220;all&#8220; global_colors_info=&#8220;{}&#8220;][et_pb_column_inner type=&#8220;1_2&#8243; _builder_version=&#8220;3.25&#8243; custom_padding=&#8220;|||&#8220; global_colors_info=&#8220;{}&#8220; custom_padding__hover=&#8220;|||&#8220;][et_pb_blurb title=&#8220;E-Mail&#8220; use_icon=&#8220;on&#8220; font_icon=&#8220;&#xe010;||divi||400&#8243; icon_color=&#8220;#555555&#8243; _builder_version=&#8220;4.13.0&#8243; header_level=&#8220;h3&#8243; text_orientation=&#8220;center&#8220; custom_padding=&#8220;10px|10px|10px|10px&#8220; animation_style=&#8220;zoom&#8220; box_shadow_style=&#8220;preset1&#8243; global_colors_info=&#8220;{}&#8220;]<\/p>\n<p style=\"text-align: center;\">Schreiben Sie uns eine E-Mail<br \/>\n<a href=\"mailto:support@cituro.com\">support@cituro.com<\/a><\/p>\n<p>[\/et_pb_blurb][\/et_pb_column_inner][et_pb_column_inner type=&#8220;1_2&#8243; _builder_version=&#8220;3.25&#8243; custom_padding=&#8220;|||&#8220; global_colors_info=&#8220;{}&#8220; custom_padding__hover=&#8220;|||&#8220;][et_pb_blurb title=&#8220;Telefon&#8220; use_icon=&#8220;on&#8220; font_icon=&#8220;&#xe090;||divi||400&#8243; icon_color=&#8220;#555555&#8243; _builder_version=&#8220;4.13.0&#8243; header_level=&#8220;h3&#8243; text_orientation=&#8220;center&#8220; custom_padding=&#8220;10px|10px|10px|10px&#8220; animation_style=&#8220;zoom&#8220; box_shadow_style=&#8220;preset1&#8243; global_colors_info=&#8220;{}&#8220;]<\/p>\n<p style=\"text-align: center;\">Wir sind f\u00fcr Sie da<br \/>\n<a href=\"tel:004982199973940\">+49 821 999 739 40<\/a><\/p>\n<p>[\/et_pb_blurb][\/et_pb_column_inner][\/et_pb_row_inner][\/et_pb_column][\/et_pb_section]<\/p>\n","protected":false},"excerpt":{"rendered":"<p>Informationen zur Echtheit von KundenbewertungenUnternehmen, die Bewertungen zug\u00e4nglich machen, m\u00fcssen dar\u00fcber informieren ob und wie sie sicherstellen, dass die Bewertungen auch tats\u00e4chlich von Kunden abgegeben wurden, die die bewerteten Waren oder Dienstleistungen in Anspruch genommen haben. Ganz konkret hei\u00dft es in \u00a7 5b Abs. 3 UWG: \u201fMacht ein Unternehmer Bewertungen zug\u00e4nglich, die Verbraucher im Hinblick [&hellip;]<\/p>\n","protected":false},"author":2,"featured_media":0,"parent":2662,"menu_order":0,"comment_status":"closed","ping_status":"closed","template":"","meta":{"_et_pb_use_builder":"on","_et_pb_old_content":"","_et_gb_content_width":"","footnotes":""},"class_list":["post-7727","page","type-page","status-publish","hentry"],"yoast_head":"<!-- This site is optimized with the Yoast SEO plugin v23.9 - https:\/\/yoast.com\/wordpress\/plugins\/seo\/ -->\n<title>Informationspflicht zur Echtheit von Bewertungen - cituro Helpcenter<\/title>\n<meta name=\"robots\" content=\"index, follow, max-snippet:-1, max-image-preview:large, max-video-preview:-1\" \/>\n<link rel=\"canonical\" href=\"https:\/\/www.cituro.com\/help\/bewertungssystem\/informationspflicht-zur-echtheit-von-bewertungen\" \/>\n<meta property=\"og:locale\" content=\"de_DE\" \/>\n<meta property=\"og:type\" content=\"article\" \/>\n<meta property=\"og:title\" content=\"Informationspflicht zur Echtheit von Bewertungen - cituro Helpcenter\" \/>\n<meta property=\"og:description\" content=\"Informationen zur Echtheit von KundenbewertungenUnternehmen, die Bewertungen zug\u00e4nglich machen, m\u00fcssen dar\u00fcber informieren ob und wie sie sicherstellen, dass die Bewertungen auch tats\u00e4chlich von Kunden abgegeben wurden, die die bewerteten Waren oder Dienstleistungen in Anspruch genommen haben. Ganz konkret hei\u00dft es in \u00a7 5b Abs. 3 UWG: \u201fMacht ein Unternehmer Bewertungen zug\u00e4nglich, die Verbraucher im Hinblick [&hellip;]\" \/>\n<meta property=\"og:url\" content=\"https:\/\/www.cituro.com\/help\/bewertungssystem\/informationspflicht-zur-echtheit-von-bewertungen\" \/>\n<meta property=\"og:site_name\" content=\"cituro Helpcenter\" \/>\n<meta property=\"article:modified_time\" content=\"2025-08-01T19:11:27+00:00\" \/>\n<meta name=\"twitter:card\" content=\"summary_large_image\" \/>\n<meta name=\"twitter:label1\" content=\"Gesch\u00e4tzte Lesezeit\" \/>\n\t<meta name=\"twitter:data1\" content=\"4\u00a0Minuten\" \/>\n<script type=\"application\/ld+json\" class=\"yoast-schema-graph\">{\"@context\":\"https:\/\/schema.org\",\"@graph\":[{\"@type\":\"WebPage\",\"@id\":\"https:\/\/www.cituro.com\/help\/bewertungssystem\/informationspflicht-zur-echtheit-von-bewertungen\",\"url\":\"https:\/\/www.cituro.com\/help\/bewertungssystem\/informationspflicht-zur-echtheit-von-bewertungen\",\"name\":\"Informationspflicht zur Echtheit von Bewertungen - cituro Helpcenter\",\"isPartOf\":{\"@id\":\"https:\/\/www.cituro.com\/help\/#website\"},\"datePublished\":\"2022-06-15T12:43:47+00:00\",\"dateModified\":\"2025-08-01T19:11:27+00:00\",\"breadcrumb\":{\"@id\":\"https:\/\/www.cituro.com\/help\/bewertungssystem\/informationspflicht-zur-echtheit-von-bewertungen#breadcrumb\"},\"inLanguage\":\"de\",\"potentialAction\":[{\"@type\":\"ReadAction\",\"target\":[\"https:\/\/www.cituro.com\/help\/bewertungssystem\/informationspflicht-zur-echtheit-von-bewertungen\"]}]},{\"@type\":\"BreadcrumbList\",\"@id\":\"https:\/\/www.cituro.com\/help\/bewertungssystem\/informationspflicht-zur-echtheit-von-bewertungen#breadcrumb\",\"itemListElement\":[{\"@type\":\"ListItem\",\"position\":1,\"name\":\"Startseite\",\"item\":\"https:\/\/www.cituro.com\/help\/\"},{\"@type\":\"ListItem\",\"position\":2,\"name\":\"Bewertungssystem\",\"item\":\"https:\/\/www.cituro.com\/help\/bewertungssystem\"},{\"@type\":\"ListItem\",\"position\":3,\"name\":\"Informationspflicht zur Echtheit von Bewertungen\"}]},{\"@type\":\"WebSite\",\"@id\":\"https:\/\/www.cituro.com\/help\/#website\",\"url\":\"https:\/\/www.cituro.com\/help\/\",\"name\":\"cituro Helpcenter\",\"description\":\"Eine weitere WordPress-Website\",\"potentialAction\":[{\"@type\":\"SearchAction\",\"target\":{\"@type\":\"EntryPoint\",\"urlTemplate\":\"https:\/\/www.cituro.com\/help\/?s={search_term_string}\"},\"query-input\":{\"@type\":\"PropertyValueSpecification\",\"valueRequired\":true,\"valueName\":\"search_term_string\"}}],\"inLanguage\":\"de\"}]}<\/script>\n<!-- \/ Yoast SEO plugin. -->","yoast_head_json":{"title":"Informationspflicht zur Echtheit von Bewertungen - cituro Helpcenter","robots":{"index":"index","follow":"follow","max-snippet":"max-snippet:-1","max-image-preview":"max-image-preview:large","max-video-preview":"max-video-preview:-1"},"canonical":"https:\/\/www.cituro.com\/help\/bewertungssystem\/informationspflicht-zur-echtheit-von-bewertungen","og_locale":"de_DE","og_type":"article","og_title":"Informationspflicht zur Echtheit von Bewertungen - cituro Helpcenter","og_description":"Informationen zur Echtheit von KundenbewertungenUnternehmen, die Bewertungen zug\u00e4nglich machen, m\u00fcssen dar\u00fcber informieren ob und wie sie sicherstellen, dass die Bewertungen auch tats\u00e4chlich von Kunden abgegeben wurden, die die bewerteten Waren oder Dienstleistungen in Anspruch genommen haben. Ganz konkret hei\u00dft es in \u00a7 5b Abs. 3 UWG: \u201fMacht ein Unternehmer Bewertungen zug\u00e4nglich, die Verbraucher im Hinblick [&hellip;]","og_url":"https:\/\/www.cituro.com\/help\/bewertungssystem\/informationspflicht-zur-echtheit-von-bewertungen","og_site_name":"cituro Helpcenter","article_modified_time":"2025-08-01T19:11:27+00:00","twitter_card":"summary_large_image","twitter_misc":{"Gesch\u00e4tzte Lesezeit":"4\u00a0Minuten"},"schema":{"@context":"https:\/\/schema.org","@graph":[{"@type":"WebPage","@id":"https:\/\/www.cituro.com\/help\/bewertungssystem\/informationspflicht-zur-echtheit-von-bewertungen","url":"https:\/\/www.cituro.com\/help\/bewertungssystem\/informationspflicht-zur-echtheit-von-bewertungen","name":"Informationspflicht zur Echtheit von Bewertungen - cituro Helpcenter","isPartOf":{"@id":"https:\/\/www.cituro.com\/help\/#website"},"datePublished":"2022-06-15T12:43:47+00:00","dateModified":"2025-08-01T19:11:27+00:00","breadcrumb":{"@id":"https:\/\/www.cituro.com\/help\/bewertungssystem\/informationspflicht-zur-echtheit-von-bewertungen#breadcrumb"},"inLanguage":"de","potentialAction":[{"@type":"ReadAction","target":["https:\/\/www.cituro.com\/help\/bewertungssystem\/informationspflicht-zur-echtheit-von-bewertungen"]}]},{"@type":"BreadcrumbList","@id":"https:\/\/www.cituro.com\/help\/bewertungssystem\/informationspflicht-zur-echtheit-von-bewertungen#breadcrumb","itemListElement":[{"@type":"ListItem","position":1,"name":"Startseite","item":"https:\/\/www.cituro.com\/help\/"},{"@type":"ListItem","position":2,"name":"Bewertungssystem","item":"https:\/\/www.cituro.com\/help\/bewertungssystem"},{"@type":"ListItem","position":3,"name":"Informationspflicht zur Echtheit von Bewertungen"}]},{"@type":"WebSite","@id":"https:\/\/www.cituro.com\/help\/#website","url":"https:\/\/www.cituro.com\/help\/","name":"cituro Helpcenter","description":"Eine weitere WordPress-Website","potentialAction":[{"@type":"SearchAction","target":{"@type":"EntryPoint","urlTemplate":"https:\/\/www.cituro.com\/help\/?s={search_term_string}"},"query-input":{"@type":"PropertyValueSpecification","valueRequired":true,"valueName":"search_term_string"}}],"inLanguage":"de"}]}},"_links":{"self":[{"href":"https:\/\/www.cituro.com\/help\/wp-json\/wp\/v2\/pages\/7727","targetHints":{"allow":["GET"]}}],"collection":[{"href":"https:\/\/www.cituro.com\/help\/wp-json\/wp\/v2\/pages"}],"about":[{"href":"https:\/\/www.cituro.com\/help\/wp-json\/wp\/v2\/types\/page"}],"author":[{"embeddable":true,"href":"https:\/\/www.cituro.com\/help\/wp-json\/wp\/v2\/users\/2"}],"replies":[{"embeddable":true,"href":"https:\/\/www.cituro.com\/help\/wp-json\/wp\/v2\/comments?post=7727"}],"version-history":[{"count":20,"href":"https:\/\/www.cituro.com\/help\/wp-json\/wp\/v2\/pages\/7727\/revisions"}],"predecessor-version":[{"id":12507,"href":"https:\/\/www.cituro.com\/help\/wp-json\/wp\/v2\/pages\/7727\/revisions\/12507"}],"up":[{"embeddable":true,"href":"https:\/\/www.cituro.com\/help\/wp-json\/wp\/v2\/pages\/2662"}],"wp:attachment":[{"href":"https:\/\/www.cituro.com\/help\/wp-json\/wp\/v2\/media?parent=7727"}],"curies":[{"name":"wp","href":"https:\/\/api.w.org\/{rel}","templated":true}]}}