{"id":7481,"date":"2022-06-20T17:35:36","date_gmt":"2022-06-20T15:35:36","guid":{"rendered":"https:\/\/www.cituro.com\/help\/?page_id=7481"},"modified":"2025-11-04T11:14:42","modified_gmt":"2025-11-04T10:14:42","slug":"sicherheitseinstellungen","status":"publish","type":"page","link":"https:\/\/www.cituro.com\/help\/sicherheitseinstellungen","title":{"rendered":"Sicherheitseinstellungen"},"content":{"rendered":"<p>[et_pb_section fb_built=&#8220;1&#8243; specialty=&#8220;on&#8220; module_class=&#8220; et_pb_specialty_fullwidth&#8220; _builder_version=&#8220;3.22&#8243; inner_width=&#8220;89%&#8220; inner_width_tablet=&#8220;80%&#8220; inner_width_phone=&#8220;&#8220; inner_width_last_edited=&#8220;on|desktop&#8220; inner_max_width=&#8220;89%&#8220; inner_max_width_tablet=&#8220;80%&#8220; inner_max_width_phone=&#8220;&#8220; inner_max_width_last_edited=&#8220;on|desktop&#8220; make_fullwidth=&#8220;on&#8220; global_colors_info=&#8220;{}&#8220;][et_pb_column type=&#8220;1_4&#8243; _builder_version=&#8220;3.25&#8243; custom_padding=&#8220;|||&#8220; global_colors_info=&#8220;{}&#8220; custom_padding__hover=&#8220;|||&#8220;][et_pb_sidebar area=&#8220;sidebar-1&#8243; disabled_on=&#8220;on|on|off&#8220; _builder_version=&#8220;3.29.3&#8243; custom_padding=&#8220;50px|||&#8220; global_colors_info=&#8220;{}&#8220;][\/et_pb_sidebar][\/et_pb_column][et_pb_column type=&#8220;3_4&#8243; specialty_columns=&#8220;3&#8243; _builder_version=&#8220;3.25&#8243; custom_padding=&#8220;|||&#8220; global_colors_info=&#8220;{}&#8220; custom_padding__hover=&#8220;|||&#8220;][et_pb_row_inner admin_label=&#8220;Zeile&#8220; _builder_version=&#8220;3.25&#8243; global_colors_info=&#8220;{}&#8220;][et_pb_column_inner saved_specialty_column_type=&#8220;3_4&#8243; _builder_version=&#8220;3.25&#8243; custom_padding=&#8220;|||&#8220; global_colors_info=&#8220;{}&#8220; custom_padding__hover=&#8220;|||&#8220;][et_pb_text admin_label=&#8220;Sicherheit \u00dcberschrift&#8220; _builder_version=&#8220;4.14.5&#8243; global_colors_info=&#8220;{}&#8220;]<\/p>\n<h1>Sicherheitseinstellungen<\/h1>\n<p>[\/et_pb_text][et_pb_text admin_label=&#8220;Beschreibung&#8220; _builder_version=&#8220;4.14.5&#8243; global_colors_info=&#8220;{}&#8220;]<strong>Men\u00fc<\/strong>\u2192 <strong>Sicherheit<\/strong><\/p>\n<p>Hier zeigen wir Ihnen, wie Sie verschiedene Sicherheitseinstellungen f\u00fcr die Benutzer des cituro Managers vornehmen k\u00f6nnen, um die Sicherheit Ihres cituro Kontos zu erh\u00f6hen. <\/p>\n<p>[\/et_pb_text][et_pb_text _builder_version=&#8220;4.14.5&#8243; global_colors_info=&#8220;{}&#8220;]<\/p>\n<h2>Sicherheitseinstellungen:<\/h2>\n<p>[\/et_pb_text][et_pb_text _builder_version=&#8220;4.14.5&#8243; hover_enabled=&#8220;0&#8243; global_colors_info=&#8220;{}&#8220; sticky_enabled=&#8220;0&#8243;]<\/p>\n<p><strong><a href=\"https:\/\/www.cituro.com\/help\/sicherheitseinstellungen\/benutzer-rollenverwaltung\">Benutzer- &#038; Rollenverwaltung<\/a><\/strong><br \/>Mit unserer Benutzer- &#038; Rollenverwaltung k\u00f6nnen Sie Mitarbeitern Zugriff auf Ihren cituro Manager erm\u00f6glichen. Dabei k\u00f6nnen Sie diesen Benutzern Rollen mit individuellen Berechtigungen zuteilen.<\/p>\n<p><strong><a href=\"https:\/\/www.cituro.com\/help\/sicherheitseinstellungen\/2-faktor-authentifizierung\">Zwei-Faktor-Authentifizierung<\/a><\/strong><br \/>Mit einer Zwei-Faktor-Authentifizierung k\u00f6nnen Sie Ihren cituro Manager zus\u00e4tzlich absichern. Neben Ihrem Benutzernamen\/E-Mailadresse und Passwort, wird ein generierter Zugangscode ben\u00f6tigt, um sich in Ihren cituro Manager anmelden zu k\u00f6nnen.<\/p>\n<p><strong><a href=\"https:\/\/www.cituro.com\/help\/sicherheitseinstellungen\/passwortrichtlinien\">Passwortrichtlinien<\/a><\/strong><br \/> Sie haben die M\u00f6glichkeit, eigene Passwortrichtlinien f\u00fcr Ihre Benutzer festzulegen. Damit k\u00f6nnen Sie selbst entscheiden, wie stark ein Passwort eines Benutzers mindestens sein muss.<\/p>\n<p><strong><a href=\"https:\/\/www.cituro.com\/help\/sicherheitseinstellungen\/kontozugriff-fuer-support\">Kontozugriff f\u00fcr Support<\/a><\/strong><br \/> Um Ihnen bei Fragen oder Problemen bestm\u00f6glich helfen zu k\u00f6nnen, k\u00f6nnen Sie unserem cituro Support-Team tempor\u00e4ren Zugriff auf Ihren Account gew\u00e4hren.<\/p>\n<p>[\/et_pb_text][\/et_pb_column_inner][\/et_pb_row_inner][et_pb_row_inner admin_label=&#8220;Zeile&#8220; _builder_version=&#8220;3.25&#8243; global_colors_info=&#8220;{}&#8220;][et_pb_column_inner saved_specialty_column_type=&#8220;3_4&#8243; _builder_version=&#8220;3.25&#8243; custom_padding=&#8220;|||&#8220; global_colors_info=&#8220;{}&#8220; custom_padding__hover=&#8220;|||&#8220;][et_pb_divider color=&#8220;#555555&#8243; _builder_version=&#8220;3.5.1&#8243; global_colors_info=&#8220;{}&#8220;][\/et_pb_divider][\/et_pb_column_inner][\/et_pb_row_inner][et_pb_row_inner column_structure=&#8220;1_2,1_2&#8243; admin_label=&#8220;Zeile&#8220; _builder_version=&#8220;4.14.5&#8243; global_colors_info=&#8220;{}&#8220;][et_pb_column_inner type=&#8220;1_2&#8243; saved_specialty_column_type=&#8220;3_4&#8243; _builder_version=&#8220;3.25&#8243; custom_padding=&#8220;|||&#8220; global_colors_info=&#8220;{}&#8220; custom_padding__hover=&#8220;|||&#8220;][et_pb_blurb title=&#8220;Benutzer- &#038; Rollenverwaltung&#8220; url=&#8220;https:\/\/www.cituro.com\/help\/sicherheitseinstellungen\/benutzer-rollenverwaltung&#8220; use_icon=&#8220;on&#8220; font_icon=&#8220;&#xf406;||fa||900&#8243; icon_color=&#8220;#555555&#8243; admin_label=&#8220;Benutzer und Rollenverwaltung&#8220; _builder_version=&#8220;4.14.5&#8243; header_level=&#8220;h3&#8243; body_text_align=&#8220;left&#8220; custom_padding=&#8220;10px|10px|10px|10px&#8220; animation_style=&#8220;zoom&#8220; link_option_url=&#8220;https:\/\/www.cituro.com\/help\/sicherheitseinstellungen\/benutzer-rollenverwaltung&#8220; box_shadow_style=&#8220;preset1&#8243; saved_tabs=&#8220;all&#8220; global_colors_info=&#8220;{}&#8220;]<\/p>\n<p style=\"text-align: center;\">Anleitung<\/p>\n<p>[\/et_pb_blurb][et_pb_blurb title=&#8220;Zwei-Faktor-Authentifizierung&#8220; url=&#8220;https:\/\/www.cituro.com\/help\/sicherheitseinstellungen\/2-faktor-authentifizierung&#8220; use_icon=&#8220;on&#8220; font_icon=&#8220;&#xf3ed;||fa||900&#8243; icon_color=&#8220;#555555&#8243; admin_label=&#8220;Zwei-Faktor-Authentifizierung&#8220; _builder_version=&#8220;4.14.5&#8243; header_level=&#8220;h3&#8243; body_text_align=&#8220;left&#8220; custom_padding=&#8220;10px|10px|10px|10px&#8220; animation_style=&#8220;zoom&#8220; link_option_url=&#8220;https:\/\/www.cituro.com\/help\/sicherheitseinstellungen\/2-faktor-authentifizierung&#8220; box_shadow_style=&#8220;preset1&#8243; saved_tabs=&#8220;all&#8220; global_colors_info=&#8220;{}&#8220;]<\/p>\n<p style=\"text-align: center;\">Anleitung<\/p>\n<p>[\/et_pb_blurb][\/et_pb_column_inner][et_pb_column_inner type=&#8220;1_2&#8243; saved_specialty_column_type=&#8220;3_4&#8243; _builder_version=&#8220;3.25&#8243; custom_padding=&#8220;|||&#8220; global_colors_info=&#8220;{}&#8220; custom_padding__hover=&#8220;|||&#8220;][et_pb_blurb title=&#8220;Passwortrichtlinien&#8220; url=&#8220;https:\/\/www.cituro.com\/help\/sicherheitseinstellungen\/passwortrichtlinien&#8220; use_icon=&#8220;on&#8220; font_icon=&#8220;&#xf502;||fa||900&#8243; icon_color=&#8220;#555555&#8243; admin_label=&#8220;Passwortrichtlinien&#8220; _builder_version=&#8220;4.14.5&#8243; header_level=&#8220;h3&#8243; body_text_align=&#8220;left&#8220; custom_padding=&#8220;10px|10px|10px|10px&#8220; animation_style=&#8220;zoom&#8220; link_option_url=&#8220;https:\/\/www.cituro.com\/help\/sicherheitseinstellungen\/passwortrichtlinien&#8220; box_shadow_style=&#8220;preset1&#8243; saved_tabs=&#8220;all&#8220; global_colors_info=&#8220;{}&#8220;]<\/p>\n<p style=\"text-align: center;\">Anleitung<\/p>\n<p>[\/et_pb_blurb][et_pb_blurb title=&#8220;Kontozugriff f\u00fcr Support&#8220; url=&#8220;https:\/\/www.cituro.com\/help\/sicherheitseinstellungen\/kontozugriff-fuer-support&#8220; use_icon=&#8220;on&#8220; font_icon=&#8220;&#xf590;||fa||900&#8243; icon_color=&#8220;#555555&#8243; admin_label=&#8220;Kontozugriff f\u00fcr Support&#8220; _builder_version=&#8220;4.14.5&#8243; header_level=&#8220;h3&#8243; body_text_align=&#8220;left&#8220; custom_padding=&#8220;10px|10px|10px|10px&#8220; animation_style=&#8220;zoom&#8220; link_option_url=&#8220;https:\/\/www.cituro.com\/help\/sicherheitseinstellungen\/kontozugriff-fuer-support&#8220; hover_enabled=&#8220;0&#8243; box_shadow_style=&#8220;preset1&#8243; saved_tabs=&#8220;all&#8220; global_colors_info=&#8220;{}&#8220; sticky_enabled=&#8220;0&#8243;]<\/p>\n<p style=\"text-align: center;\">Anleitung<\/p>\n<p>[\/et_pb_blurb][\/et_pb_column_inner][\/et_pb_row_inner][et_pb_row_inner _builder_version=&#8220;3.25&#8243; global_module=&#8220;491&#8243; collapsed=&#8220;off&#8220; global_colors_info=&#8220;{}&#8220;][et_pb_column_inner _builder_version=&#8220;3.25&#8243; custom_padding=&#8220;|||&#8220; global_colors_info=&#8220;{}&#8220; custom_padding__hover=&#8220;|||&#8220;][et_pb_divider color=&#8220;#555555&#8243; divider_position=&#8220;center&#8220; _builder_version=&#8220;4.12.1&#8243; global_colors_info=&#8220;{}&#8220;][\/et_pb_divider][et_pb_text _builder_version=&#8220;4.14.5&#8243; global_colors_info=&#8220;{}&#8220;]<\/p>\n<h2 style=\"text-align: center;\">Sie haben Fragen? Wir helfen gerne!<\/h2>\n<p>[\/et_pb_text][\/et_pb_column_inner][\/et_pb_row_inner][et_pb_row_inner column_structure=&#8220;1_2,1_2&#8243; _builder_version=&#8220;3.25&#8243; global_module=&#8220;487&#8243; saved_tabs=&#8220;all&#8220; global_colors_info=&#8220;{}&#8220;][et_pb_column_inner type=&#8220;1_2&#8243; _builder_version=&#8220;3.25&#8243; custom_padding=&#8220;|||&#8220; global_colors_info=&#8220;{}&#8220; custom_padding__hover=&#8220;|||&#8220;][et_pb_blurb title=&#8220;E-Mail&#8220; use_icon=&#8220;on&#8220; font_icon=&#8220;&#xe010;||divi||400&#8243; icon_color=&#8220;#555555&#8243; _builder_version=&#8220;4.13.0&#8243; header_level=&#8220;h3&#8243; text_orientation=&#8220;center&#8220; custom_padding=&#8220;10px|10px|10px|10px&#8220; animation_style=&#8220;zoom&#8220; box_shadow_style=&#8220;preset1&#8243; global_colors_info=&#8220;{}&#8220;]<\/p>\n<p style=\"text-align: center;\">Schreiben Sie uns eine E-Mail<br \/>\n<a href=\"mailto:support@cituro.com\">support@cituro.com<\/a><\/p>\n<p>[\/et_pb_blurb][\/et_pb_column_inner][et_pb_column_inner type=&#8220;1_2&#8243; _builder_version=&#8220;3.25&#8243; custom_padding=&#8220;|||&#8220; global_colors_info=&#8220;{}&#8220; custom_padding__hover=&#8220;|||&#8220;][et_pb_blurb title=&#8220;Telefon&#8220; use_icon=&#8220;on&#8220; font_icon=&#8220;&#xe090;||divi||400&#8243; icon_color=&#8220;#555555&#8243; _builder_version=&#8220;4.13.0&#8243; header_level=&#8220;h3&#8243; text_orientation=&#8220;center&#8220; custom_padding=&#8220;10px|10px|10px|10px&#8220; animation_style=&#8220;zoom&#8220; box_shadow_style=&#8220;preset1&#8243; global_colors_info=&#8220;{}&#8220;]<\/p>\n<p style=\"text-align: center;\">Wir sind f\u00fcr Sie da<br \/>\n<a href=\"tel:004982199973940\">+49 821 999 739 40<\/a><\/p>\n<p>[\/et_pb_blurb][\/et_pb_column_inner][\/et_pb_row_inner][\/et_pb_column][\/et_pb_section]<\/p>\n","protected":false},"excerpt":{"rendered":"<p>In dieser Anleitung zeigen wir Ihnen, wie verschiedene Sicherheitseinstellungen vornehmen k\u00f6nnen, um die Sicherheit Ihres cituro Managers zu erh\u00f6hen.<\/p>\n","protected":false},"author":3,"featured_media":7865,"parent":0,"menu_order":0,"comment_status":"closed","ping_status":"closed","template":"","meta":{"_et_pb_use_builder":"on","_et_pb_old_content":"","_et_gb_content_width":"","footnotes":""},"class_list":["post-7481","page","type-page","status-publish","has-post-thumbnail","hentry"],"yoast_head":"<!-- This site is optimized with the Yoast SEO plugin v23.9 - https:\/\/yoast.com\/wordpress\/plugins\/seo\/ -->\n<title>Sicherheitseinstellungen - cituro Helpcenter<\/title>\n<meta name=\"description\" content=\"In dieser Anleitung zeigen wir Ihnen, wie verschiedene Sicherheitseinstellungen vornehmen k\u00f6nnen, um die Sicherheit Ihres cituro Managers zu erh\u00f6hen.\" \/>\n<meta name=\"robots\" content=\"index, follow, max-snippet:-1, max-image-preview:large, max-video-preview:-1\" \/>\n<link rel=\"canonical\" href=\"https:\/\/www.cituro.com\/help\/sicherheitseinstellungen\" \/>\n<meta property=\"og:locale\" content=\"de_DE\" \/>\n<meta property=\"og:type\" content=\"article\" \/>\n<meta property=\"og:title\" content=\"Sicherheitseinstellungen - cituro Helpcenter\" \/>\n<meta property=\"og:description\" content=\"In dieser Anleitung zeigen wir Ihnen, wie verschiedene Sicherheitseinstellungen vornehmen k\u00f6nnen, um die Sicherheit Ihres cituro Managers zu erh\u00f6hen.\" \/>\n<meta property=\"og:url\" content=\"https:\/\/www.cituro.com\/help\/sicherheitseinstellungen\" \/>\n<meta property=\"og:site_name\" content=\"cituro Helpcenter\" \/>\n<meta property=\"article:modified_time\" content=\"2025-11-04T10:14:42+00:00\" \/>\n<meta property=\"og:image\" content=\"https:\/\/www.cituro.com\/help\/wp-content\/uploads\/2022\/06\/cituro-logo-whitebg-1000x1000-1.png\" \/>\n\t<meta property=\"og:image:width\" content=\"1000\" \/>\n\t<meta property=\"og:image:height\" content=\"1000\" \/>\n\t<meta property=\"og:image:type\" content=\"image\/png\" \/>\n<meta name=\"twitter:card\" content=\"summary_large_image\" \/>\n<meta name=\"twitter:label1\" content=\"Gesch\u00e4tzte Lesezeit\" \/>\n\t<meta name=\"twitter:data1\" content=\"3\u00a0Minuten\" \/>\n<script type=\"application\/ld+json\" class=\"yoast-schema-graph\">{\"@context\":\"https:\/\/schema.org\",\"@graph\":[{\"@type\":\"WebPage\",\"@id\":\"https:\/\/www.cituro.com\/help\/sicherheitseinstellungen\",\"url\":\"https:\/\/www.cituro.com\/help\/sicherheitseinstellungen\",\"name\":\"Sicherheitseinstellungen - cituro Helpcenter\",\"isPartOf\":{\"@id\":\"https:\/\/www.cituro.com\/help\/#website\"},\"primaryImageOfPage\":{\"@id\":\"https:\/\/www.cituro.com\/help\/sicherheitseinstellungen#primaryimage\"},\"image\":{\"@id\":\"https:\/\/www.cituro.com\/help\/sicherheitseinstellungen#primaryimage\"},\"thumbnailUrl\":\"https:\/\/www.cituro.com\/help\/wp-content\/uploads\/2022\/06\/cituro-logo-whitebg-1000x1000-1.png\",\"datePublished\":\"2022-06-20T15:35:36+00:00\",\"dateModified\":\"2025-11-04T10:14:42+00:00\",\"description\":\"In dieser Anleitung zeigen wir Ihnen, wie verschiedene Sicherheitseinstellungen vornehmen k\u00f6nnen, um die Sicherheit Ihres cituro Managers zu erh\u00f6hen.\",\"breadcrumb\":{\"@id\":\"https:\/\/www.cituro.com\/help\/sicherheitseinstellungen#breadcrumb\"},\"inLanguage\":\"de\",\"potentialAction\":[{\"@type\":\"ReadAction\",\"target\":[\"https:\/\/www.cituro.com\/help\/sicherheitseinstellungen\"]}]},{\"@type\":\"ImageObject\",\"inLanguage\":\"de\",\"@id\":\"https:\/\/www.cituro.com\/help\/sicherheitseinstellungen#primaryimage\",\"url\":\"https:\/\/www.cituro.com\/help\/wp-content\/uploads\/2022\/06\/cituro-logo-whitebg-1000x1000-1.png\",\"contentUrl\":\"https:\/\/www.cituro.com\/help\/wp-content\/uploads\/2022\/06\/cituro-logo-whitebg-1000x1000-1.png\",\"width\":1000,\"height\":1000},{\"@type\":\"BreadcrumbList\",\"@id\":\"https:\/\/www.cituro.com\/help\/sicherheitseinstellungen#breadcrumb\",\"itemListElement\":[{\"@type\":\"ListItem\",\"position\":1,\"name\":\"Startseite\",\"item\":\"https:\/\/www.cituro.com\/help\/\"},{\"@type\":\"ListItem\",\"position\":2,\"name\":\"Sicherheitseinstellungen\"}]},{\"@type\":\"WebSite\",\"@id\":\"https:\/\/www.cituro.com\/help\/#website\",\"url\":\"https:\/\/www.cituro.com\/help\/\",\"name\":\"cituro Helpcenter\",\"description\":\"Eine weitere WordPress-Website\",\"potentialAction\":[{\"@type\":\"SearchAction\",\"target\":{\"@type\":\"EntryPoint\",\"urlTemplate\":\"https:\/\/www.cituro.com\/help\/?s={search_term_string}\"},\"query-input\":{\"@type\":\"PropertyValueSpecification\",\"valueRequired\":true,\"valueName\":\"search_term_string\"}}],\"inLanguage\":\"de\"}]}<\/script>\n<!-- \/ Yoast SEO plugin. -->","yoast_head_json":{"title":"Sicherheitseinstellungen - cituro Helpcenter","description":"In dieser Anleitung zeigen wir Ihnen, wie verschiedene Sicherheitseinstellungen vornehmen k\u00f6nnen, um die Sicherheit Ihres cituro Managers zu erh\u00f6hen.","robots":{"index":"index","follow":"follow","max-snippet":"max-snippet:-1","max-image-preview":"max-image-preview:large","max-video-preview":"max-video-preview:-1"},"canonical":"https:\/\/www.cituro.com\/help\/sicherheitseinstellungen","og_locale":"de_DE","og_type":"article","og_title":"Sicherheitseinstellungen - cituro Helpcenter","og_description":"In dieser Anleitung zeigen wir Ihnen, wie verschiedene Sicherheitseinstellungen vornehmen k\u00f6nnen, um die Sicherheit Ihres cituro Managers zu erh\u00f6hen.","og_url":"https:\/\/www.cituro.com\/help\/sicherheitseinstellungen","og_site_name":"cituro Helpcenter","article_modified_time":"2025-11-04T10:14:42+00:00","og_image":[{"width":1000,"height":1000,"url":"https:\/\/www.cituro.com\/help\/wp-content\/uploads\/2022\/06\/cituro-logo-whitebg-1000x1000-1.png","type":"image\/png"}],"twitter_card":"summary_large_image","twitter_misc":{"Gesch\u00e4tzte Lesezeit":"3\u00a0Minuten"},"schema":{"@context":"https:\/\/schema.org","@graph":[{"@type":"WebPage","@id":"https:\/\/www.cituro.com\/help\/sicherheitseinstellungen","url":"https:\/\/www.cituro.com\/help\/sicherheitseinstellungen","name":"Sicherheitseinstellungen - cituro Helpcenter","isPartOf":{"@id":"https:\/\/www.cituro.com\/help\/#website"},"primaryImageOfPage":{"@id":"https:\/\/www.cituro.com\/help\/sicherheitseinstellungen#primaryimage"},"image":{"@id":"https:\/\/www.cituro.com\/help\/sicherheitseinstellungen#primaryimage"},"thumbnailUrl":"https:\/\/www.cituro.com\/help\/wp-content\/uploads\/2022\/06\/cituro-logo-whitebg-1000x1000-1.png","datePublished":"2022-06-20T15:35:36+00:00","dateModified":"2025-11-04T10:14:42+00:00","description":"In dieser Anleitung zeigen wir Ihnen, wie verschiedene Sicherheitseinstellungen vornehmen k\u00f6nnen, um die Sicherheit Ihres cituro Managers zu erh\u00f6hen.","breadcrumb":{"@id":"https:\/\/www.cituro.com\/help\/sicherheitseinstellungen#breadcrumb"},"inLanguage":"de","potentialAction":[{"@type":"ReadAction","target":["https:\/\/www.cituro.com\/help\/sicherheitseinstellungen"]}]},{"@type":"ImageObject","inLanguage":"de","@id":"https:\/\/www.cituro.com\/help\/sicherheitseinstellungen#primaryimage","url":"https:\/\/www.cituro.com\/help\/wp-content\/uploads\/2022\/06\/cituro-logo-whitebg-1000x1000-1.png","contentUrl":"https:\/\/www.cituro.com\/help\/wp-content\/uploads\/2022\/06\/cituro-logo-whitebg-1000x1000-1.png","width":1000,"height":1000},{"@type":"BreadcrumbList","@id":"https:\/\/www.cituro.com\/help\/sicherheitseinstellungen#breadcrumb","itemListElement":[{"@type":"ListItem","position":1,"name":"Startseite","item":"https:\/\/www.cituro.com\/help\/"},{"@type":"ListItem","position":2,"name":"Sicherheitseinstellungen"}]},{"@type":"WebSite","@id":"https:\/\/www.cituro.com\/help\/#website","url":"https:\/\/www.cituro.com\/help\/","name":"cituro Helpcenter","description":"Eine weitere WordPress-Website","potentialAction":[{"@type":"SearchAction","target":{"@type":"EntryPoint","urlTemplate":"https:\/\/www.cituro.com\/help\/?s={search_term_string}"},"query-input":{"@type":"PropertyValueSpecification","valueRequired":true,"valueName":"search_term_string"}}],"inLanguage":"de"}]}},"_links":{"self":[{"href":"https:\/\/www.cituro.com\/help\/wp-json\/wp\/v2\/pages\/7481","targetHints":{"allow":["GET"]}}],"collection":[{"href":"https:\/\/www.cituro.com\/help\/wp-json\/wp\/v2\/pages"}],"about":[{"href":"https:\/\/www.cituro.com\/help\/wp-json\/wp\/v2\/types\/page"}],"author":[{"embeddable":true,"href":"https:\/\/www.cituro.com\/help\/wp-json\/wp\/v2\/users\/3"}],"replies":[{"embeddable":true,"href":"https:\/\/www.cituro.com\/help\/wp-json\/wp\/v2\/comments?post=7481"}],"version-history":[{"count":31,"href":"https:\/\/www.cituro.com\/help\/wp-json\/wp\/v2\/pages\/7481\/revisions"}],"predecessor-version":[{"id":13081,"href":"https:\/\/www.cituro.com\/help\/wp-json\/wp\/v2\/pages\/7481\/revisions\/13081"}],"wp:featuredmedia":[{"embeddable":true,"href":"https:\/\/www.cituro.com\/help\/wp-json\/wp\/v2\/media\/7865"}],"wp:attachment":[{"href":"https:\/\/www.cituro.com\/help\/wp-json\/wp\/v2\/media?parent=7481"}],"curies":[{"name":"wp","href":"https:\/\/api.w.org\/{rel}","templated":true}]}}