{"id":6063,"date":"2022-03-28T15:56:53","date_gmt":"2022-03-28T13:56:53","guid":{"rendered":"https:\/\/www.cituro.com\/help\/?page_id=6063"},"modified":"2025-09-02T23:11:00","modified_gmt":"2025-09-02T21:11:00","slug":"api-key-erstellen","status":"publish","type":"page","link":"https:\/\/www.cituro.com\/help\/developers-corner\/schnittstellen\/api-key-erstellen","title":{"rendered":"API Key erstellen"},"content":{"rendered":"<p>[et_pb_section fb_built=&#8220;1&#8243; specialty=&#8220;on&#8220; module_class=&#8220; et_pb_specialty_fullwidth&#8220; _builder_version=&#8220;3.22&#8243; inner_width=&#8220;89%&#8220; inner_width_tablet=&#8220;80%&#8220; inner_width_phone=&#8220;&#8220; inner_width_last_edited=&#8220;on|desktop&#8220; inner_max_width=&#8220;89%&#8220; inner_max_width_tablet=&#8220;80%&#8220; inner_max_width_phone=&#8220;&#8220; inner_max_width_last_edited=&#8220;on|desktop&#8220; make_fullwidth=&#8220;on&#8220; global_colors_info=&#8220;{}&#8220;][et_pb_column type=&#8220;1_4&#8243; _builder_version=&#8220;3.25&#8243; custom_padding=&#8220;|||&#8220; global_colors_info=&#8220;{}&#8220; custom_padding__hover=&#8220;|||&#8220;][et_pb_sidebar area=&#8220;sidebar-1&#8243; disabled_on=&#8220;on|on|off&#8220; _builder_version=&#8220;3.29.3&#8243; header_text_align=&#8220;left&#8220; header_font_size=&#8220;16&#8243; custom_padding=&#8220;50px|||&#8220; global_colors_info=&#8220;{}&#8220;][\/et_pb_sidebar][\/et_pb_column][et_pb_column type=&#8220;3_4&#8243; specialty_columns=&#8220;3&#8243; _builder_version=&#8220;3.25&#8243; custom_padding=&#8220;|||&#8220; global_colors_info=&#8220;{}&#8220; custom_padding__hover=&#8220;|||&#8220;][et_pb_row_inner admin_label=&#8220;Zeile&#8220; _builder_version=&#8220;3.25&#8243; global_colors_info=&#8220;{}&#8220;][et_pb_column_inner saved_specialty_column_type=&#8220;3_4&#8243; _builder_version=&#8220;3.25&#8243; custom_padding=&#8220;|||&#8220; global_colors_info=&#8220;{}&#8220; custom_padding__hover=&#8220;|||&#8220;][et_pb_text _builder_version=&#8220;4.14.5&#8243; custom_padding=&#8220;||20px&#8220; hover_enabled=&#8220;0&#8243; text_font_size_tablet=&#8220;&#8220; text_font_size_phone=&#8220;&#8220; text_font_size_last_edited=&#8220;on|phone&#8220; global_colors_info=&#8220;{}&#8220; sticky_enabled=&#8220;0&#8243;]<\/p>\n<h1>API Key erstellen<\/h1>\n<p>[\/et_pb_text][et_pb_text _builder_version=&#8220;4.14.5&#8243; custom_padding=&#8220;||20px&#8220; hover_enabled=&#8220;0&#8243; text_font_size_tablet=&#8220;&#8220; text_font_size_phone=&#8220;&#8220; text_font_size_last_edited=&#8220;on|phone&#8220; global_colors_info=&#8220;{}&#8220; sticky_enabled=&#8220;0&#8243;]<\/p>\n<p>In dieser Anleitung zeigen wir Ihnen, wie Sie in Ihrem cituro Manager einen <strong>API Key<\/strong> erstellen. Mit einem <strong>API Key<\/strong> k\u00f6nnen Sie auf unsere <strong> cituro REST API<\/strong> zugreifen und Anfragen authentifizieren.<br \/>Die Berechtigungen des API Keys k\u00f6nnen mit entsprechenden Rechten\/Rollen versehen werden.<br \/>Wenn Sie sich einen cituro Account anlegen m\u00f6chten, k\u00f6nnen Sie sich <a href=\"https:\/\/www.cituro.com\/registrierung\" target=\"_blank\" rel=\"noopener noreferrer\">hier f\u00fcr die kostenlose 14-t\u00e4gige Testphase registrieren<\/a>.<\/p>\n<p class=\"notice blue\"><strong>Wichtiger Hinweis:<\/strong><br \/>Um einen API Key erstellen zu k\u00f6nnen, ist ein kostenpflichtiger cituro Account notwendig.<\/p>\n<p>[\/et_pb_text][\/et_pb_column_inner][\/et_pb_row_inner][et_pb_row_inner admin_label=&#8220;Zeile&#8220; _builder_version=&#8220;3.25&#8243; locked=&#8220;off&#8220; global_colors_info=&#8220;{}&#8220;][et_pb_column_inner saved_specialty_column_type=&#8220;3_4&#8243; _builder_version=&#8220;3.25&#8243; custom_padding=&#8220;|||&#8220; global_colors_info=&#8220;{}&#8220; custom_padding__hover=&#8220;|||&#8220;][et_pb_divider color=&#8220;#555555&#8243; _builder_version=&#8220;3.5.1&#8243; global_colors_info=&#8220;{}&#8220;][\/et_pb_divider][et_pb_text admin_label=&#8220;cituro Account verkn\u00fcpfen&#8220; _builder_version=&#8220;4.14.5&#8243; global_colors_info=&#8220;{}&#8220;]<\/p>\n<h2>API Key erstellen<\/h2>\n<p>[\/et_pb_text][et_pb_text admin_label=&#8220;Text+Navigation&#8220; _builder_version=&#8220;4.14.5&#8243; global_colors_info=&#8220;{}&#8220;]<strong>Navigation<\/strong>:\u00a0\u00a0<strong>cituro Manager \u2192 Men\u00fc \u2192 Sicherheit \u2192 API Keys \u2192 API Schl\u00fcssel hinzuf\u00fcgen<\/strong> [\/et_pb_text][et_pb_image src=&#8220;https:\/\/www.cituro.com\/help\/wp-content\/uploads\/2023\/08\/api-keys.png&#8220; alt=&#8220;cituro API Schl\u00fcssel hinzuf\u00fcgen&#8220; title_text=&#8220;api-keys&#8220; align=&#8220;center&#8220; align_tablet=&#8220;center&#8220; align_phone=&#8220;center&#8220; align_last_edited=&#8220;on|desktop&#8220; _builder_version=&#8220;4.14.5&#8243; max_width=&#8220;800px&#8220; module_alignment=&#8220;center&#8220; box_shadow_style=&#8220;preset2&#8243; box_shadow_vertical=&#8220;4px&#8220; global_colors_info=&#8220;{}&#8220;][\/et_pb_image][et_pb_text admin_label=&#8220;API Key erstellen&#8220; _builder_version=&#8220;4.14.5&#8243; global_colors_info=&#8220;{}&#8220;]Nachdem Sie auf &#8222;API Schl\u00fcssel hinzuf\u00fcgen&#8220; geklickt haben, \u00f6ffnet sich ein neues Fenster, in welchem Sie dem API Schl\u00fcssel eine Bezeichnung geben und eine Rolle zuweisen k\u00f6nnen. [\/et_pb_text][et_pb_image src=&#8220;https:\/\/www.cituro.com\/help\/wp-content\/uploads\/2023\/08\/api-schluessel-anlegen.png&#8220; alt=&#8220;API Schl\u00fcssel anlegen&#8220; title_text=&#8220;api-schl\u00fcssel-anlegen&#8220; align=&#8220;center&#8220; align_tablet=&#8220;center&#8220; align_phone=&#8220;center&#8220; align_last_edited=&#8220;on|desktop&#8220; _builder_version=&#8220;4.14.5&#8243; max_width=&#8220;500px&#8220; module_alignment=&#8220;center&#8220; box_shadow_style=&#8220;preset2&#8243; box_shadow_vertical=&#8220;4px&#8220; global_colors_info=&#8220;{}&#8220;][\/et_pb_image][et_pb_text admin_label=&#8220;API Key anlegen&#8220; _builder_version=&#8220;4.14.5&#8243; global_colors_info=&#8220;{}&#8220;]Nachdem Sie auf &#8222;API Key anlegen&#8220; geklickt haben, \u00f6ffnet sich ein neues Fenster mit dem neu erstellten API Key. [\/et_pb_text][et_pb_image src=&#8220;https:\/\/www.cituro.com\/help\/wp-content\/uploads\/2022\/03\/api-key-erstellt.png&#8220; alt=&#8220;API Key&#8220; title_text=&#8220;api-key&#8220; align=&#8220;center&#8220; align_tablet=&#8220;center&#8220; align_phone=&#8220;center&#8220; align_last_edited=&#8220;on|desktop&#8220; _builder_version=&#8220;4.14.5&#8243; max_width=&#8220;800px&#8220; module_alignment=&#8220;center&#8220; box_shadow_style=&#8220;preset2&#8243; box_shadow_vertical=&#8220;4px&#8220; global_colors_info=&#8220;{}&#8220;][\/et_pb_image][et_pb_text admin_label=&#8220;Hinweis&#8220; _builder_version=&#8220;4.14.5&#8243; global_colors_info=&#8220;{}&#8220;]<\/p>\n<p class=\"notice blue\"><strong>Hinweis:<\/strong><br \/>\nStellen Sie sicher, dass Ihr API Key niemals \u00f6ffentlich sichtbar ist. <\/p>\n<p>[\/et_pb_text][et_pb_text admin_label=&#8220;API Keys verwalten&#8220; _builder_version=&#8220;4.14.5&#8243; global_colors_info=&#8220;{}&#8220;]Um Ihre API Keys verwalten zu k\u00f6nnen, klicken Sie einfach rechts an der Seite auf die 3 Punkte. \u00dcber dieses Mne\u00fc k\u00f6nnen Sie Ihren API Key <b>bearbeiten<\/b>, <b>aktualisieren<\/b> oder <b>l\u00f6schen<\/b>.[\/et_pb_text][et_pb_image src=&#8220;https:\/\/www.cituro.com\/help\/wp-content\/uploads\/2023\/08\/api-key-verwalten.png&#8220; alt=&#8220;api Key verwalten&#8220; title_text=&#8220;api-key-verwalten&#8220; align=&#8220;center&#8220; align_tablet=&#8220;center&#8220; align_phone=&#8220;center&#8220; align_last_edited=&#8220;on|desktop&#8220; _builder_version=&#8220;4.14.5&#8243; max_width=&#8220;800px&#8220; module_alignment=&#8220;center&#8220; box_shadow_style=&#8220;preset2&#8243; box_shadow_vertical=&#8220;4px&#8220; global_colors_info=&#8220;{}&#8220;][\/et_pb_image][\/et_pb_column_inner][\/et_pb_row_inner][et_pb_row_inner _builder_version=&#8220;3.25&#8243; global_module=&#8220;491&#8243; collapsed=&#8220;off&#8220; global_colors_info=&#8220;{}&#8220;][et_pb_column_inner _builder_version=&#8220;3.25&#8243; custom_padding=&#8220;|||&#8220; global_colors_info=&#8220;{}&#8220; custom_padding__hover=&#8220;|||&#8220;][et_pb_divider color=&#8220;#555555&#8243; divider_position=&#8220;center&#8220; _builder_version=&#8220;4.12.1&#8243; global_colors_info=&#8220;{}&#8220;][\/et_pb_divider][et_pb_text _builder_version=&#8220;4.14.5&#8243; global_colors_info=&#8220;{}&#8220;]<\/p>\n<h2 style=\"text-align: center;\">Sie haben Fragen? Wir helfen gerne!<\/h2>\n<p>[\/et_pb_text][\/et_pb_column_inner][\/et_pb_row_inner][et_pb_row_inner column_structure=&#8220;1_2,1_2&#8243; _builder_version=&#8220;3.25&#8243; global_module=&#8220;487&#8243; saved_tabs=&#8220;all&#8220; global_colors_info=&#8220;{}&#8220;][et_pb_column_inner type=&#8220;1_2&#8243; _builder_version=&#8220;3.25&#8243; custom_padding=&#8220;|||&#8220; global_colors_info=&#8220;{}&#8220; custom_padding__hover=&#8220;|||&#8220;][et_pb_blurb title=&#8220;E-Mail&#8220; use_icon=&#8220;on&#8220; font_icon=&#8220;&#xe010;||divi||400&#8243; icon_color=&#8220;#555555&#8243; _builder_version=&#8220;4.13.0&#8243; header_level=&#8220;h3&#8243; text_orientation=&#8220;center&#8220; custom_padding=&#8220;10px|10px|10px|10px&#8220; animation_style=&#8220;zoom&#8220; box_shadow_style=&#8220;preset1&#8243; global_colors_info=&#8220;{}&#8220;]<\/p>\n<p style=\"text-align: center;\">Schreiben Sie uns eine E-Mail<br \/>\n<a href=\"mailto:support@cituro.com\">support@cituro.com<\/a><\/p>\n<p>[\/et_pb_blurb][\/et_pb_column_inner][et_pb_column_inner type=&#8220;1_2&#8243; _builder_version=&#8220;3.25&#8243; custom_padding=&#8220;|||&#8220; global_colors_info=&#8220;{}&#8220; custom_padding__hover=&#8220;|||&#8220;][et_pb_blurb title=&#8220;Telefon&#8220; use_icon=&#8220;on&#8220; font_icon=&#8220;&#xe090;||divi||400&#8243; icon_color=&#8220;#555555&#8243; _builder_version=&#8220;4.13.0&#8243; header_level=&#8220;h3&#8243; text_orientation=&#8220;center&#8220; custom_padding=&#8220;10px|10px|10px|10px&#8220; animation_style=&#8220;zoom&#8220; box_shadow_style=&#8220;preset1&#8243; global_colors_info=&#8220;{}&#8220;]<\/p>\n<p style=\"text-align: center;\">Wir sind f\u00fcr Sie da<br \/>\n<a href=\"tel:004982199973940\">+49 821 999 739 40<\/a><\/p>\n<p>[\/et_pb_blurb][\/et_pb_column_inner][\/et_pb_row_inner][\/et_pb_column][\/et_pb_section]<\/p>\n","protected":false},"excerpt":{"rendered":"<p>In dieser Anleitung zeigen wir Ihnen, wie Sie in Ihrem cituro Manager einen API Key erstellen. Mit einem API Key k\u00f6nnen Sie auf unsere cituro REST API zugreifen und Anfragen authentifizieren.<\/p>\n","protected":false},"author":3,"featured_media":391,"parent":5444,"menu_order":0,"comment_status":"closed","ping_status":"closed","template":"","meta":{"_et_pb_use_builder":"on","_et_pb_old_content":"","_et_gb_content_width":"","footnotes":""},"class_list":["post-6063","page","type-page","status-publish","has-post-thumbnail","hentry"],"yoast_head":"<!-- This site is optimized with the Yoast SEO plugin v23.9 - https:\/\/yoast.com\/wordpress\/plugins\/seo\/ -->\n<title>API Key erstellen<\/title>\n<meta name=\"description\" content=\"Hier zeigen wir Ihnen, wie Sie im cituro Manager einen API Key erstellen. Mit diesem API Key haben Sie Zugriff auf unsere cituro REST API.\" \/>\n<meta name=\"robots\" content=\"index, follow, max-snippet:-1, max-image-preview:large, max-video-preview:-1\" \/>\n<link rel=\"canonical\" href=\"https:\/\/www.cituro.com\/help\/developers-corner\/schnittstellen\/api-key-erstellen\" \/>\n<meta property=\"og:locale\" content=\"de_DE\" \/>\n<meta property=\"og:type\" content=\"article\" \/>\n<meta property=\"og:title\" content=\"API Key erstellen\" \/>\n<meta property=\"og:description\" content=\"Hier zeigen wir Ihnen, wie Sie im cituro Manager einen API Key erstellen. Mit diesem API Key haben Sie Zugriff auf unsere cituro REST API.\" \/>\n<meta property=\"og:url\" content=\"https:\/\/www.cituro.com\/help\/developers-corner\/schnittstellen\/api-key-erstellen\" \/>\n<meta property=\"og:site_name\" content=\"cituro Helpcenter\" \/>\n<meta property=\"article:modified_time\" content=\"2025-09-02T21:11:00+00:00\" \/>\n<meta property=\"og:image\" content=\"https:\/\/www.cituro.com\/help\/wp-content\/uploads\/2019\/09\/Cituro_logodark-grey-blue.jpg\" \/>\n\t<meta property=\"og:image:width\" content=\"4167\" \/>\n\t<meta property=\"og:image:height\" content=\"4167\" \/>\n\t<meta property=\"og:image:type\" content=\"image\/jpeg\" \/>\n<meta name=\"twitter:card\" content=\"summary_large_image\" \/>\n<meta name=\"twitter:label1\" content=\"Gesch\u00e4tzte Lesezeit\" \/>\n\t<meta name=\"twitter:data1\" content=\"4\u00a0Minuten\" \/>\n<script type=\"application\/ld+json\" class=\"yoast-schema-graph\">{\"@context\":\"https:\/\/schema.org\",\"@graph\":[{\"@type\":\"WebPage\",\"@id\":\"https:\/\/www.cituro.com\/help\/developers-corner\/schnittstellen\/api-key-erstellen\",\"url\":\"https:\/\/www.cituro.com\/help\/developers-corner\/schnittstellen\/api-key-erstellen\",\"name\":\"API Key erstellen\",\"isPartOf\":{\"@id\":\"https:\/\/www.cituro.com\/help\/#website\"},\"primaryImageOfPage\":{\"@id\":\"https:\/\/www.cituro.com\/help\/developers-corner\/schnittstellen\/api-key-erstellen#primaryimage\"},\"image\":{\"@id\":\"https:\/\/www.cituro.com\/help\/developers-corner\/schnittstellen\/api-key-erstellen#primaryimage\"},\"thumbnailUrl\":\"https:\/\/www.cituro.com\/help\/wp-content\/uploads\/2019\/09\/Cituro_logodark-grey-blue.jpg\",\"datePublished\":\"2022-03-28T13:56:53+00:00\",\"dateModified\":\"2025-09-02T21:11:00+00:00\",\"description\":\"Hier zeigen wir Ihnen, wie Sie im cituro Manager einen API Key erstellen. Mit diesem API Key haben Sie Zugriff auf unsere cituro REST API.\",\"breadcrumb\":{\"@id\":\"https:\/\/www.cituro.com\/help\/developers-corner\/schnittstellen\/api-key-erstellen#breadcrumb\"},\"inLanguage\":\"de\",\"potentialAction\":[{\"@type\":\"ReadAction\",\"target\":[\"https:\/\/www.cituro.com\/help\/developers-corner\/schnittstellen\/api-key-erstellen\"]}]},{\"@type\":\"ImageObject\",\"inLanguage\":\"de\",\"@id\":\"https:\/\/www.cituro.com\/help\/developers-corner\/schnittstellen\/api-key-erstellen#primaryimage\",\"url\":\"https:\/\/www.cituro.com\/help\/wp-content\/uploads\/2019\/09\/Cituro_logodark-grey-blue.jpg\",\"contentUrl\":\"https:\/\/www.cituro.com\/help\/wp-content\/uploads\/2019\/09\/Cituro_logodark-grey-blue.jpg\",\"width\":4167,\"height\":4167},{\"@type\":\"BreadcrumbList\",\"@id\":\"https:\/\/www.cituro.com\/help\/developers-corner\/schnittstellen\/api-key-erstellen#breadcrumb\",\"itemListElement\":[{\"@type\":\"ListItem\",\"position\":1,\"name\":\"Startseite\",\"item\":\"https:\/\/www.cituro.com\/help\/\"},{\"@type\":\"ListItem\",\"position\":2,\"name\":\"F\u00fcr Entwickler\",\"item\":\"https:\/\/www.cituro.com\/help\/developers-corner\"},{\"@type\":\"ListItem\",\"position\":3,\"name\":\"Schnittstellen\",\"item\":\"https:\/\/www.cituro.com\/help\/developers-corner\/schnittstellen\"},{\"@type\":\"ListItem\",\"position\":4,\"name\":\"API Key erstellen\"}]},{\"@type\":\"WebSite\",\"@id\":\"https:\/\/www.cituro.com\/help\/#website\",\"url\":\"https:\/\/www.cituro.com\/help\/\",\"name\":\"cituro Helpcenter\",\"description\":\"Eine weitere WordPress-Website\",\"potentialAction\":[{\"@type\":\"SearchAction\",\"target\":{\"@type\":\"EntryPoint\",\"urlTemplate\":\"https:\/\/www.cituro.com\/help\/?s={search_term_string}\"},\"query-input\":{\"@type\":\"PropertyValueSpecification\",\"valueRequired\":true,\"valueName\":\"search_term_string\"}}],\"inLanguage\":\"de\"}]}<\/script>\n<!-- \/ Yoast SEO plugin. -->","yoast_head_json":{"title":"API Key erstellen","description":"Hier zeigen wir Ihnen, wie Sie im cituro Manager einen API Key erstellen. Mit diesem API Key haben Sie Zugriff auf unsere cituro REST API.","robots":{"index":"index","follow":"follow","max-snippet":"max-snippet:-1","max-image-preview":"max-image-preview:large","max-video-preview":"max-video-preview:-1"},"canonical":"https:\/\/www.cituro.com\/help\/developers-corner\/schnittstellen\/api-key-erstellen","og_locale":"de_DE","og_type":"article","og_title":"API Key erstellen","og_description":"Hier zeigen wir Ihnen, wie Sie im cituro Manager einen API Key erstellen. Mit diesem API Key haben Sie Zugriff auf unsere cituro REST API.","og_url":"https:\/\/www.cituro.com\/help\/developers-corner\/schnittstellen\/api-key-erstellen","og_site_name":"cituro Helpcenter","article_modified_time":"2025-09-02T21:11:00+00:00","og_image":[{"width":4167,"height":4167,"url":"https:\/\/www.cituro.com\/help\/wp-content\/uploads\/2019\/09\/Cituro_logodark-grey-blue.jpg","type":"image\/jpeg"}],"twitter_card":"summary_large_image","twitter_misc":{"Gesch\u00e4tzte Lesezeit":"4\u00a0Minuten"},"schema":{"@context":"https:\/\/schema.org","@graph":[{"@type":"WebPage","@id":"https:\/\/www.cituro.com\/help\/developers-corner\/schnittstellen\/api-key-erstellen","url":"https:\/\/www.cituro.com\/help\/developers-corner\/schnittstellen\/api-key-erstellen","name":"API Key erstellen","isPartOf":{"@id":"https:\/\/www.cituro.com\/help\/#website"},"primaryImageOfPage":{"@id":"https:\/\/www.cituro.com\/help\/developers-corner\/schnittstellen\/api-key-erstellen#primaryimage"},"image":{"@id":"https:\/\/www.cituro.com\/help\/developers-corner\/schnittstellen\/api-key-erstellen#primaryimage"},"thumbnailUrl":"https:\/\/www.cituro.com\/help\/wp-content\/uploads\/2019\/09\/Cituro_logodark-grey-blue.jpg","datePublished":"2022-03-28T13:56:53+00:00","dateModified":"2025-09-02T21:11:00+00:00","description":"Hier zeigen wir Ihnen, wie Sie im cituro Manager einen API Key erstellen. Mit diesem API Key haben Sie Zugriff auf unsere cituro REST API.","breadcrumb":{"@id":"https:\/\/www.cituro.com\/help\/developers-corner\/schnittstellen\/api-key-erstellen#breadcrumb"},"inLanguage":"de","potentialAction":[{"@type":"ReadAction","target":["https:\/\/www.cituro.com\/help\/developers-corner\/schnittstellen\/api-key-erstellen"]}]},{"@type":"ImageObject","inLanguage":"de","@id":"https:\/\/www.cituro.com\/help\/developers-corner\/schnittstellen\/api-key-erstellen#primaryimage","url":"https:\/\/www.cituro.com\/help\/wp-content\/uploads\/2019\/09\/Cituro_logodark-grey-blue.jpg","contentUrl":"https:\/\/www.cituro.com\/help\/wp-content\/uploads\/2019\/09\/Cituro_logodark-grey-blue.jpg","width":4167,"height":4167},{"@type":"BreadcrumbList","@id":"https:\/\/www.cituro.com\/help\/developers-corner\/schnittstellen\/api-key-erstellen#breadcrumb","itemListElement":[{"@type":"ListItem","position":1,"name":"Startseite","item":"https:\/\/www.cituro.com\/help\/"},{"@type":"ListItem","position":2,"name":"F\u00fcr Entwickler","item":"https:\/\/www.cituro.com\/help\/developers-corner"},{"@type":"ListItem","position":3,"name":"Schnittstellen","item":"https:\/\/www.cituro.com\/help\/developers-corner\/schnittstellen"},{"@type":"ListItem","position":4,"name":"API Key erstellen"}]},{"@type":"WebSite","@id":"https:\/\/www.cituro.com\/help\/#website","url":"https:\/\/www.cituro.com\/help\/","name":"cituro Helpcenter","description":"Eine weitere WordPress-Website","potentialAction":[{"@type":"SearchAction","target":{"@type":"EntryPoint","urlTemplate":"https:\/\/www.cituro.com\/help\/?s={search_term_string}"},"query-input":{"@type":"PropertyValueSpecification","valueRequired":true,"valueName":"search_term_string"}}],"inLanguage":"de"}]}},"_links":{"self":[{"href":"https:\/\/www.cituro.com\/help\/wp-json\/wp\/v2\/pages\/6063","targetHints":{"allow":["GET"]}}],"collection":[{"href":"https:\/\/www.cituro.com\/help\/wp-json\/wp\/v2\/pages"}],"about":[{"href":"https:\/\/www.cituro.com\/help\/wp-json\/wp\/v2\/types\/page"}],"author":[{"embeddable":true,"href":"https:\/\/www.cituro.com\/help\/wp-json\/wp\/v2\/users\/3"}],"replies":[{"embeddable":true,"href":"https:\/\/www.cituro.com\/help\/wp-json\/wp\/v2\/comments?post=6063"}],"version-history":[{"count":31,"href":"https:\/\/www.cituro.com\/help\/wp-json\/wp\/v2\/pages\/6063\/revisions"}],"predecessor-version":[{"id":12625,"href":"https:\/\/www.cituro.com\/help\/wp-json\/wp\/v2\/pages\/6063\/revisions\/12625"}],"up":[{"embeddable":true,"href":"https:\/\/www.cituro.com\/help\/wp-json\/wp\/v2\/pages\/5444"}],"wp:featuredmedia":[{"embeddable":true,"href":"https:\/\/www.cituro.com\/help\/wp-json\/wp\/v2\/media\/391"}],"wp:attachment":[{"href":"https:\/\/www.cituro.com\/help\/wp-json\/wp\/v2\/media?parent=6063"}],"curies":[{"name":"wp","href":"https:\/\/api.w.org\/{rel}","templated":true}]}}