{"id":461,"date":"2019-09-25T16:53:46","date_gmt":"2019-09-25T14:53:46","guid":{"rendered":"https:\/\/www.cituro.com\/help\/?page_id=461"},"modified":"2025-08-01T19:13:18","modified_gmt":"2025-08-01T17:13:18","slug":"interne-benachrichtigungen","status":"publish","type":"page","link":"https:\/\/www.cituro.com\/help\/mitteilungen-versenden\/interne-benachrichtigungen","title":{"rendered":"Interne Benachrichtigungen"},"content":{"rendered":"<p>[et_pb_section fb_built=&#8220;1&#8243; specialty=&#8220;on&#8220; module_class=&#8220; et_pb_specialty_fullwidth&#8220; _builder_version=&#8220;3.22&#8243; inner_width=&#8220;89%&#8220; inner_width_tablet=&#8220;80%&#8220; inner_width_phone=&#8220;&#8220; inner_width_last_edited=&#8220;on|desktop&#8220; inner_max_width=&#8220;89%&#8220; inner_max_width_tablet=&#8220;80%&#8220; inner_max_width_phone=&#8220;&#8220; inner_max_width_last_edited=&#8220;on|desktop&#8220; make_fullwidth=&#8220;on&#8220; global_colors_info=&#8220;{}&#8220;][et_pb_column type=&#8220;1_4&#8243; _builder_version=&#8220;3.25&#8243; custom_padding=&#8220;|||&#8220; global_colors_info=&#8220;{}&#8220; custom_padding__hover=&#8220;|||&#8220;][et_pb_sidebar area=&#8220;sidebar-1&#8243; disabled_on=&#8220;on|on|off&#8220; _builder_version=&#8220;3.29.3&#8243; custom_padding=&#8220;50px|||&#8220; global_colors_info=&#8220;{}&#8220;][\/et_pb_sidebar][\/et_pb_column][et_pb_column type=&#8220;3_4&#8243; specialty_columns=&#8220;3&#8243; _builder_version=&#8220;3.25&#8243; custom_padding=&#8220;|||&#8220; global_colors_info=&#8220;{}&#8220; custom_padding__hover=&#8220;|||&#8220;][et_pb_row_inner admin_label=&#8220;Zeile&#8220; _builder_version=&#8220;3.25&#8243; global_colors_info=&#8220;{}&#8220;][et_pb_column_inner saved_specialty_column_type=&#8220;3_4&#8243; _builder_version=&#8220;3.25&#8243; custom_padding=&#8220;|||&#8220; global_colors_info=&#8220;{}&#8220; custom_padding__hover=&#8220;|||&#8220;][et_pb_text _builder_version=&#8220;3.27.4&#8243; global_colors_info=&#8220;{}&#8220;]<\/p>\n<h1>Interne Benachrichtigungen<\/h1>\n<p>[\/et_pb_text][et_pb_text admin_label=&#8220;Navigation&#8220; _builder_version=&#8220;3.27.4&#8243; global_colors_info=&#8220;{}&#8220;]<\/p>\n<p><strong>Navigation<\/strong>: <strong>Men\u00fc<\/strong> \u2192 <strong>Mitteilungen<\/strong> \u2192 <strong>Tab Interne Benachrichtigungen<\/strong><\/p>\n<p>[\/et_pb_text][et_pb_text _builder_version=&#8220;3.29.3&#8243; global_colors_info=&#8220;{}&#8220;]<\/p>\n<p>Folgende Benachrichtigung k\u00f6nnen entweder an den entsprechenden Mitarbeiter, das Unternehmen oder an eine beliebige E-Mail Adresse verschickt werden:<\/p>\n<p>[\/et_pb_text][\/et_pb_column_inner][\/et_pb_row_inner][et_pb_row_inner column_structure=&#8220;1_2,1_2&#8243; admin_label=&#8220;Zeile&#8220; _builder_version=&#8220;3.25&#8243; global_colors_info=&#8220;{}&#8220;][et_pb_column_inner type=&#8220;1_2&#8243; saved_specialty_column_type=&#8220;3_4&#8243; _builder_version=&#8220;3.25&#8243; custom_padding=&#8220;|||&#8220; global_colors_info=&#8220;{}&#8220; custom_padding__hover=&#8220;|||&#8220;][et_pb_blurb title=&#8220;Nachricht bei neuer Buchung&#8220; use_icon=&#8220;on&#8220; font_icon=&#8220;&#x4e;||divi||400&#8243; icon_color=&#8220;#555555&#8243; _builder_version=&#8220;4.14.5&#8243; header_level=&#8220;h2&#8243; text_orientation=&#8220;center&#8220; custom_padding=&#8220;10px|10px|10px|10px&#8220; animation_style=&#8220;zoom&#8220; link_option_url=&#8220;https:\/\/www.cituro.com\/help\/mitteilungen-versenden\/interne-benachrichtigungen\/nachricht-bei-neuer-buchung&#8220; hover_enabled=&#8220;0&#8243; box_shadow_style=&#8220;preset1&#8243; saved_tabs=&#8220;all&#8220; global_colors_info=&#8220;{}&#8220; url=&#8220;https:\/\/www.cituro.com\/help\/mitteilungen-versenden\/interne-benachrichtigungen\/nachricht-bei-neuer-buchung&#8220; sticky_enabled=&#8220;0&#8243;]<\/p>\n<p style=\"text-align: center;\">Wird verschickt, wenn ein Kunde einen Termin gebucht hat.<\/p>\n<p>[\/et_pb_blurb][et_pb_blurb title=&#8220;Nachricht bei neuer Bewertung&#8220; use_icon=&#8220;on&#8220; font_icon=&#8220;&#xe031;||divi||400&#8243; icon_color=&#8220;#555555&#8243; _builder_version=&#8220;4.14.5&#8243; header_level=&#8220;h2&#8243; text_orientation=&#8220;center&#8220; custom_padding=&#8220;10px|10px|10px|10px&#8220; animation_style=&#8220;zoom&#8220; link_option_url=&#8220;https:\/\/www.cituro.com\/help\/mitteilungen-versenden\/interne-benachrichtigungen\/nachricht-bei-neuer-bewertung&#8220; hover_enabled=&#8220;0&#8243; box_shadow_style=&#8220;preset1&#8243; saved_tabs=&#8220;all&#8220; global_colors_info=&#8220;{}&#8220; url=&#8220;https:\/\/www.cituro.com\/help\/mitteilungen-versenden\/interne-benachrichtigungen\/nachricht-bei-neuer-bewertung&#8220; sticky_enabled=&#8220;0&#8243;]<\/p>\n<p style=\"text-align: center;\">Wird versendet, beim Erhalt einer neuen Bewertung.<\/p>\n<p>[\/et_pb_blurb][et_pb_blurb title=&#8220;Nachricht bei automatischer Absage&#8220; use_icon=&#8220;on&#8220; font_icon=&#8220;&#x51;||divi||400&#8243; icon_color=&#8220;#555555&#8243; _builder_version=&#8220;4.14.5&#8243; header_level=&#8220;h2&#8243; text_orientation=&#8220;center&#8220; custom_padding=&#8220;10px|10px|10px|10px&#8220; animation_style=&#8220;zoom&#8220; link_option_url=&#8220;https:\/\/www.cituro.com\/help\/mitteilungen-versenden\/interne-benachrichtigungen\/nachricht-bei-automatischer-absage&#8220; hover_enabled=&#8220;0&#8243; box_shadow_style=&#8220;preset1&#8243; saved_tabs=&#8220;all&#8220; global_colors_info=&#8220;{}&#8220; url=&#8220;https:\/\/www.cituro.com\/help\/mitteilungen-versenden\/interne-benachrichtigungen\/nachricht-bei-automatischer-absage&#8220; sticky_enabled=&#8220;0&#8243;]<\/p>\n<p style=\"text-align: center;\">Wird versendet, wenn die Veranstaltung automatisch abgesagt wurde. (Nur bei Gruppenleistungen)<\/p>\n<p>[\/et_pb_blurb][et_pb_blurb title=&#8220;Nachricht bei manueller Buchungsbest\u00e4tigung&#8220; use_icon=&#8220;on&#8220; font_icon=&#8220;&#xe60c;||divi||400&#8243; icon_color=&#8220;#555555&#8243; _builder_version=&#8220;4.14.5&#8243; header_level=&#8220;h2&#8243; text_orientation=&#8220;center&#8220; custom_padding=&#8220;10px|10px|10px|10px&#8220; animation_style=&#8220;zoom&#8220; link_option_url=&#8220;https:\/\/www.cituro.com\/help\/mitteilungen-versenden\/interne-benachrichtigungen\/nachricht-bei-manueller-buchungsbestaetigung&#8220; hover_enabled=&#8220;0&#8243; box_shadow_style=&#8220;preset1&#8243; saved_tabs=&#8220;all&#8220; global_colors_info=&#8220;{}&#8220; url=&#8220;https:\/\/www.cituro.com\/help\/mitteilungen-versenden\/interne-benachrichtigungen\/nachricht-bei-manueller-buchungsbestaetigung&#8220; sticky_enabled=&#8220;0&#8243;]<\/p>\n<p style=\"text-align: center;\">Wird versendet, wenn Buchungen manuell best\u00e4tigt oder abgelehnt werden.<\/p>\n<p>[\/et_pb_blurb][\/et_pb_column_inner][et_pb_column_inner type=&#8220;1_2&#8243; saved_specialty_column_type=&#8220;3_4&#8243; _builder_version=&#8220;3.25&#8243; custom_padding=&#8220;|||&#8220; global_colors_info=&#8220;{}&#8220; custom_padding__hover=&#8220;|||&#8220;][et_pb_blurb title=&#8220;Nachricht bei Terminverschiebung&#8220; use_icon=&#8220;on&#8220; font_icon=&#8220;&#x2b;||divi||400&#8243; icon_color=&#8220;#555555&#8243; _builder_version=&#8220;4.14.5&#8243; header_level=&#8220;h2&#8243; text_orientation=&#8220;center&#8220; custom_padding=&#8220;10px|10px|10px|10px&#8220; animation_style=&#8220;zoom&#8220; link_option_url=&#8220;https:\/\/www.cituro.com\/help\/mitteilungen-versenden\/interne-benachrichtigungen\/nachricht-bei-terminverschiebung&#8220; hover_enabled=&#8220;0&#8243; box_shadow_style=&#8220;preset1&#8243; saved_tabs=&#8220;all&#8220; global_colors_info=&#8220;{}&#8220; url=&#8220;https:\/\/www.cituro.com\/help\/mitteilungen-versenden\/interne-benachrichtigungen\/nachricht-bei-terminverschiebung&#8220; sticky_enabled=&#8220;0&#8243;]<\/p>\n<p style=\"text-align: center;\">Wird versendet, wenn der Termin verschoben wurde.<\/p>\n<p>[\/et_pb_blurb][et_pb_blurb title=&#8220;Nachricht bei Terminabsage&#8220; use_icon=&#8220;on&#8220; font_icon=&#8220;&#x51;||divi||400&#8243; icon_color=&#8220;#555555&#8243; _builder_version=&#8220;4.14.5&#8243; header_level=&#8220;h2&#8243; text_orientation=&#8220;center&#8220; custom_padding=&#8220;10px|10px|10px|10px&#8220; animation_style=&#8220;zoom&#8220; link_option_url=&#8220;https:\/\/www.cituro.com\/help\/mitteilungen-versenden\/interne-benachrichtigungen\/nachricht-bei-terminabsage&#8220; hover_enabled=&#8220;0&#8243; box_shadow_style=&#8220;preset1&#8243; saved_tabs=&#8220;all&#8220; global_colors_info=&#8220;{}&#8220; url=&#8220;https:\/\/www.cituro.com\/help\/mitteilungen-versenden\/interne-benachrichtigungen\/nachricht-bei-terminabsage&#8220; sticky_enabled=&#8220;0&#8243;]<\/p>\n<p style=\"text-align: center;\">Wird versendet, wenn der Termin abgesagt wurde.<\/p>\n<p>[\/et_pb_blurb][et_pb_blurb title=&#8220;Nachricht bei Zahlungseingang&#8220; use_icon=&#8220;on&#8220; font_icon=&#8220;&#xe0ed;||divi||400&#8243; icon_color=&#8220;#555555&#8243; _builder_version=&#8220;4.14.5&#8243; header_level=&#8220;h2&#8243; text_orientation=&#8220;center&#8220; custom_padding=&#8220;10px|10px|10px|10px&#8220; animation_style=&#8220;zoom&#8220; link_option_url=&#8220;https:\/\/www.cituro.com\/help\/mitteilungen-versenden\/interne-benachrichtigungen\/nachricht-bei-zahlungseingang&#8220; hover_enabled=&#8220;0&#8243; box_shadow_style=&#8220;preset1&#8243; saved_tabs=&#8220;all&#8220; global_colors_info=&#8220;{}&#8220; url=&#8220;https:\/\/www.cituro.com\/help\/mitteilungen-versenden\/interne-benachrichtigungen\/nachricht-bei-zahlungseingang&#8220; sticky_enabled=&#8220;0&#8243;]<\/p>\n<p style=\"text-align: center;\">Wird versendet, bei einem neuen Zahlungseingang.<\/p>\n<p>[\/et_pb_blurb][\/et_pb_column_inner][\/et_pb_row_inner][et_pb_row_inner admin_label=&#8220;Zeile&#8220; _builder_version=&#8220;3.25&#8243; global_colors_info=&#8220;{}&#8220;][et_pb_column_inner saved_specialty_column_type=&#8220;3_4&#8243; _builder_version=&#8220;3.25&#8243; custom_padding=&#8220;|||&#8220; global_colors_info=&#8220;{}&#8220; custom_padding__hover=&#8220;|||&#8220;][et_pb_divider color=&#8220;#555555&#8243; _builder_version=&#8220;3.5.1&#8243; global_colors_info=&#8220;{}&#8220;][\/et_pb_divider][et_pb_text _builder_version=&#8220;3.27.4&#8243; global_colors_info=&#8220;{}&#8220;]<\/p>\n<h2>Anpassungsm\u00f6glichkeiten<\/h2>\n<p>[\/et_pb_text][et_pb_text _builder_version=&#8220;3.29.3&#8243; global_colors_info=&#8220;{}&#8220;]<\/p>\n<p>Sie haben die M\u00f6glichkeit die Standardnachrichten anzupassen:\n<\/p>\n<p><\/p>\n<ul>\n<li>Einzelne Benachrichtigungen deaktivieren<\/li>\n<li>Weitere Benachrichtigungen hinzuf\u00fcgen<\/li>\n<\/ul>\n<p>Wenn Sie nicht unsere Standardnachrichten verwenden m\u00f6chten, k\u00f6nnen Sie <a href=\"https:\/\/www.cituro.com\/help\/mitteilungen-versenden\/textvorlagen-erstellen\">eigene Textvorlagen<\/a> anlegen und verwenden.<\/p>\n<p>[\/et_pb_text][et_pb_text _builder_version=&#8220;3.27.4&#8243; global_colors_info=&#8220;{}&#8220;]<\/p>\n<p><strong>Hinweis:<\/strong><\/p>\n<p>Die Mitteilungen sind standardm\u00e4\u00dfig schon vollst\u00e4ndig konfiguriert. Sie m\u00fcssen keine \u00c4nderungen vornehmen, k\u00f6nnen aber bei Bedarf die Einstellungen anpassen.<\/p>\n<p>[\/et_pb_text][\/et_pb_column_inner][\/et_pb_row_inner][\/et_pb_column][\/et_pb_section]<\/p>\n","protected":false},"excerpt":{"rendered":"<p>Versenden Sie automatische Nachrichten an Ihre Mitarbeiter. Passen Sie die internen Systemnachrichten an Ihre Bed\u00fcrfnisse an.<\/p>\n","protected":false},"author":1,"featured_media":0,"parent":394,"menu_order":0,"comment_status":"closed","ping_status":"closed","template":"","meta":{"_et_pb_use_builder":"on","_et_pb_old_content":"","_et_gb_content_width":"","footnotes":""},"class_list":["post-461","page","type-page","status-publish","hentry"],"yoast_head":"<!-- This site is optimized with the Yoast SEO plugin v23.9 - https:\/\/yoast.com\/wordpress\/plugins\/seo\/ -->\n<title>Interne Benachrichtigungen - cituro Helpcenter<\/title>\n<meta name=\"description\" content=\"Versenden Sie automatische Nachrichten an Ihre Mitarbeiter. Passen Sie die internen Systemnachrichten an Ihre Bed\u00fcrfnisse an.\" \/>\n<meta name=\"robots\" content=\"index, follow, max-snippet:-1, max-image-preview:large, max-video-preview:-1\" \/>\n<link rel=\"canonical\" href=\"https:\/\/www.cituro.com\/help\/mitteilungen-versenden\/interne-benachrichtigungen\" \/>\n<meta property=\"og:locale\" content=\"de_DE\" \/>\n<meta property=\"og:type\" content=\"article\" \/>\n<meta property=\"og:title\" content=\"Interne Benachrichtigungen - cituro Helpcenter\" \/>\n<meta property=\"og:description\" content=\"Versenden Sie automatische Nachrichten an Ihre Mitarbeiter. Passen Sie die internen Systemnachrichten an Ihre Bed\u00fcrfnisse an.\" \/>\n<meta property=\"og:url\" content=\"https:\/\/www.cituro.com\/help\/mitteilungen-versenden\/interne-benachrichtigungen\" \/>\n<meta property=\"og:site_name\" content=\"cituro Helpcenter\" \/>\n<meta property=\"article:modified_time\" content=\"2025-08-01T17:13:18+00:00\" \/>\n<meta name=\"twitter:card\" content=\"summary_large_image\" \/>\n<meta name=\"twitter:label1\" content=\"Gesch\u00e4tzte Lesezeit\" \/>\n\t<meta name=\"twitter:data1\" content=\"3\u00a0Minuten\" \/>\n<script type=\"application\/ld+json\" class=\"yoast-schema-graph\">{\"@context\":\"https:\/\/schema.org\",\"@graph\":[{\"@type\":\"WebPage\",\"@id\":\"https:\/\/www.cituro.com\/help\/mitteilungen-versenden\/interne-benachrichtigungen\",\"url\":\"https:\/\/www.cituro.com\/help\/mitteilungen-versenden\/interne-benachrichtigungen\",\"name\":\"Interne Benachrichtigungen - cituro Helpcenter\",\"isPartOf\":{\"@id\":\"https:\/\/www.cituro.com\/help\/#website\"},\"datePublished\":\"2019-09-25T14:53:46+00:00\",\"dateModified\":\"2025-08-01T17:13:18+00:00\",\"description\":\"Versenden Sie automatische Nachrichten an Ihre Mitarbeiter. Passen Sie die internen Systemnachrichten an Ihre Bed\u00fcrfnisse an.\",\"breadcrumb\":{\"@id\":\"https:\/\/www.cituro.com\/help\/mitteilungen-versenden\/interne-benachrichtigungen#breadcrumb\"},\"inLanguage\":\"de\",\"potentialAction\":[{\"@type\":\"ReadAction\",\"target\":[\"https:\/\/www.cituro.com\/help\/mitteilungen-versenden\/interne-benachrichtigungen\"]}]},{\"@type\":\"BreadcrumbList\",\"@id\":\"https:\/\/www.cituro.com\/help\/mitteilungen-versenden\/interne-benachrichtigungen#breadcrumb\",\"itemListElement\":[{\"@type\":\"ListItem\",\"position\":1,\"name\":\"Startseite\",\"item\":\"https:\/\/www.cituro.com\/help\/\"},{\"@type\":\"ListItem\",\"position\":2,\"name\":\"Mitteilungen\",\"item\":\"https:\/\/www.cituro.com\/help\/mitteilungen-versenden\"},{\"@type\":\"ListItem\",\"position\":3,\"name\":\"Interne Benachrichtigungen\"}]},{\"@type\":\"WebSite\",\"@id\":\"https:\/\/www.cituro.com\/help\/#website\",\"url\":\"https:\/\/www.cituro.com\/help\/\",\"name\":\"cituro Helpcenter\",\"description\":\"Eine weitere WordPress-Website\",\"potentialAction\":[{\"@type\":\"SearchAction\",\"target\":{\"@type\":\"EntryPoint\",\"urlTemplate\":\"https:\/\/www.cituro.com\/help\/?s={search_term_string}\"},\"query-input\":{\"@type\":\"PropertyValueSpecification\",\"valueRequired\":true,\"valueName\":\"search_term_string\"}}],\"inLanguage\":\"de\"}]}<\/script>\n<!-- \/ Yoast SEO plugin. -->","yoast_head_json":{"title":"Interne Benachrichtigungen - cituro Helpcenter","description":"Versenden Sie automatische Nachrichten an Ihre Mitarbeiter. Passen Sie die internen Systemnachrichten an Ihre Bed\u00fcrfnisse an.","robots":{"index":"index","follow":"follow","max-snippet":"max-snippet:-1","max-image-preview":"max-image-preview:large","max-video-preview":"max-video-preview:-1"},"canonical":"https:\/\/www.cituro.com\/help\/mitteilungen-versenden\/interne-benachrichtigungen","og_locale":"de_DE","og_type":"article","og_title":"Interne Benachrichtigungen - cituro Helpcenter","og_description":"Versenden Sie automatische Nachrichten an Ihre Mitarbeiter. Passen Sie die internen Systemnachrichten an Ihre Bed\u00fcrfnisse an.","og_url":"https:\/\/www.cituro.com\/help\/mitteilungen-versenden\/interne-benachrichtigungen","og_site_name":"cituro Helpcenter","article_modified_time":"2025-08-01T17:13:18+00:00","twitter_card":"summary_large_image","twitter_misc":{"Gesch\u00e4tzte Lesezeit":"3\u00a0Minuten"},"schema":{"@context":"https:\/\/schema.org","@graph":[{"@type":"WebPage","@id":"https:\/\/www.cituro.com\/help\/mitteilungen-versenden\/interne-benachrichtigungen","url":"https:\/\/www.cituro.com\/help\/mitteilungen-versenden\/interne-benachrichtigungen","name":"Interne Benachrichtigungen - cituro Helpcenter","isPartOf":{"@id":"https:\/\/www.cituro.com\/help\/#website"},"datePublished":"2019-09-25T14:53:46+00:00","dateModified":"2025-08-01T17:13:18+00:00","description":"Versenden Sie automatische Nachrichten an Ihre Mitarbeiter. Passen Sie die internen Systemnachrichten an Ihre Bed\u00fcrfnisse an.","breadcrumb":{"@id":"https:\/\/www.cituro.com\/help\/mitteilungen-versenden\/interne-benachrichtigungen#breadcrumb"},"inLanguage":"de","potentialAction":[{"@type":"ReadAction","target":["https:\/\/www.cituro.com\/help\/mitteilungen-versenden\/interne-benachrichtigungen"]}]},{"@type":"BreadcrumbList","@id":"https:\/\/www.cituro.com\/help\/mitteilungen-versenden\/interne-benachrichtigungen#breadcrumb","itemListElement":[{"@type":"ListItem","position":1,"name":"Startseite","item":"https:\/\/www.cituro.com\/help\/"},{"@type":"ListItem","position":2,"name":"Mitteilungen","item":"https:\/\/www.cituro.com\/help\/mitteilungen-versenden"},{"@type":"ListItem","position":3,"name":"Interne Benachrichtigungen"}]},{"@type":"WebSite","@id":"https:\/\/www.cituro.com\/help\/#website","url":"https:\/\/www.cituro.com\/help\/","name":"cituro Helpcenter","description":"Eine weitere WordPress-Website","potentialAction":[{"@type":"SearchAction","target":{"@type":"EntryPoint","urlTemplate":"https:\/\/www.cituro.com\/help\/?s={search_term_string}"},"query-input":{"@type":"PropertyValueSpecification","valueRequired":true,"valueName":"search_term_string"}}],"inLanguage":"de"}]}},"_links":{"self":[{"href":"https:\/\/www.cituro.com\/help\/wp-json\/wp\/v2\/pages\/461","targetHints":{"allow":["GET"]}}],"collection":[{"href":"https:\/\/www.cituro.com\/help\/wp-json\/wp\/v2\/pages"}],"about":[{"href":"https:\/\/www.cituro.com\/help\/wp-json\/wp\/v2\/types\/page"}],"author":[{"embeddable":true,"href":"https:\/\/www.cituro.com\/help\/wp-json\/wp\/v2\/users\/1"}],"replies":[{"embeddable":true,"href":"https:\/\/www.cituro.com\/help\/wp-json\/wp\/v2\/comments?post=461"}],"version-history":[{"count":2,"href":"https:\/\/www.cituro.com\/help\/wp-json\/wp\/v2\/pages\/461\/revisions"}],"predecessor-version":[{"id":12439,"href":"https:\/\/www.cituro.com\/help\/wp-json\/wp\/v2\/pages\/461\/revisions\/12439"}],"up":[{"embeddable":true,"href":"https:\/\/www.cituro.com\/help\/wp-json\/wp\/v2\/pages\/394"}],"wp:attachment":[{"href":"https:\/\/www.cituro.com\/help\/wp-json\/wp\/v2\/media?parent=461"}],"curies":[{"name":"wp","href":"https:\/\/api.w.org\/{rel}","templated":true}]}}