{"id":3470,"date":"2021-09-01T15:18:30","date_gmt":"2021-09-01T13:18:30","guid":{"rendered":"https:\/\/www.cituro.com\/help\/?page_id=3470"},"modified":"2026-02-10T09:16:55","modified_gmt":"2026-02-10T08:16:55","slug":"javascript-callbacks","status":"publish","type":"page","link":"https:\/\/www.cituro.com\/help\/developers-corner\/javascript-callbacks","title":{"rendered":"Javascript-Callbacks"},"content":{"rendered":"<p>[et_pb_section fb_built=&#8220;1&#8243; specialty=&#8220;on&#8220; module_class=&#8220; et_pb_specialty_fullwidth&#8220; _builder_version=&#8220;3.22&#8243; inner_width=&#8220;89%&#8220; inner_width_tablet=&#8220;80%&#8220; inner_width_phone=&#8220;&#8220; inner_width_last_edited=&#8220;on|desktop&#8220; inner_max_width=&#8220;89%&#8220; inner_max_width_tablet=&#8220;80%&#8220; inner_max_width_phone=&#8220;&#8220; inner_max_width_last_edited=&#8220;on|desktop&#8220; make_fullwidth=&#8220;on&#8220; global_colors_info=&#8220;{}&#8220;][et_pb_column type=&#8220;1_4&#8243; _builder_version=&#8220;3.25&#8243; custom_padding=&#8220;|||&#8220; global_colors_info=&#8220;{}&#8220; custom_padding__hover=&#8220;|||&#8220;][et_pb_sidebar area=&#8220;sidebar-1&#8243; disabled_on=&#8220;on|on|off&#8220; _builder_version=&#8220;3.29.3&#8243; custom_padding=&#8220;50px|||&#8220; global_colors_info=&#8220;{}&#8220;][\/et_pb_sidebar][\/et_pb_column][et_pb_column type=&#8220;3_4&#8243; specialty_columns=&#8220;3&#8243; _builder_version=&#8220;3.25&#8243; custom_padding=&#8220;|||&#8220; global_colors_info=&#8220;{}&#8220; custom_padding__hover=&#8220;|||&#8220;][et_pb_row_inner admin_label=&#8220;Zeile&#8220; _builder_version=&#8220;3.25&#8243; global_colors_info=&#8220;{}&#8220;][et_pb_column_inner saved_specialty_column_type=&#8220;3_4&#8243; _builder_version=&#8220;3.25&#8243; custom_padding=&#8220;|||&#8220; global_colors_info=&#8220;{}&#8220; custom_padding__hover=&#8220;|||&#8220;][et_pb_text admin_label=&#8220;Javascript Callbacks&#8220; _builder_version=&#8220;3.29.3&#8243; global_colors_info=&#8220;{}&#8220;]<\/p>\n<h1>Javascript Callbacks f\u00fcr die Onlinebuchung<\/h1>\n<p>[\/et_pb_text][et_pb_text _builder_version=&#8220;3.29.3&#8243; custom_padding=&#8220;0px||20px&#8220; hover_enabled=&#8220;0&#8243; global_colors_info=&#8220;{}&#8220; sticky_enabled=&#8220;0&#8243;]<\/p>\n<p>Mit Javascript Callbacks kann auf Ereignisse w\u00e4hrend des Buchungsvorgangs reagiert werden. Mit eigenem JavaScript Code k\u00f6nnen so Aktionen au\u00dferhalb von cituro ausgel\u00f6st werden (Bspw. auf der Elternseite, auf der das Buchungswidget eingebunden ist).<\/p>\n<p><\/p>\n<p>Grunds\u00e4tzlich gibt es in cituro 2 verschiedene Javascript-Callback Varianten.<\/p>\n<p>\n<a href=\"#postmessage-callback\">1. Benachrichtigung der Elternseite per Javascript postmessage<\/a><br \/>\n<a href=\"#javascript-callback\">2. Interne Javascript Callbacks<\/a><\/p>\n<p>[\/et_pb_text][et_pb_divider color=&#8220;#555555&#8243; _builder_version=&#8220;3.5.1&#8243; global_colors_info=&#8220;{}&#8220;][\/et_pb_divider][\/et_pb_column_inner][\/et_pb_row_inner][et_pb_row_inner admin_label=&#8220;Zeile&#8220; _builder_version=&#8220;3.25&#8243; global_colors_info=&#8220;{}&#8220;][et_pb_column_inner saved_specialty_column_type=&#8220;3_4&#8243; _builder_version=&#8220;3.25&#8243; custom_padding=&#8220;|||&#8220; global_colors_info=&#8220;{}&#8220; custom_padding__hover=&#8220;|||&#8220;][et_pb_text admin_label=&#8220;Benachrichtigung der Elternseite per Javascript postmessage&#8220; _builder_version=&#8220;3.29.3&#8243; global_colors_info=&#8220;{}&#8220;]<\/p>\n<h2 class=\"text-content-heading\" id=\"postmessage-callback\">Benachrichtigung der Elternseite per Javascript postmessage<\/h2>\n<p>[\/et_pb_text][et_pb_text _builder_version=&#8220;3.29.3&#8243; hover_enabled=&#8220;0&#8243; global_colors_info=&#8220;{}&#8220; sticky_enabled=&#8220;0&#8243;]<\/p>\n<p>Das Buchungswidget benachrichtigt die Elternseite, auf der cituro als Overlay oder IFrame eingebunden ist \u00fcber wichtige Ereignisse w\u00e4hrend des Buchungsvorgangs \u00fcber Nachrichten. Entwickler k\u00f6nnen diese Nachrichten abonnieren, um Aktionen au\u00dferhalb von cituro auszul\u00f6sen bspw. Conversion-Tracking, Weiterleitungen auf andere Webseiten oder \u00c4nderungen auf der eigenen Seite.<\/p>\n<p class=\"notice blue\"><strong>Hinweis: <\/strong>F\u00fcr diesen Callback Mechanismus, ist keine zus\u00e4tzliche Konfiguration in cituro notwendig, sodass Sie das Verhalten komplett \u00fcber Code auf Ihrer eigenen Webseite steuern k\u00f6nnen.<\/p>\n<p>Wir verwenden <a href=\"https:\/\/developer.mozilla.org\/en-US\/docs\/Web\/API\/Window\/postMessage\">window.postMessage()<\/a> f\u00fcr das Senden von Ereignisnachrichten an die Elternseite. Das Die Ereignisnachricht beinhaltet ein Javascript Objekt mit folgendem Format:<\/p>\n<p>[\/et_pb_text][et_pb_code module_class=&#8220;source_code&#8220; _builder_version=&#8220;4.14.5&#8243; hover_enabled=&#8220;0&#8243; global_colors_info=&#8220;{}&#8220; sticky_enabled=&#8220;0&#8243;]{<!-- [et_pb_line_break_holder] -->\tsource:&#8217;cituro&#8216;,<!-- [et_pb_line_break_holder] -->\ttype:\u2039Event type\u203a,<!-- [et_pb_line_break_holder] -->\tdata:\u2039Optional data object\u203a<!-- [et_pb_line_break_holder] -->}[\/et_pb_code][et_pb_text _builder_version=&#8220;4.14.5&#8243; hover_enabled=&#8220;0&#8243; global_colors_info=&#8220;{}&#8220; sticky_enabled=&#8220;0&#8243;]<\/p>\n<p>Es gibt aktuell 3 verschiedene Ereignisse (Event types), die von uns publiziert werden:<br \/>\n<strong>onLoad:<\/strong> Buchungswidget wurde ge\u00f6ffnet und vollst\u00e4ndig geladen.<br \/>\n<strong>onBookingCompleted:<\/strong> Buchungsvorgang wurde erfolgreich mit einer Buchung abgeschlossen.<br \/>\n<strong>onClose:<\/strong> Buchungswidget wurde geschlossen.\n<\/p>\n<p>Um diese Ereignisnachrichten zu abonnieren muss auf der Elternseite, auf der das Buchungswidget eingebunden ist, ein Eventlistener f\u00fcr Nachrichten implementiert werden:<\/p>\n<p>[\/et_pb_text][et_pb_code module_class=&#8220;source_code&#8220; _builder_version=&#8220;3.29.3&#8243; global_colors_info=&#8220;{}&#8220;]window.addEventListener(<!-- [et_pb_line_break_holder] -->\t&#8218;message&#8216;,<!-- [et_pb_line_break_holder] -->\tfunction(e) {<!-- [et_pb_line_break_holder] -->\t\tif(e.data.event &#038;&#038; e.data.event.source == &#8218;cituro&#8216;){<!-- [et_pb_line_break_holder] -->\t\t\t\/\/hier k\u00f6nnen Sie Ihren Trackingcode platzieren<!-- [et_pb_line_break_holder] -->\t\t\tif(e.data.event.type == &#8218;<span style=\"color: #ff0000;\">onLoad<\/span>&#8218;){<!-- [et_pb_line_break_holder] -->\t\t\t\t\/\/Code f\u00fcr onLoad<!-- [et_pb_line_break_holder] -->\t\t\t}<!-- [et_pb_line_break_holder] -->\t\t\telse if(e.data.event.type == &#8218;<span style=\"color: #ff0000;\">onClose<\/span>&#8218;){<!-- [et_pb_line_break_holder] -->\t\t\t\t\/\/Code f\u00fcr onClose<!-- [et_pb_line_break_holder] -->\t\t\t}<!-- [et_pb_line_break_holder] -->\t\t\telse if(e.data.event.type == &#8218;<span style=\"color: #ff0000;\">onBookingCompleted<\/span>&#8218;){<!-- [et_pb_line_break_holder] -->\t\t\t\t\/\/Code f\u00fcr onBookingCompleted<!-- [et_pb_line_break_holder] -->\t\t\t}<!-- [et_pb_line_break_holder] -->\t\t}<!-- [et_pb_line_break_holder] -->\t}<!-- [et_pb_line_break_holder] -->);[\/et_pb_code][\/et_pb_column_inner][\/et_pb_row_inner][et_pb_row_inner admin_label=&#8220;Zeile&#8220; _builder_version=&#8220;3.25&#8243; global_colors_info=&#8220;{}&#8220;][et_pb_column_inner saved_specialty_column_type=&#8220;3_4&#8243; _builder_version=&#8220;3.25&#8243; custom_padding=&#8220;|||&#8220; global_colors_info=&#8220;{}&#8220; custom_padding__hover=&#8220;|||&#8220;][et_pb_text admin_label=&#8220;Interne Javascript Callbacks&#8220; _builder_version=&#8220;3.29.3&#8243; global_colors_info=&#8220;{}&#8220;]<\/p>\n<h2 class=\"text-content-heading\" id=\"javascript-callback\">Interne Javascript Callbacks<\/h2>\n<p>[\/et_pb_text][et_pb_text _builder_version=&#8220;3.29.3&#8243; global_colors_info=&#8220;{}&#8220;]<\/p>\n<p>Interne Javascript Callbacks k\u00f6nnen verwendet werden, um individuellen Code entweder beim Laden des Buchungswidgets oder beim erfolgreichen Abschluss einer Buchung auszuf\u00fchren. So k\u00f6nnen Entwickler Aktionen auszul\u00f6sen bspw. Conversion-Tracking, Weiterleitungen auf andere Webseiten oder \u00c4nderungen auf der eigenen Seite.<\/p>\n<p>Hier finden Sie die Konfiguration f\u00fcr interne Callbacks:<br \/>\n<strong>Men\u00fc<\/strong> \u2192 <strong>Onlinebuchung<\/strong> \u2192 <strong>Callbacks<\/strong><\/p>\n<p class=\"notice blue\"><strong>Hinweis: <\/strong>Der Javascript Code ist ohne &lt;script&gt; Tag anzugeben und wie der Inhalt einer Javascript Funktion zu schreiben. Der Code wird je Nach Art der Integration entweder auf der Elternseite (Bei Integration via Overlay) oder innerhalb unserer Buchungsseite (Integration per IFrame oder per Link) ausgef\u00fchrt.<\/p>\n<p>Eine beispielhafte Umsetzung f\u00fcr eine Weiterleitung nach der Buchung auf eine Dankesseite k\u00f6nnte so aussehen:<\/p>\n<p>[\/et_pb_text][et_pb_code module_class=&#8220;source_code&#8220; _builder_version=&#8220;3.29.3&#8243; global_colors_info=&#8220;{}&#8220;]window.location.href = &#8222;https:\/\/www.mysite.com\/thanks-for-booking.html&#8220;;[\/et_pb_code][\/et_pb_column_inner][\/et_pb_row_inner][et_pb_row_inner _builder_version=&#8220;3.25&#8243; global_module=&#8220;491&#8243; collapsed=&#8220;off&#8220; global_colors_info=&#8220;{}&#8220;][et_pb_column_inner _builder_version=&#8220;3.25&#8243; custom_padding=&#8220;|||&#8220; global_colors_info=&#8220;{}&#8220; custom_padding__hover=&#8220;|||&#8220;][et_pb_divider color=&#8220;#555555&#8243; divider_position=&#8220;center&#8220; _builder_version=&#8220;4.12.1&#8243; global_colors_info=&#8220;{}&#8220;][\/et_pb_divider][et_pb_text _builder_version=&#8220;4.14.5&#8243; global_colors_info=&#8220;{}&#8220;]<\/p>\n<h2 style=\"text-align: center;\">Sie haben Fragen? Wir helfen gerne!<\/h2>\n<p>[\/et_pb_text][\/et_pb_column_inner][\/et_pb_row_inner][et_pb_row_inner column_structure=&#8220;1_2,1_2&#8243; _builder_version=&#8220;3.25&#8243; global_module=&#8220;487&#8243; saved_tabs=&#8220;all&#8220; global_colors_info=&#8220;{}&#8220;][et_pb_column_inner type=&#8220;1_2&#8243; _builder_version=&#8220;3.25&#8243; custom_padding=&#8220;|||&#8220; global_colors_info=&#8220;{}&#8220; custom_padding__hover=&#8220;|||&#8220;][et_pb_blurb title=&#8220;E-Mail&#8220; use_icon=&#8220;on&#8220; font_icon=&#8220;&#xe010;||divi||400&#8243; icon_color=&#8220;#555555&#8243; _builder_version=&#8220;4.13.0&#8243; header_level=&#8220;h3&#8243; text_orientation=&#8220;center&#8220; custom_padding=&#8220;10px|10px|10px|10px&#8220; animation_style=&#8220;zoom&#8220; box_shadow_style=&#8220;preset1&#8243; global_colors_info=&#8220;{}&#8220;]<\/p>\n<p style=\"text-align: center;\">Schreiben Sie uns eine E-Mail<br \/>\n<a href=\"mailto:support@cituro.com\">support@cituro.com<\/a><\/p>\n<p>[\/et_pb_blurb][\/et_pb_column_inner][et_pb_column_inner type=&#8220;1_2&#8243; _builder_version=&#8220;3.25&#8243; custom_padding=&#8220;|||&#8220; global_colors_info=&#8220;{}&#8220; custom_padding__hover=&#8220;|||&#8220;][et_pb_blurb title=&#8220;Telefon&#8220; use_icon=&#8220;on&#8220; font_icon=&#8220;&#xe090;||divi||400&#8243; icon_color=&#8220;#555555&#8243; _builder_version=&#8220;4.13.0&#8243; header_level=&#8220;h3&#8243; text_orientation=&#8220;center&#8220; custom_padding=&#8220;10px|10px|10px|10px&#8220; animation_style=&#8220;zoom&#8220; box_shadow_style=&#8220;preset1&#8243; global_colors_info=&#8220;{}&#8220;]<\/p>\n<p style=\"text-align: center;\">Wir sind f\u00fcr Sie da<br \/>\n<a href=\"tel:004982199973940\">+49 821 999 739 40<\/a><\/p>\n<p>[\/et_pb_blurb][\/et_pb_column_inner][\/et_pb_row_inner][\/et_pb_column][\/et_pb_section]<\/p>\n","protected":false},"excerpt":{"rendered":"<p>Mit Javascript Callbacks kann auf Ereignisse w\u00e4hrend des Buchungsvorgangs reagiert werden. Mit eigenem JavaScript Code k\u00f6nnen so Aktionen au\u00dferhalb von cituro ausgel\u00f6st werden (Bspw. auf der Elternseite, auf der das Buchungswidget eingebunden ist).<\/p>\n","protected":false},"author":2,"featured_media":0,"parent":3464,"menu_order":0,"comment_status":"closed","ping_status":"closed","template":"","meta":{"_et_pb_use_builder":"on","_et_pb_old_content":"","_et_gb_content_width":"","footnotes":""},"class_list":["post-3470","page","type-page","status-publish","hentry"],"yoast_head":"<!-- This site is optimized with the Yoast SEO plugin v23.9 - https:\/\/yoast.com\/wordpress\/plugins\/seo\/ -->\n<title>Javascript Callbacks f\u00fcr das cituro Buchungswidget<\/title>\n<meta name=\"description\" content=\"Mit den verschiedenen Callback-Mechanismen k\u00f6nnen Entwickler auf wichtige Ereignisse w\u00e4hrend der Onlinebuchung reagieren und individuelle Aktionen wie Google-Analytics Tracking ausf\u00fchren.\" \/>\n<meta name=\"robots\" content=\"index, follow, max-snippet:-1, max-image-preview:large, max-video-preview:-1\" \/>\n<link rel=\"canonical\" href=\"https:\/\/www.cituro.com\/help\/developers-corner\/javascript-callbacks\" \/>\n<meta property=\"og:locale\" content=\"de_DE\" \/>\n<meta property=\"og:type\" content=\"article\" \/>\n<meta property=\"og:title\" content=\"Javascript Callbacks f\u00fcr das cituro Buchungswidget\" \/>\n<meta property=\"og:description\" content=\"Mit den verschiedenen Callback-Mechanismen k\u00f6nnen Entwickler auf wichtige Ereignisse w\u00e4hrend der Onlinebuchung reagieren und individuelle Aktionen wie Google-Analytics Tracking ausf\u00fchren.\" \/>\n<meta property=\"og:url\" content=\"https:\/\/www.cituro.com\/help\/developers-corner\/javascript-callbacks\" \/>\n<meta property=\"og:site_name\" content=\"cituro Helpcenter\" \/>\n<meta property=\"article:modified_time\" content=\"2026-02-10T08:16:55+00:00\" \/>\n<meta name=\"twitter:card\" content=\"summary_large_image\" \/>\n<meta name=\"twitter:label1\" content=\"Gesch\u00e4tzte Lesezeit\" \/>\n\t<meta name=\"twitter:data1\" content=\"4\u00a0Minuten\" \/>\n<script type=\"application\/ld+json\" class=\"yoast-schema-graph\">{\"@context\":\"https:\/\/schema.org\",\"@graph\":[{\"@type\":\"WebPage\",\"@id\":\"https:\/\/www.cituro.com\/help\/developers-corner\/javascript-callbacks\",\"url\":\"https:\/\/www.cituro.com\/help\/developers-corner\/javascript-callbacks\",\"name\":\"Javascript Callbacks f\u00fcr das cituro Buchungswidget\",\"isPartOf\":{\"@id\":\"https:\/\/www.cituro.com\/help\/#website\"},\"datePublished\":\"2021-09-01T13:18:30+00:00\",\"dateModified\":\"2026-02-10T08:16:55+00:00\",\"description\":\"Mit den verschiedenen Callback-Mechanismen k\u00f6nnen Entwickler auf wichtige Ereignisse w\u00e4hrend der Onlinebuchung reagieren und individuelle Aktionen wie Google-Analytics Tracking ausf\u00fchren.\",\"breadcrumb\":{\"@id\":\"https:\/\/www.cituro.com\/help\/developers-corner\/javascript-callbacks#breadcrumb\"},\"inLanguage\":\"de\",\"potentialAction\":[{\"@type\":\"ReadAction\",\"target\":[\"https:\/\/www.cituro.com\/help\/developers-corner\/javascript-callbacks\"]}]},{\"@type\":\"BreadcrumbList\",\"@id\":\"https:\/\/www.cituro.com\/help\/developers-corner\/javascript-callbacks#breadcrumb\",\"itemListElement\":[{\"@type\":\"ListItem\",\"position\":1,\"name\":\"Startseite\",\"item\":\"https:\/\/www.cituro.com\/help\/\"},{\"@type\":\"ListItem\",\"position\":2,\"name\":\"F\u00fcr Entwickler\",\"item\":\"https:\/\/www.cituro.com\/help\/developers-corner\"},{\"@type\":\"ListItem\",\"position\":3,\"name\":\"Javascript-Callbacks\"}]},{\"@type\":\"WebSite\",\"@id\":\"https:\/\/www.cituro.com\/help\/#website\",\"url\":\"https:\/\/www.cituro.com\/help\/\",\"name\":\"cituro Helpcenter\",\"description\":\"Eine weitere WordPress-Website\",\"potentialAction\":[{\"@type\":\"SearchAction\",\"target\":{\"@type\":\"EntryPoint\",\"urlTemplate\":\"https:\/\/www.cituro.com\/help\/?s={search_term_string}\"},\"query-input\":{\"@type\":\"PropertyValueSpecification\",\"valueRequired\":true,\"valueName\":\"search_term_string\"}}],\"inLanguage\":\"de\"}]}<\/script>\n<!-- \/ Yoast SEO plugin. -->","yoast_head_json":{"title":"Javascript Callbacks f\u00fcr das cituro Buchungswidget","description":"Mit den verschiedenen Callback-Mechanismen k\u00f6nnen Entwickler auf wichtige Ereignisse w\u00e4hrend der Onlinebuchung reagieren und individuelle Aktionen wie Google-Analytics Tracking ausf\u00fchren.","robots":{"index":"index","follow":"follow","max-snippet":"max-snippet:-1","max-image-preview":"max-image-preview:large","max-video-preview":"max-video-preview:-1"},"canonical":"https:\/\/www.cituro.com\/help\/developers-corner\/javascript-callbacks","og_locale":"de_DE","og_type":"article","og_title":"Javascript Callbacks f\u00fcr das cituro Buchungswidget","og_description":"Mit den verschiedenen Callback-Mechanismen k\u00f6nnen Entwickler auf wichtige Ereignisse w\u00e4hrend der Onlinebuchung reagieren und individuelle Aktionen wie Google-Analytics Tracking ausf\u00fchren.","og_url":"https:\/\/www.cituro.com\/help\/developers-corner\/javascript-callbacks","og_site_name":"cituro Helpcenter","article_modified_time":"2026-02-10T08:16:55+00:00","twitter_card":"summary_large_image","twitter_misc":{"Gesch\u00e4tzte Lesezeit":"4\u00a0Minuten"},"schema":{"@context":"https:\/\/schema.org","@graph":[{"@type":"WebPage","@id":"https:\/\/www.cituro.com\/help\/developers-corner\/javascript-callbacks","url":"https:\/\/www.cituro.com\/help\/developers-corner\/javascript-callbacks","name":"Javascript Callbacks f\u00fcr das cituro Buchungswidget","isPartOf":{"@id":"https:\/\/www.cituro.com\/help\/#website"},"datePublished":"2021-09-01T13:18:30+00:00","dateModified":"2026-02-10T08:16:55+00:00","description":"Mit den verschiedenen Callback-Mechanismen k\u00f6nnen Entwickler auf wichtige Ereignisse w\u00e4hrend der Onlinebuchung reagieren und individuelle Aktionen wie Google-Analytics Tracking ausf\u00fchren.","breadcrumb":{"@id":"https:\/\/www.cituro.com\/help\/developers-corner\/javascript-callbacks#breadcrumb"},"inLanguage":"de","potentialAction":[{"@type":"ReadAction","target":["https:\/\/www.cituro.com\/help\/developers-corner\/javascript-callbacks"]}]},{"@type":"BreadcrumbList","@id":"https:\/\/www.cituro.com\/help\/developers-corner\/javascript-callbacks#breadcrumb","itemListElement":[{"@type":"ListItem","position":1,"name":"Startseite","item":"https:\/\/www.cituro.com\/help\/"},{"@type":"ListItem","position":2,"name":"F\u00fcr Entwickler","item":"https:\/\/www.cituro.com\/help\/developers-corner"},{"@type":"ListItem","position":3,"name":"Javascript-Callbacks"}]},{"@type":"WebSite","@id":"https:\/\/www.cituro.com\/help\/#website","url":"https:\/\/www.cituro.com\/help\/","name":"cituro Helpcenter","description":"Eine weitere WordPress-Website","potentialAction":[{"@type":"SearchAction","target":{"@type":"EntryPoint","urlTemplate":"https:\/\/www.cituro.com\/help\/?s={search_term_string}"},"query-input":{"@type":"PropertyValueSpecification","valueRequired":true,"valueName":"search_term_string"}}],"inLanguage":"de"}]}},"_links":{"self":[{"href":"https:\/\/www.cituro.com\/help\/wp-json\/wp\/v2\/pages\/3470","targetHints":{"allow":["GET"]}}],"collection":[{"href":"https:\/\/www.cituro.com\/help\/wp-json\/wp\/v2\/pages"}],"about":[{"href":"https:\/\/www.cituro.com\/help\/wp-json\/wp\/v2\/types\/page"}],"author":[{"embeddable":true,"href":"https:\/\/www.cituro.com\/help\/wp-json\/wp\/v2\/users\/2"}],"replies":[{"embeddable":true,"href":"https:\/\/www.cituro.com\/help\/wp-json\/wp\/v2\/comments?post=3470"}],"version-history":[{"count":2,"href":"https:\/\/www.cituro.com\/help\/wp-json\/wp\/v2\/pages\/3470\/revisions"}],"predecessor-version":[{"id":13189,"href":"https:\/\/www.cituro.com\/help\/wp-json\/wp\/v2\/pages\/3470\/revisions\/13189"}],"up":[{"embeddable":true,"href":"https:\/\/www.cituro.com\/help\/wp-json\/wp\/v2\/pages\/3464"}],"wp:attachment":[{"href":"https:\/\/www.cituro.com\/help\/wp-json\/wp\/v2\/media?parent=3470"}],"curies":[{"name":"wp","href":"https:\/\/api.w.org\/{rel}","templated":true}]}}