{"id":3294,"date":"2021-09-02T08:51:08","date_gmt":"2021-09-02T06:51:08","guid":{"rendered":"https:\/\/www.cituro.com\/help\/?page_id=3294"},"modified":"2025-09-02T23:05:25","modified_gmt":"2025-09-02T21:05:25","slug":"weitere-online-meeting-tools","status":"publish","type":"page","link":"https:\/\/www.cituro.com\/help\/online-meetings\/weitere-online-meeting-tools","title":{"rendered":"Weitere Online-Meeting-Tools"},"content":{"rendered":"<p>[et_pb_section fb_built=&#8220;1&#8243; specialty=&#8220;on&#8220; module_class=&#8220; et_pb_specialty_fullwidth&#8220; _builder_version=&#8220;3.22&#8243; inner_width=&#8220;89%&#8220; inner_width_tablet=&#8220;80%&#8220; inner_width_phone=&#8220;&#8220; inner_width_last_edited=&#8220;on|desktop&#8220; inner_max_width=&#8220;89%&#8220; inner_max_width_tablet=&#8220;80%&#8220; inner_max_width_phone=&#8220;&#8220; inner_max_width_last_edited=&#8220;on|desktop&#8220; make_fullwidth=&#8220;on&#8220; global_colors_info=&#8220;{}&#8220;][et_pb_column type=&#8220;1_4&#8243; _builder_version=&#8220;3.25&#8243; custom_padding=&#8220;|||&#8220; global_colors_info=&#8220;{}&#8220; custom_padding__hover=&#8220;|||&#8220;][et_pb_sidebar area=&#8220;sidebar-1&#8243; disabled_on=&#8220;on|on|off&#8220; _builder_version=&#8220;3.29.3&#8243; custom_padding=&#8220;50px|||&#8220; global_colors_info=&#8220;{}&#8220;][\/et_pb_sidebar][\/et_pb_column][et_pb_column type=&#8220;3_4&#8243; specialty_columns=&#8220;3&#8243; _builder_version=&#8220;3.25&#8243; custom_padding=&#8220;|||&#8220; global_colors_info=&#8220;{}&#8220; custom_padding__hover=&#8220;|||&#8220;][et_pb_row_inner admin_label=&#8220;Zeile&#8220; _builder_version=&#8220;3.25&#8243; global_colors_info=&#8220;{}&#8220;][et_pb_column_inner saved_specialty_column_type=&#8220;3_4&#8243; _builder_version=&#8220;3.25&#8243; custom_padding=&#8220;|||&#8220; global_colors_info=&#8220;{}&#8220; custom_padding__hover=&#8220;|||&#8220;][et_pb_text admin_label=&#8220;Einbindung von Online-Meeting-Tools&#8220; _builder_version=&#8220;4.14.5&#8243; global_colors_info=&#8220;{}&#8220;]<\/p>\n<h1>Einbindung von Online-Meeting-Tools<\/h1>\n<p>[\/et_pb_text][et_pb_text _builder_version=&#8220;4.14.5&#8243; hover_enabled=&#8220;0&#8243; global_colors_info=&#8220;{}&#8220; sticky_enabled=&#8220;0&#8243;]<\/p>\n<p>Hier zeigen wir Ihnen, wie Sie weitere Videokonferenz-Tools f\u00fcr Ihre Online-\u00dcbertragungen (Online-Kurse, Online-Workshops, Online-Trainings, Online-Meetings, Webkonferenzen, Online-Demonstrationen, Videokonferenzen uvm.) mit cituro nutzen k\u00f6nnen. Was Sie daf\u00fcr ben\u00f6tigen? Einen cituro Account und ein Videokonferenz-Tool.<\/p>\n<p>Falls Sie noch keinen cituro Account haben k\u00f6nnen Sie sich <a href=\"https:\/\/www.cituro.com\/registrierung\" target=\"_blank\" rel=\"noopener noreferrer\">hier f\u00fcr die kostenlose 14-t\u00e4gige Testphase registrieren<\/a>.<\/p>\n<p>[\/et_pb_text][et_pb_text _builder_version=&#8220;3.29.3&#8243; hover_enabled=&#8220;0&#8243; global_colors_info=&#8220;{}&#8220; sticky_enabled=&#8220;0&#8243;]<\/p>\n<h2>Anleitung<\/h2>\n<p>[\/et_pb_text][et_pb_text _builder_version=&#8220;3.29.3&#8243; hover_enabled=&#8220;0&#8243; global_colors_info=&#8220;{}&#8220; sticky_enabled=&#8220;0&#8243;]<strong><a href=\"https:\/\/www.cituro.com\/help\/online-meetings\/anleitung-fuer-einzelleistungen\">F\u00fcr Einzelleistung<\/a><\/strong><br \/>\nSie k\u00f6nnen pro Mitarbeiter einen Link f\u00fcr Online-Meetings hinterlegen. Dieser Link wird automatisch in Best\u00e4tigungsemails generiert und als Ort des Meetings verwendet, wenn Leistungen gebucht werden, die als &#8222;Online-Meeting&#8220; konfiguriert sind.<\/p>\n<p><strong><a href=\"https:\/\/www.cituro.com\/help\/online-meetings\/anleitung-fuer-gruppenleistungen\">F\u00fcr Gruppenleistungen<\/a><\/strong><br \/>\nPro Kurs kann eine individuelle Online-Meeting-URL hinzugef\u00fcgt werden. Dieser Link wird automatisch in Best\u00e4tigungsemails generiert und als Ort der Veranstaltung verwendet, wenn Gruppenleistungen gebucht werden, die als &#8222;Online-Meeting&#8220; konfiguriert sind.<br \/>\n[\/et_pb_text][\/et_pb_column_inner][\/et_pb_row_inner][et_pb_row_inner admin_label=&#8220;Zeile&#8220; _builder_version=&#8220;3.25&#8243; global_colors_info=&#8220;{}&#8220;][et_pb_column_inner saved_specialty_column_type=&#8220;3_4&#8243; _builder_version=&#8220;3.25&#8243; custom_padding=&#8220;|||&#8220; global_colors_info=&#8220;{}&#8220; custom_padding__hover=&#8220;|||&#8220;][et_pb_divider color=&#8220;#555555&#8243; _builder_version=&#8220;3.5.1&#8243; global_colors_info=&#8220;{}&#8220;][\/et_pb_divider][\/et_pb_column_inner][\/et_pb_row_inner][et_pb_row_inner column_structure=&#8220;1_2,1_2&#8243; admin_label=&#8220;Zeile&#8220; _builder_version=&#8220;3.29.3&#8243; global_colors_info=&#8220;{}&#8220;][et_pb_column_inner type=&#8220;1_2&#8243; saved_specialty_column_type=&#8220;3_4&#8243; _builder_version=&#8220;3.25&#8243; custom_padding=&#8220;|||&#8220; global_colors_info=&#8220;{}&#8220; custom_padding__hover=&#8220;|||&#8220;][et_pb_blurb title=&#8220;Einzelleistungen&#8220; url=&#8220;https:\/\/www.cituro.com\/help\/online-meetings\/anleitung-fuer-einzelleistungen&#8220; use_icon=&#8220;on&#8220; font_icon=&#8220;&#xe08a;||divi||400&#8243; icon_color=&#8220;#555555&#8243; _builder_version=&#8220;4.14.5&#8243; header_level=&#8220;h3&#8243; body_text_align=&#8220;left&#8220; custom_padding=&#8220;10px|10px|10px|10px&#8220; animation_style=&#8220;zoom&#8220; link_option_url=&#8220;https:\/\/www.cituro.com\/help\/online-meetings\/anleitung-fuer-einzelleistungen&#8220; box_shadow_style=&#8220;preset1&#8243; saved_tabs=&#8220;all&#8220; global_colors_info=&#8220;{}&#8220;]<\/p>\n<p style=\"text-align: center;\">Anleitung<br \/>z.B. f\u00fcr Online-Besprechungen<\/p>\n<p>[\/et_pb_blurb][\/et_pb_column_inner][et_pb_column_inner type=&#8220;1_2&#8243; saved_specialty_column_type=&#8220;3_4&#8243; _builder_version=&#8220;3.25&#8243; custom_padding=&#8220;|||&#8220; global_colors_info=&#8220;{}&#8220; custom_padding__hover=&#8220;|||&#8220;][et_pb_blurb title=&#8220;Gruppenleistungen&#8220; url=&#8220;https:\/\/www.cituro.com\/help\/online-meetings\/anleitung-fuer-gruppenleistungen&#8220; use_icon=&#8220;on&#8220; font_icon=&#8220;&#xe08b;||divi||400&#8243; icon_color=&#8220;#555555&#8243; _builder_version=&#8220;4.14.5&#8243; header_level=&#8220;h3&#8243; body_text_align=&#8220;left&#8220; custom_padding=&#8220;10px|10px|10px|10px&#8220; animation_style=&#8220;zoom&#8220; link_option_url=&#8220;https:\/\/www.cituro.com\/help\/online-meetings\/anleitung-fuer-gruppenleistungen&#8220; box_shadow_style=&#8220;preset1&#8243; saved_tabs=&#8220;all&#8220; global_colors_info=&#8220;{}&#8220;]<\/p>\n<p style=\"text-align: center;\">Anleitung<br \/>z.B. f\u00fcr Online-Kurse<\/p>\n<p>[\/et_pb_blurb][\/et_pb_column_inner][\/et_pb_row_inner][et_pb_row_inner _builder_version=&#8220;3.25&#8243; global_module=&#8220;491&#8243; collapsed=&#8220;off&#8220; global_colors_info=&#8220;{}&#8220;][et_pb_column_inner _builder_version=&#8220;3.25&#8243; custom_padding=&#8220;|||&#8220; global_colors_info=&#8220;{}&#8220; custom_padding__hover=&#8220;|||&#8220;][et_pb_divider color=&#8220;#555555&#8243; divider_position=&#8220;center&#8220; _builder_version=&#8220;4.12.1&#8243; global_colors_info=&#8220;{}&#8220;][\/et_pb_divider][et_pb_text _builder_version=&#8220;4.14.5&#8243; global_colors_info=&#8220;{}&#8220;]<\/p>\n<h2 style=\"text-align: center;\">Sie haben Fragen? Wir helfen gerne!<\/h2>\n<p>[\/et_pb_text][\/et_pb_column_inner][\/et_pb_row_inner][et_pb_row_inner column_structure=&#8220;1_2,1_2&#8243; _builder_version=&#8220;3.25&#8243; global_module=&#8220;487&#8243; saved_tabs=&#8220;all&#8220; global_colors_info=&#8220;{}&#8220;][et_pb_column_inner type=&#8220;1_2&#8243; _builder_version=&#8220;3.25&#8243; custom_padding=&#8220;|||&#8220; global_colors_info=&#8220;{}&#8220; custom_padding__hover=&#8220;|||&#8220;][et_pb_blurb title=&#8220;E-Mail&#8220; use_icon=&#8220;on&#8220; font_icon=&#8220;&#xe010;||divi||400&#8243; icon_color=&#8220;#555555&#8243; _builder_version=&#8220;4.13.0&#8243; header_level=&#8220;h3&#8243; text_orientation=&#8220;center&#8220; custom_padding=&#8220;10px|10px|10px|10px&#8220; animation_style=&#8220;zoom&#8220; box_shadow_style=&#8220;preset1&#8243; global_colors_info=&#8220;{}&#8220;]<\/p>\n<p style=\"text-align: center;\">Schreiben Sie uns eine E-Mail<br \/>\n<a href=\"mailto:support@cituro.com\">support@cituro.com<\/a><\/p>\n<p>[\/et_pb_blurb][\/et_pb_column_inner][et_pb_column_inner type=&#8220;1_2&#8243; _builder_version=&#8220;3.25&#8243; custom_padding=&#8220;|||&#8220; global_colors_info=&#8220;{}&#8220; custom_padding__hover=&#8220;|||&#8220;][et_pb_blurb title=&#8220;Telefon&#8220; use_icon=&#8220;on&#8220; font_icon=&#8220;&#xe090;||divi||400&#8243; icon_color=&#8220;#555555&#8243; _builder_version=&#8220;4.13.0&#8243; header_level=&#8220;h3&#8243; text_orientation=&#8220;center&#8220; custom_padding=&#8220;10px|10px|10px|10px&#8220; animation_style=&#8220;zoom&#8220; box_shadow_style=&#8220;preset1&#8243; global_colors_info=&#8220;{}&#8220;]<\/p>\n<p style=\"text-align: center;\">Wir sind f\u00fcr Sie da<br \/>\n<a href=\"tel:004982199973940\">+49 821 999 739 40<\/a><\/p>\n<p>[\/et_pb_blurb][\/et_pb_column_inner][\/et_pb_row_inner][\/et_pb_column][\/et_pb_section]<\/p>\n","protected":false},"excerpt":{"rendered":"<p>Hier zeigen wir Ihnen, wie Sie weitere Videokonferenz-Tools wie z.B. Zoom f\u00fcr Ihre Online-\u00dcbertragungen (Online-Kurse, Online-Workshops, Online-Trainings, Online-Meetings, Webkonferenzen, Online-Demonstrationen, Videokonferenzen uvm.) mit cituro nutzen k\u00f6nnen.<\/p>\n","protected":false},"author":3,"featured_media":0,"parent":1915,"menu_order":0,"comment_status":"closed","ping_status":"closed","template":"","meta":{"_et_pb_use_builder":"on","_et_pb_old_content":"","_et_gb_content_width":"","footnotes":""},"class_list":["post-3294","page","type-page","status-publish","hentry"],"yoast_head":"<!-- This site is optimized with the Yoast SEO plugin v23.9 - https:\/\/yoast.com\/wordpress\/plugins\/seo\/ -->\n<title>Weitere Online-Meeting-Tools - cituro Helpcenter<\/title>\n<meta name=\"description\" content=\"In dieser Schritt f\u00fcr Schritt Anleitung zeigen wir Ihnen, wie Sie Online-Meeting-Tools mit fixen Meetingraum wie z.B. Zoom, f\u00fcr Ihre Onlinemeetings integrieren k\u00f6nnen.\" \/>\n<meta name=\"robots\" content=\"index, follow, max-snippet:-1, max-image-preview:large, max-video-preview:-1\" \/>\n<link rel=\"canonical\" href=\"https:\/\/www.cituro.com\/help\/online-meetings\/weitere-online-meeting-tools\" \/>\n<meta property=\"og:locale\" content=\"de_DE\" \/>\n<meta property=\"og:type\" content=\"article\" \/>\n<meta property=\"og:title\" content=\"Weitere Online-Meeting-Tools - cituro Helpcenter\" \/>\n<meta property=\"og:description\" content=\"In dieser Schritt f\u00fcr Schritt Anleitung zeigen wir Ihnen, wie Sie Online-Meeting-Tools mit fixen Meetingraum wie z.B. Zoom, f\u00fcr Ihre Onlinemeetings integrieren k\u00f6nnen.\" \/>\n<meta property=\"og:url\" content=\"https:\/\/www.cituro.com\/help\/online-meetings\/weitere-online-meeting-tools\" \/>\n<meta property=\"og:site_name\" content=\"cituro Helpcenter\" \/>\n<meta property=\"article:modified_time\" content=\"2025-09-02T21:05:25+00:00\" \/>\n<meta name=\"twitter:card\" content=\"summary_large_image\" \/>\n<meta name=\"twitter:label1\" content=\"Gesch\u00e4tzte Lesezeit\" \/>\n\t<meta name=\"twitter:data1\" content=\"3\u00a0Minuten\" \/>\n<script type=\"application\/ld+json\" class=\"yoast-schema-graph\">{\"@context\":\"https:\/\/schema.org\",\"@graph\":[{\"@type\":\"WebPage\",\"@id\":\"https:\/\/www.cituro.com\/help\/online-meetings\/weitere-online-meeting-tools\",\"url\":\"https:\/\/www.cituro.com\/help\/online-meetings\/weitere-online-meeting-tools\",\"name\":\"Weitere Online-Meeting-Tools - cituro Helpcenter\",\"isPartOf\":{\"@id\":\"https:\/\/www.cituro.com\/help\/#website\"},\"datePublished\":\"2021-09-02T06:51:08+00:00\",\"dateModified\":\"2025-09-02T21:05:25+00:00\",\"description\":\"In dieser Schritt f\u00fcr Schritt Anleitung zeigen wir Ihnen, wie Sie Online-Meeting-Tools mit fixen Meetingraum wie z.B. Zoom, f\u00fcr Ihre Onlinemeetings integrieren k\u00f6nnen.\",\"breadcrumb\":{\"@id\":\"https:\/\/www.cituro.com\/help\/online-meetings\/weitere-online-meeting-tools#breadcrumb\"},\"inLanguage\":\"de\",\"potentialAction\":[{\"@type\":\"ReadAction\",\"target\":[\"https:\/\/www.cituro.com\/help\/online-meetings\/weitere-online-meeting-tools\"]}]},{\"@type\":\"BreadcrumbList\",\"@id\":\"https:\/\/www.cituro.com\/help\/online-meetings\/weitere-online-meeting-tools#breadcrumb\",\"itemListElement\":[{\"@type\":\"ListItem\",\"position\":1,\"name\":\"Startseite\",\"item\":\"https:\/\/www.cituro.com\/help\/\"},{\"@type\":\"ListItem\",\"position\":2,\"name\":\"Online-Meetings\",\"item\":\"https:\/\/www.cituro.com\/help\/online-meetings\"},{\"@type\":\"ListItem\",\"position\":3,\"name\":\"Weitere Online-Meeting-Tools\"}]},{\"@type\":\"WebSite\",\"@id\":\"https:\/\/www.cituro.com\/help\/#website\",\"url\":\"https:\/\/www.cituro.com\/help\/\",\"name\":\"cituro Helpcenter\",\"description\":\"Eine weitere WordPress-Website\",\"potentialAction\":[{\"@type\":\"SearchAction\",\"target\":{\"@type\":\"EntryPoint\",\"urlTemplate\":\"https:\/\/www.cituro.com\/help\/?s={search_term_string}\"},\"query-input\":{\"@type\":\"PropertyValueSpecification\",\"valueRequired\":true,\"valueName\":\"search_term_string\"}}],\"inLanguage\":\"de\"}]}<\/script>\n<!-- \/ Yoast SEO plugin. -->","yoast_head_json":{"title":"Weitere Online-Meeting-Tools - cituro Helpcenter","description":"In dieser Schritt f\u00fcr Schritt Anleitung zeigen wir Ihnen, wie Sie Online-Meeting-Tools mit fixen Meetingraum wie z.B. Zoom, f\u00fcr Ihre Onlinemeetings integrieren k\u00f6nnen.","robots":{"index":"index","follow":"follow","max-snippet":"max-snippet:-1","max-image-preview":"max-image-preview:large","max-video-preview":"max-video-preview:-1"},"canonical":"https:\/\/www.cituro.com\/help\/online-meetings\/weitere-online-meeting-tools","og_locale":"de_DE","og_type":"article","og_title":"Weitere Online-Meeting-Tools - cituro Helpcenter","og_description":"In dieser Schritt f\u00fcr Schritt Anleitung zeigen wir Ihnen, wie Sie Online-Meeting-Tools mit fixen Meetingraum wie z.B. Zoom, f\u00fcr Ihre Onlinemeetings integrieren k\u00f6nnen.","og_url":"https:\/\/www.cituro.com\/help\/online-meetings\/weitere-online-meeting-tools","og_site_name":"cituro Helpcenter","article_modified_time":"2025-09-02T21:05:25+00:00","twitter_card":"summary_large_image","twitter_misc":{"Gesch\u00e4tzte Lesezeit":"3\u00a0Minuten"},"schema":{"@context":"https:\/\/schema.org","@graph":[{"@type":"WebPage","@id":"https:\/\/www.cituro.com\/help\/online-meetings\/weitere-online-meeting-tools","url":"https:\/\/www.cituro.com\/help\/online-meetings\/weitere-online-meeting-tools","name":"Weitere Online-Meeting-Tools - cituro Helpcenter","isPartOf":{"@id":"https:\/\/www.cituro.com\/help\/#website"},"datePublished":"2021-09-02T06:51:08+00:00","dateModified":"2025-09-02T21:05:25+00:00","description":"In dieser Schritt f\u00fcr Schritt Anleitung zeigen wir Ihnen, wie Sie Online-Meeting-Tools mit fixen Meetingraum wie z.B. Zoom, f\u00fcr Ihre Onlinemeetings integrieren k\u00f6nnen.","breadcrumb":{"@id":"https:\/\/www.cituro.com\/help\/online-meetings\/weitere-online-meeting-tools#breadcrumb"},"inLanguage":"de","potentialAction":[{"@type":"ReadAction","target":["https:\/\/www.cituro.com\/help\/online-meetings\/weitere-online-meeting-tools"]}]},{"@type":"BreadcrumbList","@id":"https:\/\/www.cituro.com\/help\/online-meetings\/weitere-online-meeting-tools#breadcrumb","itemListElement":[{"@type":"ListItem","position":1,"name":"Startseite","item":"https:\/\/www.cituro.com\/help\/"},{"@type":"ListItem","position":2,"name":"Online-Meetings","item":"https:\/\/www.cituro.com\/help\/online-meetings"},{"@type":"ListItem","position":3,"name":"Weitere Online-Meeting-Tools"}]},{"@type":"WebSite","@id":"https:\/\/www.cituro.com\/help\/#website","url":"https:\/\/www.cituro.com\/help\/","name":"cituro Helpcenter","description":"Eine weitere WordPress-Website","potentialAction":[{"@type":"SearchAction","target":{"@type":"EntryPoint","urlTemplate":"https:\/\/www.cituro.com\/help\/?s={search_term_string}"},"query-input":{"@type":"PropertyValueSpecification","valueRequired":true,"valueName":"search_term_string"}}],"inLanguage":"de"}]}},"_links":{"self":[{"href":"https:\/\/www.cituro.com\/help\/wp-json\/wp\/v2\/pages\/3294","targetHints":{"allow":["GET"]}}],"collection":[{"href":"https:\/\/www.cituro.com\/help\/wp-json\/wp\/v2\/pages"}],"about":[{"href":"https:\/\/www.cituro.com\/help\/wp-json\/wp\/v2\/types\/page"}],"author":[{"embeddable":true,"href":"https:\/\/www.cituro.com\/help\/wp-json\/wp\/v2\/users\/3"}],"replies":[{"embeddable":true,"href":"https:\/\/www.cituro.com\/help\/wp-json\/wp\/v2\/comments?post=3294"}],"version-history":[{"count":3,"href":"https:\/\/www.cituro.com\/help\/wp-json\/wp\/v2\/pages\/3294\/revisions"}],"predecessor-version":[{"id":12614,"href":"https:\/\/www.cituro.com\/help\/wp-json\/wp\/v2\/pages\/3294\/revisions\/12614"}],"up":[{"embeddable":true,"href":"https:\/\/www.cituro.com\/help\/wp-json\/wp\/v2\/pages\/1915"}],"wp:attachment":[{"href":"https:\/\/www.cituro.com\/help\/wp-json\/wp\/v2\/media?parent=3294"}],"curies":[{"name":"wp","href":"https:\/\/api.w.org\/{rel}","templated":true}]}}