{"id":2812,"date":"2020-12-12T12:39:26","date_gmt":"2020-12-12T11:39:26","guid":{"rendered":"https:\/\/www.cituro.com\/help\/?page_id=2812"},"modified":"2025-08-01T22:26:03","modified_gmt":"2025-08-01T20:26:03","slug":"hinweis-individuell-anpassen","status":"publish","type":"page","link":"https:\/\/www.cituro.com\/help\/individuelles-design\/hinweis-individuell-anpassen","title":{"rendered":"Hinweis individuell anpassen"},"content":{"rendered":"<p>[et_pb_section fb_built=&#8220;1&#8243; specialty=&#8220;on&#8220; module_class=&#8220; et_pb_specialty_fullwidth&#8220; _builder_version=&#8220;3.22&#8243; inner_width=&#8220;89%&#8220; inner_width_tablet=&#8220;80%&#8220; inner_width_phone=&#8220;&#8220; inner_width_last_edited=&#8220;on|desktop&#8220; inner_max_width=&#8220;89%&#8220; inner_max_width_tablet=&#8220;80%&#8220; inner_max_width_phone=&#8220;&#8220; inner_max_width_last_edited=&#8220;on|desktop&#8220; make_fullwidth=&#8220;on&#8220; global_colors_info=&#8220;{}&#8220;][et_pb_column type=&#8220;1_4&#8243; _builder_version=&#8220;3.25&#8243; custom_padding=&#8220;|||&#8220; global_colors_info=&#8220;{}&#8220; custom_padding__hover=&#8220;|||&#8220;][et_pb_sidebar area=&#8220;sidebar-1&#8243; disabled_on=&#8220;on|on|off&#8220; _builder_version=&#8220;3.29.3&#8243; custom_padding=&#8220;50px|||&#8220; global_colors_info=&#8220;{}&#8220;][\/et_pb_sidebar][\/et_pb_column][et_pb_column type=&#8220;3_4&#8243; specialty_columns=&#8220;3&#8243; _builder_version=&#8220;3.25&#8243; custom_padding=&#8220;|||&#8220; global_colors_info=&#8220;{}&#8220; custom_padding__hover=&#8220;|||&#8220;][et_pb_row_inner admin_label=&#8220;Zeile&#8220; _builder_version=&#8220;3.25&#8243; global_colors_info=&#8220;{}&#8220;][et_pb_column_inner saved_specialty_column_type=&#8220;3_4&#8243; _builder_version=&#8220;3.25&#8243; custom_padding=&#8220;|||&#8220; global_colors_info=&#8220;{}&#8220; custom_padding__hover=&#8220;|||&#8220;][et_pb_text admin_label=&#8220;Hinweis&#8220; _builder_version=&#8220;3.29.3&#8243; global_colors_info=&#8220;{}&#8220;]<\/p>\n<h1>Hinweis individuell anpassen<\/h1>\n<p>[\/et_pb_text][et_pb_text _builder_version=&#8220;3.29.3&#8243; global_colors_info=&#8220;{}&#8220;]<\/p>\n<p>Der Hinweis wird Ihren Kunden beim Aufruf der Online-Terminbuchung angezeigt. Hier k\u00f6nnen Sie nicht nur einfachen Text hinterlegen, sondern auch Ihre Webseite, Telefonnummer oder E-Mail Adresse mit Hilfe von HTML verlinken. <\/p>\n<p>Au\u00dferdem k\u00f6nnen Sie mit Hilfe von CSS weitere Anpassungen vornehmen.<\/p>\n<p>[\/et_pb_text][et_pb_divider color=&#8220;#555555&#8243; _builder_version=&#8220;3.5.1&#8243; global_colors_info=&#8220;{}&#8220;][\/et_pb_divider][\/et_pb_column_inner][\/et_pb_row_inner][et_pb_row_inner admin_label=&#8220;Zeile&#8220; _builder_version=&#8220;3.25&#8243; global_colors_info=&#8220;{}&#8220;][et_pb_column_inner saved_specialty_column_type=&#8220;3_4&#8243; _builder_version=&#8220;3.25&#8243; custom_padding=&#8220;|||&#8220; global_colors_info=&#8220;{}&#8220; custom_padding__hover=&#8220;|||&#8220;][et_pb_text admin_label=&#8220;Hinweistext stylen&#8220; _builder_version=&#8220;3.29.3&#8243; global_colors_info=&#8220;{}&#8220;]<\/p>\n<h2>Hinweistext stylen<\/h2>\n<p>[\/et_pb_text][et_pb_text admin_label=&#8220;Navigation&#8220; _builder_version=&#8220;3.29.3&#8243; global_colors_info=&#8220;{}&#8220;]<strong>Navigation<\/strong>: <strong>Men\u00fc<\/strong> \u2192 <strong>Onlinebuchung<\/strong> \u2192 <strong>Tab Design&#038;Vorschau<\/strong> \u2192 <strong>Buchungswidget<\/strong> \u2192 <strong>Hinweis<\/strong>[\/et_pb_text][et_pb_text admin_label=&#8220;Text&#8220; _builder_version=&#8220;3.29.3&#8243; global_colors_info=&#8220;{}&#8220;]<\/p>\n<p>Mit Hilfe von HTML k\u00f6nnen Sie den Hinweistext individuell gestalten.<\/p>\n<p>[\/et_pb_text][et_pb_image src=&#8220;https:\/\/www.cituro.com\/help\/wp-content\/uploads\/2020\/12\/hinweistext-stylen.png&#8220; alt=&#8220;Hinweistext stylen&#8220; align=&#8220;center&#8220; _builder_version=&#8220;4.14.5&#8243; hover_enabled=&#8220;0&#8243; global_colors_info=&#8220;{}&#8220; sticky_enabled=&#8220;0&#8243;][\/et_pb_image][et_pb_divider color=&#8220;#555555&#8243; _builder_version=&#8220;3.5.1&#8243; global_colors_info=&#8220;{}&#8220;][\/et_pb_divider][\/et_pb_column_inner][\/et_pb_row_inner][et_pb_row_inner admin_label=&#8220;Zeile&#8220; _builder_version=&#8220;3.25&#8243; global_colors_info=&#8220;{}&#8220;][et_pb_column_inner saved_specialty_column_type=&#8220;3_4&#8243; _builder_version=&#8220;3.25&#8243; custom_padding=&#8220;|||&#8220; global_colors_info=&#8220;{}&#8220; custom_padding__hover=&#8220;|||&#8220;][et_pb_text admin_label=&#8220;Farbe \u00e4ndern&#8220; _builder_version=&#8220;3.29.3&#8243; global_colors_info=&#8220;{}&#8220;]  <\/p>\n<h2>Farbe \u00e4ndern<\/h2>\n<p>[\/et_pb_text][et_pb_text _builder_version=&#8220;3.29.3&#8243; global_colors_info=&#8220;{}&#8220;]<strong>Schritt 1:<\/strong><br \/>\nKopieren Sie den Code unten und f\u00fcgen sie Ihn hier ein:<br \/>\nMen\u00fc \u2192 Onlinebuchung \u2192 Tab Design&#038;Vorschau \u2192 Buchungswidget \u2192 CSS bearbeiten<\/p>\n<p><strong>Schritt 2:<\/strong><br \/>\nErsetzten Sie den roten Beispiel Farbcode mit Ihrer gew\u00fcnschten Farbe.[\/et_pb_text][et_pb_code module_class=&#8220;source_code&#8220; _builder_version=&#8220;3.29.3&#8243; global_colors_info=&#8220;{}&#8220;].global-booking-note .icon-wrapper {<!-- [et_pb_line_break_holder] -->    background: <span style=\"color: #ff0000;\">#3e5f83<\/span>;<!-- [et_pb_line_break_holder] -->}<!-- [et_pb_line_break_holder] -->[\/et_pb_code][et_pb_divider color=&#8220;#555555&#8243; _builder_version=&#8220;3.5.1&#8243; global_colors_info=&#8220;{}&#8220;][\/et_pb_divider][\/et_pb_column_inner][\/et_pb_row_inner][et_pb_row_inner admin_label=&#8220;Zeile&#8220; _builder_version=&#8220;3.25&#8243; global_colors_info=&#8220;{}&#8220;][et_pb_column_inner saved_specialty_column_type=&#8220;3_4&#8243; _builder_version=&#8220;3.25&#8243; custom_padding=&#8220;|||&#8220; global_colors_info=&#8220;{}&#8220; custom_padding__hover=&#8220;|||&#8220;][et_pb_text admin_label=&#8220;Hinweis fixieren&#8220; _builder_version=&#8220;3.29.3&#8243; global_colors_info=&#8220;{}&#8220;]<\/p>\n<h2>Hinweis fixieren<\/h2>\n<p>[\/et_pb_text][et_pb_text _builder_version=&#8220;3.29.3&#8243; global_colors_info=&#8220;{}&#8220;]<\/p>\n<p>Um den Hinweistext zu fixieren, d.h. dass der Kunde nicht die M\u00f6glichkeit hat, den Hinweistext \u00fcber das X zu schlie\u00dfen, kopieren Sie den Code unten und f\u00fcgen sie Ihn hier ein:<\/p>\n<p>Men\u00fc \u2192 Onlinebuchung \u2192 Tab Design&#038;Vorschau \u2192 Buchungswidget \u2192 CSS bearbeiten[\/et_pb_text][et_pb_code module_class=&#8220;source_code&#8220; _builder_version=&#8220;3.29.3&#8243; global_colors_info=&#8220;{}&#8220;].global-booking-note .closebtn {<!-- [et_pb_line_break_holder] -->\t\tdisplay: none;<!-- [et_pb_line_break_holder] -->}[\/et_pb_code][\/et_pb_column_inner][\/et_pb_row_inner][et_pb_row_inner _builder_version=&#8220;3.25&#8243; global_module=&#8220;491&#8243; collapsed=&#8220;off&#8220; global_colors_info=&#8220;{}&#8220;][et_pb_column_inner _builder_version=&#8220;3.25&#8243; custom_padding=&#8220;|||&#8220; global_colors_info=&#8220;{}&#8220; custom_padding__hover=&#8220;|||&#8220;][et_pb_divider color=&#8220;#555555&#8243; divider_position=&#8220;center&#8220; _builder_version=&#8220;4.12.1&#8243; global_colors_info=&#8220;{}&#8220;][\/et_pb_divider][et_pb_text _builder_version=&#8220;4.14.5&#8243; global_colors_info=&#8220;{}&#8220;]<\/p>\n<h2 style=\"text-align: center;\">Sie haben Fragen? Wir helfen gerne!<\/h2>\n<p>[\/et_pb_text][\/et_pb_column_inner][\/et_pb_row_inner][et_pb_row_inner column_structure=&#8220;1_2,1_2&#8243; _builder_version=&#8220;3.25&#8243; global_module=&#8220;487&#8243; saved_tabs=&#8220;all&#8220; global_colors_info=&#8220;{}&#8220;][et_pb_column_inner type=&#8220;1_2&#8243; _builder_version=&#8220;3.25&#8243; custom_padding=&#8220;|||&#8220; global_colors_info=&#8220;{}&#8220; custom_padding__hover=&#8220;|||&#8220;][et_pb_blurb title=&#8220;E-Mail&#8220; use_icon=&#8220;on&#8220; font_icon=&#8220;&#xe010;||divi||400&#8243; icon_color=&#8220;#555555&#8243; _builder_version=&#8220;4.13.0&#8243; header_level=&#8220;h3&#8243; text_orientation=&#8220;center&#8220; custom_padding=&#8220;10px|10px|10px|10px&#8220; animation_style=&#8220;zoom&#8220; box_shadow_style=&#8220;preset1&#8243; global_colors_info=&#8220;{}&#8220;]<\/p>\n<p style=\"text-align: center;\">Schreiben Sie uns eine E-Mail<br \/>\n<a href=\"mailto:support@cituro.com\">support@cituro.com<\/a><\/p>\n<p>[\/et_pb_blurb][\/et_pb_column_inner][et_pb_column_inner type=&#8220;1_2&#8243; _builder_version=&#8220;3.25&#8243; custom_padding=&#8220;|||&#8220; global_colors_info=&#8220;{}&#8220; custom_padding__hover=&#8220;|||&#8220;][et_pb_blurb title=&#8220;Telefon&#8220; use_icon=&#8220;on&#8220; font_icon=&#8220;&#xe090;||divi||400&#8243; icon_color=&#8220;#555555&#8243; _builder_version=&#8220;4.13.0&#8243; header_level=&#8220;h3&#8243; text_orientation=&#8220;center&#8220; custom_padding=&#8220;10px|10px|10px|10px&#8220; animation_style=&#8220;zoom&#8220; box_shadow_style=&#8220;preset1&#8243; global_colors_info=&#8220;{}&#8220;]<\/p>\n<p style=\"text-align: center;\">Wir sind f\u00fcr Sie da<br \/>\n<a href=\"tel:004982199973940\">+49 821 999 739 40<\/a><\/p>\n<p>[\/et_pb_blurb][\/et_pb_column_inner][\/et_pb_row_inner][\/et_pb_column][\/et_pb_section]<\/p>\n","protected":false},"excerpt":{"rendered":"<p>Der Hinweis wird Ihren Kunden beim Aufruf der Online-Terminbuchung angezeigt. Hier k\u00f6nnen Sie nicht nur einfachen Text hinterlegen, sondern auch Ihre Webseite, Telefonnummer oder E-Mail Adresse mit Hilfe von HTML verlinken. Au\u00dferdem k\u00f6nnen Sie mit Hilfe von CSS weitere Anpassungen vornehmen.<\/p>\n","protected":false},"author":1,"featured_media":0,"parent":1558,"menu_order":0,"comment_status":"closed","ping_status":"closed","template":"","meta":{"_et_pb_use_builder":"on","_et_pb_old_content":"","_et_gb_content_width":"","footnotes":""},"class_list":["post-2812","page","type-page","status-publish","hentry"],"yoast_head":"<!-- This site is optimized with the Yoast SEO plugin v23.9 - https:\/\/yoast.com\/wordpress\/plugins\/seo\/ -->\n<title>Onlinebuchungshinweis individuell gestalten - cituro Helpcenter<\/title>\n<meta name=\"description\" content=\"Sie k\u00f6nnen das Buchungswidget individuell gestalten und Ihren Kunden beim Aufruf des Buchungswidgets einen individuellen Hinweistext angezeigen.\" \/>\n<meta name=\"robots\" content=\"index, follow, max-snippet:-1, max-image-preview:large, max-video-preview:-1\" \/>\n<link rel=\"canonical\" href=\"https:\/\/www.cituro.com\/help\/individuelles-design\/hinweis-individuell-anpassen\" \/>\n<meta property=\"og:locale\" content=\"de_DE\" \/>\n<meta property=\"og:type\" content=\"article\" \/>\n<meta property=\"og:title\" content=\"Onlinebuchungshinweis individuell gestalten - cituro Helpcenter\" \/>\n<meta property=\"og:description\" content=\"Sie k\u00f6nnen das Buchungswidget individuell gestalten und Ihren Kunden beim Aufruf des Buchungswidgets einen individuellen Hinweistext angezeigen.\" \/>\n<meta property=\"og:url\" content=\"https:\/\/www.cituro.com\/help\/individuelles-design\/hinweis-individuell-anpassen\" \/>\n<meta property=\"og:site_name\" content=\"cituro Helpcenter\" \/>\n<meta property=\"article:modified_time\" content=\"2025-08-01T20:26:03+00:00\" \/>\n<meta name=\"twitter:card\" content=\"summary_large_image\" \/>\n<meta name=\"twitter:label1\" content=\"Gesch\u00e4tzte Lesezeit\" \/>\n\t<meta name=\"twitter:data1\" content=\"3\u00a0Minuten\" \/>\n<script type=\"application\/ld+json\" class=\"yoast-schema-graph\">{\"@context\":\"https:\/\/schema.org\",\"@graph\":[{\"@type\":\"WebPage\",\"@id\":\"https:\/\/www.cituro.com\/help\/individuelles-design\/hinweis-individuell-anpassen\",\"url\":\"https:\/\/www.cituro.com\/help\/individuelles-design\/hinweis-individuell-anpassen\",\"name\":\"Onlinebuchungshinweis individuell gestalten - cituro Helpcenter\",\"isPartOf\":{\"@id\":\"https:\/\/www.cituro.com\/help\/#website\"},\"datePublished\":\"2020-12-12T11:39:26+00:00\",\"dateModified\":\"2025-08-01T20:26:03+00:00\",\"description\":\"Sie k\u00f6nnen das Buchungswidget individuell gestalten und Ihren Kunden beim Aufruf des Buchungswidgets einen individuellen Hinweistext angezeigen.\",\"breadcrumb\":{\"@id\":\"https:\/\/www.cituro.com\/help\/individuelles-design\/hinweis-individuell-anpassen#breadcrumb\"},\"inLanguage\":\"de\",\"potentialAction\":[{\"@type\":\"ReadAction\",\"target\":[\"https:\/\/www.cituro.com\/help\/individuelles-design\/hinweis-individuell-anpassen\"]}]},{\"@type\":\"BreadcrumbList\",\"@id\":\"https:\/\/www.cituro.com\/help\/individuelles-design\/hinweis-individuell-anpassen#breadcrumb\",\"itemListElement\":[{\"@type\":\"ListItem\",\"position\":1,\"name\":\"Startseite\",\"item\":\"https:\/\/www.cituro.com\/help\/\"},{\"@type\":\"ListItem\",\"position\":2,\"name\":\"Individuelles Design\",\"item\":\"https:\/\/www.cituro.com\/help\/individuelles-design\"},{\"@type\":\"ListItem\",\"position\":3,\"name\":\"Hinweis individuell anpassen\"}]},{\"@type\":\"WebSite\",\"@id\":\"https:\/\/www.cituro.com\/help\/#website\",\"url\":\"https:\/\/www.cituro.com\/help\/\",\"name\":\"cituro Helpcenter\",\"description\":\"Eine weitere WordPress-Website\",\"potentialAction\":[{\"@type\":\"SearchAction\",\"target\":{\"@type\":\"EntryPoint\",\"urlTemplate\":\"https:\/\/www.cituro.com\/help\/?s={search_term_string}\"},\"query-input\":{\"@type\":\"PropertyValueSpecification\",\"valueRequired\":true,\"valueName\":\"search_term_string\"}}],\"inLanguage\":\"de\"}]}<\/script>\n<!-- \/ Yoast SEO plugin. -->","yoast_head_json":{"title":"Onlinebuchungshinweis individuell gestalten - cituro Helpcenter","description":"Sie k\u00f6nnen das Buchungswidget individuell gestalten und Ihren Kunden beim Aufruf des Buchungswidgets einen individuellen Hinweistext angezeigen.","robots":{"index":"index","follow":"follow","max-snippet":"max-snippet:-1","max-image-preview":"max-image-preview:large","max-video-preview":"max-video-preview:-1"},"canonical":"https:\/\/www.cituro.com\/help\/individuelles-design\/hinweis-individuell-anpassen","og_locale":"de_DE","og_type":"article","og_title":"Onlinebuchungshinweis individuell gestalten - cituro Helpcenter","og_description":"Sie k\u00f6nnen das Buchungswidget individuell gestalten und Ihren Kunden beim Aufruf des Buchungswidgets einen individuellen Hinweistext angezeigen.","og_url":"https:\/\/www.cituro.com\/help\/individuelles-design\/hinweis-individuell-anpassen","og_site_name":"cituro Helpcenter","article_modified_time":"2025-08-01T20:26:03+00:00","twitter_card":"summary_large_image","twitter_misc":{"Gesch\u00e4tzte Lesezeit":"3\u00a0Minuten"},"schema":{"@context":"https:\/\/schema.org","@graph":[{"@type":"WebPage","@id":"https:\/\/www.cituro.com\/help\/individuelles-design\/hinweis-individuell-anpassen","url":"https:\/\/www.cituro.com\/help\/individuelles-design\/hinweis-individuell-anpassen","name":"Onlinebuchungshinweis individuell gestalten - cituro Helpcenter","isPartOf":{"@id":"https:\/\/www.cituro.com\/help\/#website"},"datePublished":"2020-12-12T11:39:26+00:00","dateModified":"2025-08-01T20:26:03+00:00","description":"Sie k\u00f6nnen das Buchungswidget individuell gestalten und Ihren Kunden beim Aufruf des Buchungswidgets einen individuellen Hinweistext angezeigen.","breadcrumb":{"@id":"https:\/\/www.cituro.com\/help\/individuelles-design\/hinweis-individuell-anpassen#breadcrumb"},"inLanguage":"de","potentialAction":[{"@type":"ReadAction","target":["https:\/\/www.cituro.com\/help\/individuelles-design\/hinweis-individuell-anpassen"]}]},{"@type":"BreadcrumbList","@id":"https:\/\/www.cituro.com\/help\/individuelles-design\/hinweis-individuell-anpassen#breadcrumb","itemListElement":[{"@type":"ListItem","position":1,"name":"Startseite","item":"https:\/\/www.cituro.com\/help\/"},{"@type":"ListItem","position":2,"name":"Individuelles Design","item":"https:\/\/www.cituro.com\/help\/individuelles-design"},{"@type":"ListItem","position":3,"name":"Hinweis individuell anpassen"}]},{"@type":"WebSite","@id":"https:\/\/www.cituro.com\/help\/#website","url":"https:\/\/www.cituro.com\/help\/","name":"cituro Helpcenter","description":"Eine weitere WordPress-Website","potentialAction":[{"@type":"SearchAction","target":{"@type":"EntryPoint","urlTemplate":"https:\/\/www.cituro.com\/help\/?s={search_term_string}"},"query-input":{"@type":"PropertyValueSpecification","valueRequired":true,"valueName":"search_term_string"}}],"inLanguage":"de"}]}},"_links":{"self":[{"href":"https:\/\/www.cituro.com\/help\/wp-json\/wp\/v2\/pages\/2812","targetHints":{"allow":["GET"]}}],"collection":[{"href":"https:\/\/www.cituro.com\/help\/wp-json\/wp\/v2\/pages"}],"about":[{"href":"https:\/\/www.cituro.com\/help\/wp-json\/wp\/v2\/types\/page"}],"author":[{"embeddable":true,"href":"https:\/\/www.cituro.com\/help\/wp-json\/wp\/v2\/users\/1"}],"replies":[{"embeddable":true,"href":"https:\/\/www.cituro.com\/help\/wp-json\/wp\/v2\/comments?post=2812"}],"version-history":[{"count":1,"href":"https:\/\/www.cituro.com\/help\/wp-json\/wp\/v2\/pages\/2812\/revisions"}],"predecessor-version":[{"id":12536,"href":"https:\/\/www.cituro.com\/help\/wp-json\/wp\/v2\/pages\/2812\/revisions\/12536"}],"up":[{"embeddable":true,"href":"https:\/\/www.cituro.com\/help\/wp-json\/wp\/v2\/pages\/1558"}],"wp:attachment":[{"href":"https:\/\/www.cituro.com\/help\/wp-json\/wp\/v2\/media?parent=2812"}],"curies":[{"name":"wp","href":"https:\/\/api.w.org\/{rel}","templated":true}]}}