{"id":2788,"date":"2020-12-11T16:51:01","date_gmt":"2020-12-11T15:51:01","guid":{"rendered":"https:\/\/www.cituro.com\/help\/?page_id=2788"},"modified":"2025-08-01T22:24:53","modified_gmt":"2025-08-01T20:24:53","slug":"logo-einfuegen","status":"publish","type":"page","link":"https:\/\/www.cituro.com\/help\/individuelles-design\/logo-einfuegen","title":{"rendered":"Logo einf\u00fcgen"},"content":{"rendered":"<p>[et_pb_section fb_built=&#8220;1&#8243; specialty=&#8220;on&#8220; module_class=&#8220; et_pb_specialty_fullwidth&#8220; _builder_version=&#8220;3.22&#8243; inner_width=&#8220;89%&#8220; inner_width_tablet=&#8220;80%&#8220; inner_width_phone=&#8220;&#8220; inner_width_last_edited=&#8220;on|desktop&#8220; inner_max_width=&#8220;89%&#8220; inner_max_width_tablet=&#8220;80%&#8220; inner_max_width_phone=&#8220;&#8220; inner_max_width_last_edited=&#8220;on|desktop&#8220; make_fullwidth=&#8220;on&#8220; global_colors_info=&#8220;{}&#8220;][et_pb_column type=&#8220;1_4&#8243; _builder_version=&#8220;3.25&#8243; custom_padding=&#8220;|||&#8220; global_colors_info=&#8220;{}&#8220; custom_padding__hover=&#8220;|||&#8220;][et_pb_sidebar area=&#8220;sidebar-1&#8243; disabled_on=&#8220;on|on|off&#8220; _builder_version=&#8220;3.29.3&#8243; custom_padding=&#8220;50px|||&#8220; global_colors_info=&#8220;{}&#8220;][\/et_pb_sidebar][\/et_pb_column][et_pb_column type=&#8220;3_4&#8243; specialty_columns=&#8220;3&#8243; _builder_version=&#8220;3.25&#8243; custom_padding=&#8220;|||&#8220; global_colors_info=&#8220;{}&#8220; custom_padding__hover=&#8220;|||&#8220;][et_pb_row_inner admin_label=&#8220;Zeile&#8220; _builder_version=&#8220;3.25&#8243; locked=&#8220;off&#8220; global_colors_info=&#8220;{}&#8220;][et_pb_column_inner saved_specialty_column_type=&#8220;3_4&#8243; _builder_version=&#8220;3.25&#8243; custom_padding=&#8220;|||&#8220; global_colors_info=&#8220;{}&#8220; custom_padding__hover=&#8220;|||&#8220;][et_pb_text admin_label=&#8220;Logo einf\u00fcgen&#8220; _builder_version=&#8220;4.14.5&#8243; global_colors_info=&#8220;{}&#8220;]<\/p>\n<h1>Logo einf\u00fcgen<\/h1>\n<p>[\/et_pb_text][et_pb_text _builder_version=&#8220;4.14.5&#8243; custom_padding=&#8220;0px||20px&#8220; global_colors_info=&#8220;{}&#8220;]<\/p>\n<p>In der folgenden Anleitung zeigen wir Ihnen, wie Sie Ihr Logo oder ein Bild in die Titelleiste Ihrer Online-Terminbuchung einf\u00fcgen k\u00f6nnen. F\u00fcr den Upload einer Bilddatei sind folgende Formate zul\u00e4ssig: .png, .jpg, .gif, und .svg.<\/p>\n<p>[\/et_pb_text][et_pb_text admin_label=&#8220;Anleitung&#8220; _builder_version=&#8220;3.29.3&#8243; global_colors_info=&#8220;{}&#8220;]<strong>Schritt-f\u00fcr-Schritt Anleitung<\/strong>[\/et_pb_text][et_pb_text admin_label=&#8220;Liste&#8220; _builder_version=&#8220;4.14.5&#8243; global_colors_info=&#8220;{}&#8220;]<\/p>\n<ol>\n<li><a href=\"#upload\">Logo als Bild hochladen<\/a><\/li>\n<li><a href=\"#link\">Logo als Link einf\u00fcgen<\/a><\/li>\n<\/ol>\n<p>[\/et_pb_text][et_pb_image src=&#8220;https:\/\/www.cituro.com\/help\/wp-content\/uploads\/2023\/10\/Logo-hinzufuegen.png&#8220; alt=&#8220;F\u00fcgen Sie Ihr eigenes Logo in der Titelleiste hinzu&#8220; title_text=&#8220;Logo-hinzuf\u00fcgen&#8220; align_tablet=&#8220;center&#8220; align_phone=&#8220;&#8220; align_last_edited=&#8220;on|desktop&#8220; _builder_version=&#8220;4.14.5&#8243; hover_enabled=&#8220;0&#8243; global_colors_info=&#8220;{}&#8220; sticky_enabled=&#8220;0&#8243;][\/et_pb_image][\/et_pb_column_inner][\/et_pb_row_inner][et_pb_row_inner admin_label=&#8220;Zeile&#8220; _builder_version=&#8220;3.25&#8243; locked=&#8220;off&#8220; global_colors_info=&#8220;{}&#8220;][et_pb_column_inner saved_specialty_column_type=&#8220;3_4&#8243; _builder_version=&#8220;3.25&#8243; custom_padding=&#8220;|||&#8220; global_colors_info=&#8220;{}&#8220; custom_padding__hover=&#8220;|||&#8220;][et_pb_divider color=&#8220;#555555&#8243; _builder_version=&#8220;3.5.1&#8243; global_colors_info=&#8220;{}&#8220;][\/et_pb_divider][et_pb_text admin_label=&#8220;Logo hochladen&#8220; _builder_version=&#8220;4.14.5&#8243; global_colors_info=&#8220;{}&#8220;]<\/p>\n<h2 id=\"upload\" class=\"text-content-heading\">1. Logo hochladen<\/h2>\n<p>[\/et_pb_text][et_pb_text admin_label=&#8220;Navigation&#8220; _builder_version=&#8220;4.14.5&#8243; global_colors_info=&#8220;{}&#8220;]<\/p>\n<p><strong>Men\u00fc<\/strong>\u00a0\u2192\u00a0<strong>Onlinebuchung<\/strong>\u00a0\u2192\u00a0<strong>Design &#038; Vorschau<\/strong> \u2192\u00a0<strong>Buchungswidget<\/strong> \u2192\u00a0<strong>Logo<\/strong>[\/et_pb_text][et_pb_text _builder_version=&#8220;4.14.5&#8243; global_colors_info=&#8220;{}&#8220;]<\/p>\n<p>Hier k\u00f6nnen Sie Ihr Logo hochladen, das in der Kopfzeile des Buchungswidgets angezeigt wird. Klicken Sie einfach auf <i>Bild ausw\u00e4hlen oder hierher ziehen<\/i> oder ziehen Sie per Drag &#038; Drop eine Bilddatei auf das Uploadfenster.<\/p>\n<p>[\/et_pb_text][et_pb_image src=&#8220;https:\/\/www.cituro.com\/help\/wp-content\/uploads\/2023\/10\/logo-hochladen.png&#8220; alt=&#8220;Logo hochladen&#8220; title_text=&#8220;logo-hochladen&#8220; align_tablet=&#8220;center&#8220; align_phone=&#8220;center&#8220; align_last_edited=&#8220;on|desktop&#8220; _builder_version=&#8220;4.14.5&#8243; hover_enabled=&#8220;0&#8243; global_colors_info=&#8220;{}&#8220; sticky_enabled=&#8220;0&#8243;][\/et_pb_image][et_pb_text admin_label=&#8220;Hinweis&#8220; _builder_version=&#8220;4.14.5&#8243; global_colors_info=&#8220;{}&#8220;]<\/p>\n<p class=\"notice blue\"><strong>Hinweis:<\/strong>Maximale Gr\u00f6\u00dfe ist 3MB. Verwenden Sie deshalb weboptimierte Bilder im Querformat. Ideal sind Bilder mit einer maximalen H\u00f6he von 250px.<\/p>\n<p>[\/et_pb_text][\/et_pb_column_inner][\/et_pb_row_inner][et_pb_row_inner admin_label=&#8220;Zeile&#8220; _builder_version=&#8220;3.25&#8243; global_colors_info=&#8220;{}&#8220;][et_pb_column_inner saved_specialty_column_type=&#8220;3_4&#8243; _builder_version=&#8220;3.25&#8243; custom_padding=&#8220;|||&#8220; global_colors_info=&#8220;{}&#8220; custom_padding__hover=&#8220;|||&#8220;][et_pb_divider color=&#8220;#555555&#8243; _builder_version=&#8220;3.5.1&#8243; global_colors_info=&#8220;{}&#8220;][\/et_pb_divider][et_pb_text admin_label=&#8220;Logo als Link einf\u00fcgen&#8220; _builder_version=&#8220;4.14.5&#8243; global_colors_info=&#8220;{}&#8220;]<\/p>\n<h2 id=\"link\" class=\"text-content-heading\">2. Logo als Link einf\u00fcgen<\/h1>\n<p>[\/et_pb_text][et_pb_text admin_label=&#8220;Navigation&#8220; _builder_version=&#8220;4.14.5&#8243; global_colors_info=&#8220;{}&#8220;]<strong>Navigation<\/strong>: <strong>Men\u00fc<\/strong> \u2192 <strong>Onlinebuchung<\/strong> \u2192 <strong>Tab Design&#038;Vorschau<\/strong> \u2192 <strong>Buchungswidget<\/strong> \u2192 <strong>CSS bearbeiten<\/strong>[\/et_pb_text][et_pb_text _builder_version=&#8220;4.14.5&#8243; global_colors_info=&#8220;{}&#8220;]<\/p>\n<p>Wenn Sie Ihr Logo bereits auf Ihrer Website eingebunden haben, k\u00f6nnen Sie auch den Link zum hochgeladenen Bild verwenden.<\/p>\n<p>[\/et_pb_text][et_pb_text _builder_version=&#8220;3.29.3&#8243; global_colors_info=&#8220;{}&#8220;]<strong>Schritt 1:<\/strong><br \/>\nKopieren Sie den gew\u00fcnschten Code unten und f\u00fcgen sie Ihn hier ein:<br \/>\nMen\u00fc \u2192 Onlinebuchung \u2192 Tab Design&#038;Vorschau \u2192 Buchungswidget \u2192 CSS bearbeiten<\/p>\n<p><strong>Schritt 2:<\/strong><br \/>\nL\u00f6schen Sie die rote Beispiel-URL und f\u00fcgen Sie Ihre URL zum Logo ein. (ACHTUNG: L\u00f6schen Sie nicht die Hochkomma)<br \/>\nFalls Ihr Logo zu gro\u00df oder zu klein dargestellt werden sollte, passen Sie den Zahlenwert in rot an.<\/p>\n<p><strong>Schritt 3 (optional):<\/strong><br \/>\nPassen Sie die Titelfarbe an Ihr Logo an:<br \/>\nMen\u00fc \u2192 Onlinebuchung \u2192 Tab Design&#038;Vorschau \u2192 Buchungswidget \u2192 Titelfarbe[\/et_pb_text][\/et_pb_column_inner][\/et_pb_row_inner][et_pb_row_inner admin_label=&#8220;Zeile&#8220; _builder_version=&#8220;3.25&#8243; global_colors_info=&#8220;{}&#8220;][et_pb_column_inner saved_specialty_column_type=&#8220;3_4&#8243; _builder_version=&#8220;3.25&#8243; custom_padding=&#8220;|||&#8220; global_colors_info=&#8220;{}&#8220; custom_padding__hover=&#8220;|||&#8220;][et_pb_text _builder_version=&#8220;3.29.3&#8243; global_colors_info=&#8220;{}&#8220;]<strong>Logo in der Mitte in der Titelleiste:<\/strong>[\/et_pb_text][et_pb_code module_class=&#8220;source_code&#8220; _builder_version=&#8220;3.29.3&#8243; global_colors_info=&#8220;{}&#8220;]#BookingFrame[step=&#8220;1&#8243;] #BookingHeader .caption{<!-- [et_pb_line_break_holder] -->            visibility: hidden;<!-- [et_pb_line_break_holder] -->}<!-- [et_pb_line_break_holder] --><!-- [et_pb_line_break_holder] -->#BookingFrame[step=&#8220;1&#8243;] #innerheader {<!-- [et_pb_line_break_holder] -->    background-image: url(&#8218;<span style=\"color: #ff0000;\">https:\/\/www.ihre-webseite.com\/ihr-logo.png<\/span>&#8218;);<!-- [et_pb_line_break_holder] -->    background-position: center center;<!-- [et_pb_line_break_holder] -->    background-repeat: no-repeat;<!-- [et_pb_line_break_holder] -->    background-size: <span style=\"color: #ff0000;\">110<\/span>px;<!-- [et_pb_line_break_holder] -->}[\/et_pb_code][\/et_pb_column_inner][\/et_pb_row_inner][et_pb_row_inner admin_label=&#8220;Zeile&#8220; _builder_version=&#8220;3.25&#8243; global_colors_info=&#8220;{}&#8220;][et_pb_column_inner saved_specialty_column_type=&#8220;3_4&#8243; _builder_version=&#8220;3.25&#8243; custom_padding=&#8220;|||&#8220; global_colors_info=&#8220;{}&#8220; custom_padding__hover=&#8220;|||&#8220;][et_pb_text _builder_version=&#8220;3.29.3&#8243; global_colors_info=&#8220;{}&#8220;]<strong>Logo Links in der Titelleiste:<\/strong>[\/et_pb_text][et_pb_code module_class=&#8220;source_code&#8220; _builder_version=&#8220;3.29.3&#8243; global_colors_info=&#8220;{}&#8220;]#BookingFrame[step=&#8220;1&#8243;] #BookingHeader .caption{<!-- [et_pb_line_break_holder] -->            visibility: hidden;<!-- [et_pb_line_break_holder] -->}<!-- [et_pb_line_break_holder] --><!-- [et_pb_line_break_holder] -->#BookingFrame[step=&#8220;1&#8243;] #innerheader {<!-- [et_pb_line_break_holder] -->    background-image: url(&#8218;<span style=\"color: #ff0000;\">https:\/\/www.ihre-webseite.com\/ihr-logo.png<\/span>&#8218;);<!-- [et_pb_line_break_holder] -->    background-position: center left 20px;<!-- [et_pb_line_break_holder] -->    background-repeat: no-repeat;<!-- [et_pb_line_break_holder] -->    background-size: <span style=\"color: #ff0000;\">110<\/span>px;<!-- [et_pb_line_break_holder] -->}[\/et_pb_code][\/et_pb_column_inner][\/et_pb_row_inner][et_pb_row_inner _builder_version=&#8220;3.25&#8243; global_module=&#8220;491&#8243; collapsed=&#8220;off&#8220; global_colors_info=&#8220;{}&#8220;][et_pb_column_inner _builder_version=&#8220;3.25&#8243; custom_padding=&#8220;|||&#8220; global_colors_info=&#8220;{}&#8220; custom_padding__hover=&#8220;|||&#8220;][et_pb_divider color=&#8220;#555555&#8243; divider_position=&#8220;center&#8220; _builder_version=&#8220;4.12.1&#8243; global_colors_info=&#8220;{}&#8220;][\/et_pb_divider][et_pb_text _builder_version=&#8220;4.14.5&#8243; global_colors_info=&#8220;{}&#8220;]<\/p>\n<h2 style=\"text-align: center;\">Sie haben Fragen? Wir helfen gerne!<\/h2>\n<p>[\/et_pb_text][\/et_pb_column_inner][\/et_pb_row_inner][et_pb_row_inner column_structure=&#8220;1_2,1_2&#8243; _builder_version=&#8220;3.25&#8243; global_module=&#8220;487&#8243; saved_tabs=&#8220;all&#8220; global_colors_info=&#8220;{}&#8220;][et_pb_column_inner type=&#8220;1_2&#8243; _builder_version=&#8220;3.25&#8243; custom_padding=&#8220;|||&#8220; global_colors_info=&#8220;{}&#8220; custom_padding__hover=&#8220;|||&#8220;][et_pb_blurb title=&#8220;E-Mail&#8220; use_icon=&#8220;on&#8220; font_icon=&#8220;&#xe010;||divi||400&#8243; icon_color=&#8220;#555555&#8243; _builder_version=&#8220;4.13.0&#8243; header_level=&#8220;h3&#8243; text_orientation=&#8220;center&#8220; custom_padding=&#8220;10px|10px|10px|10px&#8220; animation_style=&#8220;zoom&#8220; box_shadow_style=&#8220;preset1&#8243; global_colors_info=&#8220;{}&#8220;]<\/p>\n<p style=\"text-align: center;\">Schreiben Sie uns eine E-Mail<br \/>\n<a href=\"mailto:support@cituro.com\">support@cituro.com<\/a><\/p>\n<p>[\/et_pb_blurb][\/et_pb_column_inner][et_pb_column_inner type=&#8220;1_2&#8243; _builder_version=&#8220;3.25&#8243; custom_padding=&#8220;|||&#8220; global_colors_info=&#8220;{}&#8220; custom_padding__hover=&#8220;|||&#8220;][et_pb_blurb title=&#8220;Telefon&#8220; use_icon=&#8220;on&#8220; font_icon=&#8220;&#xe090;||divi||400&#8243; icon_color=&#8220;#555555&#8243; _builder_version=&#8220;4.13.0&#8243; header_level=&#8220;h3&#8243; text_orientation=&#8220;center&#8220; custom_padding=&#8220;10px|10px|10px|10px&#8220; animation_style=&#8220;zoom&#8220; box_shadow_style=&#8220;preset1&#8243; global_colors_info=&#8220;{}&#8220;]<\/p>\n<p style=\"text-align: center;\">Wir sind f\u00fcr Sie da<br \/>\n<a href=\"tel:004982199973940\">+49 821 999 739 40<\/a><\/p>\n<p>[\/et_pb_blurb][\/et_pb_column_inner][\/et_pb_row_inner][\/et_pb_column][\/et_pb_section]<\/p>\n","protected":false},"excerpt":{"rendered":"<p>Hier zeigen wir Ihnen, wie Sie schnell und unkompliziert Ihr Logo in Ihr Buchungswidget einbinden k\u00f6nnen. <\/p>\n","protected":false},"author":1,"featured_media":0,"parent":1558,"menu_order":0,"comment_status":"closed","ping_status":"closed","template":"","meta":{"_et_pb_use_builder":"on","_et_pb_old_content":"","_et_gb_content_width":"","footnotes":""},"class_list":["post-2788","page","type-page","status-publish","hentry"],"yoast_head":"<!-- This site is optimized with the Yoast SEO plugin v23.9 - https:\/\/yoast.com\/wordpress\/plugins\/seo\/ -->\n<title>Logo einf\u00fcgen - cituro Helpcenter<\/title>\n<meta name=\"description\" content=\"Sie k\u00f6nnen das Buchungswidget individuell gestalten. F\u00fcgen Sie Ihr Logo ein und passen Sie Farben, Schriftart uvm. an Ihr Corporate Design an.\" \/>\n<meta name=\"robots\" content=\"index, follow, max-snippet:-1, max-image-preview:large, max-video-preview:-1\" \/>\n<link rel=\"canonical\" href=\"https:\/\/www.cituro.com\/help\/individuelles-design\/logo-einfuegen\" \/>\n<meta property=\"og:locale\" content=\"de_DE\" \/>\n<meta property=\"og:type\" content=\"article\" \/>\n<meta property=\"og:title\" content=\"Logo einf\u00fcgen - cituro Helpcenter\" \/>\n<meta property=\"og:description\" content=\"Sie k\u00f6nnen das Buchungswidget individuell gestalten. F\u00fcgen Sie Ihr Logo ein und passen Sie Farben, Schriftart uvm. an Ihr Corporate Design an.\" \/>\n<meta property=\"og:url\" content=\"https:\/\/www.cituro.com\/help\/individuelles-design\/logo-einfuegen\" \/>\n<meta property=\"og:site_name\" content=\"cituro Helpcenter\" \/>\n<meta property=\"article:modified_time\" content=\"2025-08-01T20:24:53+00:00\" \/>\n<meta name=\"twitter:card\" content=\"summary_large_image\" \/>\n<meta name=\"twitter:label1\" content=\"Gesch\u00e4tzte Lesezeit\" \/>\n\t<meta name=\"twitter:data1\" content=\"4\u00a0Minuten\" \/>\n<script type=\"application\/ld+json\" class=\"yoast-schema-graph\">{\"@context\":\"https:\/\/schema.org\",\"@graph\":[{\"@type\":\"WebPage\",\"@id\":\"https:\/\/www.cituro.com\/help\/individuelles-design\/logo-einfuegen\",\"url\":\"https:\/\/www.cituro.com\/help\/individuelles-design\/logo-einfuegen\",\"name\":\"Logo einf\u00fcgen - cituro Helpcenter\",\"isPartOf\":{\"@id\":\"https:\/\/www.cituro.com\/help\/#website\"},\"datePublished\":\"2020-12-11T15:51:01+00:00\",\"dateModified\":\"2025-08-01T20:24:53+00:00\",\"description\":\"Sie k\u00f6nnen das Buchungswidget individuell gestalten. F\u00fcgen Sie Ihr Logo ein und passen Sie Farben, Schriftart uvm. an Ihr Corporate Design an.\",\"breadcrumb\":{\"@id\":\"https:\/\/www.cituro.com\/help\/individuelles-design\/logo-einfuegen#breadcrumb\"},\"inLanguage\":\"de\",\"potentialAction\":[{\"@type\":\"ReadAction\",\"target\":[\"https:\/\/www.cituro.com\/help\/individuelles-design\/logo-einfuegen\"]}]},{\"@type\":\"BreadcrumbList\",\"@id\":\"https:\/\/www.cituro.com\/help\/individuelles-design\/logo-einfuegen#breadcrumb\",\"itemListElement\":[{\"@type\":\"ListItem\",\"position\":1,\"name\":\"Startseite\",\"item\":\"https:\/\/www.cituro.com\/help\/\"},{\"@type\":\"ListItem\",\"position\":2,\"name\":\"Individuelles Design\",\"item\":\"https:\/\/www.cituro.com\/help\/individuelles-design\"},{\"@type\":\"ListItem\",\"position\":3,\"name\":\"Logo einf\u00fcgen\"}]},{\"@type\":\"WebSite\",\"@id\":\"https:\/\/www.cituro.com\/help\/#website\",\"url\":\"https:\/\/www.cituro.com\/help\/\",\"name\":\"cituro Helpcenter\",\"description\":\"Eine weitere WordPress-Website\",\"potentialAction\":[{\"@type\":\"SearchAction\",\"target\":{\"@type\":\"EntryPoint\",\"urlTemplate\":\"https:\/\/www.cituro.com\/help\/?s={search_term_string}\"},\"query-input\":{\"@type\":\"PropertyValueSpecification\",\"valueRequired\":true,\"valueName\":\"search_term_string\"}}],\"inLanguage\":\"de\"}]}<\/script>\n<!-- \/ Yoast SEO plugin. -->","yoast_head_json":{"title":"Logo einf\u00fcgen - cituro Helpcenter","description":"Sie k\u00f6nnen das Buchungswidget individuell gestalten. F\u00fcgen Sie Ihr Logo ein und passen Sie Farben, Schriftart uvm. an Ihr Corporate Design an.","robots":{"index":"index","follow":"follow","max-snippet":"max-snippet:-1","max-image-preview":"max-image-preview:large","max-video-preview":"max-video-preview:-1"},"canonical":"https:\/\/www.cituro.com\/help\/individuelles-design\/logo-einfuegen","og_locale":"de_DE","og_type":"article","og_title":"Logo einf\u00fcgen - cituro Helpcenter","og_description":"Sie k\u00f6nnen das Buchungswidget individuell gestalten. F\u00fcgen Sie Ihr Logo ein und passen Sie Farben, Schriftart uvm. an Ihr Corporate Design an.","og_url":"https:\/\/www.cituro.com\/help\/individuelles-design\/logo-einfuegen","og_site_name":"cituro Helpcenter","article_modified_time":"2025-08-01T20:24:53+00:00","twitter_card":"summary_large_image","twitter_misc":{"Gesch\u00e4tzte Lesezeit":"4\u00a0Minuten"},"schema":{"@context":"https:\/\/schema.org","@graph":[{"@type":"WebPage","@id":"https:\/\/www.cituro.com\/help\/individuelles-design\/logo-einfuegen","url":"https:\/\/www.cituro.com\/help\/individuelles-design\/logo-einfuegen","name":"Logo einf\u00fcgen - cituro Helpcenter","isPartOf":{"@id":"https:\/\/www.cituro.com\/help\/#website"},"datePublished":"2020-12-11T15:51:01+00:00","dateModified":"2025-08-01T20:24:53+00:00","description":"Sie k\u00f6nnen das Buchungswidget individuell gestalten. F\u00fcgen Sie Ihr Logo ein und passen Sie Farben, Schriftart uvm. an Ihr Corporate Design an.","breadcrumb":{"@id":"https:\/\/www.cituro.com\/help\/individuelles-design\/logo-einfuegen#breadcrumb"},"inLanguage":"de","potentialAction":[{"@type":"ReadAction","target":["https:\/\/www.cituro.com\/help\/individuelles-design\/logo-einfuegen"]}]},{"@type":"BreadcrumbList","@id":"https:\/\/www.cituro.com\/help\/individuelles-design\/logo-einfuegen#breadcrumb","itemListElement":[{"@type":"ListItem","position":1,"name":"Startseite","item":"https:\/\/www.cituro.com\/help\/"},{"@type":"ListItem","position":2,"name":"Individuelles Design","item":"https:\/\/www.cituro.com\/help\/individuelles-design"},{"@type":"ListItem","position":3,"name":"Logo einf\u00fcgen"}]},{"@type":"WebSite","@id":"https:\/\/www.cituro.com\/help\/#website","url":"https:\/\/www.cituro.com\/help\/","name":"cituro Helpcenter","description":"Eine weitere WordPress-Website","potentialAction":[{"@type":"SearchAction","target":{"@type":"EntryPoint","urlTemplate":"https:\/\/www.cituro.com\/help\/?s={search_term_string}"},"query-input":{"@type":"PropertyValueSpecification","valueRequired":true,"valueName":"search_term_string"}}],"inLanguage":"de"}]}},"_links":{"self":[{"href":"https:\/\/www.cituro.com\/help\/wp-json\/wp\/v2\/pages\/2788","targetHints":{"allow":["GET"]}}],"collection":[{"href":"https:\/\/www.cituro.com\/help\/wp-json\/wp\/v2\/pages"}],"about":[{"href":"https:\/\/www.cituro.com\/help\/wp-json\/wp\/v2\/types\/page"}],"author":[{"embeddable":true,"href":"https:\/\/www.cituro.com\/help\/wp-json\/wp\/v2\/users\/1"}],"replies":[{"embeddable":true,"href":"https:\/\/www.cituro.com\/help\/wp-json\/wp\/v2\/comments?post=2788"}],"version-history":[{"count":2,"href":"https:\/\/www.cituro.com\/help\/wp-json\/wp\/v2\/pages\/2788\/revisions"}],"predecessor-version":[{"id":12535,"href":"https:\/\/www.cituro.com\/help\/wp-json\/wp\/v2\/pages\/2788\/revisions\/12535"}],"up":[{"embeddable":true,"href":"https:\/\/www.cituro.com\/help\/wp-json\/wp\/v2\/pages\/1558"}],"wp:attachment":[{"href":"https:\/\/www.cituro.com\/help\/wp-json\/wp\/v2\/media?parent=2788"}],"curies":[{"name":"wp","href":"https:\/\/api.w.org\/{rel}","templated":true}]}}