{"id":2741,"date":"2020-11-30T08:36:47","date_gmt":"2020-11-30T07:36:47","guid":{"rendered":"https:\/\/www.cituro.com\/help\/?page_id=2741"},"modified":"2026-03-03T14:44:01","modified_gmt":"2026-03-03T13:44:01","slug":"datenbereinigung","status":"publish","type":"page","link":"https:\/\/www.cituro.com\/help\/datenbereinigung","title":{"rendered":"Datenbereinigung"},"content":{"rendered":"<p>[et_pb_section fb_built=&#8220;1&#8243; specialty=&#8220;on&#8220; module_class=&#8220; et_pb_specialty_fullwidth&#8220; _builder_version=&#8220;3.22&#8243; inner_width=&#8220;89%&#8220; inner_width_tablet=&#8220;80%&#8220; inner_width_phone=&#8220;&#8220; inner_width_last_edited=&#8220;on|desktop&#8220; inner_max_width=&#8220;89%&#8220; inner_max_width_tablet=&#8220;80%&#8220; inner_max_width_phone=&#8220;&#8220; inner_max_width_last_edited=&#8220;on|desktop&#8220; make_fullwidth=&#8220;on&#8220; locked=&#8220;off&#8220; global_colors_info=&#8220;{}&#8220;][et_pb_column type=&#8220;1_4&#8243; _builder_version=&#8220;3.25&#8243; custom_padding=&#8220;|||&#8220; global_colors_info=&#8220;{}&#8220; custom_padding__hover=&#8220;|||&#8220;][et_pb_sidebar area=&#8220;sidebar-1&#8243; disabled_on=&#8220;on|on|off&#8220; _builder_version=&#8220;3.29.3&#8243; custom_padding=&#8220;50px|||&#8220; global_colors_info=&#8220;{}&#8220;][\/et_pb_sidebar][\/et_pb_column][et_pb_column type=&#8220;3_4&#8243; specialty_columns=&#8220;3&#8243; _builder_version=&#8220;3.25&#8243; custom_padding=&#8220;|||&#8220; global_colors_info=&#8220;{}&#8220; custom_padding__hover=&#8220;|||&#8220;][et_pb_row_inner admin_label=&#8220;Zeile&#8220; _builder_version=&#8220;3.25&#8243; global_colors_info=&#8220;{}&#8220;][et_pb_column_inner saved_specialty_column_type=&#8220;3_4&#8243; _builder_version=&#8220;3.25&#8243; custom_padding=&#8220;|||&#8220; global_colors_info=&#8220;{}&#8220; custom_padding__hover=&#8220;|||&#8220;][et_pb_text admin_label=&#8220;Datenbereinigung&#8220; _builder_version=&#8220;4.14.5&#8243; global_colors_info=&#8220;{}&#8220;]<\/p>\n<h1>Datenbereinigung\/L\u00f6schkonzept<\/h1>\n<p>[\/et_pb_text][et_pb_text _builder_version=&#8220;4.14.5&#8243; global_colors_info=&#8220;{}&#8220;]<\/p>\n<p>Mit unserem L\u00f6schkonzept k\u00f6nnen Sie festlegen nach welchen Fristen, Daten Ihres Accounts automatisch gel\u00f6scht werden sollen. Legen Sie individuelle L\u00f6schfristen und Filter f\u00fcr Ihre Termin- und Kundendaten fest, nach denen Eintr\u00e4ge automatisch gel\u00f6scht werden sollen. <\/p>\n<p>Je nach Bedarf k\u00f6nnen Sie so beispielsweise Kunden automatisch aus dem System entfernen, deren letzter Termin l\u00e4nger als 12 Monate her ist.<\/p>\n<p class=\"notice blue\"><strong>Hinweis:<\/strong><br \/>F\u00fcr diese Funktion steht Ihnen ab dem <strong>Professional Paket<\/strong> zur Verf\u00fcgung.\u00a0<br \/> Sie k\u00f6nnen dieses Paket unter <strong>Men\u00fc<\/strong> \u2192 <strong>Vertrag<\/strong> buchen.<\/p>\n<p>Navigation: <strong>Men\u00fc<\/strong> \u2192 <strong>Erweitert<\/strong> \u2192 <strong>Tab Datenbereinigung<\/strong><\/p>\n<p>Folgende Daten k\u00f6nnen bereinigt werden:<\/p>\n<ol>\n<li><a href=\"#kundendaten\">Kundendaten l\u00f6schen<\/a><\/li>\n<li><a href=\"#einzeltermine\">Einzeltermine l\u00f6schen<\/a><\/li>\n<li><a href=\"#gruppentermine\">Gruppentermine l\u00f6schen<\/a><\/li>\n<\/ol>\n<p>[\/et_pb_text][et_pb_image src=&#8220;https:\/\/www.cituro.com\/help\/wp-content\/uploads\/2026\/03\/datenbereinigung-uebersicht.png&#8220; alt=&#8220;Datenbereinigung\/L\u00f6schkonzept&#8220; title_text=&#8220;Datenbereinigung\/L\u00f6schkonzept&#8220; show_in_lightbox=&#8220;on&#8220; align_tablet=&#8220;center&#8220; align_phone=&#8220;&#8220; align_last_edited=&#8220;on|desktop&#8220; _builder_version=&#8220;4.14.5&#8243; max_width=&#8220;700px&#8220; module_alignment=&#8220;center&#8220; box_shadow_style=&#8220;preset2&#8243; box_shadow_vertical=&#8220;4px&#8220; global_colors_info=&#8220;{}&#8220;][\/et_pb_image][et_pb_divider color=&#8220;#555555&#8243; _builder_version=&#8220;3.5.1&#8243; global_colors_info=&#8220;{}&#8220;][\/et_pb_divider][\/et_pb_column_inner][\/et_pb_row_inner][et_pb_row_inner admin_label=&#8220;Zeile&#8220; _builder_version=&#8220;3.25&#8243; global_colors_info=&#8220;{}&#8220;][et_pb_column_inner saved_specialty_column_type=&#8220;3_4&#8243; _builder_version=&#8220;3.25&#8243; custom_padding=&#8220;|||&#8220; global_colors_info=&#8220;{}&#8220; custom_padding__hover=&#8220;|||&#8220;][et_pb_text _builder_version=&#8220;4.14.5&#8243; global_colors_info=&#8220;{}&#8220;]<\/p>\n<h2 class=\"text-content-heading\" id=\"kundendaten\">Kundendaten<\/h2>\n<p>L\u00f6schen Sie Kundendaten nach Ablauf einer bestimmten Frist. F\u00fcgen Sie Bedingungen hinzu, um nur bestimmte Kundendaten l\u00f6schen zu lassen.<\/p>\n<p>Klicken Sie hierf\u00fcr auf <b>+ L\u00f6schregel hinzuf\u00fcgen<\/b>[\/et_pb_text][et_pb_text _builder_version=&#8220;4.14.5&#8243; global_colors_info=&#8220;{}&#8220;]<\/p>\n<p><h3>L\u00f6schfrist (in Tagen)<\/h3>\n<p>Legen Sie fest, wie viele Tage nach dem letzten Termin ein Kunde aus Ihrer Kundendatenbank gel\u00f6scht werden soll.<\/p>\n<p>[\/et_pb_text][et_pb_image src=&#8220;https:\/\/www.cituro.com\/help\/wp-content\/uploads\/2026\/03\/kunden-loeschregel-hinzufuegen.png&#8220; alt=&#8220;Kunden-L\u00f6schregel hinzuf\u00fcgen&#8220; title_text=&#8220;kunden-l\u00f6schregel-hinzuf\u00fcgen&#8220; show_in_lightbox=&#8220;on&#8220; align_tablet=&#8220;center&#8220; align_phone=&#8220;&#8220; align_last_edited=&#8220;on|desktop&#8220; _builder_version=&#8220;4.14.5&#8243; max_width=&#8220;700px&#8220; module_alignment=&#8220;center&#8220; box_shadow_style=&#8220;preset2&#8243; box_shadow_vertical=&#8220;4px&#8220; global_colors_info=&#8220;{}&#8220;][\/et_pb_image][et_pb_text _builder_version=&#8220;4.14.5&#8243; global_colors_info=&#8220;{}&#8220;]<\/p>\n<p><h3>Bedingungen:<\/h3>\n<\/p>\n<p>Legen Sie Bedingungen fest, f\u00fcr welche Datens\u00e4tze diese Regel gilt. Ein Datensatz wird nur ber\u00fccksichtigt wenn alle Bedingungen zutreffen (Und Verkn\u00fcpfung).<\/p>\n<p><strong>Kunden-Tags<\/strong> L\u00f6schen Sie nur Kunden, welche einen bestimmten Tag erhalten haben.<\/p>\n<p><strong>Kunde blockiert<\/strong> L\u00f6schen Sie nur Kunden, die gesperrt bzw. nicht gesperrt sind.<\/p>\n<p>[\/et_pb_text][\/et_pb_column_inner][\/et_pb_row_inner][et_pb_row_inner admin_label=&#8220;Zeile&#8220; _builder_version=&#8220;3.25&#8243; locked=&#8220;off&#8220; global_colors_info=&#8220;{}&#8220;][et_pb_column_inner saved_specialty_column_type=&#8220;3_4&#8243; _builder_version=&#8220;3.25&#8243; custom_padding=&#8220;|||&#8220; global_colors_info=&#8220;{}&#8220; custom_padding__hover=&#8220;|||&#8220;][et_pb_text _builder_version=&#8220;3.29.3&#8243; global_colors_info=&#8220;{}&#8220;]<\/p>\n<p class=\"notice red\"><strong>Achtung:<\/strong> Die gel\u00f6schten Daten werden unwiderruflich gel\u00f6scht und k\u00f6nnen nicht wiederhergestellt werden.<\/p>\n<p>[\/et_pb_text][et_pb_divider color=&#8220;#555555&#8243; _builder_version=&#8220;3.5.1&#8243; global_colors_info=&#8220;{}&#8220;][\/et_pb_divider][\/et_pb_column_inner][\/et_pb_row_inner][et_pb_row_inner admin_label=&#8220;Zeile&#8220; _builder_version=&#8220;3.25&#8243; global_colors_info=&#8220;{}&#8220;][et_pb_column_inner saved_specialty_column_type=&#8220;3_4&#8243; _builder_version=&#8220;3.25&#8243; custom_padding=&#8220;|||&#8220; global_colors_info=&#8220;{}&#8220; custom_padding__hover=&#8220;|||&#8220;][et_pb_text _builder_version=&#8220;4.14.5&#8243; global_colors_info=&#8220;{}&#8220;]<\/p>\n<h2 class=\"text-content-heading\" id=\"einzeltermine\">Einzeltermine<\/h2>\n<p>L\u00f6schen Sie Einzeltermindaten nach Ablauf einer bestimmten Frist. F\u00fcgen Sie Bedingungen hinzu, um nur bestimmte Einzeltermine l\u00f6schen zu lassen.<\/p>\n<p>Klicken Sie hierf\u00fcr auf <b>+ L\u00f6schregel hinzuf\u00fcgen<\/b><\/p>\n<p>[\/et_pb_text][et_pb_text _builder_version=&#8220;4.14.5&#8243; global_colors_info=&#8220;{}&#8220;]<\/p>\n<p><h3>L\u00f6schfrist (in Tagen)<\/h3>\n<p>Legen Sie fest, wie viele Tage nach dem Terminende ein Termin gel\u00f6scht werden soll.<\/p>\n<p>[\/et_pb_text][et_pb_image src=&#8220;https:\/\/www.cituro.com\/help\/wp-content\/uploads\/2026\/03\/einzeltermin-loeschregel.png&#8220; alt=&#8220;Einzeltermin-L\u00f6schregel&#8220; title_text=&#8220;einzeltermin-l\u00f6schregel&#8220; show_in_lightbox=&#8220;on&#8220; align_tablet=&#8220;center&#8220; align_phone=&#8220;&#8220; align_last_edited=&#8220;on|desktop&#8220; _builder_version=&#8220;4.14.5&#8243; max_width=&#8220;700px&#8220; module_alignment=&#8220;center&#8220; box_shadow_style=&#8220;preset2&#8243; box_shadow_vertical=&#8220;4px&#8220; global_colors_info=&#8220;{}&#8220;][\/et_pb_image][et_pb_text _builder_version=&#8220;4.14.5&#8243; global_colors_info=&#8220;{}&#8220;]<\/p>\n<h3>Bedingungen:<\/h3>\n<p>Legen Sie Bedingungen fest, f\u00fcr welche Datens\u00e4tze diese Regel gilt. Ein Datensatz wird nur ber\u00fccksichtigt wenn alle Bedingungen zutreffen (Und Verkn\u00fcpfung).<\/p>\n<p>[\/et_pb_text][\/et_pb_column_inner][\/et_pb_row_inner][et_pb_row_inner column_structure=&#8220;1_2,1_2&#8243; _builder_version=&#8220;4.14.5&#8243; _module_preset=&#8220;default&#8220; global_colors_info=&#8220;{}&#8220;][et_pb_column_inner type=&#8220;1_2&#8243; saved_specialty_column_type=&#8220;3_4&#8243; _builder_version=&#8220;4.14.5&#8243; _module_preset=&#8220;default&#8220; global_colors_info=&#8220;{}&#8220;][et_pb_text _builder_version=&#8220;4.14.5&#8243; global_colors_info=&#8220;{}&#8220;]<\/p>\n<h3>Allgemeine Filter<\/h3>\n<p><strong>Buchungs-Tags:<\/strong> L\u00f6schen Sie nur Einzeltermine mit zugewiesenen Buchungs-Tags.<\/p>\n<p><strong>Leistung:<\/strong> L\u00f6schen Sie nur Termine mit bestimmten Leistungen. <\/p>\n<p><strong>Leistungskategorie:<\/strong> L\u00f6schen Sie nur Einzeltermine aus einer bestimmten Leistungskategorie.<\/p>\n<p><strong>Standort:<\/strong> L\u00f6schen Sie Einzeltermine an einem bestimmten Standort<\/p>\n<p>[\/et_pb_text][\/et_pb_column_inner][et_pb_column_inner type=&#8220;1_2&#8243; saved_specialty_column_type=&#8220;3_4&#8243; _builder_version=&#8220;4.14.5&#8243; _module_preset=&#8220;default&#8220; global_colors_info=&#8220;{}&#8220;][et_pb_text _builder_version=&#8220;4.14.5&#8243; global_colors_info=&#8220;{}&#8220;]<\/p>\n<h3>Attributfilter<\/h3>\n<p>L\u00f6schen Sie Einzeltermine und filtern Sie nach individuellen Attributen.<\/p>\n<p>[\/et_pb_text][\/et_pb_column_inner][\/et_pb_row_inner][et_pb_row_inner admin_label=&#8220;Zeile&#8220; _builder_version=&#8220;3.25&#8243; locked=&#8220;off&#8220; global_colors_info=&#8220;{}&#8220;][et_pb_column_inner saved_specialty_column_type=&#8220;3_4&#8243; _builder_version=&#8220;3.25&#8243; custom_padding=&#8220;|||&#8220; global_colors_info=&#8220;{}&#8220; custom_padding__hover=&#8220;|||&#8220;][et_pb_text _builder_version=&#8220;3.29.3&#8243; global_colors_info=&#8220;{}&#8220;]<\/p>\n<p class=\"notice red\"><strong>Achtung:<\/strong> Die gel\u00f6schten Daten werden unwiderruflich gel\u00f6scht und k\u00f6nnen nicht wiederhergestellt werden.<\/p>\n<p>[\/et_pb_text][et_pb_divider color=&#8220;#555555&#8243; _builder_version=&#8220;3.5.1&#8243; global_colors_info=&#8220;{}&#8220;][\/et_pb_divider][\/et_pb_column_inner][\/et_pb_row_inner][et_pb_row_inner admin_label=&#8220;Zeile&#8220; _builder_version=&#8220;3.25&#8243; global_colors_info=&#8220;{}&#8220;][et_pb_column_inner saved_specialty_column_type=&#8220;3_4&#8243; _builder_version=&#8220;3.25&#8243; custom_padding=&#8220;|||&#8220; global_colors_info=&#8220;{}&#8220; custom_padding__hover=&#8220;|||&#8220;][et_pb_text _builder_version=&#8220;4.14.5&#8243; global_colors_info=&#8220;{}&#8220;]<\/p>\n<h2 class=\"text-content-heading\" id=\"gruppentermine\">Gruppentermine<\/h2>\n<p>L\u00f6schen Sie Einzeltermindaten nach Ablauf einer bestimmten Frist. F\u00fcgen Sie Bedingungen hinzu, um nur bestimmte Einzeltermine l\u00f6schen zu lassen.<\/p>\n<p>Klicken Sie hierf\u00fcr auf <b>+ L\u00f6schregel hinzuf\u00fcgen<\/b><\/p>\n<p>[\/et_pb_text][et_pb_text _builder_version=&#8220;4.14.5&#8243; global_colors_info=&#8220;{}&#8220;]<\/p>\n<p><h3>L\u00f6schfrist (in Tagen)<\/h3>\n<p>Legen Sie fest, wie viele Tage nach dem Terminende ein Termin gel\u00f6scht werden soll.<\/p>\n<p>[\/et_pb_text][et_pb_image src=&#8220;https:\/\/www.cituro.com\/help\/wp-content\/uploads\/2026\/03\/gruppentermin-loeschregel.png&#8220; alt=&#8220;Datenbereinigung\/L\u00f6schkonzept&#8220; title_text=&#8220;gruppentermin-l\u00f6schregel&#8220; show_in_lightbox=&#8220;on&#8220; align_tablet=&#8220;center&#8220; align_phone=&#8220;&#8220; align_last_edited=&#8220;on|desktop&#8220; _builder_version=&#8220;4.14.5&#8243; max_width=&#8220;700px&#8220; module_alignment=&#8220;center&#8220; box_shadow_style=&#8220;preset2&#8243; box_shadow_vertical=&#8220;4px&#8220; global_colors_info=&#8220;{}&#8220;][\/et_pb_image][et_pb_text _builder_version=&#8220;4.14.5&#8243; global_colors_info=&#8220;{}&#8220;]<\/p>\n<h3>Bedingungen:<\/h3>\n<p>Legen Sie Bedingungen fest, f\u00fcr welche Datens\u00e4tze diese Regel gilt. Ein Datensatz wird nur ber\u00fccksichtigt wenn alle Bedingungen zutreffen (Und Verkn\u00fcpfung).<\/p>\n<p>[\/et_pb_text][\/et_pb_column_inner][\/et_pb_row_inner][et_pb_row_inner column_structure=&#8220;1_2,1_2&#8243; _builder_version=&#8220;4.14.5&#8243; _module_preset=&#8220;default&#8220; global_colors_info=&#8220;{}&#8220;][et_pb_column_inner type=&#8220;1_2&#8243; saved_specialty_column_type=&#8220;3_4&#8243; _builder_version=&#8220;4.14.5&#8243; _module_preset=&#8220;default&#8220; global_colors_info=&#8220;{}&#8220;][et_pb_text _builder_version=&#8220;4.14.5&#8243; global_colors_info=&#8220;{}&#8220;]<\/p>\n<h3>Allgemeine Filter<\/h3>\n<p><strong>Buchungs-Tags:<\/strong> L\u00f6schen Sie nur Gruppentermine mit zugewiesenen Buchungs-Tags.<\/p>\n<p><strong>Leistung:<\/strong> L\u00f6schen Sie nur Gruppentermine mit bestimmten Leistungen. <\/p>\n<p><strong>Leistungskategorie<\/strong> L\u00f6schen Sie nur Gruppentermine aus einer bestimmten Leistungskategorie.<\/p>\n<p><strong>Standort:<\/strong> L\u00f6schen Sie Gruppentermine an einem bestimmten Standort<\/p>\n<p>[\/et_pb_text][\/et_pb_column_inner][et_pb_column_inner type=&#8220;1_2&#8243; saved_specialty_column_type=&#8220;3_4&#8243; _builder_version=&#8220;4.14.5&#8243; _module_preset=&#8220;default&#8220; global_colors_info=&#8220;{}&#8220;][et_pb_text _builder_version=&#8220;4.14.5&#8243; global_colors_info=&#8220;{}&#8220;]<\/p>\n<h3>Attributfilter<\/h3>\n<p>L\u00f6schen Sie Gruppentermine und filtern Sie nach individuellen Attributen.<\/p>\n<p>[\/et_pb_text][\/et_pb_column_inner][\/et_pb_row_inner][et_pb_row_inner admin_label=&#8220;Zeile&#8220; _builder_version=&#8220;3.25&#8243; locked=&#8220;off&#8220; global_colors_info=&#8220;{}&#8220;][et_pb_column_inner saved_specialty_column_type=&#8220;3_4&#8243; _builder_version=&#8220;3.25&#8243; custom_padding=&#8220;|||&#8220; global_colors_info=&#8220;{}&#8220; custom_padding__hover=&#8220;|||&#8220;][et_pb_text _builder_version=&#8220;3.29.3&#8243; global_colors_info=&#8220;{}&#8220;]<\/p>\n<p class=\"notice red\"><strong>Achtung:<\/strong> Die gel\u00f6schten Daten werden unwiderruflich gel\u00f6scht und k\u00f6nnen nicht wiederhergestellt werden.<\/p>\n<p>[\/et_pb_text][\/et_pb_column_inner][\/et_pb_row_inner][et_pb_row_inner _builder_version=&#8220;3.25&#8243; global_module=&#8220;491&#8243; collapsed=&#8220;off&#8220; global_colors_info=&#8220;{}&#8220;][et_pb_column_inner _builder_version=&#8220;3.25&#8243; custom_padding=&#8220;|||&#8220; global_colors_info=&#8220;{}&#8220; custom_padding__hover=&#8220;|||&#8220;][et_pb_divider color=&#8220;#555555&#8243; divider_position=&#8220;center&#8220; _builder_version=&#8220;4.12.1&#8243; global_colors_info=&#8220;{}&#8220;][\/et_pb_divider][et_pb_text _builder_version=&#8220;4.14.5&#8243; global_colors_info=&#8220;{}&#8220;]<\/p>\n<h2 style=\"text-align: center;\">Sie haben Fragen? Wir helfen gerne!<\/h2>\n<p>[\/et_pb_text][\/et_pb_column_inner][\/et_pb_row_inner][et_pb_row_inner _builder_version=&#8220;3.25&#8243; saved_tabs=&#8220;all&#8220; global_colors_info=&#8220;{}&#8220;][et_pb_column_inner _builder_version=&#8220;3.25&#8243; custom_padding=&#8220;|||&#8220; global_colors_info=&#8220;{}&#8220; custom_padding__hover=&#8220;|||&#8220; saved_specialty_column_type=&#8220;3_4&#8243;][et_pb_blurb title=&#8220;E-Mail&#8220; use_icon=&#8220;on&#8220; font_icon=&#8220;&#xe010;||divi||400&#8243; icon_color=&#8220;#555555&#8243; _builder_version=&#8220;4.13.0&#8243; header_level=&#8220;h3&#8243; text_orientation=&#8220;center&#8220; custom_padding=&#8220;10px|10px|10px|10px&#8220; animation_style=&#8220;zoom&#8220; box_shadow_style=&#8220;preset1&#8243; global_colors_info=&#8220;{}&#8220;]<\/p>\n<p style=\"text-align: center;\">Schreiben Sie uns eine E-Mail<br \/>\n<a href=\"mailto:support@cituro.com\">support@cituro.com<\/a><\/p>\n<p>[\/et_pb_blurb][et_pb_blurb title=&#8220;Telefon&#8220; use_icon=&#8220;on&#8220; font_icon=&#8220;&#xe090;||divi||400&#8243; icon_color=&#8220;#555555&#8243; _builder_version=&#8220;4.13.0&#8243; header_level=&#8220;h3&#8243; text_orientation=&#8220;center&#8220; custom_padding=&#8220;10px|10px|10px|10px&#8220; animation_style=&#8220;zoom&#8220; hover_enabled=&#8220;0&#8243; box_shadow_style=&#8220;preset1&#8243; global_colors_info=&#8220;{}&#8220; sticky_enabled=&#8220;0&#8243; disabled_on=&#8220;on|on|on&#8220; disabled=&#8220;on&#8220;]<\/p>\n<p style=\"text-align: center;\">Wir sind f\u00fcr Sie da<br \/>\n<a href=\"tel:004982199973940\">+49 821 999 739 40<\/a><\/p>\n<p>[\/et_pb_blurb][\/et_pb_column_inner][\/et_pb_row_inner][\/et_pb_column][\/et_pb_section]<\/p>\n","protected":false},"excerpt":{"rendered":"<p>Mit unserem L\u00f6schkonzept k\u00f6nnen Sie festlegen nach welchen Fristen, Daten Ihres Accounts automatisch gel\u00f6scht werden sollen. Legen Sie individuelle L\u00f6schfristen f\u00fcr Ihre Termin und Kundendaten fest, nach denen Eintr\u00e4ge automatisch gel\u00f6scht werden sollen<\/p>\n","protected":false},"author":1,"featured_media":13269,"parent":0,"menu_order":0,"comment_status":"closed","ping_status":"closed","template":"","meta":{"_et_pb_use_builder":"on","_et_pb_old_content":"","_et_gb_content_width":"","footnotes":""},"class_list":["post-2741","page","type-page","status-publish","has-post-thumbnail","hentry"],"yoast_head":"<!-- This site is optimized with the Yoast SEO plugin v23.9 - https:\/\/yoast.com\/wordpress\/plugins\/seo\/ -->\n<title>Datenbereinigung - cituro Helpcenter<\/title>\n<meta name=\"description\" content=\"Hier zeigen wir Ihnen, wie Sie mit unserem L\u00f6schkonzept Fristen f\u00fcr die L\u00f6schung von Terminen und Kundendaten festlegen k\u00f6nnen.\" \/>\n<meta name=\"robots\" content=\"index, follow, max-snippet:-1, max-image-preview:large, max-video-preview:-1\" \/>\n<link rel=\"canonical\" href=\"https:\/\/www.cituro.com\/help\/datenbereinigung\" \/>\n<meta property=\"og:locale\" content=\"de_DE\" \/>\n<meta property=\"og:type\" content=\"article\" \/>\n<meta property=\"og:title\" content=\"Datenbereinigung - cituro Helpcenter\" \/>\n<meta property=\"og:description\" content=\"Hier zeigen wir Ihnen, wie Sie mit unserem L\u00f6schkonzept Fristen f\u00fcr die L\u00f6schung von Terminen und Kundendaten festlegen k\u00f6nnen.\" \/>\n<meta property=\"og:url\" content=\"https:\/\/www.cituro.com\/help\/datenbereinigung\" \/>\n<meta property=\"og:site_name\" content=\"cituro Helpcenter\" \/>\n<meta property=\"article:modified_time\" content=\"2026-03-03T13:44:01+00:00\" \/>\n<meta property=\"og:image\" content=\"https:\/\/www.cituro.com\/help\/wp-content\/uploads\/2026\/03\/Cituro_logodark-grey-blue_360x360px.png\" \/>\n\t<meta property=\"og:image:width\" content=\"360\" \/>\n\t<meta property=\"og:image:height\" content=\"360\" \/>\n\t<meta property=\"og:image:type\" content=\"image\/png\" \/>\n<meta name=\"twitter:card\" content=\"summary_large_image\" \/>\n<meta name=\"twitter:label1\" content=\"Gesch\u00e4tzte Lesezeit\" \/>\n\t<meta name=\"twitter:data1\" content=\"5\u00a0Minuten\" \/>\n<script type=\"application\/ld+json\" class=\"yoast-schema-graph\">{\"@context\":\"https:\/\/schema.org\",\"@graph\":[{\"@type\":\"WebPage\",\"@id\":\"https:\/\/www.cituro.com\/help\/datenbereinigung\",\"url\":\"https:\/\/www.cituro.com\/help\/datenbereinigung\",\"name\":\"Datenbereinigung - cituro Helpcenter\",\"isPartOf\":{\"@id\":\"https:\/\/www.cituro.com\/help\/#website\"},\"primaryImageOfPage\":{\"@id\":\"https:\/\/www.cituro.com\/help\/datenbereinigung#primaryimage\"},\"image\":{\"@id\":\"https:\/\/www.cituro.com\/help\/datenbereinigung#primaryimage\"},\"thumbnailUrl\":\"https:\/\/www.cituro.com\/help\/wp-content\/uploads\/2026\/03\/Cituro_logodark-grey-blue_360x360px.png\",\"datePublished\":\"2020-11-30T07:36:47+00:00\",\"dateModified\":\"2026-03-03T13:44:01+00:00\",\"description\":\"Hier zeigen wir Ihnen, wie Sie mit unserem L\u00f6schkonzept Fristen f\u00fcr die L\u00f6schung von Terminen und Kundendaten festlegen k\u00f6nnen.\",\"breadcrumb\":{\"@id\":\"https:\/\/www.cituro.com\/help\/datenbereinigung#breadcrumb\"},\"inLanguage\":\"de\",\"potentialAction\":[{\"@type\":\"ReadAction\",\"target\":[\"https:\/\/www.cituro.com\/help\/datenbereinigung\"]}]},{\"@type\":\"ImageObject\",\"inLanguage\":\"de\",\"@id\":\"https:\/\/www.cituro.com\/help\/datenbereinigung#primaryimage\",\"url\":\"https:\/\/www.cituro.com\/help\/wp-content\/uploads\/2026\/03\/Cituro_logodark-grey-blue_360x360px.png\",\"contentUrl\":\"https:\/\/www.cituro.com\/help\/wp-content\/uploads\/2026\/03\/Cituro_logodark-grey-blue_360x360px.png\",\"width\":360,\"height\":360},{\"@type\":\"BreadcrumbList\",\"@id\":\"https:\/\/www.cituro.com\/help\/datenbereinigung#breadcrumb\",\"itemListElement\":[{\"@type\":\"ListItem\",\"position\":1,\"name\":\"Startseite\",\"item\":\"https:\/\/www.cituro.com\/help\/\"},{\"@type\":\"ListItem\",\"position\":2,\"name\":\"Datenbereinigung\"}]},{\"@type\":\"WebSite\",\"@id\":\"https:\/\/www.cituro.com\/help\/#website\",\"url\":\"https:\/\/www.cituro.com\/help\/\",\"name\":\"cituro Helpcenter\",\"description\":\"Eine weitere WordPress-Website\",\"potentialAction\":[{\"@type\":\"SearchAction\",\"target\":{\"@type\":\"EntryPoint\",\"urlTemplate\":\"https:\/\/www.cituro.com\/help\/?s={search_term_string}\"},\"query-input\":{\"@type\":\"PropertyValueSpecification\",\"valueRequired\":true,\"valueName\":\"search_term_string\"}}],\"inLanguage\":\"de\"}]}<\/script>\n<!-- \/ Yoast SEO plugin. -->","yoast_head_json":{"title":"Datenbereinigung - cituro Helpcenter","description":"Hier zeigen wir Ihnen, wie Sie mit unserem L\u00f6schkonzept Fristen f\u00fcr die L\u00f6schung von Terminen und Kundendaten festlegen k\u00f6nnen.","robots":{"index":"index","follow":"follow","max-snippet":"max-snippet:-1","max-image-preview":"max-image-preview:large","max-video-preview":"max-video-preview:-1"},"canonical":"https:\/\/www.cituro.com\/help\/datenbereinigung","og_locale":"de_DE","og_type":"article","og_title":"Datenbereinigung - cituro Helpcenter","og_description":"Hier zeigen wir Ihnen, wie Sie mit unserem L\u00f6schkonzept Fristen f\u00fcr die L\u00f6schung von Terminen und Kundendaten festlegen k\u00f6nnen.","og_url":"https:\/\/www.cituro.com\/help\/datenbereinigung","og_site_name":"cituro Helpcenter","article_modified_time":"2026-03-03T13:44:01+00:00","og_image":[{"width":360,"height":360,"url":"https:\/\/www.cituro.com\/help\/wp-content\/uploads\/2026\/03\/Cituro_logodark-grey-blue_360x360px.png","type":"image\/png"}],"twitter_card":"summary_large_image","twitter_misc":{"Gesch\u00e4tzte Lesezeit":"5\u00a0Minuten"},"schema":{"@context":"https:\/\/schema.org","@graph":[{"@type":"WebPage","@id":"https:\/\/www.cituro.com\/help\/datenbereinigung","url":"https:\/\/www.cituro.com\/help\/datenbereinigung","name":"Datenbereinigung - cituro Helpcenter","isPartOf":{"@id":"https:\/\/www.cituro.com\/help\/#website"},"primaryImageOfPage":{"@id":"https:\/\/www.cituro.com\/help\/datenbereinigung#primaryimage"},"image":{"@id":"https:\/\/www.cituro.com\/help\/datenbereinigung#primaryimage"},"thumbnailUrl":"https:\/\/www.cituro.com\/help\/wp-content\/uploads\/2026\/03\/Cituro_logodark-grey-blue_360x360px.png","datePublished":"2020-11-30T07:36:47+00:00","dateModified":"2026-03-03T13:44:01+00:00","description":"Hier zeigen wir Ihnen, wie Sie mit unserem L\u00f6schkonzept Fristen f\u00fcr die L\u00f6schung von Terminen und Kundendaten festlegen k\u00f6nnen.","breadcrumb":{"@id":"https:\/\/www.cituro.com\/help\/datenbereinigung#breadcrumb"},"inLanguage":"de","potentialAction":[{"@type":"ReadAction","target":["https:\/\/www.cituro.com\/help\/datenbereinigung"]}]},{"@type":"ImageObject","inLanguage":"de","@id":"https:\/\/www.cituro.com\/help\/datenbereinigung#primaryimage","url":"https:\/\/www.cituro.com\/help\/wp-content\/uploads\/2026\/03\/Cituro_logodark-grey-blue_360x360px.png","contentUrl":"https:\/\/www.cituro.com\/help\/wp-content\/uploads\/2026\/03\/Cituro_logodark-grey-blue_360x360px.png","width":360,"height":360},{"@type":"BreadcrumbList","@id":"https:\/\/www.cituro.com\/help\/datenbereinigung#breadcrumb","itemListElement":[{"@type":"ListItem","position":1,"name":"Startseite","item":"https:\/\/www.cituro.com\/help\/"},{"@type":"ListItem","position":2,"name":"Datenbereinigung"}]},{"@type":"WebSite","@id":"https:\/\/www.cituro.com\/help\/#website","url":"https:\/\/www.cituro.com\/help\/","name":"cituro Helpcenter","description":"Eine weitere WordPress-Website","potentialAction":[{"@type":"SearchAction","target":{"@type":"EntryPoint","urlTemplate":"https:\/\/www.cituro.com\/help\/?s={search_term_string}"},"query-input":{"@type":"PropertyValueSpecification","valueRequired":true,"valueName":"search_term_string"}}],"inLanguage":"de"}]}},"_links":{"self":[{"href":"https:\/\/www.cituro.com\/help\/wp-json\/wp\/v2\/pages\/2741","targetHints":{"allow":["GET"]}}],"collection":[{"href":"https:\/\/www.cituro.com\/help\/wp-json\/wp\/v2\/pages"}],"about":[{"href":"https:\/\/www.cituro.com\/help\/wp-json\/wp\/v2\/types\/page"}],"author":[{"embeddable":true,"href":"https:\/\/www.cituro.com\/help\/wp-json\/wp\/v2\/users\/1"}],"replies":[{"embeddable":true,"href":"https:\/\/www.cituro.com\/help\/wp-json\/wp\/v2\/comments?post=2741"}],"version-history":[{"count":8,"href":"https:\/\/www.cituro.com\/help\/wp-json\/wp\/v2\/pages\/2741\/revisions"}],"predecessor-version":[{"id":13290,"href":"https:\/\/www.cituro.com\/help\/wp-json\/wp\/v2\/pages\/2741\/revisions\/13290"}],"wp:featuredmedia":[{"embeddable":true,"href":"https:\/\/www.cituro.com\/help\/wp-json\/wp\/v2\/media\/13269"}],"wp:attachment":[{"href":"https:\/\/www.cituro.com\/help\/wp-json\/wp\/v2\/media?parent=2741"}],"curies":[{"name":"wp","href":"https:\/\/api.w.org\/{rel}","templated":true}]}}