{"id":2455,"date":"2020-10-19T19:38:16","date_gmt":"2020-10-19T17:38:16","guid":{"rendered":"https:\/\/www.cituro.com\/help\/?page_id=2455"},"modified":"2025-09-18T11:54:51","modified_gmt":"2025-09-18T09:54:51","slug":"lokalisierung-und-mehrsprachigkeit","status":"publish","type":"page","link":"https:\/\/www.cituro.com\/help\/lokalisierung-und-mehrsprachigkeit","title":{"rendered":"Lokalisierung und Mehrsprachigkeit"},"content":{"rendered":"<p>[et_pb_section fb_built=&#8220;1&#8243; specialty=&#8220;on&#8220; module_class=&#8220; et_pb_specialty_fullwidth&#8220; _builder_version=&#8220;3.22&#8243; inner_width=&#8220;89%&#8220; inner_width_tablet=&#8220;80%&#8220; inner_width_phone=&#8220;&#8220; inner_width_last_edited=&#8220;on|desktop&#8220; inner_max_width=&#8220;89%&#8220; inner_max_width_tablet=&#8220;80%&#8220; inner_max_width_phone=&#8220;&#8220; inner_max_width_last_edited=&#8220;on|desktop&#8220; make_fullwidth=&#8220;on&#8220; global_colors_info=&#8220;{}&#8220;][et_pb_column type=&#8220;1_4&#8243; _builder_version=&#8220;3.25&#8243; custom_padding=&#8220;|||&#8220; global_colors_info=&#8220;{}&#8220; custom_padding__hover=&#8220;|||&#8220;][et_pb_sidebar area=&#8220;sidebar-1&#8243; disabled_on=&#8220;on|on|off&#8220; _builder_version=&#8220;3.29.3&#8243; custom_padding=&#8220;50px|||&#8220; global_colors_info=&#8220;{}&#8220;][\/et_pb_sidebar][\/et_pb_column][et_pb_column type=&#8220;3_4&#8243; specialty_columns=&#8220;3&#8243; _builder_version=&#8220;3.25&#8243; custom_padding=&#8220;|||&#8220; global_colors_info=&#8220;{}&#8220; custom_padding__hover=&#8220;|||&#8220;][et_pb_row_inner admin_label=&#8220;Zeile&#8220; _builder_version=&#8220;3.25&#8243; global_colors_info=&#8220;{}&#8220;][et_pb_column_inner saved_specialty_column_type=&#8220;3_4&#8243; _builder_version=&#8220;3.25&#8243; custom_padding=&#8220;|||&#8220; global_colors_info=&#8220;{}&#8220; custom_padding__hover=&#8220;|||&#8220;][et_pb_text admin_label=&#8220;\u00dcberschrift&#8220; _builder_version=&#8220;3.29.3&#8243; global_colors_info=&#8220;{}&#8220;]<\/p>\n<h1>Mehrsprachigkeit und Lokalisierung mit dem cituro W\u00f6rterbuch<\/h1>\n<p>[\/et_pb_text][et_pb_text _builder_version=&#8220;4.14.5&#8243; global_colors_info=&#8220;{}&#8220;]<strong>Mehrsprachigkeit und Lokalisierung leicht gemacht!<\/strong><\/p>\n<p>Mit unserer W\u00f6rterbuchfunktion sind Sie in der Lage eine vollst\u00e4ndige und professionelle Mehrsprachigkeit Ihrer Onlinebuchung zu realisieren. Sie k\u00f6nnen zum einen eigene Texte und Inhalte f\u00fcr verschiedene Sprachen hinterlegen, zum anderen k\u00f6nnen Sie Standardbezeichnungen und Texte der cituro Oberfl\u00e4che auf Ihre Bed\u00fcrfnisse anpassen. So erh\u00e4lt jeder Kunde die passende Ansprache in seiner gew\u00fcnschten Sprache.\n<\/p>\n<p>Wie das geht, zeigen wir im folgenden Artikel.<\/p>\n<p>\n<a href=\"#intro\">1. Funktionsweise<\/a><br \/>\n<a href=\"#custom-content\">2. Lokalisierung und \u00dcbersetzung eigener Inhalte<\/a><br \/>\n<a href=\"#overrides\">3. Anpassung von Standardinhalten<\/a>\n<\/p>\n<p>Hier finden Sie Ihr W\u00f6rterbuch:<br \/>\n<strong>Men\u00fc<\/strong> \u2192 <strong>Erweitert<\/strong> \u2192 <strong>Lokalisierung<\/strong> <\/p>\n<p>[\/et_pb_text][\/et_pb_column_inner][\/et_pb_row_inner][et_pb_row_inner admin_label=&#8220;Zeile&#8220; _builder_version=&#8220;3.25&#8243; global_colors_info=&#8220;{}&#8220;][et_pb_column_inner saved_specialty_column_type=&#8220;3_4&#8243; _builder_version=&#8220;3.25&#8243; custom_padding=&#8220;|||&#8220; global_colors_info=&#8220;{}&#8220; custom_padding__hover=&#8220;|||&#8220;][et_pb_divider color=&#8220;#555555&#8243; _builder_version=&#8220;3.5.1&#8243; global_colors_info=&#8220;{}&#8220;][\/et_pb_divider][\/et_pb_column_inner][\/et_pb_row_inner][et_pb_row_inner admin_label=&#8220;Zeile&#8220; _builder_version=&#8220;3.25&#8243; global_colors_info=&#8220;{}&#8220;][et_pb_column_inner saved_specialty_column_type=&#8220;3_4&#8243; _builder_version=&#8220;3.25&#8243; custom_padding=&#8220;|||&#8220; global_colors_info=&#8220;{}&#8220; custom_padding__hover=&#8220;|||&#8220;][et_pb_text admin_label=&#8220;Funktionsweise&#8220; _builder_version=&#8220;3.29.3&#8243; global_colors_info=&#8220;{}&#8220;]<\/p>\n<h2 class=\"text-content-heading\" id=\"intro\">1. Funktionsweise<\/h2>\n<p>[\/et_pb_text][et_pb_text _builder_version=&#8220;3.29.3&#8243; global_colors_info=&#8220;{}&#8220;]<\/p>\n<p>Das W\u00f6rterbuch ist grunds\u00e4tzlich eine Sammlung von beliebigen Eintr\u00e4gen mit jeweils einem <strong>Schl\u00fcssel\/Key<\/strong> und einem <strong>Wert\/Value<\/strong>. Jeder Eintrag entspricht einer \u00dcbersetzung.<\/p>\n<p>Der <strong>Schl\u00fcssel<\/strong> ist eindeutig und wird f\u00fcr die Identifikation und Suche des Eintrags verwendet. Sie k\u00f6nnen beliebige Schl\u00fcssel anlegen, auf die Sie dann an entsprechender Stelle verweisen k\u00f6nnen.<\/p>\n<p>Der <strong>Wert<\/strong> enth\u00e4lt die jeweilige \u00dcbersetzung bzw. den zu ersetzenden Wert. Wird ein Schl\u00fcssel im W\u00f6rterbuch gefunden, so wird der Inhalt des Schl\u00fcssels durch den Inhalt des Wertes ersetzt.<\/p>\n<p>Um \u00dcbersetzungen f\u00fcr verschiedene Zielsprachen anzubieten, m\u00fcssen Sie f\u00fcr Ihre Schl\u00fcssel sogenannte Locale-Suffixe verwenden und f\u00fcr jede m\u00f6gliche \u00dcbersetzung einen Eintrag im W\u00f6rterbuch hinterlegen. Jeder Eintrag enth\u00e4lt den gew\u00fcnschten Schl\u00fcssel und den dazugeh\u00f6rigen L\u00e4ndersuffix, also die Endungen f\u00fcr die gew\u00fcnschte Zielsprache. Diese Endung kann dabei entweder f\u00fcr eine Sprache grunds\u00e4tzlich gelten (Bspw. key.<strong>de<\/strong> f\u00fcr Deutsch) oder aber f\u00fcr eine Sprache in einem speziellen Land (bspw. key.<strong>de_CH<\/strong> f\u00fcr Deutsch in der Schweiz). Dabei k\u00f6nnen l\u00e4nderspezifische Suffixe die generelle Sprache \u00fcberschreiben (L\u00e4ndersuffix&gt;Sprachsuffix&gt;Kein Suffix). Das hei\u00dft, Sie k\u00f6nnen l\u00e4nderspezifische Anpassungen f\u00fcr Bezeichnungen und Namen vornehmen. Wenn Sie globale \u00dcbersetzungen vornehmen wollen, die f\u00fcr alle Sprachen gelten, dann verwenden Sie den Schl\u00fcssel ohne Angabe eines L\u00e4ndersuffix.<\/p>\n<p>Ein W\u00f6rterbuch ist demnach wie folgt aufgebaut (exemplarischer Auszug):<\/p>\n<p>[\/et_pb_text][et_pb_text module_class=&#8220;source_code&#8220; _builder_version=&#8220;3.29.3&#8243; global_colors_info=&#8220;{}&#8220;]<\/p>\n<p>key=Generelle Bezeichnung<br \/>\nkey.de=Bezeichnung in Deutsch<br \/>\nkey.en=Bezeichnung in Englisch<br \/>\nkey.fr=Bezeichnung in Franz\u00f6sisch<br \/>\nkey.de_CH=Bezeichnung in Deutsch\/Schweiz<\/p>\n<p>[\/et_pb_text][et_pb_text _builder_version=&#8220;4.14.5&#8243; global_colors_info=&#8220;{}&#8220;]<\/p>\n<p class=\"notice blue\"><strong>Hinweis:<\/strong> Aktuell werden die Sprachen Deutsch(de), Englisch(en), Franz\u00f6sisch(fr), Spanisch(es), Kroatisch(hr), Finnisch(fi), Italienisch(it), Niederl\u00e4ndisch(nl), D\u00e4nisch(da) und Schwedisch(sv) von der automatischen Spracherkennung der Onlinebuchung unterst\u00fctzt (weitere folgen).\n<\/p>\n<p>[\/et_pb_text][\/et_pb_column_inner][\/et_pb_row_inner][et_pb_row_inner admin_label=&#8220;Zeile&#8220; _builder_version=&#8220;3.25&#8243; global_colors_info=&#8220;{}&#8220;][et_pb_column_inner saved_specialty_column_type=&#8220;3_4&#8243; _builder_version=&#8220;3.25&#8243; custom_padding=&#8220;|||&#8220; global_colors_info=&#8220;{}&#8220; custom_padding__hover=&#8220;|||&#8220;][et_pb_divider color=&#8220;#555555&#8243; _builder_version=&#8220;3.5.1&#8243; global_colors_info=&#8220;{}&#8220;][\/et_pb_divider][\/et_pb_column_inner][\/et_pb_row_inner][et_pb_row_inner admin_label=&#8220;Zeile&#8220; _builder_version=&#8220;3.25&#8243; global_colors_info=&#8220;{}&#8220;][et_pb_column_inner saved_specialty_column_type=&#8220;3_4&#8243; _builder_version=&#8220;3.25&#8243; custom_padding=&#8220;|||&#8220; global_colors_info=&#8220;{}&#8220; custom_padding__hover=&#8220;|||&#8220;][et_pb_text admin_label=&#8220;\u00dcberschrift eigene Inhalte&#8220; _builder_version=&#8220;3.29.3&#8243; global_colors_info=&#8220;{}&#8220;]<\/p>\n<h2 class=\"text-content-heading\" id=\"custom-content\">2. Lokalisierung und \u00dcbersetzung eigener Inhalte<\/h2>\n<p>[\/et_pb_text][et_pb_text _builder_version=&#8220;3.29.3&#8243; global_colors_info=&#8220;{}&#8220;]<\/p>\n<p>Mit dem W\u00f6rterbuch k\u00f6nnen Sie Ihre Inhalte ganz einfach in verschiedenen Sprachen bereitstellen. So bekommen Ihre Kunden automatisch die korrekte \u00dcbersetzung f\u00fcr die ben\u00f6tigte Sprache angezeigt.<\/p>\n<p>[\/et_pb_text][et_pb_text admin_label=&#8220;Unterst\u00fctzte Inhalte&#8220; _builder_version=&#8220;3.29.3&#8243; hover_enabled=&#8220;0&#8243; global_colors_info=&#8220;{}&#8220; sticky_enabled=&#8220;0&#8243;]<\/p>\n<h3>Verwendung verschiedener Sprachen<\/h3>\n<p>Sie k\u00f6nnen momentan unter anderem folgende Inhalte \u00fcbersetzen:<\/p>\n<ul>\n<li>Name von Leistungen<\/li>\n<li>Kurzbeschreibung von Leistungen<\/li>\n<li>Beschreibung von Leistungen<\/li>\n<li>Buchungshinweise<\/li>\n<li>Zusatzinformationen bei Buchungsbest\u00e4tigung<\/li>\n<li>Name von Servicekategorien<\/li>\n<li>Eigene Formularfelder und dazugeh\u00f6rige Werte<\/li>\n<li>Inhalte von E-Mail-Vorlagen<\/li>\n<li>Betreff von E-Mail-Vorlagen<\/li>\n<li>Bezeichnung von Buchungsbuttons<\/li>\n<li>Verschiedene Meldungen, bei denen eigener Text angeboten wird<\/li>\n<\/ul>\n<p>[\/et_pb_text][et_pb_text admin_label=&#8220;Beispiel&#8220; _builder_version=&#8220;3.29.3&#8243; global_colors_info=&#8220;{}&#8220;]<\/p>\n<h3>Beispiel f\u00fcr \u00dcbersetzung des Namens einer Leistung<\/h3>\n<p>M\u00f6chte man beispielsweise den Namen einer Leistung <i>Beratungsgespr\u00e4ch<\/i> sowohl in Deutsch als auch in Englisch anbieten, so sind folgende Schritte notwendig:<\/p>\n<ol>\n<li>Eindeutigen Namen (Schl\u00fcssel) <i>Beratung<\/i> unter Menu>Einzelleistungen>Leistung bearbeiten>Name hinterlegen<\/li>\n<li>Entsprechenden Schl\u00fcssel <i>Beratung.<strong>de<\/strong><\/i> mit dem Wert <i>Beratungsgespr\u00e4ch<\/i> im W\u00f6rterbuch anlegen, f\u00fcr die deutsche \u00dcbersetzung<\/li>\n<li>Entsprechenden Schl\u00fcssel <i>Beratung.<strong>en<\/strong><\/i> mit dem Wert <i>Consultation<\/i> im W\u00f6rterbuch anlegen, f\u00fcr die englisch \u00dcbersetzung<\/li>\n<\/ol>\n<p>[\/et_pb_text][et_pb_text admin_label=&#8220;Beispiel&#8220; _builder_version=&#8220;3.29.3&#8243; global_colors_info=&#8220;{}&#8220;]<\/p>\n<h3>Beispiel f\u00fcr \u00dcbersetzung eines Formularfeldes<\/h3>\n<p>M\u00f6chte man beispielsweise die Bezeichnung des Buchungsfeldes <i>Gewicht<\/i> in Deutsch, Englisch und Franz\u00f6sisch anbieten, so sind folgende Schritte notwendig:<\/p>\n<ol>\n<li>Eindeutige Bezeichnung(Schl\u00fcssel) <i>Gewicht<\/i> unter Menu>Onlinebuchung>Buchungsformular>Feld bearbeiten>Bezeichnung hinterlegen<\/li>\n<li>Entsprechenden Schl\u00fcssel <i>Gewicht.<strong>de<\/strong><\/i> mit dem Wert <i>Gewicht<\/i> im W\u00f6rterbuch anlegen, f\u00fcr die deutsche \u00dcbersetzung<\/li>\n<li>Entsprechenden Schl\u00fcssel <i>Gewicht.<strong>en<\/strong><\/i> mit dem Wert <i>Weight<\/i> im W\u00f6rterbuch anlegen, f\u00fcr die englische \u00dcbersetzung<\/li>\n<li>Entsprechenden Schl\u00fcssel <i>Gewicht.<strong>fr<\/strong><\/i> mit dem Wert <i>Poids<\/i> im W\u00f6rterbuch anlegen, f\u00fcr die franz\u00f6sische \u00dcbersetzung<\/li>\n<\/ol>\n<p>[\/et_pb_text][\/et_pb_column_inner][\/et_pb_row_inner][et_pb_row_inner admin_label=&#8220;Zeile&#8220; _builder_version=&#8220;3.25&#8243; global_colors_info=&#8220;{}&#8220;][et_pb_column_inner saved_specialty_column_type=&#8220;3_4&#8243; _builder_version=&#8220;3.25&#8243; custom_padding=&#8220;|||&#8220; global_colors_info=&#8220;{}&#8220; custom_padding__hover=&#8220;|||&#8220;][et_pb_divider color=&#8220;#555555&#8243; _builder_version=&#8220;3.5.1&#8243; global_colors_info=&#8220;{}&#8220;][\/et_pb_divider][\/et_pb_column_inner][\/et_pb_row_inner][et_pb_row_inner admin_label=&#8220;Zeile&#8220; _builder_version=&#8220;3.25&#8243; global_colors_info=&#8220;{}&#8220;][et_pb_column_inner saved_specialty_column_type=&#8220;3_4&#8243; _builder_version=&#8220;3.25&#8243; custom_padding=&#8220;|||&#8220; global_colors_info=&#8220;{}&#8220; custom_padding__hover=&#8220;|||&#8220;][et_pb_text admin_label=&#8220;\u00dcberschrift Overrides&#8220; _builder_version=&#8220;3.29.3&#8243; global_colors_info=&#8220;{}&#8220;]<\/p>\n<h2 class=\"text-content-heading\" id=\"overrides\">3. Anpassung von Standardinhalten<\/h2>\n<p>[\/et_pb_text][et_pb_text _builder_version=&#8220;3.29.3&#8243; global_colors_info=&#8220;{}&#8220;]<\/p>\n<p>Neben eigenen Inhalten k\u00f6nnen Sie mit dem W\u00f6rterbuch auch Standardtexte der Onlinebuchung, der automatischen Benachrichtigungen oder des cituro Managers ver\u00e4ndern. Genau wie bei eigenen Inhalten k\u00f6nnen Sie mit L\u00e4ndersuffixen arbeiten, um Bezeichnungen f\u00fcr verschiedene Sprachen zu hinterlegen.<\/p>\n<p>[\/et_pb_text][et_pb_text admin_label=&#8220;Beispiel&#8220; _builder_version=&#8220;3.29.3&#8243; global_colors_info=&#8220;{}&#8220;]<\/p>\n<h3>Beispiel cituro Manager: Patienten anstatt Kunden<\/h3>\n<p>F\u00fcr diese Anpassung sind einige Eintr\u00e4ge im W\u00f6rterbuch notwendig, hier die wichtigsten:<\/p>\n<ol>\n<li>Men\u00fceintrag: navigation.customers=Patienten<\/li>\n<li>\u00dcberschrift Kundenverwaltung: header.customers.caption=Patientenverwaltung<\/li>\n<li>Aktion &#8222;Kunde hinzuf\u00fcgen&#8220;: customer.add=Patient hinzuf\u00fcgen<\/li>\n<li>Aktion &#8222;Kunde bearbeiten&#8220;: customerTable.action.edit=Patient bearbeiten<\/li>\n<li>Aktion &#8222;Kunde l\u00f6schen&#8220;: customerTable.action.delete=Patient l\u00f6schen<\/li>\n<li>Meldung &#8222;Kunde gel\u00f6scht&#8220;: customer.removed.successfully=Patient gel\u00f6scht<\/li>\n<li>Meldung &#8222;Kunde angelegt&#8220;: customer.created.successfully=Patient angelegt<\/li>\n<li>Meldung &#8222;Kunde gespeichert&#8220;: customer.saved.successfully=Patient gespeichert<\/li>\n<li>Kunde l\u00f6schen best\u00e4tigen(Button): dialog.button.deleteCustomer=Patient endg\u00fcltig l\u00f6schen<\/li>\n<li>Kunde l\u00f6schen best\u00e4tigen: confirm.remove.customer=Wollen Sie den Patienten wirklich l\u00f6schen?<\/li>\n<\/ol>\n<p>[\/et_pb_text][et_pb_text admin_label=&#8220;Beispiel&#8220; _builder_version=&#8220;3.29.3&#8243; global_colors_info=&#8220;{}&#8220;]<\/p>\n<h3>Beispiel Onlinebuchung: Leistung w\u00e4hlen umbenennen<\/h3>\n<p>F\u00fcr diese Anpassung ist folgender Eintr\u00e4ge im W\u00f6rterbuch notwendig:<br \/>\nbooking.serviceSelectionStep.appTitle=Ihre Bezeichnung[\/et_pb_text][et_pb_text _builder_version=&#8220;3.29.3&#8243; global_colors_info=&#8220;{}&#8220;]<\/p>\n<p class=\"notice red\"><strong>Achtung:<\/strong> Interne Schl\u00fcssel k\u00f6nnen von uns jederzeit ge\u00e4ndert werden, sodass einige \u00dcbersetzungen ggf. nicht mehr funktionieren<\/p>\n<p>[\/et_pb_text][\/et_pb_column_inner][\/et_pb_row_inner][et_pb_row_inner _builder_version=&#8220;3.25&#8243; global_module=&#8220;491&#8243; collapsed=&#8220;off&#8220; global_colors_info=&#8220;{}&#8220;][et_pb_column_inner _builder_version=&#8220;3.25&#8243; custom_padding=&#8220;|||&#8220; global_colors_info=&#8220;{}&#8220; custom_padding__hover=&#8220;|||&#8220;][et_pb_divider color=&#8220;#555555&#8243; divider_position=&#8220;center&#8220; _builder_version=&#8220;4.12.1&#8243; global_colors_info=&#8220;{}&#8220;][\/et_pb_divider][et_pb_text _builder_version=&#8220;4.14.5&#8243; global_colors_info=&#8220;{}&#8220;]<\/p>\n<h2 style=\"text-align: center;\">Sie haben Fragen? Wir helfen gerne!<\/h2>\n<p>[\/et_pb_text][\/et_pb_column_inner][\/et_pb_row_inner][et_pb_row_inner column_structure=&#8220;1_2,1_2&#8243; _builder_version=&#8220;3.25&#8243; global_module=&#8220;487&#8243; saved_tabs=&#8220;all&#8220; global_colors_info=&#8220;{}&#8220;][et_pb_column_inner type=&#8220;1_2&#8243; _builder_version=&#8220;3.25&#8243; custom_padding=&#8220;|||&#8220; global_colors_info=&#8220;{}&#8220; custom_padding__hover=&#8220;|||&#8220;][et_pb_blurb title=&#8220;E-Mail&#8220; use_icon=&#8220;on&#8220; font_icon=&#8220;&#xe010;||divi||400&#8243; icon_color=&#8220;#555555&#8243; _builder_version=&#8220;4.13.0&#8243; header_level=&#8220;h3&#8243; text_orientation=&#8220;center&#8220; custom_padding=&#8220;10px|10px|10px|10px&#8220; animation_style=&#8220;zoom&#8220; box_shadow_style=&#8220;preset1&#8243; global_colors_info=&#8220;{}&#8220;]<\/p>\n<p style=\"text-align: center;\">Schreiben Sie uns eine E-Mail<br \/>\n<a href=\"mailto:support@cituro.com\">support@cituro.com<\/a><\/p>\n<p>[\/et_pb_blurb][\/et_pb_column_inner][et_pb_column_inner type=&#8220;1_2&#8243; _builder_version=&#8220;3.25&#8243; custom_padding=&#8220;|||&#8220; global_colors_info=&#8220;{}&#8220; custom_padding__hover=&#8220;|||&#8220;][et_pb_blurb title=&#8220;Telefon&#8220; use_icon=&#8220;on&#8220; font_icon=&#8220;&#xe090;||divi||400&#8243; icon_color=&#8220;#555555&#8243; _builder_version=&#8220;4.13.0&#8243; header_level=&#8220;h3&#8243; text_orientation=&#8220;center&#8220; custom_padding=&#8220;10px|10px|10px|10px&#8220; animation_style=&#8220;zoom&#8220; box_shadow_style=&#8220;preset1&#8243; global_colors_info=&#8220;{}&#8220;]<\/p>\n<p style=\"text-align: center;\">Wir sind f\u00fcr Sie da<br \/>\n<a href=\"tel:004982199973940\">+49 821 999 739 40<\/a><\/p>\n<p>[\/et_pb_blurb][\/et_pb_column_inner][\/et_pb_row_inner][\/et_pb_column][\/et_pb_section]<\/p>\n","protected":false},"excerpt":{"rendered":"<p>Mit unserer W\u00f6rterbuchfunktion sind Sie in der Lage eine vollst\u00e4ndige und professionelle Mehrsprachigkeit Ihrer Onlinebuchung zu realisieren. Sie k\u00f6nnen zum einen eigene Texte und Inhalte f\u00fcr verschiedene Sprachen hinterlegen, zum anderen k\u00f6nnen Sie Standardbezeichnungen und Texte der cituro Oberfl\u00e4che auf Ihre Bed\u00fcrfnisse anpassen. So erh\u00e4lt jeder Kunde die passende Ansprache in seiner gew\u00fcnschten Sprache.<\/p>\n","protected":false},"author":2,"featured_media":0,"parent":0,"menu_order":0,"comment_status":"closed","ping_status":"closed","template":"","meta":{"_et_pb_use_builder":"on","_et_pb_old_content":"","_et_gb_content_width":"","footnotes":""},"class_list":["post-2455","page","type-page","status-publish","hentry"],"yoast_head":"<!-- This site is optimized with the Yoast SEO plugin v23.9 - https:\/\/yoast.com\/wordpress\/plugins\/seo\/ -->\n<title>W\u00f6rterbuch - professionelle Lokalisierung und Mehrsprachigkeit<\/title>\n<meta name=\"description\" content=\"Mit unserer W\u00f6rtbuchfunktion k\u00f6nnen Sie den gesamten Buchungsprozess mehrsprachig, lokalisiert und mit individuellen Inhalten &amp; Texten gestalten.\" \/>\n<meta name=\"robots\" content=\"index, follow, max-snippet:-1, max-image-preview:large, max-video-preview:-1\" \/>\n<link rel=\"canonical\" href=\"https:\/\/www.cituro.com\/help\/lokalisierung-und-mehrsprachigkeit\" \/>\n<meta property=\"og:locale\" content=\"de_DE\" \/>\n<meta property=\"og:type\" content=\"article\" \/>\n<meta property=\"og:title\" content=\"W\u00f6rterbuch - professionelle Lokalisierung und Mehrsprachigkeit\" \/>\n<meta property=\"og:description\" content=\"Mit unserer W\u00f6rtbuchfunktion k\u00f6nnen Sie den gesamten Buchungsprozess mehrsprachig, lokalisiert und mit individuellen Inhalten &amp; Texten gestalten.\" \/>\n<meta property=\"og:url\" content=\"https:\/\/www.cituro.com\/help\/lokalisierung-und-mehrsprachigkeit\" \/>\n<meta property=\"og:site_name\" content=\"cituro Helpcenter\" \/>\n<meta property=\"article:modified_time\" content=\"2025-09-18T09:54:51+00:00\" \/>\n<meta name=\"twitter:card\" content=\"summary_large_image\" \/>\n<meta name=\"twitter:label1\" content=\"Gesch\u00e4tzte Lesezeit\" \/>\n\t<meta name=\"twitter:data1\" content=\"6\u00a0Minuten\" \/>\n<script type=\"application\/ld+json\" class=\"yoast-schema-graph\">{\"@context\":\"https:\/\/schema.org\",\"@graph\":[{\"@type\":\"WebPage\",\"@id\":\"https:\/\/www.cituro.com\/help\/lokalisierung-und-mehrsprachigkeit\",\"url\":\"https:\/\/www.cituro.com\/help\/lokalisierung-und-mehrsprachigkeit\",\"name\":\"W\u00f6rterbuch - professionelle Lokalisierung und Mehrsprachigkeit\",\"isPartOf\":{\"@id\":\"https:\/\/www.cituro.com\/help\/#website\"},\"datePublished\":\"2020-10-19T17:38:16+00:00\",\"dateModified\":\"2025-09-18T09:54:51+00:00\",\"description\":\"Mit unserer W\u00f6rtbuchfunktion k\u00f6nnen Sie den gesamten Buchungsprozess mehrsprachig, lokalisiert und mit individuellen Inhalten & Texten gestalten.\",\"breadcrumb\":{\"@id\":\"https:\/\/www.cituro.com\/help\/lokalisierung-und-mehrsprachigkeit#breadcrumb\"},\"inLanguage\":\"de\",\"potentialAction\":[{\"@type\":\"ReadAction\",\"target\":[\"https:\/\/www.cituro.com\/help\/lokalisierung-und-mehrsprachigkeit\"]}]},{\"@type\":\"BreadcrumbList\",\"@id\":\"https:\/\/www.cituro.com\/help\/lokalisierung-und-mehrsprachigkeit#breadcrumb\",\"itemListElement\":[{\"@type\":\"ListItem\",\"position\":1,\"name\":\"Startseite\",\"item\":\"https:\/\/www.cituro.com\/help\/\"},{\"@type\":\"ListItem\",\"position\":2,\"name\":\"Lokalisierung und Mehrsprachigkeit\"}]},{\"@type\":\"WebSite\",\"@id\":\"https:\/\/www.cituro.com\/help\/#website\",\"url\":\"https:\/\/www.cituro.com\/help\/\",\"name\":\"cituro Helpcenter\",\"description\":\"Eine weitere WordPress-Website\",\"potentialAction\":[{\"@type\":\"SearchAction\",\"target\":{\"@type\":\"EntryPoint\",\"urlTemplate\":\"https:\/\/www.cituro.com\/help\/?s={search_term_string}\"},\"query-input\":{\"@type\":\"PropertyValueSpecification\",\"valueRequired\":true,\"valueName\":\"search_term_string\"}}],\"inLanguage\":\"de\"}]}<\/script>\n<!-- \/ Yoast SEO plugin. -->","yoast_head_json":{"title":"W\u00f6rterbuch - professionelle Lokalisierung und Mehrsprachigkeit","description":"Mit unserer W\u00f6rtbuchfunktion k\u00f6nnen Sie den gesamten Buchungsprozess mehrsprachig, lokalisiert und mit individuellen Inhalten & Texten gestalten.","robots":{"index":"index","follow":"follow","max-snippet":"max-snippet:-1","max-image-preview":"max-image-preview:large","max-video-preview":"max-video-preview:-1"},"canonical":"https:\/\/www.cituro.com\/help\/lokalisierung-und-mehrsprachigkeit","og_locale":"de_DE","og_type":"article","og_title":"W\u00f6rterbuch - professionelle Lokalisierung und Mehrsprachigkeit","og_description":"Mit unserer W\u00f6rtbuchfunktion k\u00f6nnen Sie den gesamten Buchungsprozess mehrsprachig, lokalisiert und mit individuellen Inhalten & Texten gestalten.","og_url":"https:\/\/www.cituro.com\/help\/lokalisierung-und-mehrsprachigkeit","og_site_name":"cituro Helpcenter","article_modified_time":"2025-09-18T09:54:51+00:00","twitter_card":"summary_large_image","twitter_misc":{"Gesch\u00e4tzte Lesezeit":"6\u00a0Minuten"},"schema":{"@context":"https:\/\/schema.org","@graph":[{"@type":"WebPage","@id":"https:\/\/www.cituro.com\/help\/lokalisierung-und-mehrsprachigkeit","url":"https:\/\/www.cituro.com\/help\/lokalisierung-und-mehrsprachigkeit","name":"W\u00f6rterbuch - professionelle Lokalisierung und Mehrsprachigkeit","isPartOf":{"@id":"https:\/\/www.cituro.com\/help\/#website"},"datePublished":"2020-10-19T17:38:16+00:00","dateModified":"2025-09-18T09:54:51+00:00","description":"Mit unserer W\u00f6rtbuchfunktion k\u00f6nnen Sie den gesamten Buchungsprozess mehrsprachig, lokalisiert und mit individuellen Inhalten & Texten gestalten.","breadcrumb":{"@id":"https:\/\/www.cituro.com\/help\/lokalisierung-und-mehrsprachigkeit#breadcrumb"},"inLanguage":"de","potentialAction":[{"@type":"ReadAction","target":["https:\/\/www.cituro.com\/help\/lokalisierung-und-mehrsprachigkeit"]}]},{"@type":"BreadcrumbList","@id":"https:\/\/www.cituro.com\/help\/lokalisierung-und-mehrsprachigkeit#breadcrumb","itemListElement":[{"@type":"ListItem","position":1,"name":"Startseite","item":"https:\/\/www.cituro.com\/help\/"},{"@type":"ListItem","position":2,"name":"Lokalisierung und Mehrsprachigkeit"}]},{"@type":"WebSite","@id":"https:\/\/www.cituro.com\/help\/#website","url":"https:\/\/www.cituro.com\/help\/","name":"cituro Helpcenter","description":"Eine weitere WordPress-Website","potentialAction":[{"@type":"SearchAction","target":{"@type":"EntryPoint","urlTemplate":"https:\/\/www.cituro.com\/help\/?s={search_term_string}"},"query-input":{"@type":"PropertyValueSpecification","valueRequired":true,"valueName":"search_term_string"}}],"inLanguage":"de"}]}},"_links":{"self":[{"href":"https:\/\/www.cituro.com\/help\/wp-json\/wp\/v2\/pages\/2455","targetHints":{"allow":["GET"]}}],"collection":[{"href":"https:\/\/www.cituro.com\/help\/wp-json\/wp\/v2\/pages"}],"about":[{"href":"https:\/\/www.cituro.com\/help\/wp-json\/wp\/v2\/types\/page"}],"author":[{"embeddable":true,"href":"https:\/\/www.cituro.com\/help\/wp-json\/wp\/v2\/users\/2"}],"replies":[{"embeddable":true,"href":"https:\/\/www.cituro.com\/help\/wp-json\/wp\/v2\/comments?post=2455"}],"version-history":[{"count":5,"href":"https:\/\/www.cituro.com\/help\/wp-json\/wp\/v2\/pages\/2455\/revisions"}],"predecessor-version":[{"id":12660,"href":"https:\/\/www.cituro.com\/help\/wp-json\/wp\/v2\/pages\/2455\/revisions\/12660"}],"wp:attachment":[{"href":"https:\/\/www.cituro.com\/help\/wp-json\/wp\/v2\/media?parent=2455"}],"curies":[{"name":"wp","href":"https:\/\/api.w.org\/{rel}","templated":true}]}}