{"id":219,"date":"2019-09-06T16:48:07","date_gmt":"2019-09-06T14:48:07","guid":{"rendered":"https:\/\/www.cituro.com\/help\/?page_id=219"},"modified":"2025-08-01T21:27:32","modified_gmt":"2025-08-01T19:27:32","slug":"gruppenleistungen","status":"publish","type":"page","link":"https:\/\/www.cituro.com\/help\/leistungen-anlegen\/gruppenleistungen","title":{"rendered":"Gruppenleistungen anlegen"},"content":{"rendered":"<p>[et_pb_section fb_built=&#8220;1&#8243; specialty=&#8220;on&#8220; module_class=&#8220; et_pb_specialty_fullwidth&#8220; _builder_version=&#8220;3.22&#8243; inner_width=&#8220;89%&#8220; inner_width_tablet=&#8220;80%&#8220; inner_width_phone=&#8220;&#8220; inner_width_last_edited=&#8220;on|desktop&#8220; inner_max_width=&#8220;89%&#8220; inner_max_width_tablet=&#8220;80%&#8220; inner_max_width_phone=&#8220;&#8220; inner_max_width_last_edited=&#8220;on|desktop&#8220; make_fullwidth=&#8220;on&#8220; global_colors_info=&#8220;{}&#8220;][et_pb_column type=&#8220;1_4&#8243; _builder_version=&#8220;3.25&#8243; custom_padding=&#8220;|||&#8220; global_colors_info=&#8220;{}&#8220; custom_padding__hover=&#8220;|||&#8220;][et_pb_sidebar area=&#8220;sidebar-1&#8243; disabled_on=&#8220;on|on|off&#8220; _builder_version=&#8220;3.29.3&#8243; custom_padding=&#8220;50px|||&#8220; global_colors_info=&#8220;{}&#8220;][\/et_pb_sidebar][\/et_pb_column][et_pb_column type=&#8220;3_4&#8243; specialty_columns=&#8220;3&#8243; _builder_version=&#8220;3.25&#8243; custom_padding=&#8220;|||&#8220; global_colors_info=&#8220;{}&#8220; custom_padding__hover=&#8220;|||&#8220;][et_pb_row_inner admin_label=&#8220;Zeile&#8220; _builder_version=&#8220;3.25&#8243; global_colors_info=&#8220;{}&#8220;][et_pb_column_inner saved_specialty_column_type=&#8220;3_4&#8243; _builder_version=&#8220;3.25&#8243; custom_padding=&#8220;|||&#8220; global_colors_info=&#8220;{}&#8220; custom_padding__hover=&#8220;|||&#8220;][et_pb_text _builder_version=&#8220;3.27.4&#8243; global_colors_info=&#8220;{}&#8220;]<\/p>\n<h1>Gruppenleistungen<br \/>\n(z.B. Kurse, Seminare, Events)<\/h1>\n<p>[\/et_pb_text][et_pb_text _builder_version=&#8220;3.27.4&#8243; global_colors_info=&#8220;{}&#8220;]<\/p>\n<p><strong>Navigation<\/strong>: <strong>Men\u00fc<\/strong> \u2192 <strong>Gruppenleistungen<\/strong><\/p>\n<p>[\/et_pb_text][et_pb_text _builder_version=&#8220;3.29.3&#8243; custom_padding=&#8220;||20px&#8220; text_font_size_tablet=&#8220;&#8220; text_font_size_phone=&#8220;&#8220; text_font_size_last_edited=&#8220;on|phone&#8220; global_colors_info=&#8220;{}&#8220;]<\/p>\n<p>Gruppenleistungen k\u00f6nnen Kurse, Seminare, Events u.\u00c4. Leistungen sein, bei denen mehrere Kunden gleichzeitig an einem Termin oder einer Terminserie teilnehmen k\u00f6nnen.<\/p>\n<p>In cituro gibt es 2 unterschiedliche Veranstaltungstypen bei den Gruppenleistungen:<\/p>\n<p>[\/et_pb_text][\/et_pb_column_inner][\/et_pb_row_inner][et_pb_row_inner column_structure=&#8220;1_2,1_2&#8243; admin_label=&#8220;Zeile&#8220; _builder_version=&#8220;3.29.3&#8243; global_colors_info=&#8220;{}&#8220;][et_pb_column_inner type=&#8220;1_2&#8243; saved_specialty_column_type=&#8220;3_4&#8243; _builder_version=&#8220;3.25&#8243; custom_padding=&#8220;|||&#8220; global_colors_info=&#8220;{}&#8220; custom_padding__hover=&#8220;|||&#8220;][et_pb_blurb title=&#8220;Unabh\u00e4ngige Veranstaltung&#8220; use_icon=&#8220;on&#8220; font_icon=&#8220;&#xe600;||divi||400&#8243; icon_color=&#8220;#555555&#8243; _builder_version=&#8220;4.14.5&#8243; header_level=&#8220;h2&#8243; body_text_align=&#8220;left&#8220; custom_padding=&#8220;10px|10px|10px|10px&#8220; animation_style=&#8220;zoom&#8220; link_option_url=&#8220;https:\/\/www.cituro.com\/help\/leistungen-anlegen\/gruppenleistungen\/unabhaengige-veranstaltungen\/&#8220; hover_enabled=&#8220;0&#8243; box_shadow_style=&#8220;preset1&#8243; saved_tabs=&#8220;all&#8220; global_colors_info=&#8220;{}&#8220; url=&#8220;https:\/\/www.cituro.com\/help\/leistungen-anlegen\/gruppenleistungen\/unabhaengige-veranstaltungen\/&#8220; sticky_enabled=&#8220;0&#8243;]<\/p>\n<p style=\"text-align: center;\">Hier geht es zur ausf\u00fchrlichen<br \/>Schritt-f\u00fcr-Schritt Anleitung<\/p>\n<p>[\/et_pb_blurb][et_pb_text _builder_version=&#8220;3.29.3&#8243; custom_padding=&#8220;||20px&#8220; text_font_size_tablet=&#8220;&#8220; text_font_size_phone=&#8220;&#8220; text_font_size_last_edited=&#8220;on|phone&#8220; global_colors_info=&#8220;{}&#8220;]<\/p>\n<p><a href=\"https:\/\/www.cituro.com\/help\/leistungen-anlegen\/gruppenleistungen\/unabhaengige-veranstaltungen\/\">Unabh\u00e4ngige Veranstaltungen<\/a> k\u00f6nnen einen oder mehrere aufeinander folgende Tage umfassen. Jede Veranstaltung wird separat gebucht und hat eine <strong>eigene Teilnehmerliste<\/strong>. Die Veranstaltung kann durch Wiederholregeln beliebig oft eingeplant werden.<\/p>\n<p>Beispiele: Wanderausflug (eint\u00e4gig), Yoga-Kurs (jeden Donnerstag 17-18 Uhr, <strong>fortlaufend ohne Enddatum, Kunden k\u00f6nnen sich f\u00fcr jede Stunde EINZELN einbuchen!<\/strong>)<\/p>\n<p>[\/et_pb_text][\/et_pb_column_inner][et_pb_column_inner type=&#8220;1_2&#8243; saved_specialty_column_type=&#8220;3_4&#8243; _builder_version=&#8220;3.25&#8243; custom_padding=&#8220;|||&#8220; global_colors_info=&#8220;{}&#8220; custom_padding__hover=&#8220;|||&#8220;][et_pb_blurb title=&#8220;Zusammenh\u00e4ngende Veranstaltung&#8220; use_icon=&#8220;on&#8220; font_icon=&#8220;&#x62;||divi||400&#8243; icon_color=&#8220;#555555&#8243; _builder_version=&#8220;4.14.5&#8243; header_level=&#8220;h2&#8243; body_text_align=&#8220;left&#8220; custom_padding=&#8220;10px|10px|10px|10px&#8220; animation_style=&#8220;zoom&#8220; link_option_url=&#8220;https:\/\/www.cituro.com\/help\/gruppenleistungen-anlegen\/zusammenhaengende-veranstaltungen&#8220; hover_enabled=&#8220;0&#8243; box_shadow_style=&#8220;preset1&#8243; saved_tabs=&#8220;all&#8220; global_colors_info=&#8220;{}&#8220; url=&#8220;https:\/\/www.cituro.com\/help\/gruppenleistungen-anlegen\/zusammenhaengende-veranstaltungen&#8220; sticky_enabled=&#8220;0&#8243;]<\/p>\n<p style=\"text-align: center;\">Hier geht es zur ausf\u00fchrlichen<br \/>Schritt-f\u00fcr-Schritt Anleitung<\/p>\n<p>[\/et_pb_blurb][et_pb_text _builder_version=&#8220;3.29.3&#8243; custom_padding=&#8220;||20px&#8220; text_font_size_tablet=&#8220;&#8220; text_font_size_phone=&#8220;&#8220; text_font_size_last_edited=&#8220;on|phone&#8220; global_colors_info=&#8220;{}&#8220;]<\/p>\n<p><a href=\"https:\/\/www.cituro.com\/help\/leistungen-anlegen\/gruppenleistungen\/zusammenhaengende-veranstaltungen\/\">Zusammenh\u00e4ngende Veranstaltungen<\/a> bestehen aus mehreren zusammenh\u00e4ngenden Ereignissen. Zwischen den Ereignissen k\u00f6nnen Tage liegen an denen die Veranstaltung nicht stattfindet. Es kann jeweils nur der erste Tag gebucht werden, die restlichen werden automatisch bei der Buchung eingeplant. Dadurch haben zusammenh\u00e4ngende Veranstaltungen die  <strong>selbe Teilnehmerliste<\/strong>. <\/p>\n<p>Beispiele: Workshop \u00fcbers Wochenende (Fr 9-14 Uhr &#038; Sa 10-12 Uhr), Yoga-Kurs (jeden Donnerstag 19-20:30 Uhr, endet nach 6 Wiederholungen)<\/p>\n<p>[\/et_pb_text][\/et_pb_column_inner][\/et_pb_row_inner][et_pb_row_inner admin_label=&#8220;Zeile&#8220; _builder_version=&#8220;3.25&#8243; global_colors_info=&#8220;{}&#8220;][et_pb_column_inner saved_specialty_column_type=&#8220;3_4&#8243; _builder_version=&#8220;3.25&#8243; custom_padding=&#8220;|||&#8220; global_colors_info=&#8220;{}&#8220; custom_padding__hover=&#8220;|||&#8220;][et_pb_text _builder_version=&#8220;3.29.3&#8243; custom_padding=&#8220;||20px&#8220; text_font_size_tablet=&#8220;&#8220; text_font_size_phone=&#8220;&#8220; text_font_size_last_edited=&#8220;on|phone&#8220; global_colors_info=&#8220;{}&#8220;]<\/p>\n<p><strong>Hinweis:<\/strong> Der Typ bestimmt, wie die Veranstaltung in cituro behandelt wird. <strong>Es ist wichtig den richtigen Veranstaltungstyp auszuw\u00e4hlen! Der Typ kann im Nachhinein nicht mehr ver\u00e4ndert werden.<\/strong> In diesem Fall m\u00fcssen Sie die falsch angelegten Veranstaltungen l\u00f6schen und komplett neu anlegen.\n<\/p>\n<p>[\/et_pb_text][\/et_pb_column_inner][\/et_pb_row_inner][et_pb_row_inner _builder_version=&#8220;3.25&#8243; global_module=&#8220;491&#8243; collapsed=&#8220;off&#8220; global_colors_info=&#8220;{}&#8220;][et_pb_column_inner _builder_version=&#8220;3.25&#8243; custom_padding=&#8220;|||&#8220; global_colors_info=&#8220;{}&#8220; custom_padding__hover=&#8220;|||&#8220;][et_pb_divider color=&#8220;#555555&#8243; divider_position=&#8220;center&#8220; _builder_version=&#8220;4.12.1&#8243; global_colors_info=&#8220;{}&#8220;][\/et_pb_divider][et_pb_text _builder_version=&#8220;4.14.5&#8243; global_colors_info=&#8220;{}&#8220;]<\/p>\n<h2 style=\"text-align: center;\">Sie haben Fragen? Wir helfen gerne!<\/h2>\n<p>[\/et_pb_text][\/et_pb_column_inner][\/et_pb_row_inner][et_pb_row_inner column_structure=&#8220;1_2,1_2&#8243; _builder_version=&#8220;3.25&#8243; global_module=&#8220;487&#8243; saved_tabs=&#8220;all&#8220; global_colors_info=&#8220;{}&#8220;][et_pb_column_inner type=&#8220;1_2&#8243; _builder_version=&#8220;3.25&#8243; custom_padding=&#8220;|||&#8220; global_colors_info=&#8220;{}&#8220; custom_padding__hover=&#8220;|||&#8220;][et_pb_blurb title=&#8220;E-Mail&#8220; use_icon=&#8220;on&#8220; font_icon=&#8220;&#xe010;||divi||400&#8243; icon_color=&#8220;#555555&#8243; _builder_version=&#8220;4.13.0&#8243; header_level=&#8220;h3&#8243; text_orientation=&#8220;center&#8220; custom_padding=&#8220;10px|10px|10px|10px&#8220; animation_style=&#8220;zoom&#8220; box_shadow_style=&#8220;preset1&#8243; global_colors_info=&#8220;{}&#8220;]<\/p>\n<p style=\"text-align: center;\">Schreiben Sie uns eine E-Mail<br \/>\n<a href=\"mailto:support@cituro.com\">support@cituro.com<\/a><\/p>\n<p>[\/et_pb_blurb][\/et_pb_column_inner][et_pb_column_inner type=&#8220;1_2&#8243; _builder_version=&#8220;3.25&#8243; custom_padding=&#8220;|||&#8220; global_colors_info=&#8220;{}&#8220; custom_padding__hover=&#8220;|||&#8220;][et_pb_blurb title=&#8220;Telefon&#8220; use_icon=&#8220;on&#8220; font_icon=&#8220;&#xe090;||divi||400&#8243; icon_color=&#8220;#555555&#8243; _builder_version=&#8220;4.13.0&#8243; header_level=&#8220;h3&#8243; text_orientation=&#8220;center&#8220; custom_padding=&#8220;10px|10px|10px|10px&#8220; animation_style=&#8220;zoom&#8220; box_shadow_style=&#8220;preset1&#8243; global_colors_info=&#8220;{}&#8220;]<\/p>\n<p style=\"text-align: center;\">Wir sind f\u00fcr Sie da<br \/>\n<a href=\"tel:004982199973940\">+49 821 999 739 40<\/a><\/p>\n<p>[\/et_pb_blurb][\/et_pb_column_inner][\/et_pb_row_inner][\/et_pb_column][\/et_pb_section]<\/p>\n","protected":false},"excerpt":{"rendered":"<p>Gruppenleistungen k\u00f6nnen Kurse, Seminare, Events u.\u00c4. Leistungen sein, bei denen mehrere Kunden gleichzeitig an einem Termin oder einer Terminserie teilnehmen k\u00f6nnen.<\/p>\n","protected":false},"author":1,"featured_media":0,"parent":1076,"menu_order":0,"comment_status":"closed","ping_status":"closed","template":"","meta":{"_et_pb_use_builder":"on","_et_pb_old_content":"","_et_gb_content_width":"","footnotes":""},"class_list":["post-219","page","type-page","status-publish","hentry"],"yoast_head":"<!-- This site is optimized with the Yoast SEO plugin v23.9 - https:\/\/yoast.com\/wordpress\/plugins\/seo\/ -->\n<title>So legen Sie Ihre Gruppenleistungen richtig an - cituro Helpcenter<\/title>\n<meta name=\"description\" content=\"Sie bieten Veranstaltungen wie Kurse, Seminare oder Events an? Mit dieser Anleitung kann beim Anlegen im cituro Manager nichts mehr schief gehen.\" \/>\n<meta name=\"robots\" content=\"index, follow, max-snippet:-1, max-image-preview:large, max-video-preview:-1\" \/>\n<link rel=\"canonical\" href=\"https:\/\/www.cituro.com\/help\/leistungen-anlegen\/gruppenleistungen\" \/>\n<meta property=\"og:locale\" content=\"de_DE\" \/>\n<meta property=\"og:type\" content=\"article\" \/>\n<meta property=\"og:title\" content=\"So legen Sie Ihre Gruppenleistungen richtig an - cituro Helpcenter\" \/>\n<meta property=\"og:description\" content=\"Sie bieten Veranstaltungen wie Kurse, Seminare oder Events an? Mit dieser Anleitung kann beim Anlegen im cituro Manager nichts mehr schief gehen.\" \/>\n<meta property=\"og:url\" content=\"https:\/\/www.cituro.com\/help\/leistungen-anlegen\/gruppenleistungen\" \/>\n<meta property=\"og:site_name\" content=\"cituro Helpcenter\" \/>\n<meta property=\"article:modified_time\" content=\"2025-08-01T19:27:32+00:00\" \/>\n<meta name=\"twitter:card\" content=\"summary_large_image\" \/>\n<meta name=\"twitter:label1\" content=\"Gesch\u00e4tzte Lesezeit\" \/>\n\t<meta name=\"twitter:data1\" content=\"3\u00a0Minuten\" \/>\n<script type=\"application\/ld+json\" class=\"yoast-schema-graph\">{\"@context\":\"https:\/\/schema.org\",\"@graph\":[{\"@type\":\"WebPage\",\"@id\":\"https:\/\/www.cituro.com\/help\/leistungen-anlegen\/gruppenleistungen\",\"url\":\"https:\/\/www.cituro.com\/help\/leistungen-anlegen\/gruppenleistungen\",\"name\":\"So legen Sie Ihre Gruppenleistungen richtig an - cituro Helpcenter\",\"isPartOf\":{\"@id\":\"https:\/\/www.cituro.com\/help\/#website\"},\"datePublished\":\"2019-09-06T14:48:07+00:00\",\"dateModified\":\"2025-08-01T19:27:32+00:00\",\"description\":\"Sie bieten Veranstaltungen wie Kurse, Seminare oder Events an? Mit dieser Anleitung kann beim Anlegen im cituro Manager nichts mehr schief gehen.\",\"breadcrumb\":{\"@id\":\"https:\/\/www.cituro.com\/help\/leistungen-anlegen\/gruppenleistungen#breadcrumb\"},\"inLanguage\":\"de\",\"potentialAction\":[{\"@type\":\"ReadAction\",\"target\":[\"https:\/\/www.cituro.com\/help\/leistungen-anlegen\/gruppenleistungen\"]}]},{\"@type\":\"BreadcrumbList\",\"@id\":\"https:\/\/www.cituro.com\/help\/leistungen-anlegen\/gruppenleistungen#breadcrumb\",\"itemListElement\":[{\"@type\":\"ListItem\",\"position\":1,\"name\":\"Startseite\",\"item\":\"https:\/\/www.cituro.com\/help\/\"},{\"@type\":\"ListItem\",\"position\":2,\"name\":\"Leistungen anlegen\",\"item\":\"https:\/\/www.cituro.com\/help\/leistungen-anlegen\"},{\"@type\":\"ListItem\",\"position\":3,\"name\":\"Gruppenleistungen anlegen\"}]},{\"@type\":\"WebSite\",\"@id\":\"https:\/\/www.cituro.com\/help\/#website\",\"url\":\"https:\/\/www.cituro.com\/help\/\",\"name\":\"cituro Helpcenter\",\"description\":\"Eine weitere WordPress-Website\",\"potentialAction\":[{\"@type\":\"SearchAction\",\"target\":{\"@type\":\"EntryPoint\",\"urlTemplate\":\"https:\/\/www.cituro.com\/help\/?s={search_term_string}\"},\"query-input\":{\"@type\":\"PropertyValueSpecification\",\"valueRequired\":true,\"valueName\":\"search_term_string\"}}],\"inLanguage\":\"de\"}]}<\/script>\n<!-- \/ Yoast SEO plugin. -->","yoast_head_json":{"title":"So legen Sie Ihre Gruppenleistungen richtig an - cituro Helpcenter","description":"Sie bieten Veranstaltungen wie Kurse, Seminare oder Events an? Mit dieser Anleitung kann beim Anlegen im cituro Manager nichts mehr schief gehen.","robots":{"index":"index","follow":"follow","max-snippet":"max-snippet:-1","max-image-preview":"max-image-preview:large","max-video-preview":"max-video-preview:-1"},"canonical":"https:\/\/www.cituro.com\/help\/leistungen-anlegen\/gruppenleistungen","og_locale":"de_DE","og_type":"article","og_title":"So legen Sie Ihre Gruppenleistungen richtig an - cituro Helpcenter","og_description":"Sie bieten Veranstaltungen wie Kurse, Seminare oder Events an? Mit dieser Anleitung kann beim Anlegen im cituro Manager nichts mehr schief gehen.","og_url":"https:\/\/www.cituro.com\/help\/leistungen-anlegen\/gruppenleistungen","og_site_name":"cituro Helpcenter","article_modified_time":"2025-08-01T19:27:32+00:00","twitter_card":"summary_large_image","twitter_misc":{"Gesch\u00e4tzte Lesezeit":"3\u00a0Minuten"},"schema":{"@context":"https:\/\/schema.org","@graph":[{"@type":"WebPage","@id":"https:\/\/www.cituro.com\/help\/leistungen-anlegen\/gruppenleistungen","url":"https:\/\/www.cituro.com\/help\/leistungen-anlegen\/gruppenleistungen","name":"So legen Sie Ihre Gruppenleistungen richtig an - cituro Helpcenter","isPartOf":{"@id":"https:\/\/www.cituro.com\/help\/#website"},"datePublished":"2019-09-06T14:48:07+00:00","dateModified":"2025-08-01T19:27:32+00:00","description":"Sie bieten Veranstaltungen wie Kurse, Seminare oder Events an? Mit dieser Anleitung kann beim Anlegen im cituro Manager nichts mehr schief gehen.","breadcrumb":{"@id":"https:\/\/www.cituro.com\/help\/leistungen-anlegen\/gruppenleistungen#breadcrumb"},"inLanguage":"de","potentialAction":[{"@type":"ReadAction","target":["https:\/\/www.cituro.com\/help\/leistungen-anlegen\/gruppenleistungen"]}]},{"@type":"BreadcrumbList","@id":"https:\/\/www.cituro.com\/help\/leistungen-anlegen\/gruppenleistungen#breadcrumb","itemListElement":[{"@type":"ListItem","position":1,"name":"Startseite","item":"https:\/\/www.cituro.com\/help\/"},{"@type":"ListItem","position":2,"name":"Leistungen anlegen","item":"https:\/\/www.cituro.com\/help\/leistungen-anlegen"},{"@type":"ListItem","position":3,"name":"Gruppenleistungen anlegen"}]},{"@type":"WebSite","@id":"https:\/\/www.cituro.com\/help\/#website","url":"https:\/\/www.cituro.com\/help\/","name":"cituro Helpcenter","description":"Eine weitere WordPress-Website","potentialAction":[{"@type":"SearchAction","target":{"@type":"EntryPoint","urlTemplate":"https:\/\/www.cituro.com\/help\/?s={search_term_string}"},"query-input":{"@type":"PropertyValueSpecification","valueRequired":true,"valueName":"search_term_string"}}],"inLanguage":"de"}]}},"_links":{"self":[{"href":"https:\/\/www.cituro.com\/help\/wp-json\/wp\/v2\/pages\/219","targetHints":{"allow":["GET"]}}],"collection":[{"href":"https:\/\/www.cituro.com\/help\/wp-json\/wp\/v2\/pages"}],"about":[{"href":"https:\/\/www.cituro.com\/help\/wp-json\/wp\/v2\/types\/page"}],"author":[{"embeddable":true,"href":"https:\/\/www.cituro.com\/help\/wp-json\/wp\/v2\/users\/1"}],"replies":[{"embeddable":true,"href":"https:\/\/www.cituro.com\/help\/wp-json\/wp\/v2\/comments?post=219"}],"version-history":[{"count":2,"href":"https:\/\/www.cituro.com\/help\/wp-json\/wp\/v2\/pages\/219\/revisions"}],"predecessor-version":[{"id":12515,"href":"https:\/\/www.cituro.com\/help\/wp-json\/wp\/v2\/pages\/219\/revisions\/12515"}],"up":[{"embeddable":true,"href":"https:\/\/www.cituro.com\/help\/wp-json\/wp\/v2\/pages\/1076"}],"wp:attachment":[{"href":"https:\/\/www.cituro.com\/help\/wp-json\/wp\/v2\/media?parent=219"}],"curies":[{"name":"wp","href":"https:\/\/api.w.org\/{rel}","templated":true}]}}