{"id":1984,"date":"2020-04-14T18:02:46","date_gmt":"2020-04-14T16:02:46","guid":{"rendered":"https:\/\/www.cituro.com\/help\/?page_id=1984"},"modified":"2025-08-01T19:58:36","modified_gmt":"2025-08-01T17:58:36","slug":"anleitung-fuer-gruppenleistungen","status":"publish","type":"page","link":"https:\/\/www.cituro.com\/help\/anleitung-fuer-gruppenleistungen","title":{"rendered":"Online-Meeting als Gruppenleistungen"},"content":{"rendered":"<p>[et_pb_section fb_built=&#8220;1&#8243; specialty=&#8220;on&#8220; module_class=&#8220; et_pb_specialty_fullwidth&#8220; _builder_version=&#8220;3.22&#8243; inner_width=&#8220;89%&#8220; inner_width_tablet=&#8220;80%&#8220; inner_width_phone=&#8220;&#8220; inner_width_last_edited=&#8220;on|desktop&#8220; inner_max_width=&#8220;89%&#8220; inner_max_width_tablet=&#8220;80%&#8220; inner_max_width_phone=&#8220;&#8220; inner_max_width_last_edited=&#8220;on|desktop&#8220; make_fullwidth=&#8220;on&#8220; global_colors_info=&#8220;{}&#8220;][et_pb_column type=&#8220;1_4&#8243; _builder_version=&#8220;3.25&#8243; custom_padding=&#8220;|||&#8220; global_colors_info=&#8220;{}&#8220; custom_padding__hover=&#8220;|||&#8220;][et_pb_sidebar area=&#8220;sidebar-1&#8243; disabled_on=&#8220;on|on|off&#8220; _builder_version=&#8220;3.29.3&#8243; custom_padding=&#8220;50px|||&#8220; global_colors_info=&#8220;{}&#8220;][\/et_pb_sidebar][\/et_pb_column][et_pb_column type=&#8220;3_4&#8243; specialty_columns=&#8220;3&#8243; _builder_version=&#8220;3.25&#8243; custom_padding=&#8220;|||&#8220; global_colors_info=&#8220;{}&#8220; custom_padding__hover=&#8220;|||&#8220;][et_pb_row_inner admin_label=&#8220;Zeile&#8220; _builder_version=&#8220;3.25&#8243; global_colors_info=&#8220;{}&#8220;][et_pb_column_inner saved_specialty_column_type=&#8220;3_4&#8243; _builder_version=&#8220;3.25&#8243; custom_padding=&#8220;|||&#8220; global_colors_info=&#8220;{}&#8220; custom_padding__hover=&#8220;|||&#8220;][et_pb_text admin_label=&#8220;Gruppenleistungen&#8220; _builder_version=&#8220;4.14.5&#8243; hover_enabled=&#8220;0&#8243; global_colors_info=&#8220;{}&#8220; sticky_enabled=&#8220;0&#8243;]<\/p>\n<h1>Gruppenleistung als Online-Kurs<\/h1>\n<p>[\/et_pb_text][et_pb_text _builder_version=&#8220;4.14.5&#8243; custom_padding=&#8220;0px||20px&#8220; global_colors_info=&#8220;{}&#8220;]Hier zeigen wir Ihnen, wie Sie Videokonferenz-Tools f\u00fcr Ihre Online-\u00dcbertragungen (Online-Kurse, Online-Workshops, Online-Trainings, Online-Meetings, Webkonferenzen, Online-Demonstrationen, Videokonferenzen uvm.) mit cituro nutzen k\u00f6nnen.<\/p>\n<p>Pro Kurs kann ein individueller Online-Meeting Link hinzugef\u00fcgt werden. Dieser Link wird automatisch in Best\u00e4tigungsemails generiert und als Ort der Veranstaltung verwendet, wenn Gruppenleistungen gebucht werden, die als \u201eOnline-Meeting\u201c konfiguriert sind.[\/et_pb_text][et_pb_text admin_label=&#8220;Anleitung&#8220; _builder_version=&#8220;3.29.3&#8243; global_colors_info=&#8220;{}&#8220;]<strong>Schritt-f\u00fcr-Schritt Anleitung<\/strong>[\/et_pb_text][et_pb_text _builder_version=&#8220;3.29.3&#8243; global_colors_info=&#8220;{}&#8220;]<\/p>\n<ol>\n<li><a href=\"#anbieter\">Online-Meeting Anbieter beim Mitarbeiter ausw\u00e4hlen<\/a><\/li>\n<li><a href=\"#einzel\">Gruppenleistung als &#8222;Online-Meeting&#8220; konfigurieren<\/a><\/li>\n<li><a href=\"#anleitung\">Optional: Anleitung f\u00fcr Ihre Kunden hinzuf\u00fcgen<\/a><\/li>\n<li><a href=\"#action\">Call-to-Action Button<\/a><\/li>\n<\/ol>\n<p>[\/et_pb_text][\/et_pb_column_inner][\/et_pb_row_inner][et_pb_row_inner admin_label=&#8220;Zeile&#8220; _builder_version=&#8220;3.25&#8243; global_colors_info=&#8220;{}&#8220;][et_pb_column_inner saved_specialty_column_type=&#8220;3_4&#8243; _builder_version=&#8220;3.25&#8243; custom_padding=&#8220;|||&#8220; global_colors_info=&#8220;{}&#8220; custom_padding__hover=&#8220;|||&#8220;][et_pb_divider color=&#8220;#555555&#8243; admin_label=&#8220;Divider&#8220; _builder_version=&#8220;3.5.1&#8243; global_colors_info=&#8220;{}&#8220;][\/et_pb_divider][et_pb_text admin_label=&#8220; Online-Meeting Anbieter beim Mitarbeiter ausw\u00e4hlen&#8220; _builder_version=&#8220;3.29.3&#8243; global_colors_info=&#8220;{}&#8220;]<\/p>\n<h2 id=\"anbieter\" class=\"text-content-heading\">1. Online-Meeting Anbieter beim Mitarbeiter ausw\u00e4hlen<\/h2>\n<p>[\/et_pb_text][et_pb_text _builder_version=&#8220;3.29.3&#8243; global_colors_info=&#8220;{}&#8220;]<\/p>\n<p><strong>Navigation<\/strong>:\u00a0<strong>Men\u00fc \u2192 Mitarbeiter \u2192 Mitarbeiter anklicken \u2192 Tab Buchung<\/strong><\/p>\n<p>[\/et_pb_text][et_pb_text _builder_version=&#8220;4.14.5&#8243; global_colors_info=&#8220;{}&#8220;]<\/p>\n<p>W\u00e4hlen Sie im Feld Online-Meeting Anbieter \u2013\u00a0<strong>Andere (fixer Meetingraum)<\/strong>\u00a0aus.<br \/>F\u00fcgen Sie anschlie\u00dfend im Feld darunter Ihren pers\u00f6nlichen Meetingraum-Link ein.<\/p>\n<p>[\/et_pb_text][et_pb_image src=&#8220;https:\/\/www.cituro.com\/help\/wp-content\/uploads\/2022\/12\/fixer-meetingraum.png&#8220; alt=&#8220;Online Meeting konfigurieren (Gruppenleistung)&#8220; title_text=&#8220;fixer-meetingraum&#8220; align_tablet=&#8220;center&#8220; align_phone=&#8220;&#8220; align_last_edited=&#8220;on|desktop&#8220; _builder_version=&#8220;4.14.5&#8243; max_width=&#8220;500px&#8220; module_alignment=&#8220;center&#8220; hover_enabled=&#8220;0&#8243; box_shadow_style=&#8220;preset2&#8243; box_shadow_vertical=&#8220;4px&#8220; global_colors_info=&#8220;{}&#8220; sticky_enabled=&#8220;0&#8243;][\/et_pb_image][\/et_pb_column_inner][\/et_pb_row_inner][et_pb_row_inner admin_label=&#8220;Zeile&#8220; _builder_version=&#8220;3.25&#8243; global_colors_info=&#8220;{}&#8220;][et_pb_column_inner saved_specialty_column_type=&#8220;3_4&#8243; _builder_version=&#8220;3.25&#8243; custom_padding=&#8220;|||&#8220; global_colors_info=&#8220;{}&#8220; custom_padding__hover=&#8220;|||&#8220;][et_pb_divider color=&#8220;#555555&#8243; _builder_version=&#8220;3.5.1&#8243; global_colors_info=&#8220;{}&#8220;][\/et_pb_divider][et_pb_text admin_label=&#8220;Gruppenleistung als %22Online-Meeting%22 konfigurieren&#8220; _builder_version=&#8220;3.29.3&#8243; global_colors_info=&#8220;{}&#8220;]<\/p>\n<h2 id=\"einzel\" class=\"text-content-heading\">2. Gruppenleistung als &#8222;Online-Meeting&#8220; konfigurieren<\/h2>\n<p>[\/et_pb_text][et_pb_text _builder_version=&#8220;3.29.3&#8243; global_colors_info=&#8220;{}&#8220;]<strong>Navigation<\/strong>: <strong>Men\u00fc<\/strong> \u2192 <strong>Gruppenleistung<\/strong> \u2192 <strong>Gruppenleistung anklicken<\/strong> \u2192 <strong>Tab Buchung<\/strong> \u2192 <strong>Ortsangabe bei Terminbuchung<\/strong>[\/et_pb_text][et_pb_text _builder_version=&#8220;3.29.3&#8243; global_colors_info=&#8220;{}&#8220;]W\u00e4hlen Sie bei der gew\u00fcnschten Gruppenleistung im Tab Buchung im Feld <i>Orstangabe bei Terminbuchung<\/i> <strong>Online Meeting<\/strong> aus.[\/et_pb_text][et_pb_image src=&#8220;https:\/\/www.cituro.com\/help\/wp-content\/uploads\/2020\/04\/Online-Meeting-konfigurieren-Kurse.png&#8220; alt=&#8220;Online Meeting konfigurieren (Gruppenleistung)&#8220; title_text=&#8220;Online Meeting konfigurieren (Gruppenleistung)&#8220; align_tablet=&#8220;center&#8220; align_phone=&#8220;&#8220; align_last_edited=&#8220;on|desktop&#8220; _builder_version=&#8220;4.14.5&#8243; max_width=&#8220;500px&#8220; module_alignment=&#8220;center&#8220; hover_enabled=&#8220;0&#8243; box_shadow_style=&#8220;preset2&#8243; box_shadow_vertical=&#8220;4px&#8220; global_colors_info=&#8220;{}&#8220; sticky_enabled=&#8220;0&#8243;][\/et_pb_image][et_pb_text _builder_version=&#8220;3.29.3&#8243; global_colors_info=&#8220;{}&#8220;]<\/p>\n<p><strong>Hinweis:<\/strong> Bei der Erstellung eines Termins wird der Online-Meeting-Link ausgespielt, welches beim zugeordneten Mitarbeiter hinterlegt wurde. Werden mehrere Mitarbeiter f\u00fcr diesen Termin hinterlegt, wird automatisch der Online-Meeting-Link des &#8222;ersten&#8220; Mitarbeiters ausgespielt.<\/p>\n<p>[\/et_pb_text][\/et_pb_column_inner][\/et_pb_row_inner][et_pb_row_inner admin_label=&#8220;Zeile&#8220; _builder_version=&#8220;3.25&#8243; global_colors_info=&#8220;{}&#8220;][et_pb_column_inner saved_specialty_column_type=&#8220;3_4&#8243; _builder_version=&#8220;3.25&#8243; custom_padding=&#8220;|||&#8220; global_colors_info=&#8220;{}&#8220; custom_padding__hover=&#8220;|||&#8220;][et_pb_divider color=&#8220;#555555&#8243; _builder_version=&#8220;3.5.1&#8243; global_colors_info=&#8220;{}&#8220;][\/et_pb_divider][et_pb_text admin_label=&#8220;Optional: Anleitung f\u00fcr Ihre Kunden hinzuf\u00fcgen&#8220; _builder_version=&#8220;3.29.3&#8243; global_colors_info=&#8220;{}&#8220;]<\/p>\n<h2 class=\"text-content-heading\" id=\"anleitung\">3. Optional: Anleitung f\u00fcr Ihre Kunden hinzuf\u00fcgen<\/h2>\n<p>[\/et_pb_text][et_pb_text _builder_version=&#8220;3.29.3&#8243; global_colors_info=&#8220;{}&#8220;]<strong>Navigation<\/strong>: <strong>Men\u00fc<\/strong> \u2192 <strong>Gruppenleistung<\/strong> \u2192 <strong>Gruppenleistung anklicken<\/strong> \u2192 <strong>Tab Buchung<\/strong> \u2192 <strong>Zusatzinformation bei Buchungsbest\u00e4tigung<\/strong>[\/et_pb_text][et_pb_text _builder_version=&#8220;4.14.5&#8243; global_colors_info=&#8220;{}&#8220;]Hier k\u00f6nnen Sie Ihren Kunden eine Anleitung zur Verwendung des Online-Meeting-Tools mitschicken, damit Ihre Kunden sich optimal auf den Kurs vorbereiten k\u00f6nnen und p\u00fcnktlich erscheinen.<\/p>\n<p>Die Anleitung k\u00f6nnte wie folgt formuliert werden:<\/p>\n<p>&#8222;Dieser Kurs findet online statt. Bitte klicken Sie ein paar Minuten vor Kursbeginn auf den Link. Die Meeting APP wird automatisch heruntergeladen. Bitte starten Sie danach die APP.&#8220;[\/et_pb_text][et_pb_image src=&#8220;https:\/\/www.cituro.com\/help\/wp-content\/uploads\/2020\/04\/Online-Kurs-Information-fuer-kunden.png&#8220; alt=&#8220;Online-Kurs Anleitung f\u00fcr Ihre Kunden&#8220; title_text=&#8220;Online-Kurs Anleitung f\u00fcr Ihre Kunden&#8220; align_tablet=&#8220;center&#8220; align_phone=&#8220;&#8220; align_last_edited=&#8220;on|desktop&#8220; _builder_version=&#8220;4.14.5&#8243; max_width=&#8220;500px&#8220; module_alignment=&#8220;center&#8220; hover_enabled=&#8220;0&#8243; box_shadow_style=&#8220;preset2&#8243; box_shadow_vertical=&#8220;4px&#8220; global_colors_info=&#8220;{}&#8220; sticky_enabled=&#8220;0&#8243;][\/et_pb_image][\/et_pb_column_inner][\/et_pb_row_inner][et_pb_row_inner admin_label=&#8220;Zeile&#8220; _builder_version=&#8220;3.25&#8243; global_colors_info=&#8220;{}&#8220;][et_pb_column_inner saved_specialty_column_type=&#8220;3_4&#8243; _builder_version=&#8220;3.25&#8243; custom_padding=&#8220;|||&#8220; global_colors_info=&#8220;{}&#8220; custom_padding__hover=&#8220;|||&#8220;][et_pb_divider color=&#8220;#555555&#8243; _builder_version=&#8220;3.5.1&#8243; global_colors_info=&#8220;{}&#8220;][\/et_pb_divider][et_pb_text admin_label=&#8220;Call-to-Action Button&#8220; _builder_version=&#8220;3.29.3&#8243; global_colors_info=&#8220;{}&#8220;]<\/p>\n<h2 id=\"action\" class=\"text-content-heading\">4. Call-to-Action Button<\/h2>\n<p>[\/et_pb_text][et_pb_text _builder_version=&#8220;3.29.3&#8243; global_colors_info=&#8220;{}&#8220;]<\/p>\n<p><strong>Navigation<\/strong>:\u00a0<strong>Men\u00fc<\/strong>\u00a0\u2192\u00a0<b>Kalender \u2192 Termin<\/b><\/p>\n<p>[\/et_pb_text][et_pb_text _builder_version=&#8220;4.14.5&#8243; global_colors_info=&#8220;{}&#8220;]<\/p>\n<div class=\"et_pb_text_inner\">Durch einen integrierten Call-to-Action Button im Terminfenster, l\u00e4sst sich per Klick auf\u00a0<strong>Meeting beitreten<\/strong>\u00a0direkt auf das Meeting zugreifen ohne extra die Meeting App \u00f6ffnen zu m\u00fcssen.<\/div>\n<div>\u00a0<\/div>\n<div>Ebenfalls ist ein direktes beitreten durch das Anklicken des Bildschirmsymbols im Terminfeld m\u00f6glich.<\/div>\n<p>\u200b<\/p>\n<p>[\/et_pb_text][et_pb_image src=&#8220;https:\/\/www.cituro.com\/help\/wp-content\/uploads\/2021\/08\/Termin-im-Kalender-Teams-Call-to-Action.png&#8220; alt=&#8220;Online-Kurs Anleitung f\u00fcr Ihre Kunden&#8220; title_text=&#8220;Online-Kurs Anleitung f\u00fcr Ihre Kunden&#8220; align_tablet=&#8220;center&#8220; align_phone=&#8220;&#8220; align_last_edited=&#8220;on|desktop&#8220; _builder_version=&#8220;4.14.5&#8243; max_width=&#8220;500px&#8220; module_alignment=&#8220;center&#8220; hover_enabled=&#8220;0&#8243; box_shadow_style=&#8220;preset2&#8243; box_shadow_vertical=&#8220;4px&#8220; global_colors_info=&#8220;{}&#8220; sticky_enabled=&#8220;0&#8243;][\/et_pb_image][\/et_pb_column_inner][\/et_pb_row_inner][et_pb_row_inner _builder_version=&#8220;3.25&#8243; global_module=&#8220;491&#8243; collapsed=&#8220;off&#8220; global_colors_info=&#8220;{}&#8220;][et_pb_column_inner _builder_version=&#8220;3.25&#8243; custom_padding=&#8220;|||&#8220; global_colors_info=&#8220;{}&#8220; custom_padding__hover=&#8220;|||&#8220;][et_pb_divider color=&#8220;#555555&#8243; divider_position=&#8220;center&#8220; _builder_version=&#8220;4.12.1&#8243; global_colors_info=&#8220;{}&#8220;][\/et_pb_divider][et_pb_text _builder_version=&#8220;4.14.5&#8243; global_colors_info=&#8220;{}&#8220;]<\/p>\n<h2 style=\"text-align: center;\">Sie haben Fragen? Wir helfen gerne!<\/h2>\n<p>[\/et_pb_text][\/et_pb_column_inner][\/et_pb_row_inner][et_pb_row_inner column_structure=&#8220;1_2,1_2&#8243; _builder_version=&#8220;3.25&#8243; global_module=&#8220;487&#8243; saved_tabs=&#8220;all&#8220; global_colors_info=&#8220;{}&#8220;][et_pb_column_inner type=&#8220;1_2&#8243; _builder_version=&#8220;3.25&#8243; custom_padding=&#8220;|||&#8220; global_colors_info=&#8220;{}&#8220; custom_padding__hover=&#8220;|||&#8220;][et_pb_blurb title=&#8220;E-Mail&#8220; use_icon=&#8220;on&#8220; font_icon=&#8220;&#xe010;||divi||400&#8243; icon_color=&#8220;#555555&#8243; _builder_version=&#8220;4.13.0&#8243; header_level=&#8220;h3&#8243; text_orientation=&#8220;center&#8220; custom_padding=&#8220;10px|10px|10px|10px&#8220; animation_style=&#8220;zoom&#8220; box_shadow_style=&#8220;preset1&#8243; global_colors_info=&#8220;{}&#8220;]<\/p>\n<p style=\"text-align: center;\">Schreiben Sie uns eine E-Mail<br \/>\n<a href=\"mailto:support@cituro.com\">support@cituro.com<\/a><\/p>\n<p>[\/et_pb_blurb][\/et_pb_column_inner][et_pb_column_inner type=&#8220;1_2&#8243; _builder_version=&#8220;3.25&#8243; custom_padding=&#8220;|||&#8220; global_colors_info=&#8220;{}&#8220; custom_padding__hover=&#8220;|||&#8220;][et_pb_blurb title=&#8220;Telefon&#8220; use_icon=&#8220;on&#8220; font_icon=&#8220;&#xe090;||divi||400&#8243; icon_color=&#8220;#555555&#8243; _builder_version=&#8220;4.13.0&#8243; header_level=&#8220;h3&#8243; text_orientation=&#8220;center&#8220; custom_padding=&#8220;10px|10px|10px|10px&#8220; animation_style=&#8220;zoom&#8220; box_shadow_style=&#8220;preset1&#8243; global_colors_info=&#8220;{}&#8220;]<\/p>\n<p style=\"text-align: center;\">Wir sind f\u00fcr Sie da<br \/>\n<a href=\"tel:004982199973940\">+49 821 999 739 40<\/a><\/p>\n<p>[\/et_pb_blurb][\/et_pb_column_inner][\/et_pb_row_inner][\/et_pb_column][\/et_pb_section]<\/p>\n","protected":false},"excerpt":{"rendered":"<p>Hier zeigen wir Ihnen, wie Sie Ihre Gruppenleistungen als Online-Meeting anbieten k\u00f6nnen. Pro Kurs kann ein individueller Online-Meeting Link hinzugef\u00fcgt werden. Dieser Link wird automatisch in Best\u00e4tigungsemails generiert und als Ort der Veranstaltung verwendet, wenn Gruppenleistungen gebucht werden, die als \u201eOnline-Meeting\u201c konfiguriert sind.<\/p>\n","protected":false},"author":1,"featured_media":0,"parent":0,"menu_order":0,"comment_status":"closed","ping_status":"closed","template":"","meta":{"_et_pb_use_builder":"on","_et_pb_old_content":"","_et_gb_content_width":"","footnotes":""},"class_list":["post-1984","page","type-page","status-publish","hentry"],"yoast_head":"<!-- This site is optimized with the Yoast SEO plugin v23.9 - https:\/\/yoast.com\/wordpress\/plugins\/seo\/ -->\n<title>Gruppenleistungen als Online-Kurs konfigurieren - cituro Helpcenter<\/title>\n<meta name=\"description\" content=\"Pro Kurs kann ein individueller Online-Meeting Link hinzugef\u00fcgt werden. Dieser Link wird automatisch in die Best\u00e4tigungsemails Ihrer Kunden generiert.\" \/>\n<meta name=\"robots\" content=\"index, follow, max-snippet:-1, max-image-preview:large, max-video-preview:-1\" \/>\n<link rel=\"canonical\" href=\"https:\/\/www.cituro.com\/help\/anleitung-fuer-gruppenleistungen\" \/>\n<meta property=\"og:locale\" content=\"de_DE\" \/>\n<meta property=\"og:type\" content=\"article\" \/>\n<meta property=\"og:title\" content=\"Gruppenleistungen als Online-Kurs konfigurieren - cituro Helpcenter\" \/>\n<meta property=\"og:description\" content=\"Pro Kurs kann ein individueller Online-Meeting Link hinzugef\u00fcgt werden. Dieser Link wird automatisch in die Best\u00e4tigungsemails Ihrer Kunden generiert.\" \/>\n<meta property=\"og:url\" content=\"https:\/\/www.cituro.com\/help\/anleitung-fuer-gruppenleistungen\" \/>\n<meta property=\"og:site_name\" content=\"cituro Helpcenter\" \/>\n<meta property=\"article:modified_time\" content=\"2025-08-01T17:58:36+00:00\" \/>\n<meta name=\"twitter:card\" content=\"summary_large_image\" \/>\n<meta name=\"twitter:label1\" content=\"Gesch\u00e4tzte Lesezeit\" \/>\n\t<meta name=\"twitter:data1\" content=\"4\u00a0Minuten\" \/>\n<script type=\"application\/ld+json\" class=\"yoast-schema-graph\">{\"@context\":\"https:\/\/schema.org\",\"@graph\":[{\"@type\":\"WebPage\",\"@id\":\"https:\/\/www.cituro.com\/help\/anleitung-fuer-gruppenleistungen\",\"url\":\"https:\/\/www.cituro.com\/help\/anleitung-fuer-gruppenleistungen\",\"name\":\"Gruppenleistungen als Online-Kurs konfigurieren - cituro Helpcenter\",\"isPartOf\":{\"@id\":\"https:\/\/www.cituro.com\/help\/#website\"},\"datePublished\":\"2020-04-14T16:02:46+00:00\",\"dateModified\":\"2025-08-01T17:58:36+00:00\",\"description\":\"Pro Kurs kann ein individueller Online-Meeting Link hinzugef\u00fcgt werden. Dieser Link wird automatisch in die Best\u00e4tigungsemails Ihrer Kunden generiert.\",\"breadcrumb\":{\"@id\":\"https:\/\/www.cituro.com\/help\/anleitung-fuer-gruppenleistungen#breadcrumb\"},\"inLanguage\":\"de\",\"potentialAction\":[{\"@type\":\"ReadAction\",\"target\":[\"https:\/\/www.cituro.com\/help\/anleitung-fuer-gruppenleistungen\"]}]},{\"@type\":\"BreadcrumbList\",\"@id\":\"https:\/\/www.cituro.com\/help\/anleitung-fuer-gruppenleistungen#breadcrumb\",\"itemListElement\":[{\"@type\":\"ListItem\",\"position\":1,\"name\":\"Startseite\",\"item\":\"https:\/\/www.cituro.com\/help\/\"},{\"@type\":\"ListItem\",\"position\":2,\"name\":\"Online-Meeting als Gruppenleistungen\"}]},{\"@type\":\"WebSite\",\"@id\":\"https:\/\/www.cituro.com\/help\/#website\",\"url\":\"https:\/\/www.cituro.com\/help\/\",\"name\":\"cituro Helpcenter\",\"description\":\"Eine weitere WordPress-Website\",\"potentialAction\":[{\"@type\":\"SearchAction\",\"target\":{\"@type\":\"EntryPoint\",\"urlTemplate\":\"https:\/\/www.cituro.com\/help\/?s={search_term_string}\"},\"query-input\":{\"@type\":\"PropertyValueSpecification\",\"valueRequired\":true,\"valueName\":\"search_term_string\"}}],\"inLanguage\":\"de\"}]}<\/script>\n<!-- \/ Yoast SEO plugin. -->","yoast_head_json":{"title":"Gruppenleistungen als Online-Kurs konfigurieren - cituro Helpcenter","description":"Pro Kurs kann ein individueller Online-Meeting Link hinzugef\u00fcgt werden. Dieser Link wird automatisch in die Best\u00e4tigungsemails Ihrer Kunden generiert.","robots":{"index":"index","follow":"follow","max-snippet":"max-snippet:-1","max-image-preview":"max-image-preview:large","max-video-preview":"max-video-preview:-1"},"canonical":"https:\/\/www.cituro.com\/help\/anleitung-fuer-gruppenleistungen","og_locale":"de_DE","og_type":"article","og_title":"Gruppenleistungen als Online-Kurs konfigurieren - cituro Helpcenter","og_description":"Pro Kurs kann ein individueller Online-Meeting Link hinzugef\u00fcgt werden. Dieser Link wird automatisch in die Best\u00e4tigungsemails Ihrer Kunden generiert.","og_url":"https:\/\/www.cituro.com\/help\/anleitung-fuer-gruppenleistungen","og_site_name":"cituro Helpcenter","article_modified_time":"2025-08-01T17:58:36+00:00","twitter_card":"summary_large_image","twitter_misc":{"Gesch\u00e4tzte Lesezeit":"4\u00a0Minuten"},"schema":{"@context":"https:\/\/schema.org","@graph":[{"@type":"WebPage","@id":"https:\/\/www.cituro.com\/help\/anleitung-fuer-gruppenleistungen","url":"https:\/\/www.cituro.com\/help\/anleitung-fuer-gruppenleistungen","name":"Gruppenleistungen als Online-Kurs konfigurieren - cituro Helpcenter","isPartOf":{"@id":"https:\/\/www.cituro.com\/help\/#website"},"datePublished":"2020-04-14T16:02:46+00:00","dateModified":"2025-08-01T17:58:36+00:00","description":"Pro Kurs kann ein individueller Online-Meeting Link hinzugef\u00fcgt werden. Dieser Link wird automatisch in die Best\u00e4tigungsemails Ihrer Kunden generiert.","breadcrumb":{"@id":"https:\/\/www.cituro.com\/help\/anleitung-fuer-gruppenleistungen#breadcrumb"},"inLanguage":"de","potentialAction":[{"@type":"ReadAction","target":["https:\/\/www.cituro.com\/help\/anleitung-fuer-gruppenleistungen"]}]},{"@type":"BreadcrumbList","@id":"https:\/\/www.cituro.com\/help\/anleitung-fuer-gruppenleistungen#breadcrumb","itemListElement":[{"@type":"ListItem","position":1,"name":"Startseite","item":"https:\/\/www.cituro.com\/help\/"},{"@type":"ListItem","position":2,"name":"Online-Meeting als Gruppenleistungen"}]},{"@type":"WebSite","@id":"https:\/\/www.cituro.com\/help\/#website","url":"https:\/\/www.cituro.com\/help\/","name":"cituro Helpcenter","description":"Eine weitere WordPress-Website","potentialAction":[{"@type":"SearchAction","target":{"@type":"EntryPoint","urlTemplate":"https:\/\/www.cituro.com\/help\/?s={search_term_string}"},"query-input":{"@type":"PropertyValueSpecification","valueRequired":true,"valueName":"search_term_string"}}],"inLanguage":"de"}]}},"_links":{"self":[{"href":"https:\/\/www.cituro.com\/help\/wp-json\/wp\/v2\/pages\/1984","targetHints":{"allow":["GET"]}}],"collection":[{"href":"https:\/\/www.cituro.com\/help\/wp-json\/wp\/v2\/pages"}],"about":[{"href":"https:\/\/www.cituro.com\/help\/wp-json\/wp\/v2\/types\/page"}],"author":[{"embeddable":true,"href":"https:\/\/www.cituro.com\/help\/wp-json\/wp\/v2\/users\/1"}],"replies":[{"embeddable":true,"href":"https:\/\/www.cituro.com\/help\/wp-json\/wp\/v2\/comments?post=1984"}],"version-history":[{"count":2,"href":"https:\/\/www.cituro.com\/help\/wp-json\/wp\/v2\/pages\/1984\/revisions"}],"predecessor-version":[{"id":12486,"href":"https:\/\/www.cituro.com\/help\/wp-json\/wp\/v2\/pages\/1984\/revisions\/12486"}],"wp:attachment":[{"href":"https:\/\/www.cituro.com\/help\/wp-json\/wp\/v2\/media?parent=1984"}],"curies":[{"name":"wp","href":"https:\/\/api.w.org\/{rel}","templated":true}]}}