{"id":1809,"date":"2020-02-29T11:23:39","date_gmt":"2020-02-29T10:23:39","guid":{"rendered":"https:\/\/www.cituro.com\/help\/?page_id=1809"},"modified":"2021-11-18T10:54:36","modified_gmt":"2021-11-18T09:54:36","slug":"variablen","status":"publish","type":"page","link":"https:\/\/www.cituro.com\/help\/mitteilungen-versenden\/textvorlagen-erstellen\/variablen","title":{"rendered":"Variablen"},"content":{"rendered":"<p>[et_pb_section fb_built=&#8220;1&#8243; specialty=&#8220;on&#8220; module_class=&#8220; et_pb_specialty_fullwidth&#8220; _builder_version=&#8220;3.22&#8243; inner_width=&#8220;89%&#8220; inner_width_tablet=&#8220;80%&#8220; inner_width_phone=&#8220;&#8220; inner_width_last_edited=&#8220;on|desktop&#8220; inner_max_width=&#8220;89%&#8220; inner_max_width_tablet=&#8220;80%&#8220; inner_max_width_phone=&#8220;&#8220; inner_max_width_last_edited=&#8220;on|desktop&#8220; make_fullwidth=&#8220;on&#8220; global_colors_info=&#8220;{}&#8220;][et_pb_column type=&#8220;1_4&#8243; _builder_version=&#8220;3.25&#8243; custom_padding=&#8220;|||&#8220; global_colors_info=&#8220;{}&#8220; custom_padding__hover=&#8220;|||&#8220;][et_pb_sidebar area=&#8220;sidebar-1&#8243; disabled_on=&#8220;on|on|off&#8220; _builder_version=&#8220;3.29.3&#8243; custom_padding=&#8220;50px|||&#8220; global_colors_info=&#8220;{}&#8220;][\/et_pb_sidebar][\/et_pb_column][et_pb_column type=&#8220;3_4&#8243; specialty_columns=&#8220;3&#8243; _builder_version=&#8220;3.25&#8243; custom_padding=&#8220;|||&#8220; global_colors_info=&#8220;{}&#8220; custom_padding__hover=&#8220;|||&#8220;][et_pb_row_inner admin_label=&#8220;Zeile&#8220; _builder_version=&#8220;3.25&#8243; global_colors_info=&#8220;{}&#8220;][et_pb_column_inner saved_specialty_column_type=&#8220;3_4&#8243; _builder_version=&#8220;3.25&#8243; custom_padding=&#8220;|||&#8220; global_colors_info=&#8220;{}&#8220; custom_padding__hover=&#8220;|||&#8220;][et_pb_text admin_label=&#8220;Verwendung von Variablen&#8220; _builder_version=&#8220;3.29.3&#8243; global_colors_info=&#8220;{}&#8220;]<\/p>\n<h1>Verwendung von Variablen<\/h1>\n<p>[\/et_pb_text][et_pb_text _builder_version=&#8220;3.29.3&#8243; global_colors_info=&#8220;{}&#8220;]<\/p>\n<p>Wenn Sie eigene Textvorlagen f\u00fcr E-Mail oder SMS verwenden, k\u00f6nnen Sie Variablen einf\u00fcgen, die mit den entsprechenden Daten gef\u00fcllt werden, sobald die Vorlagen verschickt wird.<\/p>\n<p><strong>Hinweis:<\/strong><br \/>\nNicht alle Variablen k\u00f6nnen f\u00fcr alle Verwendungsarten benutzt werden. Bitte entnehmen Sie die Informationen zu den verf\u00fcgbaren Variablen aus der Tabelle.<\/p>\n<p>[\/et_pb_text][\/et_pb_column_inner][\/et_pb_row_inner][et_pb_row_inner admin_label=&#8220;Zeile&#8220; _builder_version=&#8220;3.25&#8243; global_colors_info=&#8220;{}&#8220;][et_pb_column_inner saved_specialty_column_type=&#8220;3_4&#8243; _builder_version=&#8220;3.25&#8243; custom_padding=&#8220;|||&#8220; global_colors_info=&#8220;{}&#8220; custom_padding__hover=&#8220;|||&#8220;][et_pb_text _builder_version=&#8220;3.29.3&#8243; global_colors_info=&#8220;{}&#8220;]<\/p>\n<table>\n<tr>\n<th>Variable<\/th>\n<th><\/th>\n<th>Verwendungsart<\/th>\n<\/tr>\n<tr>\n<td>Template<\/td>\n<td>Bedingung<\/td>\n<td>Alle (Das ist eine Vorlage f\u00fcr die Pr\u00fcfung auf eine Bedingung, bei Syntaxfehlern wird die Mail nicht generiert!)<\/td>\n<\/tr>\n<tr>\n<td><\/td>\n<td><\/td>\n<td><\/td>\n<\/tr>\n<tr>\n<td>Termin<\/td>\n<td>Beginn (Datum)<\/td>\n<td>Alle<\/td>\n<\/tr>\n<tr>\n<td><\/td>\n<td>Ende (Datum)<\/td>\n<td>Alle<\/td>\n<\/tr>\n<tr>\n<td><\/td>\n<td>Beginn (Uhrzeit)<\/td>\n<td>Alle<\/td>\n<\/tr>\n<tr>\n<td><\/td>\n<td>Ende (Uhrzeit)<\/td>\n<td>Alle<\/td>\n<\/tr>\n<tr>\n<td><\/td>\n<td>Wochentag<\/td>\n<td>Alle<\/td>\n<\/tr>\n<tr>\n<td><\/td>\n<td>Ort<\/td>\n<td>Alle<\/td>\n<\/tr>\n<tr>\n<td><\/td>\n<td><\/td>\n<td><\/td>\n<\/tr>\n<tr>\n<td>Buchung<\/td>\n<td>Leistung(en)<\/td>\n<td>Alle<\/td>\n<\/tr>\n<\/tr>\n<td> <\/td>\n<td>Eventtitel<\/td>\n<td>Alle<\/td>\n<\/tr>\n<tr>\n<td> <\/td>\n<td>Kommentar<\/td>\n<td>Alle<\/td>\n<\/tr>\n<tr>\n<td> <\/td>\n<td>Herkunft<\/td>\n<td>Alle<\/td>\n<\/tr>\n<tr>\n<td> <\/td>\n<td>Einzeltermine<\/td>\n<td>Alle<\/td>\n<\/tr>\n<tr>\n<td> <\/td>\n<td>Anzahl<\/td>\n<td>Alle<\/td>\n<\/tr>\n<tr>\n<td> <\/td>\n<td>Preis p.P.<\/td>\n<td>Alle<\/td>\n<\/tr>\n<tr>\n<td> <\/td>\n<td>Datum<\/td>\n<td>Alle<\/td>\n<\/tr>\n<tr>\n<td><\/td>\n<td><\/td>\n<td><\/td>\n<\/tr>\n<tr>\n<td>Zahlung<\/td>\n<td>W\u00e4hrung<\/td>\n<td>Zahlungseingang, Zahlungsbest\u00e4tigung, Zahlungserstattung<\/td>\n<\/tr>\n<tr>\n<td> <\/td>\n<td>Betrag<\/td>\n<td>Zahlungseingang, Zahlungsbest\u00e4tigung, Zahlungserstattung<\/td>\n<\/tr>\n<tr>\n<td><\/td>\n<td><\/td>\n<td><\/td>\n<\/tr>\n<tr>\n<td>Link\/URL<\/td>\n<td>Zum Termin<\/td>\n<td>Buchungseingang<\/td>\n<\/tr>\n<tr>\n<td> <\/td>\n<td>F\u00fcr Absage<\/td>\n<td>Buchungsbest\u00e4tigung, Verschiebung, Terminerinnerung<\/td>\n<\/tr>\n<tr>\n<td> <\/td>\n<td>F\u00fcr Buchungsbest\u00e4tigung<\/td>\n<td>Buchungseingang (Nur bei manueller Best\u00e4tigung)<\/td>\n<\/tr>\n<tr>\n<td> <\/td>\n<td>F\u00fcr Buchungsablehnung<\/td>\n<td>Buchungseingang (Nur bei manueller Best\u00e4tigung)<\/td>\n<\/tr>\n<tr>\n<td> <\/td>\n<td>F\u00fcr Verschiebung<\/td>\n<td>Buchungsbest\u00e4tigung, Verschiebung, Terminerinnerung<\/td>\n<\/tr>\n<tr>\n<td> <\/td>\n<td>F\u00fcr Bewertung<\/td>\n<td>Bewertungsanfrage<\/td>\n<\/tr>\n<tr>\n<td><\/td>\n<td><\/td>\n<td><\/td>\n<\/tr>\n<tr>\n<td>Zus\u00e4tzliche Best\u00e4tigungsinfo (Global)<\/td>\n<td> <\/td>\n<td>Buchungsbest\u00e4tigung (Zusatzinformation bei Buchungsbest\u00e4tigung)<\/td>\n<\/tr>\n<tr>\n<td>Zus\u00e4tzliche Best\u00e4tigungsinfo (Service)<\/td>\n<td> <\/td>\n<td>Buchungsbest\u00e4tigung (Zusatzinformation bei Buchungsbest\u00e4tigung)<\/td>\n<\/tr>\n<tr>\n<td><\/td>\n<td><\/td>\n<td><\/td>\n<\/tr>\n<tr>\n<td>Bewertung<\/td>\n<td>Wert<\/td>\n<td>Bewertungsanfrage<\/td>\n<\/tr>\n<tr>\n<td> <\/td>\n<td>Kommentar<\/td>\n<td>Bewertungsanfrage<\/td>\n<\/tr>\n<tr>\n<td><\/td>\n<td><\/td>\n<td><\/td>\n<\/tr>\n<tr>\n<td>Alle Ressourcennamen<\/td>\n<td> <\/td>\n<td>Alle<\/td>\n<\/tr>\n<tr>\n<td><\/td>\n<td><\/td>\n<td><\/td>\n<\/tr>\n<tr>\n<td>Mitarbeiter<\/td>\n<td>Angezeigter Name<\/td>\n<td>Alle<\/td>\n<\/tr>\n<tr>\n<td> <\/td>\n<td>Vorname<\/td>\n<td>Alle<\/td>\n<\/tr>\n<tr>\n<td> <\/td>\n<td>Nachname<\/td>\n<td>Alle<\/td>\n<\/tr>\n<tr>\n<td> <\/td>\n<td>E-Mail-Adresse<\/td>\n<td>Alle<\/td>\n<\/tr>\n<tr>\n<td> <\/td>\n<td>Festnetznummer<\/td>\n<td>Alle<\/td>\n<\/tr>\n<tr>\n<td> <\/td>\n<td>Mobilnummer<\/td>\n<td>Alle<\/td>\n<\/tr>\n<tr>\n<td> <\/td>\n<td>Stra\u00dfe<\/td>\n<td>Alle<\/td>\n<\/tr>\n<tr>\n<td> <\/td>\n<td>Stadt<\/td>\n<td>Alle<\/td>\n<\/tr>\n<tr>\n<td> <\/td>\n<td>Postleitzahl<\/td>\n<td>Alle<\/td>\n<\/tr>\n<tr>\n<td> <\/td>\n<td>Meeting-URL<\/td>\n<td>Alle<\/td>\n<\/tr>\n<tr>\n<td><\/td>\n<td><\/td>\n<td><\/td>\n<\/tr>\n<tr>\n<td>Unternehmen<\/td>\n<td>Name<\/td>\n<td>Alle<\/td>\n<\/tr>\n<tr>\n<td> <\/td>\n<td>Stra\u00dfe<\/td>\n<td>Alle<\/td>\n<\/tr>\n<tr>\n<td> <\/td>\n<td>Stadt<\/td>\n<td>Alle<\/td>\n<\/tr>\n<tr>\n<td> <\/td>\n<td>Postleitzahl<\/td>\n<td>Alle<\/td>\n<\/tr>\n<tr>\n<td> <\/td>\n<td>E-Mail-Adresse<\/td>\n<td>Alle<\/td>\n<\/tr>\n<tr>\n<td> <\/td>\n<td>Webseite<\/td>\n<td>Alle<\/td>\n<\/tr>\n<tr>\n<td><\/td>\n<td><\/td>\n<td><\/td>\n<\/tr>\n<tr>\n<td>Absage durch Kunde<\/td>\n<td> <\/td>\n<td>Verschiebung, Stornierung<br \/>(Nur in Kombination mit Bedingung)<\/td>\n<\/tr>\n<tr>\n<td>Verschiebung durch Kunde<\/td>\n<td> <\/td>\n<td>Verschiebung, Stornierung<br \/>(Nur in Kombination mit Bedingung)<\/td>\n<\/tr>\n<tr>\n<td><\/td>\n<td><\/td>\n<td><\/td>\n<\/tr>\n<tr>\n<td>Kunde<\/td>\n<td>Vorname<\/td>\n<td>Alle<\/td>\n<\/tr>\n<tr>\n<td> <\/td>\n<td>Nachname<\/td>\n<td>Alle<\/td>\n<\/tr>\n<tr>\n<td> <\/td>\n<td>E-Mail Adresse<\/td>\n<td>Alle<\/td>\n<\/tr>\n<tr>\n<td> <\/td>\n<td>Telefonnummer<\/td>\n<td>Alle<\/td>\n<\/tr>\n<tr>\n<td> <\/td>\n<td>Festnetznummer<\/td>\n<td>Alle<\/td>\n<\/tr>\n<tr>\n<td> <\/td>\n<td>Mobilnummer<\/td>\n<td>Alle<\/td>\n<\/tr>\n<tr>\n<td> <\/td>\n<td>Stra\u00dfe<\/td>\n<td>Alle<\/td>\n<\/tr>\n<tr>\n<td> <\/td>\n<td>Stadt<\/td>\n<td>Alle<\/td>\n<\/tr>\n<tr>\n<td> <\/td>\n<td>Postleitzahl<\/td>\n<td>Alle<\/td>\n<\/tr>\n<tr>\n<td> <\/td>\n<td>Anrede<\/td>\n<td>Alle<\/td>\n<\/tr>\n<tr>\n<td><\/td>\n<td><\/td>\n<td><\/td>\n<\/tr>\n<tr>\n<td>Buchungsattribute<\/td>\n<td> <\/td>\n<td>Alle<\/td>\n<\/tr>\n<tr>\n<td>Kundenattribute<\/td>\n<td> <\/td>\n<td>Alle<\/td>\n<\/tr>\n<\/table>\n<p>[\/et_pb_text][\/et_pb_column_inner][\/et_pb_row_inner][et_pb_row_inner _builder_version=&#8220;3.25&#8243; global_module=&#8220;491&#8243; global_colors_info=&#8220;{}&#8220;][et_pb_column_inner _builder_version=&#8220;3.25&#8243; custom_padding=&#8220;|||&#8220; global_colors_info=&#8220;{}&#8220; custom_padding__hover=&#8220;|||&#8220;][et_pb_divider color=&#8220;#555555&#8243; divider_position=&#8220;center&#8220; _builder_version=&#8220;4.12.1&#8243; global_colors_info=&#8220;{}&#8220;][\/et_pb_divider][et_pb_text _builder_version=&#8220;4.12.1&#8243; global_colors_info=&#8220;{}&#8220;]<\/p>\n<h2 style=\"text-align: center;\">Klingt kompliziert? Wir helfen gerne!<\/h2>\n<p>[\/et_pb_text][\/et_pb_column_inner][\/et_pb_row_inner][et_pb_row_inner column_structure=&#8220;1_2,1_2&#8243; _builder_version=&#8220;3.25&#8243; global_module=&#8220;487&#8243; saved_tabs=&#8220;all&#8220; global_colors_info=&#8220;{}&#8220;][et_pb_column_inner type=&#8220;1_2&#8243; _builder_version=&#8220;3.25&#8243; custom_padding=&#8220;|||&#8220; global_colors_info=&#8220;{}&#8220; custom_padding__hover=&#8220;|||&#8220;][et_pb_blurb title=&#8220;Termin vereinbaren&#8220; url_new_window=&#8220;on&#8220; use_icon=&#8220;on&#8220; font_icon=&#8220;&#xe023;||divi||400&#8243; icon_color=&#8220;#555555&#8243; module_id=&#8220;make-appointment-element&#8220; _builder_version=&#8220;4.13.0&#8243; header_level=&#8220;h3&#8243; text_orientation=&#8220;center&#8220; custom_padding=&#8220;10px|10px|10px|10px&#8220; animation_style=&#8220;zoom&#8220; link_option_url_new_window=&#8220;on&#8220; custom_css_main_element=&#8220;cursor:pointer;&#8220; box_shadow_style=&#8220;preset1&#8243; global_colors_info=&#8220;{}&#8220;]<\/p>\n<p style=\"text-align: center;\">Wir zeigen Ihnen live was cituro alles kann.<\/p>\n<p>[\/et_pb_blurb][et_pb_blurb title=&#8220;E-Mail&#8220; use_icon=&#8220;on&#8220; font_icon=&#8220;&#xe010;||divi||400&#8243; icon_color=&#8220;#555555&#8243; _builder_version=&#8220;4.13.0&#8243; header_level=&#8220;h3&#8243; text_orientation=&#8220;center&#8220; custom_padding=&#8220;10px|10px|10px|10px&#8220; animation_style=&#8220;zoom&#8220; box_shadow_style=&#8220;preset1&#8243; global_colors_info=&#8220;{}&#8220;]<\/p>\n<p style=\"text-align: center;\">Schreiben Sie uns eine E-Mail<br \/>\n<a href=\"mailto:support@cituro.com\">support@cituro.com<\/a><\/p>\n<p>[\/et_pb_blurb][\/et_pb_column_inner][et_pb_column_inner type=&#8220;1_2&#8243; _builder_version=&#8220;3.25&#8243; custom_padding=&#8220;|||&#8220; global_colors_info=&#8220;{}&#8220; custom_padding__hover=&#8220;|||&#8220;][et_pb_blurb title=&#8220;Live Chat&#8220; use_icon=&#8220;on&#8220; font_icon=&#8220;&#x77;||divi||400&#8243; icon_color=&#8220;#555555&#8243; _builder_version=&#8220;4.13.0&#8243; header_level=&#8220;h3&#8243; text_orientation=&#8220;center&#8220; custom_padding=&#8220;10px|10px|10px|10px&#8220; animation_style=&#8220;zoom&#8220; box_shadow_style=&#8220;preset1&#8243; global_colors_info=&#8220;{}&#8220;]<\/p>\n<p style=\"text-align: center;\">Stellen Sie uns Ihre Fragen im Live-Chat.<\/p>\n<p>[\/et_pb_blurb][et_pb_blurb title=&#8220;Telefon&#8220; use_icon=&#8220;on&#8220; font_icon=&#8220;&#xe090;||divi||400&#8243; icon_color=&#8220;#555555&#8243; _builder_version=&#8220;4.13.0&#8243; header_level=&#8220;h3&#8243; text_orientation=&#8220;center&#8220; custom_padding=&#8220;10px|10px|10px|10px&#8220; animation_style=&#8220;zoom&#8220; box_shadow_style=&#8220;preset1&#8243; global_colors_info=&#8220;{}&#8220;]<\/p>\n<p style=\"text-align: center;\">Wir sind f\u00fcr Sie da<br \/>\n<a href=\"tel:004982199973940\">+49 821 999 739 40<\/a><\/p>\n<p>[\/et_pb_blurb][\/et_pb_column_inner][\/et_pb_row_inner][\/et_pb_column][\/et_pb_section]<\/p>\n","protected":false},"excerpt":{"rendered":"<p>Wenn Sie eigene Textvorlagen f\u00fcr E-Mail oder SMS verwenden, k\u00f6nnen Sie Variablen einf\u00fcgen, die mit den entsprechenden Daten gef\u00fcllt werden, sobald die Vorlagen verschickt wird.<\/p>\n","protected":false},"author":1,"featured_media":0,"parent":730,"menu_order":0,"comment_status":"closed","ping_status":"closed","template":"","meta":{"_et_pb_use_builder":"on","_et_pb_old_content":"","_et_gb_content_width":"","footnotes":""},"class_list":["post-1809","page","type-page","status-publish","hentry"],"yoast_head":"<!-- This site is optimized with the Yoast SEO plugin v23.9 - https:\/\/yoast.com\/wordpress\/plugins\/seo\/ -->\n<title>Variablen - cituro Helpcenter<\/title>\n<meta name=\"description\" content=\"Mit unseren Variablen k\u00f6nnen Sie in Ihren eigenen SMS wie E-Mail Textvorlagen, automatisierte Angaben wie Vorname, Nachname und Terminbeginn darstellen lassen.\" \/>\n<meta name=\"robots\" content=\"index, follow, max-snippet:-1, max-image-preview:large, max-video-preview:-1\" \/>\n<link rel=\"canonical\" href=\"https:\/\/www.cituro.com\/help\/mitteilungen-versenden\/textvorlagen-erstellen\/variablen\" \/>\n<meta property=\"og:locale\" content=\"de_DE\" \/>\n<meta property=\"og:type\" content=\"article\" \/>\n<meta property=\"og:title\" content=\"Variablen - cituro Helpcenter\" \/>\n<meta property=\"og:description\" content=\"Mit unseren Variablen k\u00f6nnen Sie in Ihren eigenen SMS wie E-Mail Textvorlagen, automatisierte Angaben wie Vorname, Nachname und Terminbeginn darstellen lassen.\" \/>\n<meta property=\"og:url\" content=\"https:\/\/www.cituro.com\/help\/mitteilungen-versenden\/textvorlagen-erstellen\/variablen\" \/>\n<meta property=\"og:site_name\" content=\"cituro Helpcenter\" \/>\n<meta property=\"article:modified_time\" content=\"2021-11-18T09:54:36+00:00\" \/>\n<meta name=\"twitter:card\" content=\"summary_large_image\" \/>\n<meta name=\"twitter:label1\" content=\"Gesch\u00e4tzte Lesezeit\" \/>\n\t<meta name=\"twitter:data1\" content=\"4\u00a0Minuten\" \/>\n<script type=\"application\/ld+json\" class=\"yoast-schema-graph\">{\"@context\":\"https:\/\/schema.org\",\"@graph\":[{\"@type\":\"WebPage\",\"@id\":\"https:\/\/www.cituro.com\/help\/mitteilungen-versenden\/textvorlagen-erstellen\/variablen\",\"url\":\"https:\/\/www.cituro.com\/help\/mitteilungen-versenden\/textvorlagen-erstellen\/variablen\",\"name\":\"Variablen - cituro Helpcenter\",\"isPartOf\":{\"@id\":\"https:\/\/www.cituro.com\/help\/#website\"},\"datePublished\":\"2020-02-29T10:23:39+00:00\",\"dateModified\":\"2021-11-18T09:54:36+00:00\",\"description\":\"Mit unseren Variablen k\u00f6nnen Sie in Ihren eigenen SMS wie E-Mail Textvorlagen, automatisierte Angaben wie Vorname, Nachname und Terminbeginn darstellen lassen.\",\"breadcrumb\":{\"@id\":\"https:\/\/www.cituro.com\/help\/mitteilungen-versenden\/textvorlagen-erstellen\/variablen#breadcrumb\"},\"inLanguage\":\"de\",\"potentialAction\":[{\"@type\":\"ReadAction\",\"target\":[\"https:\/\/www.cituro.com\/help\/mitteilungen-versenden\/textvorlagen-erstellen\/variablen\"]}]},{\"@type\":\"BreadcrumbList\",\"@id\":\"https:\/\/www.cituro.com\/help\/mitteilungen-versenden\/textvorlagen-erstellen\/variablen#breadcrumb\",\"itemListElement\":[{\"@type\":\"ListItem\",\"position\":1,\"name\":\"Startseite\",\"item\":\"https:\/\/www.cituro.com\/help\/\"},{\"@type\":\"ListItem\",\"position\":2,\"name\":\"Mitteilungen\",\"item\":\"https:\/\/www.cituro.com\/help\/mitteilungen-versenden\"},{\"@type\":\"ListItem\",\"position\":3,\"name\":\"Textvorlagen erstellen\",\"item\":\"https:\/\/www.cituro.com\/help\/mitteilungen-versenden\/textvorlagen-erstellen\"},{\"@type\":\"ListItem\",\"position\":4,\"name\":\"Variablen\"}]},{\"@type\":\"WebSite\",\"@id\":\"https:\/\/www.cituro.com\/help\/#website\",\"url\":\"https:\/\/www.cituro.com\/help\/\",\"name\":\"cituro Helpcenter\",\"description\":\"Eine weitere WordPress-Website\",\"potentialAction\":[{\"@type\":\"SearchAction\",\"target\":{\"@type\":\"EntryPoint\",\"urlTemplate\":\"https:\/\/www.cituro.com\/help\/?s={search_term_string}\"},\"query-input\":{\"@type\":\"PropertyValueSpecification\",\"valueRequired\":true,\"valueName\":\"search_term_string\"}}],\"inLanguage\":\"de\"}]}<\/script>\n<!-- \/ Yoast SEO plugin. -->","yoast_head_json":{"title":"Variablen - cituro Helpcenter","description":"Mit unseren Variablen k\u00f6nnen Sie in Ihren eigenen SMS wie E-Mail Textvorlagen, automatisierte Angaben wie Vorname, Nachname und Terminbeginn darstellen lassen.","robots":{"index":"index","follow":"follow","max-snippet":"max-snippet:-1","max-image-preview":"max-image-preview:large","max-video-preview":"max-video-preview:-1"},"canonical":"https:\/\/www.cituro.com\/help\/mitteilungen-versenden\/textvorlagen-erstellen\/variablen","og_locale":"de_DE","og_type":"article","og_title":"Variablen - cituro Helpcenter","og_description":"Mit unseren Variablen k\u00f6nnen Sie in Ihren eigenen SMS wie E-Mail Textvorlagen, automatisierte Angaben wie Vorname, Nachname und Terminbeginn darstellen lassen.","og_url":"https:\/\/www.cituro.com\/help\/mitteilungen-versenden\/textvorlagen-erstellen\/variablen","og_site_name":"cituro Helpcenter","article_modified_time":"2021-11-18T09:54:36+00:00","twitter_card":"summary_large_image","twitter_misc":{"Gesch\u00e4tzte Lesezeit":"4\u00a0Minuten"},"schema":{"@context":"https:\/\/schema.org","@graph":[{"@type":"WebPage","@id":"https:\/\/www.cituro.com\/help\/mitteilungen-versenden\/textvorlagen-erstellen\/variablen","url":"https:\/\/www.cituro.com\/help\/mitteilungen-versenden\/textvorlagen-erstellen\/variablen","name":"Variablen - cituro Helpcenter","isPartOf":{"@id":"https:\/\/www.cituro.com\/help\/#website"},"datePublished":"2020-02-29T10:23:39+00:00","dateModified":"2021-11-18T09:54:36+00:00","description":"Mit unseren Variablen k\u00f6nnen Sie in Ihren eigenen SMS wie E-Mail Textvorlagen, automatisierte Angaben wie Vorname, Nachname und Terminbeginn darstellen lassen.","breadcrumb":{"@id":"https:\/\/www.cituro.com\/help\/mitteilungen-versenden\/textvorlagen-erstellen\/variablen#breadcrumb"},"inLanguage":"de","potentialAction":[{"@type":"ReadAction","target":["https:\/\/www.cituro.com\/help\/mitteilungen-versenden\/textvorlagen-erstellen\/variablen"]}]},{"@type":"BreadcrumbList","@id":"https:\/\/www.cituro.com\/help\/mitteilungen-versenden\/textvorlagen-erstellen\/variablen#breadcrumb","itemListElement":[{"@type":"ListItem","position":1,"name":"Startseite","item":"https:\/\/www.cituro.com\/help\/"},{"@type":"ListItem","position":2,"name":"Mitteilungen","item":"https:\/\/www.cituro.com\/help\/mitteilungen-versenden"},{"@type":"ListItem","position":3,"name":"Textvorlagen erstellen","item":"https:\/\/www.cituro.com\/help\/mitteilungen-versenden\/textvorlagen-erstellen"},{"@type":"ListItem","position":4,"name":"Variablen"}]},{"@type":"WebSite","@id":"https:\/\/www.cituro.com\/help\/#website","url":"https:\/\/www.cituro.com\/help\/","name":"cituro Helpcenter","description":"Eine weitere WordPress-Website","potentialAction":[{"@type":"SearchAction","target":{"@type":"EntryPoint","urlTemplate":"https:\/\/www.cituro.com\/help\/?s={search_term_string}"},"query-input":{"@type":"PropertyValueSpecification","valueRequired":true,"valueName":"search_term_string"}}],"inLanguage":"de"}]}},"_links":{"self":[{"href":"https:\/\/www.cituro.com\/help\/wp-json\/wp\/v2\/pages\/1809","targetHints":{"allow":["GET"]}}],"collection":[{"href":"https:\/\/www.cituro.com\/help\/wp-json\/wp\/v2\/pages"}],"about":[{"href":"https:\/\/www.cituro.com\/help\/wp-json\/wp\/v2\/types\/page"}],"author":[{"embeddable":true,"href":"https:\/\/www.cituro.com\/help\/wp-json\/wp\/v2\/users\/1"}],"replies":[{"embeddable":true,"href":"https:\/\/www.cituro.com\/help\/wp-json\/wp\/v2\/comments?post=1809"}],"version-history":[{"count":0,"href":"https:\/\/www.cituro.com\/help\/wp-json\/wp\/v2\/pages\/1809\/revisions"}],"up":[{"embeddable":true,"href":"https:\/\/www.cituro.com\/help\/wp-json\/wp\/v2\/pages\/730"}],"wp:attachment":[{"href":"https:\/\/www.cituro.com\/help\/wp-json\/wp\/v2\/media?parent=1809"}],"curies":[{"name":"wp","href":"https:\/\/api.w.org\/{rel}","templated":true}]}}