{"id":1740,"date":"2020-02-15T13:00:14","date_gmt":"2020-02-15T12:00:14","guid":{"rendered":"https:\/\/www.cituro.com\/help\/?page_id=1740"},"modified":"2021-11-16T09:04:50","modified_gmt":"2021-11-16T08:04:50","slug":"facebook-pixel","status":"publish","type":"page","link":"https:\/\/www.cituro.com\/help\/developers-corner\/conversion-tracking\/facebook-pixel","title":{"rendered":"Facebook Pixel"},"content":{"rendered":"<p>[et_pb_section fb_built=&#8220;1&#8243; specialty=&#8220;on&#8220; module_class=&#8220; et_pb_specialty_fullwidth&#8220; _builder_version=&#8220;3.22&#8243; inner_width=&#8220;89%&#8220; inner_width_tablet=&#8220;80%&#8220; inner_width_phone=&#8220;&#8220; inner_width_last_edited=&#8220;on|desktop&#8220; inner_max_width=&#8220;89%&#8220; inner_max_width_tablet=&#8220;80%&#8220; inner_max_width_phone=&#8220;&#8220; inner_max_width_last_edited=&#8220;on|desktop&#8220; make_fullwidth=&#8220;on&#8220; global_colors_info=&#8220;{}&#8220;][et_pb_column type=&#8220;1_4&#8243; _builder_version=&#8220;3.25&#8243; custom_padding=&#8220;|||&#8220; global_colors_info=&#8220;{}&#8220; custom_padding__hover=&#8220;|||&#8220;][et_pb_sidebar area=&#8220;sidebar-1&#8243; disabled_on=&#8220;on|on|off&#8220; _builder_version=&#8220;3.29.3&#8243; custom_padding=&#8220;50px|||&#8220; global_colors_info=&#8220;{}&#8220;][\/et_pb_sidebar][\/et_pb_column][et_pb_column type=&#8220;3_4&#8243; specialty_columns=&#8220;3&#8243; _builder_version=&#8220;3.25&#8243; custom_padding=&#8220;|||&#8220; global_colors_info=&#8220;{}&#8220; custom_padding__hover=&#8220;|||&#8220;][et_pb_row_inner disabled_on=&#8220;off|off|off&#8220; admin_label=&#8220;Zeile&#8220; _builder_version=&#8220;3.29.3&#8243; global_colors_info=&#8220;{}&#8220;][et_pb_column_inner saved_specialty_column_type=&#8220;3_4&#8243; _builder_version=&#8220;3.25&#8243; custom_padding=&#8220;|||&#8220; global_colors_info=&#8220;{}&#8220; custom_padding__hover=&#8220;|||&#8220;][et_pb_text admin_label=&#8220;Facebook Pixel&#8220; _builder_version=&#8220;3.29.3&#8243; hover_enabled=&#8220;0&#8243; global_colors_info=&#8220;{}&#8220; sticky_enabled=&#8220;0&#8243;]<\/p>\n<h1>Tracking mit dem Facebook Pixel<\/h1>\n<p>[\/et_pb_text][et_pb_text _builder_version=&#8220;4.13.0&#8243; custom_padding=&#8220;0px||20px&#8220; hover_enabled=&#8220;0&#8243; global_colors_info=&#8220;{}&#8220; sticky_enabled=&#8220;0&#8243;]Ein Tracking Code, mit dem Sie f\u00fcr Ihre Werbekampagnen auf Facebook und Instagram Zielgruppen messen, optimieren und aufbauen k\u00f6nnen.<\/p>\n<p><strong>ACHTUNG:<\/strong> Stellen Sie sicher, dass Sie den Facebook Pixel  datenschutzkonform einsetzen!<\/p>\n<p>[\/et_pb_text][et_pb_text admin_label=&#8220;Anleitung&#8220; _builder_version=&#8220;3.29.3&#8243; hover_enabled=&#8220;0&#8243; global_colors_info=&#8220;{}&#8220; sticky_enabled=&#8220;0&#8243;]<strong>Es gibt zwei verschiedene Varianten, je nachdem wie Sie die Onlinebuchung auf Ihrer Webseite eingebunden haben:<\/strong>[\/et_pb_text][et_pb_text _builder_version=&#8220;3.29.3&#8243; hover_enabled=&#8220;0&#8243; global_colors_info=&#8220;{}&#8220; sticky_enabled=&#8220;0&#8243;]<\/p>\n<ol>\n<li><a href=\"#overlay\">Anleitung Overlay:<\/a> Sie haben die Onlinebuchung als <strong>Overlay<\/strong> eingebunden und die Onlinebuchung \u00f6ffnet sich nahtlos auf Ihrer Webseite.<\/li>\n<li><a href=\"#link\">Anleitung Link:<\/a> Sie haben die Onlinebuchung als <strong>Link<\/strong> eingebunden und die Onlinebuchung \u00f6ffnet sich auf einer separaten Seite.<\/li>\n<\/ol>\n<p>[\/et_pb_text][et_pb_divider color=&#8220;#555555&#8243; _builder_version=&#8220;3.5.1&#8243; global_colors_info=&#8220;{}&#8220;][\/et_pb_divider][\/et_pb_column_inner][\/et_pb_row_inner][et_pb_row_inner disabled_on=&#8220;off|off|off&#8220; admin_label=&#8220;Zeile&#8220; _builder_version=&#8220;3.29.3&#8243; global_colors_info=&#8220;{}&#8220;][et_pb_column_inner saved_specialty_column_type=&#8220;3_4&#8243; _builder_version=&#8220;3.25&#8243; custom_padding=&#8220;|||&#8220; global_colors_info=&#8220;{}&#8220; custom_padding__hover=&#8220;|||&#8220;][et_pb_text admin_label=&#8220;1. Overlay\/IFrame&#8220; _builder_version=&#8220;3.29.3&#8243; global_colors_info=&#8220;{}&#8220;]<\/p>\n<h2 class=\"text-content-heading\" id=\"overlay\">1. Facebook Pixel einf\u00fcgen (Overlay)<\/h2>\n<p>[\/et_pb_text][et_pb_text _builder_version=&#8220;3.29.3&#8243; global_colors_info=&#8220;{}&#8220;]<strong>Navigation<\/strong>: <strong>Men\u00fc<\/strong> \u2192 <strong>Onlinebuchung<\/strong> \u2192 <strong>Tab Tracking\/Callbacks<\/strong><\/p>\n<p>Folgen Sie dieser Anleitung, wenn Sie die Onlinebuchung als Overlay oder IFrame eingebunden haben und stellen Sie sicher, dass Sie den Facebook Pixel Code auf Ihrer Webseite eingebunden haben.<\/p>\n<p>Kopieren Sie den entsprechenden Code und f\u00fcgen Sie diesen in das entsprechende Feld im cituro Manager ein. Jetzt k\u00f6nnen Sie im Facebook Eventsmanager die Aufrufe in Echtzeit verfolgen oder eine \u00dcbersicht der Aufrufe erhalten.[\/et_pb_text][et_pb_text _builder_version=&#8220;3.29.3&#8243; global_colors_info=&#8220;{}&#8220;]<strong>Beim Laden der Buchung:<\/strong>[\/et_pb_text][et_pb_code module_class=&#8220;source_code&#8220; _builder_version=&#8220;3.29.3&#8243; global_colors_info=&#8220;{}&#8220;]window.fbq(&#8218;track&#8216;, &#8218;Contact&#8216;);[\/et_pb_code][et_pb_text _builder_version=&#8220;3.29.3&#8243; global_colors_info=&#8220;{}&#8220;]<strong>Nach der Buchung:<\/strong>[\/et_pb_text][et_pb_code module_class=&#8220;source_code&#8220; _builder_version=&#8220;3.29.3&#8243; global_colors_info=&#8220;{}&#8220;]window.fbq(&#8218;track&#8216;, &#8218;Lead&#8216;);[\/et_pb_code][et_pb_divider color=&#8220;#555555&#8243; _builder_version=&#8220;3.5.1&#8243; global_colors_info=&#8220;{}&#8220;][\/et_pb_divider][\/et_pb_column_inner][\/et_pb_row_inner][et_pb_row_inner disabled_on=&#8220;off|off|off&#8220; admin_label=&#8220;Zeile&#8220; _builder_version=&#8220;3.29.3&#8243; global_colors_info=&#8220;{}&#8220;][et_pb_column_inner saved_specialty_column_type=&#8220;3_4&#8243; _builder_version=&#8220;3.25&#8243; custom_padding=&#8220;|||&#8220; global_colors_info=&#8220;{}&#8220; custom_padding__hover=&#8220;|||&#8220;][et_pb_text admin_label=&#8220;2. Link&#8220; _builder_version=&#8220;3.29.3&#8243; global_colors_info=&#8220;{}&#8220;]<\/p>\n<h2 class=\"text-content-heading\" id=\"link\">2. Facebook Pixel einf\u00fcgen (Link)<\/h2>\n<p>[\/et_pb_text][et_pb_text _builder_version=&#8220;3.29.3&#8243; global_colors_info=&#8220;{}&#8220;]<strong>Navigation<\/strong>: <strong>Men\u00fc<\/strong> \u2192 <strong>Onlinebuchung<\/strong> \u2192 <strong>Tab Tracking\/Callbacks<\/strong><\/p>\n<p>Folgen Sie dieser Anleitung, wenn Sie die Onlinebuchung als Link eingebunden haben und die Onlinebuchung sich auf einer separaten Seite \u00f6ffnet.<\/p>\n<p>Schritt 1:<br \/>\nKopieren Sie den entsprechenden Code und f\u00fcgen Sie diesen in das entsprechende Feld im cituro Manager ein. <\/p>\n<p>Schritt 2:<br \/>\nL\u00f6schen Sie die rote Beispiel-ID und f\u00fcgen Sie Ihre Facebook Pixel ID ein. (ACHTUNG: L\u00f6schen Sie nicht die Hochkomma)<\/p>\n<p>Jetzt k\u00f6nnen Sie im Facebook Eventsmanager die Aufrufe in Echtzeit verfolgen oder eine \u00dcbersicht der Aufrufe erhalten.[\/et_pb_text][et_pb_text _builder_version=&#8220;3.29.3&#8243; global_colors_info=&#8220;{}&#8220;]<strong>Beim Laden der Buchung:<\/strong>[\/et_pb_text][et_pb_code module_class=&#8220;source_code&#8220; _builder_version=&#8220;3.29.3&#8243; global_colors_info=&#8220;{}&#8220;]!function(f,b,e,v,n,t,s)<!-- [et_pb_line_break_holder] -->{if(f.fbq)return;n=f.fbq=function(){n.callMethod?n.callMethod.apply(n,arguments):n.queue.push(arguments)};<!-- [et_pb_line_break_holder] -->if(!f._fbq)f._fbq=n;n.push=n;n.loaded=!0;n.version=&#8217;2.0&#8242;;<!-- [et_pb_line_break_holder] -->n.queue=[];t=b.createElement(e);t.async=!0;<!-- [et_pb_line_break_holder] -->t.src=v;s=b.getElementsByTagName(e)[0];<!-- [et_pb_line_break_holder] -->s.parentNode.insertBefore(t,s)}(window, document,&#8217;script&#8216;,&#8217;https:\/\/connect.facebook.net\/en_US\/fbevents.js&#8216;);<!-- [et_pb_line_break_holder] -->window.fbq(&#8218;init&#8216;, &#8218;<span style=\"color: #ff0000;\">123456789876543<\/span>&#8218;);<!-- [et_pb_line_break_holder] -->window.fbq(&#8218;track&#8216;, &#8218;Contact&#8216;);[\/et_pb_code][et_pb_text _builder_version=&#8220;3.29.3&#8243; global_colors_info=&#8220;{}&#8220;]<strong>Nach der Buchung:<\/strong>[\/et_pb_text][et_pb_code module_class=&#8220;source_code&#8220; _builder_version=&#8220;3.29.3&#8243; global_colors_info=&#8220;{}&#8220;]!function(f,b,e,v,n,t,s)<!-- [et_pb_line_break_holder] -->{if(f.fbq)return;n=f.fbq=function(){n.callMethod?n.callMethod.apply(n,arguments):n.queue.push(arguments)};<!-- [et_pb_line_break_holder] -->if(!f._fbq)f._fbq=n;n.push=n;n.loaded=!0;n.version=&#8217;2.0&#8242;;<!-- [et_pb_line_break_holder] -->n.queue=[];t=b.createElement(e);t.async=!0;<!-- [et_pb_line_break_holder] -->t.src=v;s=b.getElementsByTagName(e)[0];<!-- [et_pb_line_break_holder] -->s.parentNode.insertBefore(t,s)}(window, document,&#8217;script&#8216;,&#8217;https:\/\/connect.facebook.net\/en_US\/fbevents.js&#8216;);<!-- [et_pb_line_break_holder] -->window.fbq(&#8218;init&#8216;, &#8218;<span style=\"color: #ff0000;\">123456789876543<\/span>&#8218;);<!-- [et_pb_line_break_holder] -->window.fbq(&#8218;track&#8216;, &#8218;Lead&#8216;);[\/et_pb_code][et_pb_divider color=&#8220;#555555&#8243; _builder_version=&#8220;3.5.1&#8243; global_colors_info=&#8220;{}&#8220;][\/et_pb_divider][\/et_pb_column_inner][\/et_pb_row_inner][et_pb_row_inner _builder_version=&#8220;3.25&#8243; global_module=&#8220;491&#8243; global_colors_info=&#8220;{}&#8220;][et_pb_column_inner _builder_version=&#8220;3.25&#8243; custom_padding=&#8220;|||&#8220; global_colors_info=&#8220;{}&#8220; custom_padding__hover=&#8220;|||&#8220;][et_pb_divider color=&#8220;#555555&#8243; divider_position=&#8220;center&#8220; _builder_version=&#8220;4.12.1&#8243; global_colors_info=&#8220;{}&#8220;][\/et_pb_divider][et_pb_text _builder_version=&#8220;4.12.1&#8243; global_colors_info=&#8220;{}&#8220;]<\/p>\n<h2 style=\"text-align: center;\">Klingt kompliziert? Wir helfen gerne!<\/h2>\n<p>[\/et_pb_text][\/et_pb_column_inner][\/et_pb_row_inner][et_pb_row_inner column_structure=&#8220;1_2,1_2&#8243; _builder_version=&#8220;3.25&#8243; global_module=&#8220;487&#8243; saved_tabs=&#8220;all&#8220; global_colors_info=&#8220;{}&#8220;][et_pb_column_inner type=&#8220;1_2&#8243; _builder_version=&#8220;3.25&#8243; custom_padding=&#8220;|||&#8220; global_colors_info=&#8220;{}&#8220; custom_padding__hover=&#8220;|||&#8220;][et_pb_blurb title=&#8220;Termin vereinbaren&#8220; url_new_window=&#8220;on&#8220; use_icon=&#8220;on&#8220; font_icon=&#8220;&#xe023;||divi||400&#8243; icon_color=&#8220;#555555&#8243; module_id=&#8220;make-appointment-element&#8220; _builder_version=&#8220;4.13.0&#8243; header_level=&#8220;h3&#8243; text_orientation=&#8220;center&#8220; custom_padding=&#8220;10px|10px|10px|10px&#8220; animation_style=&#8220;zoom&#8220; link_option_url_new_window=&#8220;on&#8220; custom_css_main_element=&#8220;cursor:pointer;&#8220; box_shadow_style=&#8220;preset1&#8243; global_colors_info=&#8220;{}&#8220;]<\/p>\n<p style=\"text-align: center;\">Wir zeigen Ihnen live was cituro alles kann.<\/p>\n<p>[\/et_pb_blurb][et_pb_blurb title=&#8220;E-Mail&#8220; use_icon=&#8220;on&#8220; font_icon=&#8220;&#xe010;||divi||400&#8243; icon_color=&#8220;#555555&#8243; _builder_version=&#8220;4.13.0&#8243; header_level=&#8220;h3&#8243; text_orientation=&#8220;center&#8220; custom_padding=&#8220;10px|10px|10px|10px&#8220; animation_style=&#8220;zoom&#8220; box_shadow_style=&#8220;preset1&#8243; global_colors_info=&#8220;{}&#8220;]<\/p>\n<p style=\"text-align: center;\">Schreiben Sie uns eine E-Mail<br \/>\n<a href=\"mailto:support@cituro.com\">support@cituro.com<\/a><\/p>\n<p>[\/et_pb_blurb][\/et_pb_column_inner][et_pb_column_inner type=&#8220;1_2&#8243; _builder_version=&#8220;3.25&#8243; custom_padding=&#8220;|||&#8220; global_colors_info=&#8220;{}&#8220; custom_padding__hover=&#8220;|||&#8220;][et_pb_blurb title=&#8220;Live Chat&#8220; use_icon=&#8220;on&#8220; font_icon=&#8220;&#x77;||divi||400&#8243; icon_color=&#8220;#555555&#8243; _builder_version=&#8220;4.13.0&#8243; header_level=&#8220;h3&#8243; text_orientation=&#8220;center&#8220; custom_padding=&#8220;10px|10px|10px|10px&#8220; animation_style=&#8220;zoom&#8220; box_shadow_style=&#8220;preset1&#8243; global_colors_info=&#8220;{}&#8220;]<\/p>\n<p style=\"text-align: center;\">Stellen Sie uns Ihre Fragen im Live-Chat.<\/p>\n<p>[\/et_pb_blurb][et_pb_blurb title=&#8220;Telefon&#8220; use_icon=&#8220;on&#8220; font_icon=&#8220;&#xe090;||divi||400&#8243; icon_color=&#8220;#555555&#8243; _builder_version=&#8220;4.13.0&#8243; header_level=&#8220;h3&#8243; text_orientation=&#8220;center&#8220; custom_padding=&#8220;10px|10px|10px|10px&#8220; animation_style=&#8220;zoom&#8220; box_shadow_style=&#8220;preset1&#8243; global_colors_info=&#8220;{}&#8220;]<\/p>\n<p style=\"text-align: center;\">Wir sind f\u00fcr Sie da<br \/>\n<a href=\"tel:004982199973940\">+49 821 999 739 40<\/a><\/p>\n<p>[\/et_pb_blurb][\/et_pb_column_inner][\/et_pb_row_inner][\/et_pb_column][\/et_pb_section]<\/p>\n","protected":false},"excerpt":{"rendered":"<p>Ein Tracking Code, mit dem Sie f\u00fcr Ihre Werbekampagnen auf Facebook und Instagram Zielgruppen messen, optimieren und aufbauen k\u00f6nnen.<\/p>\n","protected":false},"author":1,"featured_media":0,"parent":1715,"menu_order":0,"comment_status":"closed","ping_status":"closed","template":"","meta":{"_et_pb_use_builder":"on","_et_pb_old_content":"","_et_gb_content_width":"","footnotes":""},"class_list":["post-1740","page","type-page","status-publish","hentry"],"yoast_head":"<!-- This site is optimized with the Yoast SEO plugin v23.9 - https:\/\/yoast.com\/wordpress\/plugins\/seo\/ -->\n<title>Facebook Pixel - cituro Helpcenter<\/title>\n<meta name=\"description\" content=\"Hier zeigen wir Ihnen, wie Sie den Buchungsprozess mit Facebook Pixel tracken k\u00f6nnen, um Werbekampagnen auf Facebook und Instagram zielgruppenoptimiert zu schalten.\" \/>\n<meta name=\"robots\" content=\"index, follow, max-snippet:-1, max-image-preview:large, max-video-preview:-1\" \/>\n<link rel=\"canonical\" href=\"https:\/\/www.cituro.com\/help\/developers-corner\/conversion-tracking\/facebook-pixel\" \/>\n<meta property=\"og:locale\" content=\"de_DE\" \/>\n<meta property=\"og:type\" content=\"article\" \/>\n<meta property=\"og:title\" content=\"Facebook Pixel - cituro Helpcenter\" \/>\n<meta property=\"og:description\" content=\"Hier zeigen wir Ihnen, wie Sie den Buchungsprozess mit Facebook Pixel tracken k\u00f6nnen, um Werbekampagnen auf Facebook und Instagram zielgruppenoptimiert zu schalten.\" \/>\n<meta property=\"og:url\" content=\"https:\/\/www.cituro.com\/help\/developers-corner\/conversion-tracking\/facebook-pixel\" \/>\n<meta property=\"og:site_name\" content=\"cituro Helpcenter\" \/>\n<meta property=\"article:modified_time\" content=\"2021-11-16T08:04:50+00:00\" \/>\n<meta name=\"twitter:card\" content=\"summary_large_image\" \/>\n<meta name=\"twitter:label1\" content=\"Gesch\u00e4tzte Lesezeit\" \/>\n\t<meta name=\"twitter:data1\" content=\"6\u00a0Minuten\" \/>\n<script type=\"application\/ld+json\" class=\"yoast-schema-graph\">{\"@context\":\"https:\/\/schema.org\",\"@graph\":[{\"@type\":\"WebPage\",\"@id\":\"https:\/\/www.cituro.com\/help\/developers-corner\/conversion-tracking\/facebook-pixel\",\"url\":\"https:\/\/www.cituro.com\/help\/developers-corner\/conversion-tracking\/facebook-pixel\",\"name\":\"Facebook Pixel - cituro Helpcenter\",\"isPartOf\":{\"@id\":\"https:\/\/www.cituro.com\/help\/#website\"},\"datePublished\":\"2020-02-15T12:00:14+00:00\",\"dateModified\":\"2021-11-16T08:04:50+00:00\",\"description\":\"Hier zeigen wir Ihnen, wie Sie den Buchungsprozess mit Facebook Pixel tracken k\u00f6nnen, um Werbekampagnen auf Facebook und Instagram zielgruppenoptimiert zu schalten.\",\"breadcrumb\":{\"@id\":\"https:\/\/www.cituro.com\/help\/developers-corner\/conversion-tracking\/facebook-pixel#breadcrumb\"},\"inLanguage\":\"de\",\"potentialAction\":[{\"@type\":\"ReadAction\",\"target\":[\"https:\/\/www.cituro.com\/help\/developers-corner\/conversion-tracking\/facebook-pixel\"]}]},{\"@type\":\"BreadcrumbList\",\"@id\":\"https:\/\/www.cituro.com\/help\/developers-corner\/conversion-tracking\/facebook-pixel#breadcrumb\",\"itemListElement\":[{\"@type\":\"ListItem\",\"position\":1,\"name\":\"Startseite\",\"item\":\"https:\/\/www.cituro.com\/help\/\"},{\"@type\":\"ListItem\",\"position\":2,\"name\":\"F\u00fcr Entwickler\",\"item\":\"https:\/\/www.cituro.com\/help\/developers-corner\"},{\"@type\":\"ListItem\",\"position\":3,\"name\":\"Conversion Tracking\",\"item\":\"https:\/\/www.cituro.com\/help\/developers-corner\/conversion-tracking\"},{\"@type\":\"ListItem\",\"position\":4,\"name\":\"Facebook Pixel\"}]},{\"@type\":\"WebSite\",\"@id\":\"https:\/\/www.cituro.com\/help\/#website\",\"url\":\"https:\/\/www.cituro.com\/help\/\",\"name\":\"cituro Helpcenter\",\"description\":\"Eine weitere WordPress-Website\",\"potentialAction\":[{\"@type\":\"SearchAction\",\"target\":{\"@type\":\"EntryPoint\",\"urlTemplate\":\"https:\/\/www.cituro.com\/help\/?s={search_term_string}\"},\"query-input\":{\"@type\":\"PropertyValueSpecification\",\"valueRequired\":true,\"valueName\":\"search_term_string\"}}],\"inLanguage\":\"de\"}]}<\/script>\n<!-- \/ Yoast SEO plugin. -->","yoast_head_json":{"title":"Facebook Pixel - cituro Helpcenter","description":"Hier zeigen wir Ihnen, wie Sie den Buchungsprozess mit Facebook Pixel tracken k\u00f6nnen, um Werbekampagnen auf Facebook und Instagram zielgruppenoptimiert zu schalten.","robots":{"index":"index","follow":"follow","max-snippet":"max-snippet:-1","max-image-preview":"max-image-preview:large","max-video-preview":"max-video-preview:-1"},"canonical":"https:\/\/www.cituro.com\/help\/developers-corner\/conversion-tracking\/facebook-pixel","og_locale":"de_DE","og_type":"article","og_title":"Facebook Pixel - cituro Helpcenter","og_description":"Hier zeigen wir Ihnen, wie Sie den Buchungsprozess mit Facebook Pixel tracken k\u00f6nnen, um Werbekampagnen auf Facebook und Instagram zielgruppenoptimiert zu schalten.","og_url":"https:\/\/www.cituro.com\/help\/developers-corner\/conversion-tracking\/facebook-pixel","og_site_name":"cituro Helpcenter","article_modified_time":"2021-11-16T08:04:50+00:00","twitter_card":"summary_large_image","twitter_misc":{"Gesch\u00e4tzte Lesezeit":"6\u00a0Minuten"},"schema":{"@context":"https:\/\/schema.org","@graph":[{"@type":"WebPage","@id":"https:\/\/www.cituro.com\/help\/developers-corner\/conversion-tracking\/facebook-pixel","url":"https:\/\/www.cituro.com\/help\/developers-corner\/conversion-tracking\/facebook-pixel","name":"Facebook Pixel - cituro Helpcenter","isPartOf":{"@id":"https:\/\/www.cituro.com\/help\/#website"},"datePublished":"2020-02-15T12:00:14+00:00","dateModified":"2021-11-16T08:04:50+00:00","description":"Hier zeigen wir Ihnen, wie Sie den Buchungsprozess mit Facebook Pixel tracken k\u00f6nnen, um Werbekampagnen auf Facebook und Instagram zielgruppenoptimiert zu schalten.","breadcrumb":{"@id":"https:\/\/www.cituro.com\/help\/developers-corner\/conversion-tracking\/facebook-pixel#breadcrumb"},"inLanguage":"de","potentialAction":[{"@type":"ReadAction","target":["https:\/\/www.cituro.com\/help\/developers-corner\/conversion-tracking\/facebook-pixel"]}]},{"@type":"BreadcrumbList","@id":"https:\/\/www.cituro.com\/help\/developers-corner\/conversion-tracking\/facebook-pixel#breadcrumb","itemListElement":[{"@type":"ListItem","position":1,"name":"Startseite","item":"https:\/\/www.cituro.com\/help\/"},{"@type":"ListItem","position":2,"name":"F\u00fcr Entwickler","item":"https:\/\/www.cituro.com\/help\/developers-corner"},{"@type":"ListItem","position":3,"name":"Conversion Tracking","item":"https:\/\/www.cituro.com\/help\/developers-corner\/conversion-tracking"},{"@type":"ListItem","position":4,"name":"Facebook Pixel"}]},{"@type":"WebSite","@id":"https:\/\/www.cituro.com\/help\/#website","url":"https:\/\/www.cituro.com\/help\/","name":"cituro Helpcenter","description":"Eine weitere WordPress-Website","potentialAction":[{"@type":"SearchAction","target":{"@type":"EntryPoint","urlTemplate":"https:\/\/www.cituro.com\/help\/?s={search_term_string}"},"query-input":{"@type":"PropertyValueSpecification","valueRequired":true,"valueName":"search_term_string"}}],"inLanguage":"de"}]}},"_links":{"self":[{"href":"https:\/\/www.cituro.com\/help\/wp-json\/wp\/v2\/pages\/1740","targetHints":{"allow":["GET"]}}],"collection":[{"href":"https:\/\/www.cituro.com\/help\/wp-json\/wp\/v2\/pages"}],"about":[{"href":"https:\/\/www.cituro.com\/help\/wp-json\/wp\/v2\/types\/page"}],"author":[{"embeddable":true,"href":"https:\/\/www.cituro.com\/help\/wp-json\/wp\/v2\/users\/1"}],"replies":[{"embeddable":true,"href":"https:\/\/www.cituro.com\/help\/wp-json\/wp\/v2\/comments?post=1740"}],"version-history":[{"count":0,"href":"https:\/\/www.cituro.com\/help\/wp-json\/wp\/v2\/pages\/1740\/revisions"}],"up":[{"embeddable":true,"href":"https:\/\/www.cituro.com\/help\/wp-json\/wp\/v2\/pages\/1715"}],"wp:attachment":[{"href":"https:\/\/www.cituro.com\/help\/wp-json\/wp\/v2\/media?parent=1740"}],"curies":[{"name":"wp","href":"https:\/\/api.w.org\/{rel}","templated":true}]}}