{"id":1715,"date":"2020-02-15T11:04:21","date_gmt":"2020-02-15T10:04:21","guid":{"rendered":"https:\/\/www.cituro.com\/help\/?page_id=1715"},"modified":"2025-08-01T23:33:26","modified_gmt":"2025-08-01T21:33:26","slug":"conversion-tracking","status":"publish","type":"page","link":"https:\/\/www.cituro.com\/help\/developers-corner\/conversion-tracking","title":{"rendered":"Conversion Tracking"},"content":{"rendered":"<p>[et_pb_section fb_built=&#8220;1&#8243; specialty=&#8220;on&#8220; module_class=&#8220; et_pb_specialty_fullwidth&#8220; _builder_version=&#8220;3.22&#8243; inner_width=&#8220;89%&#8220; inner_width_tablet=&#8220;80%&#8220; inner_width_phone=&#8220;&#8220; inner_width_last_edited=&#8220;on|desktop&#8220; inner_max_width=&#8220;89%&#8220; inner_max_width_tablet=&#8220;80%&#8220; inner_max_width_phone=&#8220;&#8220; inner_max_width_last_edited=&#8220;on|desktop&#8220; make_fullwidth=&#8220;on&#8220; global_colors_info=&#8220;{}&#8220;][et_pb_column type=&#8220;1_4&#8243; _builder_version=&#8220;3.25&#8243; custom_padding=&#8220;|||&#8220; global_colors_info=&#8220;{}&#8220; custom_padding__hover=&#8220;|||&#8220;][et_pb_sidebar area=&#8220;sidebar-1&#8243; disabled_on=&#8220;on|on|off&#8220; _builder_version=&#8220;3.29.3&#8243; custom_padding=&#8220;50px|||&#8220; global_colors_info=&#8220;{}&#8220;][\/et_pb_sidebar][\/et_pb_column][et_pb_column type=&#8220;3_4&#8243; specialty_columns=&#8220;3&#8243; _builder_version=&#8220;3.25&#8243; custom_padding=&#8220;|||&#8220; global_colors_info=&#8220;{}&#8220; custom_padding__hover=&#8220;|||&#8220;][et_pb_row_inner admin_label=&#8220;Zeile&#8220; _builder_version=&#8220;3.25&#8243; global_colors_info=&#8220;{}&#8220;][et_pb_column_inner saved_specialty_column_type=&#8220;3_4&#8243; _builder_version=&#8220;3.25&#8243; custom_padding=&#8220;|||&#8220; global_colors_info=&#8220;{}&#8220; custom_padding__hover=&#8220;|||&#8220;][et_pb_text admin_label=&#8220;Conversion Tracking&#8220; _builder_version=&#8220;3.29.3&#8243; global_colors_info=&#8220;{}&#8220;]<\/p>\n<h1>Conversion Tracking<\/h1>\n<p>[\/et_pb_text][et_pb_text _builder_version=&#8220;3.29.3&#8243; global_colors_info=&#8220;{}&#8220;]<\/p>\n<p>Hier k\u00f6nnen Sie Tracking Code einf\u00fcgen, der sowohl beim Starten der Onlinebuchung, als auch beim erfolgreichen Abschluss des Buchungsvorgangs ausgef\u00fchrt werden kann z.B. f\u00fcr Google Analytics oder Facebook.<\/p>\n<p><strong>Google Anlaytics<\/strong><br \/>\nMit Google Analytics k\u00f6nnen Sie die Daten Ihres Unternehmens analysieren und so mehr \u00fcber Ihre Kunden erfahren.<\/p>\n<p><strong>Facebook Pixel<\/strong><br \/>\nEin Tracking Code, mit dem Sie f\u00fcr Ihre Werbekampagnen auf Facebook Zielgruppen messen, optimieren und aufbauen k\u00f6nnen.<\/p>\n<p>[\/et_pb_text][et_pb_text disabled_on=&#8220;on|on|on&#8220; _builder_version=&#8220;3.29.3&#8243; disabled=&#8220;on&#8220; global_colors_info=&#8220;{}&#8220;]<\/p>\n<p>Hier k\u00f6nnen Sie Tracking Code einf\u00fcgen, der sowohl beim Starten der Onlinebuchung, als auch beim erfolgreichen Abschluss des Buchungsvorgangs ausgef\u00fchrt werden kann z.B. f\u00fcr Google Analytics oder Facebook.<\/p>\n<p><strong>Google Anlaytics<\/strong><br \/>\nMit Google Analytics k\u00f6nnen Sie die Daten Ihres Unternehmens analysieren und so mehr \u00fcber Ihre Kunden erfahren.<\/p>\n<p><strong>Facebook Pixel<\/strong><br \/>\nEin Tracking Code, mit dem Sie f\u00fcr Ihre Werbekampagnen auf Facebook Zielgruppen messen, optimieren und aufbauen k\u00f6nnen.<\/p>\n<p><strong>Weiterleitung auf eine andere Seite<\/strong><br \/>\nNach erfolgreichen Abschluss des Buchungsvorgangs k\u00f6nnen Sie auf eine ander Seite weiterleiten, auf der Sie bereits Tracking Codes eingebunden haben.<\/p>\n<p>[\/et_pb_text][\/et_pb_column_inner][\/et_pb_row_inner][et_pb_row_inner admin_label=&#8220;Zeile&#8220; _builder_version=&#8220;3.25&#8243; global_colors_info=&#8220;{}&#8220;][et_pb_column_inner saved_specialty_column_type=&#8220;3_4&#8243; _builder_version=&#8220;3.25&#8243; custom_padding=&#8220;|||&#8220; global_colors_info=&#8220;{}&#8220; custom_padding__hover=&#8220;|||&#8220;][et_pb_divider color=&#8220;#555555&#8243; _builder_version=&#8220;3.5.1&#8243; global_colors_info=&#8220;{}&#8220;][\/et_pb_divider][\/et_pb_column_inner][\/et_pb_row_inner][et_pb_row_inner column_structure=&#8220;1_2,1_2&#8243; admin_label=&#8220;Zeile&#8220; _builder_version=&#8220;3.29.3&#8243; global_colors_info=&#8220;{}&#8220;][et_pb_column_inner type=&#8220;1_2&#8243; saved_specialty_column_type=&#8220;3_4&#8243; _builder_version=&#8220;3.25&#8243; custom_padding=&#8220;|||&#8220; global_colors_info=&#8220;{}&#8220; custom_padding__hover=&#8220;|||&#8220;][et_pb_blurb title=&#8220;Google Analytics&#8220; use_icon=&#8220;on&#8220; font_icon=&#8220;&#xe029;||divi||400&#8243; icon_color=&#8220;#555555&#8243; _builder_version=&#8220;4.14.5&#8243; header_level=&#8220;h2&#8243; body_text_align=&#8220;left&#8220; custom_padding=&#8220;10px|10px|10px|10px&#8220; animation_style=&#8220;zoom&#8220; link_option_url=&#8220;https:\/\/www.cituro.com\/help\/conversion-tracking\/google-analytics\/&#8220; hover_enabled=&#8220;0&#8243; box_shadow_style=&#8220;preset1&#8243; saved_tabs=&#8220;all&#8220; global_colors_info=&#8220;{}&#8220; url=&#8220;https:\/\/www.cituro.com\/help\/conversion-tracking\/google-analytics\/&#8220; sticky_enabled=&#8220;0&#8243;]<\/p>\n<p style=\"text-align: center;\">Anleitung<\/p>\n<p>[\/et_pb_blurb][et_pb_blurb title=&#8220;Weiterleitung&#8220; use_icon=&#8220;on&#8220; font_icon=&#8220;&#xe00e;||divi||400&#8243; icon_color=&#8220;#555555&#8243; disabled_on=&#8220;on|on|on&#8220; _builder_version=&#8220;4.13.0&#8243; header_level=&#8220;h3&#8243; body_text_align=&#8220;left&#8220; custom_padding=&#8220;10px|10px|10px|10px&#8220; animation_style=&#8220;zoom&#8220; link_option_url=&#8220;https:\/\/www.cituro.com\/help\/conversion-tracking\/weiterleitung\/&#8220; hover_enabled=&#8220;0&#8243; box_shadow_style=&#8220;preset1&#8243; disabled=&#8220;on&#8220; saved_tabs=&#8220;all&#8220; global_colors_info=&#8220;{}&#8220; sticky_enabled=&#8220;0&#8243;]<\/p>\n<p style=\"text-align: center;\">Anleitung<\/p>\n<p>[\/et_pb_blurb][\/et_pb_column_inner][et_pb_column_inner type=&#8220;1_2&#8243; saved_specialty_column_type=&#8220;3_4&#8243; _builder_version=&#8220;3.25&#8243; custom_padding=&#8220;|||&#8220; global_colors_info=&#8220;{}&#8220; custom_padding__hover=&#8220;|||&#8220;][et_pb_blurb title=&#8220;Facebook Pixel&#8220; use_icon=&#8220;on&#8220; font_icon=&#8220;&#xe0e9;||divi||400&#8243; icon_color=&#8220;#555555&#8243; _builder_version=&#8220;4.14.5&#8243; header_level=&#8220;h2&#8243; body_text_align=&#8220;left&#8220; custom_padding=&#8220;10px|10px|10px|10px&#8220; animation_style=&#8220;zoom&#8220; link_option_url=&#8220;https:\/\/www.cituro.com\/help\/conversion-tracking\/facebook-pixel\/&#8220; hover_enabled=&#8220;0&#8243; box_shadow_style=&#8220;preset1&#8243; saved_tabs=&#8220;all&#8220; global_colors_info=&#8220;{}&#8220; url=&#8220;https:\/\/www.cituro.com\/help\/conversion-tracking\/facebook-pixel\/&#8220; sticky_enabled=&#8220;0&#8243;]<\/p>\n<p style=\"text-align: center;\">Anleitung<\/p>\n<p>[\/et_pb_blurb][\/et_pb_column_inner][\/et_pb_row_inner][et_pb_row_inner _builder_version=&#8220;3.25&#8243; global_module=&#8220;491&#8243; collapsed=&#8220;off&#8220; global_colors_info=&#8220;{}&#8220;][et_pb_column_inner _builder_version=&#8220;3.25&#8243; custom_padding=&#8220;|||&#8220; global_colors_info=&#8220;{}&#8220; custom_padding__hover=&#8220;|||&#8220;][et_pb_divider color=&#8220;#555555&#8243; divider_position=&#8220;center&#8220; _builder_version=&#8220;4.12.1&#8243; global_colors_info=&#8220;{}&#8220;][\/et_pb_divider][et_pb_text _builder_version=&#8220;4.14.5&#8243; global_colors_info=&#8220;{}&#8220;]<\/p>\n<h2 style=\"text-align: center;\">Sie haben Fragen? Wir helfen gerne!<\/h2>\n<p>[\/et_pb_text][\/et_pb_column_inner][\/et_pb_row_inner][et_pb_row_inner column_structure=&#8220;1_2,1_2&#8243; _builder_version=&#8220;3.25&#8243; global_module=&#8220;487&#8243; saved_tabs=&#8220;all&#8220; global_colors_info=&#8220;{}&#8220;][et_pb_column_inner type=&#8220;1_2&#8243; _builder_version=&#8220;3.25&#8243; custom_padding=&#8220;|||&#8220; global_colors_info=&#8220;{}&#8220; custom_padding__hover=&#8220;|||&#8220;][et_pb_blurb title=&#8220;E-Mail&#8220; use_icon=&#8220;on&#8220; font_icon=&#8220;&#xe010;||divi||400&#8243; icon_color=&#8220;#555555&#8243; _builder_version=&#8220;4.13.0&#8243; header_level=&#8220;h3&#8243; text_orientation=&#8220;center&#8220; custom_padding=&#8220;10px|10px|10px|10px&#8220; animation_style=&#8220;zoom&#8220; box_shadow_style=&#8220;preset1&#8243; global_colors_info=&#8220;{}&#8220;]<\/p>\n<p style=\"text-align: center;\">Schreiben Sie uns eine E-Mail<br \/>\n<a href=\"mailto:support@cituro.com\">support@cituro.com<\/a><\/p>\n<p>[\/et_pb_blurb][\/et_pb_column_inner][et_pb_column_inner type=&#8220;1_2&#8243; _builder_version=&#8220;3.25&#8243; custom_padding=&#8220;|||&#8220; global_colors_info=&#8220;{}&#8220; custom_padding__hover=&#8220;|||&#8220;][et_pb_blurb title=&#8220;Telefon&#8220; use_icon=&#8220;on&#8220; font_icon=&#8220;&#xe090;||divi||400&#8243; icon_color=&#8220;#555555&#8243; _builder_version=&#8220;4.13.0&#8243; header_level=&#8220;h3&#8243; text_orientation=&#8220;center&#8220; custom_padding=&#8220;10px|10px|10px|10px&#8220; animation_style=&#8220;zoom&#8220; box_shadow_style=&#8220;preset1&#8243; global_colors_info=&#8220;{}&#8220;]<\/p>\n<p style=\"text-align: center;\">Wir sind f\u00fcr Sie da<br \/>\n<a href=\"tel:004982199973940\">+49 821 999 739 40<\/a><\/p>\n<p>[\/et_pb_blurb][\/et_pb_column_inner][\/et_pb_row_inner][\/et_pb_column][\/et_pb_section]<\/p>\n","protected":false},"excerpt":{"rendered":"<p>Hier k\u00f6nnen Sie Tracking Code einf\u00fcgen, der sowohl beim Starten der Onlinebuchung, als auch beim erfolgreichen Abschluss des Buchungsvorgangs ausgef\u00fchrt werden kann z.B. f\u00fcr Google Analytics oder Facebook.<\/p>\n","protected":false},"author":1,"featured_media":0,"parent":3464,"menu_order":0,"comment_status":"closed","ping_status":"closed","template":"","meta":{"_et_pb_use_builder":"on","_et_pb_old_content":"","_et_gb_content_width":"","footnotes":""},"class_list":["post-1715","page","type-page","status-publish","hentry"],"yoast_head":"<!-- This site is optimized with the Yoast SEO plugin v23.9 - https:\/\/yoast.com\/wordpress\/plugins\/seo\/ -->\n<title>Onlinebuchung Conversion Tracking - cituro Helpcenter<\/title>\n<meta name=\"description\" content=\"Hier k\u00f6nnen Sie Tracking Code einf\u00fcgen, der sowohl beim Starten der Onlinebuchung, als auch beim erfolgreichen Abschluss ausgef\u00fchrt werden kann.\" \/>\n<meta name=\"robots\" content=\"index, follow, max-snippet:-1, max-image-preview:large, max-video-preview:-1\" \/>\n<link rel=\"canonical\" href=\"https:\/\/www.cituro.com\/help\/developers-corner\/conversion-tracking\" \/>\n<meta property=\"og:locale\" content=\"de_DE\" \/>\n<meta property=\"og:type\" content=\"article\" \/>\n<meta property=\"og:title\" content=\"Onlinebuchung Conversion Tracking - cituro Helpcenter\" \/>\n<meta property=\"og:description\" content=\"Hier k\u00f6nnen Sie Tracking Code einf\u00fcgen, der sowohl beim Starten der Onlinebuchung, als auch beim erfolgreichen Abschluss ausgef\u00fchrt werden kann.\" \/>\n<meta property=\"og:url\" content=\"https:\/\/www.cituro.com\/help\/developers-corner\/conversion-tracking\" \/>\n<meta property=\"og:site_name\" content=\"cituro Helpcenter\" \/>\n<meta property=\"article:modified_time\" content=\"2025-08-01T21:33:26+00:00\" \/>\n<meta name=\"twitter:card\" content=\"summary_large_image\" \/>\n<meta name=\"twitter:label1\" content=\"Gesch\u00e4tzte Lesezeit\" \/>\n\t<meta name=\"twitter:data1\" content=\"2\u00a0Minuten\" \/>\n<script type=\"application\/ld+json\" class=\"yoast-schema-graph\">{\"@context\":\"https:\/\/schema.org\",\"@graph\":[{\"@type\":\"WebPage\",\"@id\":\"https:\/\/www.cituro.com\/help\/developers-corner\/conversion-tracking\",\"url\":\"https:\/\/www.cituro.com\/help\/developers-corner\/conversion-tracking\",\"name\":\"Onlinebuchung Conversion Tracking - cituro Helpcenter\",\"isPartOf\":{\"@id\":\"https:\/\/www.cituro.com\/help\/#website\"},\"datePublished\":\"2020-02-15T10:04:21+00:00\",\"dateModified\":\"2025-08-01T21:33:26+00:00\",\"description\":\"Hier k\u00f6nnen Sie Tracking Code einf\u00fcgen, der sowohl beim Starten der Onlinebuchung, als auch beim erfolgreichen Abschluss ausgef\u00fchrt werden kann.\",\"breadcrumb\":{\"@id\":\"https:\/\/www.cituro.com\/help\/developers-corner\/conversion-tracking#breadcrumb\"},\"inLanguage\":\"de\",\"potentialAction\":[{\"@type\":\"ReadAction\",\"target\":[\"https:\/\/www.cituro.com\/help\/developers-corner\/conversion-tracking\"]}]},{\"@type\":\"BreadcrumbList\",\"@id\":\"https:\/\/www.cituro.com\/help\/developers-corner\/conversion-tracking#breadcrumb\",\"itemListElement\":[{\"@type\":\"ListItem\",\"position\":1,\"name\":\"Startseite\",\"item\":\"https:\/\/www.cituro.com\/help\/\"},{\"@type\":\"ListItem\",\"position\":2,\"name\":\"F\u00fcr Entwickler\",\"item\":\"https:\/\/www.cituro.com\/help\/developers-corner\"},{\"@type\":\"ListItem\",\"position\":3,\"name\":\"Conversion Tracking\"}]},{\"@type\":\"WebSite\",\"@id\":\"https:\/\/www.cituro.com\/help\/#website\",\"url\":\"https:\/\/www.cituro.com\/help\/\",\"name\":\"cituro Helpcenter\",\"description\":\"Eine weitere WordPress-Website\",\"potentialAction\":[{\"@type\":\"SearchAction\",\"target\":{\"@type\":\"EntryPoint\",\"urlTemplate\":\"https:\/\/www.cituro.com\/help\/?s={search_term_string}\"},\"query-input\":{\"@type\":\"PropertyValueSpecification\",\"valueRequired\":true,\"valueName\":\"search_term_string\"}}],\"inLanguage\":\"de\"}]}<\/script>\n<!-- \/ Yoast SEO plugin. -->","yoast_head_json":{"title":"Onlinebuchung Conversion Tracking - cituro Helpcenter","description":"Hier k\u00f6nnen Sie Tracking Code einf\u00fcgen, der sowohl beim Starten der Onlinebuchung, als auch beim erfolgreichen Abschluss ausgef\u00fchrt werden kann.","robots":{"index":"index","follow":"follow","max-snippet":"max-snippet:-1","max-image-preview":"max-image-preview:large","max-video-preview":"max-video-preview:-1"},"canonical":"https:\/\/www.cituro.com\/help\/developers-corner\/conversion-tracking","og_locale":"de_DE","og_type":"article","og_title":"Onlinebuchung Conversion Tracking - cituro Helpcenter","og_description":"Hier k\u00f6nnen Sie Tracking Code einf\u00fcgen, der sowohl beim Starten der Onlinebuchung, als auch beim erfolgreichen Abschluss ausgef\u00fchrt werden kann.","og_url":"https:\/\/www.cituro.com\/help\/developers-corner\/conversion-tracking","og_site_name":"cituro Helpcenter","article_modified_time":"2025-08-01T21:33:26+00:00","twitter_card":"summary_large_image","twitter_misc":{"Gesch\u00e4tzte Lesezeit":"2\u00a0Minuten"},"schema":{"@context":"https:\/\/schema.org","@graph":[{"@type":"WebPage","@id":"https:\/\/www.cituro.com\/help\/developers-corner\/conversion-tracking","url":"https:\/\/www.cituro.com\/help\/developers-corner\/conversion-tracking","name":"Onlinebuchung Conversion Tracking - cituro Helpcenter","isPartOf":{"@id":"https:\/\/www.cituro.com\/help\/#website"},"datePublished":"2020-02-15T10:04:21+00:00","dateModified":"2025-08-01T21:33:26+00:00","description":"Hier k\u00f6nnen Sie Tracking Code einf\u00fcgen, der sowohl beim Starten der Onlinebuchung, als auch beim erfolgreichen Abschluss ausgef\u00fchrt werden kann.","breadcrumb":{"@id":"https:\/\/www.cituro.com\/help\/developers-corner\/conversion-tracking#breadcrumb"},"inLanguage":"de","potentialAction":[{"@type":"ReadAction","target":["https:\/\/www.cituro.com\/help\/developers-corner\/conversion-tracking"]}]},{"@type":"BreadcrumbList","@id":"https:\/\/www.cituro.com\/help\/developers-corner\/conversion-tracking#breadcrumb","itemListElement":[{"@type":"ListItem","position":1,"name":"Startseite","item":"https:\/\/www.cituro.com\/help\/"},{"@type":"ListItem","position":2,"name":"F\u00fcr Entwickler","item":"https:\/\/www.cituro.com\/help\/developers-corner"},{"@type":"ListItem","position":3,"name":"Conversion Tracking"}]},{"@type":"WebSite","@id":"https:\/\/www.cituro.com\/help\/#website","url":"https:\/\/www.cituro.com\/help\/","name":"cituro Helpcenter","description":"Eine weitere WordPress-Website","potentialAction":[{"@type":"SearchAction","target":{"@type":"EntryPoint","urlTemplate":"https:\/\/www.cituro.com\/help\/?s={search_term_string}"},"query-input":{"@type":"PropertyValueSpecification","valueRequired":true,"valueName":"search_term_string"}}],"inLanguage":"de"}]}},"_links":{"self":[{"href":"https:\/\/www.cituro.com\/help\/wp-json\/wp\/v2\/pages\/1715","targetHints":{"allow":["GET"]}}],"collection":[{"href":"https:\/\/www.cituro.com\/help\/wp-json\/wp\/v2\/pages"}],"about":[{"href":"https:\/\/www.cituro.com\/help\/wp-json\/wp\/v2\/types\/page"}],"author":[{"embeddable":true,"href":"https:\/\/www.cituro.com\/help\/wp-json\/wp\/v2\/users\/1"}],"replies":[{"embeddable":true,"href":"https:\/\/www.cituro.com\/help\/wp-json\/wp\/v2\/comments?post=1715"}],"version-history":[{"count":3,"href":"https:\/\/www.cituro.com\/help\/wp-json\/wp\/v2\/pages\/1715\/revisions"}],"predecessor-version":[{"id":12592,"href":"https:\/\/www.cituro.com\/help\/wp-json\/wp\/v2\/pages\/1715\/revisions\/12592"}],"up":[{"embeddable":true,"href":"https:\/\/www.cituro.com\/help\/wp-json\/wp\/v2\/pages\/3464"}],"wp:attachment":[{"href":"https:\/\/www.cituro.com\/help\/wp-json\/wp\/v2\/media?parent=1715"}],"curies":[{"name":"wp","href":"https:\/\/api.w.org\/{rel}","templated":true}]}}