{"id":1583,"date":"2020-02-05T17:13:50","date_gmt":"2020-02-05T16:13:50","guid":{"rendered":"https:\/\/www.cituro.com\/help\/?page_id=1583"},"modified":"2025-09-18T11:43:24","modified_gmt":"2025-09-18T09:43:24","slug":"vorschau-onlinebuchung","status":"publish","type":"page","link":"https:\/\/www.cituro.com\/help\/vorschau-onlinebuchung","title":{"rendered":"Vorschau Onlinebuchung"},"content":{"rendered":"<p>[et_pb_section fb_built=&#8220;1&#8243; specialty=&#8220;on&#8220; module_class=&#8220; et_pb_specialty_fullwidth&#8220; _builder_version=&#8220;3.22&#8243; inner_width=&#8220;89%&#8220; inner_width_tablet=&#8220;80%&#8220; inner_width_phone=&#8220;&#8220; inner_width_last_edited=&#8220;on|desktop&#8220; inner_max_width=&#8220;89%&#8220; inner_max_width_tablet=&#8220;80%&#8220; inner_max_width_phone=&#8220;&#8220; inner_max_width_last_edited=&#8220;on|desktop&#8220; make_fullwidth=&#8220;on&#8220; global_colors_info=&#8220;{}&#8220;][et_pb_column type=&#8220;1_4&#8243; _builder_version=&#8220;3.25&#8243; custom_padding=&#8220;|||&#8220; global_colors_info=&#8220;{}&#8220; custom_padding__hover=&#8220;|||&#8220;][et_pb_sidebar area=&#8220;sidebar-1&#8243; disabled_on=&#8220;on|on|off&#8220; _builder_version=&#8220;3.29.3&#8243; custom_padding=&#8220;50px|||&#8220; global_colors_info=&#8220;{}&#8220;][\/et_pb_sidebar][\/et_pb_column][et_pb_column type=&#8220;3_4&#8243; specialty_columns=&#8220;3&#8243; _builder_version=&#8220;3.25&#8243; custom_padding=&#8220;|||&#8220; global_colors_info=&#8220;{}&#8220; custom_padding__hover=&#8220;|||&#8220;][et_pb_row_inner admin_label=&#8220;Zeile&#8220; _builder_version=&#8220;3.25&#8243; global_colors_info=&#8220;{}&#8220;][et_pb_column_inner saved_specialty_column_type=&#8220;3_4&#8243; _builder_version=&#8220;3.25&#8243; custom_padding=&#8220;|||&#8220; global_colors_info=&#8220;{}&#8220; custom_padding__hover=&#8220;|||&#8220;][et_pb_text admin_label=&#8220;Vorschau Onlinebuchung &#8220; _builder_version=&#8220;3.29.3&#8243; global_colors_info=&#8220;{}&#8220;]<\/p>\n<h1>Vorschau Onlinebuchung<\/h1>\n<p>[\/et_pb_text][et_pb_text _builder_version=&#8220;3.29.3&#8243; global_colors_info=&#8220;{}&#8220;]Sehen Sie sich die Onlinebuchung (Buchungswidget) aus Sicht Ihrer Kunden an. Es gibt drei M\u00f6glichkeiten die Vorschau aufzurufen:<\/p>\n<p><strong>1.<a href=\"#0\"> Live-Vorschau auf der eigenen Webseite<\/a><\/strong><br \/>\n<strong>2.<a href=\"#1\"> Vorschau im cituro Manager aufrufen<\/a><\/strong><br \/>\n<strong>3.<a href=\"#2\"> Vorschau als Link in einem separaten Browsertab aufrufen<\/a><\/strong>[\/et_pb_text][\/et_pb_column_inner][\/et_pb_row_inner][et_pb_row_inner admin_label=&#8220;Zeile&#8220; _builder_version=&#8220;3.25&#8243; global_colors_info=&#8220;{}&#8220;][et_pb_column_inner saved_specialty_column_type=&#8220;3_4&#8243; _builder_version=&#8220;3.25&#8243; custom_padding=&#8220;|||&#8220; global_colors_info=&#8220;{}&#8220; custom_padding__hover=&#8220;|||&#8220;][et_pb_divider color=&#8220;#555555&#8243; _builder_version=&#8220;3.5.1&#8243; global_colors_info=&#8220;{}&#8220;][\/et_pb_divider][et_pb_text admin_label=&#8220;Live-Vorschau&#8220; _builder_version=&#8220;4.14.5&#8243; global_colors_info=&#8220;{}&#8220;]<\/p>\n<h2 id=\"0\" class=\"text-content-heading\">1. Live-Vorschau auf der eigenen Webseite<\/h2>\n<p>[\/et_pb_text][et_pb_text _builder_version=&#8220;3.29.3&#8243; global_colors_info=&#8220;{}&#8220;]<\/p>\n<p><strong>Navigation<\/strong>: <strong>Men\u00fc<\/strong> \u2192 <strong>Onlinebuchung<\/strong> \u2192 <strong>Tab Design&#038;Vorschau<\/strong> [\/et_pb_text][et_pb_text _builder_version=&#8220;3.29.3&#8243; global_colors_info=&#8220;{}&#8220;]<\/p>\n<p>Hier k\u00f6nnen Sie eine Live-Vorschau Ihrer Onlinebuchung auf Ihrer Webseite ansehen.<\/p>\n<p>F\u00fcgen Sie Ihre Webseiten-Adresse ein und klicken Sie auf den blauen Button. Es \u00f6ffnet sich ein neues Fenster mit dem cituro Floatingbutton. Mit einem Klick auf den Floatingbutton \u00f6ffnet sich das Buchungswidget und Sie k\u00f6nnen sich die Online-Terminbuchung ansehen.<\/p>\n<p><strong>Hinweis:<\/strong><br \/>\nDiese Vorschau funktioniert nur f\u00fcr den Floatingbutton.<\/p>\n<p>[\/et_pb_text][et_pb_image src=&#8220;https:\/\/www.cituro.com\/help\/wp-content\/uploads\/2020\/02\/Livevorschau.png&#8220; alt=&#8220;Live-Vorschau &#8220; title_text=&#8220;Live-Vorschau&#8220; _builder_version=&#8220;4.14.5&#8243; global_colors_info=&#8220;{}&#8220;][\/et_pb_image][\/et_pb_column_inner][\/et_pb_row_inner][et_pb_row_inner admin_label=&#8220;Zeile&#8220; _builder_version=&#8220;3.25&#8243; global_colors_info=&#8220;{}&#8220;][et_pb_column_inner saved_specialty_column_type=&#8220;3_4&#8243; _builder_version=&#8220;3.25&#8243; custom_padding=&#8220;|||&#8220; global_colors_info=&#8220;{}&#8220; custom_padding__hover=&#8220;|||&#8220;][et_pb_divider color=&#8220;#555555&#8243; _builder_version=&#8220;3.5.1&#8243; global_colors_info=&#8220;{}&#8220;][\/et_pb_divider][et_pb_text admin_label=&#8220;Vorschau im cituro Manager aufrufen&#8220; _builder_version=&#8220;4.14.5&#8243; global_colors_info=&#8220;{}&#8220;]<\/p>\n<h2 id=\"1\" class=\"text-content-heading\">2. Vorschau im cituro Manager aufrufen<\/h2>\n<p>[\/et_pb_text][et_pb_text _builder_version=&#8220;3.29.3&#8243; global_colors_info=&#8220;{}&#8220;]<\/p>\n<p><strong>Navigation<\/strong>: <strong>Men\u00fc<\/strong> \u2192 <strong>Onlinebuchung<\/strong> \u2192 <strong>Tab Design&#038;Vorschau<\/strong> [\/et_pb_text][et_pb_text _builder_version=&#8220;3.29.3&#8243; global_colors_info=&#8220;{}&#8220;]Hier sehen Sie ein graues Feld mit einem Button. Klicken Sie auf den Button und schon \u00f6ffnet sich die Onlinebuchung aus Sicht Ihrer Kunden. In der Vorschau k\u00f6nnen Sie Testbuchungen durchf\u00fchren und Ihre Angaben \u00fcberpr\u00fcfen.[\/et_pb_text][et_pb_image src=&#8220;https:\/\/www.cituro.com\/help\/wp-content\/uploads\/2020\/02\/Vorschau-Onlinebuchung-cituroManager.png&#8220; alt=&#8220;Vorschau Onlinebuchung&#8220; title_text=&#8220;Vorschau Onlinebuchung&#8220; _builder_version=&#8220;4.14.5&#8243; global_colors_info=&#8220;{}&#8220;][\/et_pb_image][\/et_pb_column_inner][\/et_pb_row_inner][et_pb_row_inner admin_label=&#8220;Zeile&#8220; _builder_version=&#8220;3.25&#8243; global_colors_info=&#8220;{}&#8220;][et_pb_column_inner saved_specialty_column_type=&#8220;3_4&#8243; _builder_version=&#8220;3.25&#8243; custom_padding=&#8220;|||&#8220; global_colors_info=&#8220;{}&#8220; custom_padding__hover=&#8220;|||&#8220;][et_pb_divider color=&#8220;#555555&#8243; _builder_version=&#8220;3.5.1&#8243; global_colors_info=&#8220;{}&#8220;][\/et_pb_divider][et_pb_text admin_label=&#8220;Vorschau im separaten Browsertab aufrufen&#8220; _builder_version=&#8220;4.14.5&#8243; global_colors_info=&#8220;{}&#8220;]<\/p>\n<h2 id=\"2\" class=\"text-content-heading\">3. Vorschau als Link in einem separaten Browsertab aufrufen<\/h2>\n<p>[\/et_pb_text][et_pb_text _builder_version=&#8220;3.29.3&#8243; global_colors_info=&#8220;{}&#8220;]<\/p>\n<p><strong>Navigation<\/strong>: <strong>Men\u00fc<\/strong> \u2192 <strong>Onlinebuchung<\/strong> \u2192 <strong>Tab Buchungswidget einbinden<\/strong> [\/et_pb_text][et_pb_text _builder_version=&#8220;3.29.3&#8243; global_colors_info=&#8220;{}&#8220;]<\/p>\n<ol>\n<li>Klicken Sie jetzt auf <strong>2. Integration auf Ihrer Webseite (Link oder IFrame)<\/strong>.<\/li>\n<li>Klicken Sie anschlie\u00dfend auf den Button <strong>Kopieren.<\/strong><\/li>\n<li>\u00d6ffnen Sie einen neuen Browsertab und f\u00fcgen Sie die kopierte Adresse ein.<\/li>\n<\/ol>\n<p>\nJetzt sehen Sie die Onlinebuchung aus Sicht Ihrer Kunden. In der Vorschau k\u00f6nnen Sie Testbuchungen durchf\u00fchren und Ihre Angaben \u00fcberpr\u00fcfen.[\/et_pb_text][\/et_pb_column_inner][\/et_pb_row_inner][et_pb_row_inner _builder_version=&#8220;3.25&#8243; global_module=&#8220;491&#8243; collapsed=&#8220;off&#8220; global_colors_info=&#8220;{}&#8220;][et_pb_column_inner _builder_version=&#8220;3.25&#8243; custom_padding=&#8220;|||&#8220; global_colors_info=&#8220;{}&#8220; custom_padding__hover=&#8220;|||&#8220;][et_pb_divider color=&#8220;#555555&#8243; divider_position=&#8220;center&#8220; _builder_version=&#8220;4.12.1&#8243; global_colors_info=&#8220;{}&#8220;][\/et_pb_divider][et_pb_text _builder_version=&#8220;4.14.5&#8243; global_colors_info=&#8220;{}&#8220;]<\/p>\n<h2 style=\"text-align: center;\">Sie haben Fragen? Wir helfen gerne!<\/h2>\n<p>[\/et_pb_text][\/et_pb_column_inner][\/et_pb_row_inner][et_pb_row_inner column_structure=&#8220;1_2,1_2&#8243; _builder_version=&#8220;3.25&#8243; global_module=&#8220;487&#8243; saved_tabs=&#8220;all&#8220; global_colors_info=&#8220;{}&#8220;][et_pb_column_inner type=&#8220;1_2&#8243; _builder_version=&#8220;3.25&#8243; custom_padding=&#8220;|||&#8220; global_colors_info=&#8220;{}&#8220; custom_padding__hover=&#8220;|||&#8220;][et_pb_blurb title=&#8220;E-Mail&#8220; use_icon=&#8220;on&#8220; font_icon=&#8220;&#xe010;||divi||400&#8243; icon_color=&#8220;#555555&#8243; _builder_version=&#8220;4.13.0&#8243; header_level=&#8220;h3&#8243; text_orientation=&#8220;center&#8220; custom_padding=&#8220;10px|10px|10px|10px&#8220; animation_style=&#8220;zoom&#8220; box_shadow_style=&#8220;preset1&#8243; global_colors_info=&#8220;{}&#8220;]<\/p>\n<p style=\"text-align: center;\">Schreiben Sie uns eine E-Mail<br \/>\n<a href=\"mailto:support@cituro.com\">support@cituro.com<\/a><\/p>\n<p>[\/et_pb_blurb][\/et_pb_column_inner][et_pb_column_inner type=&#8220;1_2&#8243; _builder_version=&#8220;3.25&#8243; custom_padding=&#8220;|||&#8220; global_colors_info=&#8220;{}&#8220; custom_padding__hover=&#8220;|||&#8220;][et_pb_blurb title=&#8220;Telefon&#8220; use_icon=&#8220;on&#8220; font_icon=&#8220;&#xe090;||divi||400&#8243; icon_color=&#8220;#555555&#8243; _builder_version=&#8220;4.13.0&#8243; header_level=&#8220;h3&#8243; text_orientation=&#8220;center&#8220; custom_padding=&#8220;10px|10px|10px|10px&#8220; animation_style=&#8220;zoom&#8220; box_shadow_style=&#8220;preset1&#8243; global_colors_info=&#8220;{}&#8220;]<\/p>\n<p style=\"text-align: center;\">Wir sind f\u00fcr Sie da<br \/>\n<a href=\"tel:004982199973940\">+49 821 999 739 40<\/a><\/p>\n<p>[\/et_pb_blurb][\/et_pb_column_inner][\/et_pb_row_inner][\/et_pb_column][\/et_pb_section]<\/p>\n","protected":false},"excerpt":{"rendered":"<p>Hier zeigen wir Ihnen, wie Sie sich mit nur ein paar klicks direkt die Onlinebuchung (Buchungswidget) aus der Sicht Ihrer Kunden ansehen k\u00f6nnen.<\/p>\n","protected":false},"author":1,"featured_media":0,"parent":0,"menu_order":0,"comment_status":"closed","ping_status":"closed","template":"","meta":{"_et_pb_use_builder":"on","_et_pb_old_content":"","_et_gb_content_width":"","footnotes":""},"class_list":["post-1583","page","type-page","status-publish","hentry"],"yoast_head":"<!-- This site is optimized with the Yoast SEO plugin v23.9 - https:\/\/yoast.com\/wordpress\/plugins\/seo\/ -->\n<title>Vorschau Onlinebuchung - cituro Helpcenter<\/title>\n<meta name=\"description\" content=\"Hier zeigen wir Ihnen, wie Sie sich mit nur ein paar klicks direkt die Onlinebuchung (Buchungswidget) aus der Sicht Ihrer Kunden ansehen k\u00f6nnen.\" \/>\n<meta name=\"robots\" content=\"index, follow, max-snippet:-1, max-image-preview:large, max-video-preview:-1\" \/>\n<link rel=\"canonical\" href=\"https:\/\/www.cituro.com\/help\/vorschau-onlinebuchung\" \/>\n<meta property=\"og:locale\" content=\"de_DE\" \/>\n<meta property=\"og:type\" content=\"article\" \/>\n<meta property=\"og:title\" content=\"Vorschau Onlinebuchung - cituro Helpcenter\" \/>\n<meta property=\"og:description\" content=\"Hier zeigen wir Ihnen, wie Sie sich mit nur ein paar klicks direkt die Onlinebuchung (Buchungswidget) aus der Sicht Ihrer Kunden ansehen k\u00f6nnen.\" \/>\n<meta property=\"og:url\" content=\"https:\/\/www.cituro.com\/help\/vorschau-onlinebuchung\" \/>\n<meta property=\"og:site_name\" content=\"cituro Helpcenter\" \/>\n<meta property=\"article:modified_time\" content=\"2025-09-18T09:43:24+00:00\" \/>\n<meta name=\"twitter:card\" content=\"summary_large_image\" \/>\n<meta name=\"twitter:label1\" content=\"Gesch\u00e4tzte Lesezeit\" \/>\n\t<meta name=\"twitter:data1\" content=\"4\u00a0Minuten\" \/>\n<script type=\"application\/ld+json\" class=\"yoast-schema-graph\">{\"@context\":\"https:\/\/schema.org\",\"@graph\":[{\"@type\":\"WebPage\",\"@id\":\"https:\/\/www.cituro.com\/help\/vorschau-onlinebuchung\",\"url\":\"https:\/\/www.cituro.com\/help\/vorschau-onlinebuchung\",\"name\":\"Vorschau Onlinebuchung - cituro Helpcenter\",\"isPartOf\":{\"@id\":\"https:\/\/www.cituro.com\/help\/#website\"},\"datePublished\":\"2020-02-05T16:13:50+00:00\",\"dateModified\":\"2025-09-18T09:43:24+00:00\",\"description\":\"Hier zeigen wir Ihnen, wie Sie sich mit nur ein paar klicks direkt die Onlinebuchung (Buchungswidget) aus der Sicht Ihrer Kunden ansehen k\u00f6nnen.\",\"breadcrumb\":{\"@id\":\"https:\/\/www.cituro.com\/help\/vorschau-onlinebuchung#breadcrumb\"},\"inLanguage\":\"de\",\"potentialAction\":[{\"@type\":\"ReadAction\",\"target\":[\"https:\/\/www.cituro.com\/help\/vorschau-onlinebuchung\"]}]},{\"@type\":\"BreadcrumbList\",\"@id\":\"https:\/\/www.cituro.com\/help\/vorschau-onlinebuchung#breadcrumb\",\"itemListElement\":[{\"@type\":\"ListItem\",\"position\":1,\"name\":\"Startseite\",\"item\":\"https:\/\/www.cituro.com\/help\/\"},{\"@type\":\"ListItem\",\"position\":2,\"name\":\"Vorschau Onlinebuchung\"}]},{\"@type\":\"WebSite\",\"@id\":\"https:\/\/www.cituro.com\/help\/#website\",\"url\":\"https:\/\/www.cituro.com\/help\/\",\"name\":\"cituro Helpcenter\",\"description\":\"Eine weitere WordPress-Website\",\"potentialAction\":[{\"@type\":\"SearchAction\",\"target\":{\"@type\":\"EntryPoint\",\"urlTemplate\":\"https:\/\/www.cituro.com\/help\/?s={search_term_string}\"},\"query-input\":{\"@type\":\"PropertyValueSpecification\",\"valueRequired\":true,\"valueName\":\"search_term_string\"}}],\"inLanguage\":\"de\"}]}<\/script>\n<!-- \/ Yoast SEO plugin. -->","yoast_head_json":{"title":"Vorschau Onlinebuchung - cituro Helpcenter","description":"Hier zeigen wir Ihnen, wie Sie sich mit nur ein paar klicks direkt die Onlinebuchung (Buchungswidget) aus der Sicht Ihrer Kunden ansehen k\u00f6nnen.","robots":{"index":"index","follow":"follow","max-snippet":"max-snippet:-1","max-image-preview":"max-image-preview:large","max-video-preview":"max-video-preview:-1"},"canonical":"https:\/\/www.cituro.com\/help\/vorschau-onlinebuchung","og_locale":"de_DE","og_type":"article","og_title":"Vorschau Onlinebuchung - cituro Helpcenter","og_description":"Hier zeigen wir Ihnen, wie Sie sich mit nur ein paar klicks direkt die Onlinebuchung (Buchungswidget) aus der Sicht Ihrer Kunden ansehen k\u00f6nnen.","og_url":"https:\/\/www.cituro.com\/help\/vorschau-onlinebuchung","og_site_name":"cituro Helpcenter","article_modified_time":"2025-09-18T09:43:24+00:00","twitter_card":"summary_large_image","twitter_misc":{"Gesch\u00e4tzte Lesezeit":"4\u00a0Minuten"},"schema":{"@context":"https:\/\/schema.org","@graph":[{"@type":"WebPage","@id":"https:\/\/www.cituro.com\/help\/vorschau-onlinebuchung","url":"https:\/\/www.cituro.com\/help\/vorschau-onlinebuchung","name":"Vorschau Onlinebuchung - cituro Helpcenter","isPartOf":{"@id":"https:\/\/www.cituro.com\/help\/#website"},"datePublished":"2020-02-05T16:13:50+00:00","dateModified":"2025-09-18T09:43:24+00:00","description":"Hier zeigen wir Ihnen, wie Sie sich mit nur ein paar klicks direkt die Onlinebuchung (Buchungswidget) aus der Sicht Ihrer Kunden ansehen k\u00f6nnen.","breadcrumb":{"@id":"https:\/\/www.cituro.com\/help\/vorschau-onlinebuchung#breadcrumb"},"inLanguage":"de","potentialAction":[{"@type":"ReadAction","target":["https:\/\/www.cituro.com\/help\/vorschau-onlinebuchung"]}]},{"@type":"BreadcrumbList","@id":"https:\/\/www.cituro.com\/help\/vorschau-onlinebuchung#breadcrumb","itemListElement":[{"@type":"ListItem","position":1,"name":"Startseite","item":"https:\/\/www.cituro.com\/help\/"},{"@type":"ListItem","position":2,"name":"Vorschau Onlinebuchung"}]},{"@type":"WebSite","@id":"https:\/\/www.cituro.com\/help\/#website","url":"https:\/\/www.cituro.com\/help\/","name":"cituro Helpcenter","description":"Eine weitere WordPress-Website","potentialAction":[{"@type":"SearchAction","target":{"@type":"EntryPoint","urlTemplate":"https:\/\/www.cituro.com\/help\/?s={search_term_string}"},"query-input":{"@type":"PropertyValueSpecification","valueRequired":true,"valueName":"search_term_string"}}],"inLanguage":"de"}]}},"_links":{"self":[{"href":"https:\/\/www.cituro.com\/help\/wp-json\/wp\/v2\/pages\/1583","targetHints":{"allow":["GET"]}}],"collection":[{"href":"https:\/\/www.cituro.com\/help\/wp-json\/wp\/v2\/pages"}],"about":[{"href":"https:\/\/www.cituro.com\/help\/wp-json\/wp\/v2\/types\/page"}],"author":[{"embeddable":true,"href":"https:\/\/www.cituro.com\/help\/wp-json\/wp\/v2\/users\/1"}],"replies":[{"embeddable":true,"href":"https:\/\/www.cituro.com\/help\/wp-json\/wp\/v2\/comments?post=1583"}],"version-history":[{"count":3,"href":"https:\/\/www.cituro.com\/help\/wp-json\/wp\/v2\/pages\/1583\/revisions"}],"predecessor-version":[{"id":12651,"href":"https:\/\/www.cituro.com\/help\/wp-json\/wp\/v2\/pages\/1583\/revisions\/12651"}],"wp:attachment":[{"href":"https:\/\/www.cituro.com\/help\/wp-json\/wp\/v2\/media?parent=1583"}],"curies":[{"name":"wp","href":"https:\/\/api.w.org\/{rel}","templated":true}]}}