{"id":1558,"date":"2020-02-04T17:23:46","date_gmt":"2020-02-04T16:23:46","guid":{"rendered":"https:\/\/www.cituro.com\/help\/?page_id=1558"},"modified":"2025-09-18T11:40:44","modified_gmt":"2025-09-18T09:40:44","slug":"individuelles-design","status":"publish","type":"page","link":"https:\/\/www.cituro.com\/help\/individuelles-design","title":{"rendered":"Individuelles Design"},"content":{"rendered":"<p>[et_pb_section fb_built=&#8220;1&#8243; specialty=&#8220;on&#8220; module_class=&#8220; et_pb_specialty_fullwidth&#8220; _builder_version=&#8220;3.22&#8243; inner_width=&#8220;89%&#8220; inner_width_tablet=&#8220;80%&#8220; inner_width_phone=&#8220;&#8220; inner_width_last_edited=&#8220;on|desktop&#8220; inner_max_width=&#8220;89%&#8220; inner_max_width_tablet=&#8220;80%&#8220; inner_max_width_phone=&#8220;&#8220; inner_max_width_last_edited=&#8220;on|desktop&#8220; make_fullwidth=&#8220;on&#8220; global_colors_info=&#8220;{}&#8220;][et_pb_column type=&#8220;1_4&#8243; _builder_version=&#8220;3.25&#8243; custom_padding=&#8220;|||&#8220; global_colors_info=&#8220;{}&#8220; custom_padding__hover=&#8220;|||&#8220;][et_pb_sidebar area=&#8220;sidebar-1&#8243; disabled_on=&#8220;on|on|off&#8220; _builder_version=&#8220;3.29.3&#8243; custom_padding=&#8220;50px|||&#8220; global_colors_info=&#8220;{}&#8220;][\/et_pb_sidebar][\/et_pb_column][et_pb_column type=&#8220;3_4&#8243; specialty_columns=&#8220;3&#8243; _builder_version=&#8220;3.25&#8243; custom_padding=&#8220;|||&#8220; global_colors_info=&#8220;{}&#8220; custom_padding__hover=&#8220;|||&#8220;][et_pb_row_inner admin_label=&#8220;Zeile&#8220; _builder_version=&#8220;3.25&#8243; global_colors_info=&#8220;{}&#8220;][et_pb_column_inner saved_specialty_column_type=&#8220;3_4&#8243; _builder_version=&#8220;3.25&#8243; custom_padding=&#8220;|||&#8220; global_colors_info=&#8220;{}&#8220; custom_padding__hover=&#8220;|||&#8220;][et_pb_text admin_label=&#8220;Individuelles Design&#8220; _builder_version=&#8220;3.29.3&#8243; global_colors_info=&#8220;{}&#8220;]<\/p>\n<h1>Individuelles Design<\/h1>\n<p>[\/et_pb_text][et_pb_text _builder_version=&#8220;3.29.3&#8243; global_colors_info=&#8220;{}&#8220;]<strong>Navigation<\/strong>: <strong>Men\u00fc<\/strong> \u2192 <strong>Onlinebuchung<\/strong> \u2192 <strong>Tab Design&#038;Vorschau<\/strong>[\/et_pb_text][et_pb_text _builder_version=&#8220;3.29.3&#8243; custom_padding=&#8220;0px||20px&#8220; global_colors_info=&#8220;{}&#8220;]Sie k\u00f6nnen die Onlinebuchung (Buchungswidget) f\u00fcr Ihre Kunden individuell gestalten. Passen Sie Farben, die Schriftart und den Buchungsbutton an Ihr Corporate Design an. Es gibt zahlreiche Einstellungsm\u00f6glichkeiten \u2013 alles weitere k\u00f6nnen Sie mit Hilfe von CSS hinzuf\u00fcgen (z.B. Ihr Logo im Hintergrund).[\/et_pb_text][et_pb_image src=&#8220;https:\/\/www.cituro.com\/help\/wp-content\/uploads\/2024\/07\/Individuelles-Design-Buchungswidget.png&#8220; alt=&#8220;Designs Buchungswidget&#8220; title_text=&#8220;Individuelles-Design-Buchungswidget&#8220; align=&#8220;center&#8220; align_tablet=&#8220;center&#8220; align_phone=&#8220;&#8220; align_last_edited=&#8220;on|desktop&#8220; _builder_version=&#8220;4.14.5&#8243; module_alignment=&#8220;center&#8220; custom_margin=&#8220;-60px||||false|false&#8220; global_colors_info=&#8220;{}&#8220;][\/et_pb_image][\/et_pb_column_inner][\/et_pb_row_inner][et_pb_row_inner disabled_on=&#8220;on|on|on&#8220; admin_label=&#8220;Zeile&#8220; _builder_version=&#8220;3.29.3&#8243; disabled=&#8220;on&#8220; global_colors_info=&#8220;{}&#8220;][et_pb_column_inner saved_specialty_column_type=&#8220;3_4&#8243; _builder_version=&#8220;3.25&#8243; custom_padding=&#8220;|||&#8220; global_colors_info=&#8220;{}&#8220; custom_padding__hover=&#8220;|||&#8220;][et_pb_text admin_label=&#8220;Anleitung&#8220; _builder_version=&#8220;3.29.3&#8243; global_colors_info=&#8220;{}&#8220;]<strong>Anpassungsm\u00f6glichkeiten:<\/strong>[\/et_pb_text][et_pb_text disabled_on=&#8220;off|off|off&#8220; _builder_version=&#8220;3.29.3&#8243; global_colors_info=&#8220;{}&#8220;]<\/p>\n<ol>\n<li><a href=\"#widget\">Buchungswidget (Onlinebuchung)<\/a><\/li>\n<li><a href=\"#button\">Buchungsbutton<\/a><\/li>\n<\/ol>\n<p>[\/et_pb_text][\/et_pb_column_inner][\/et_pb_row_inner][et_pb_row_inner admin_label=&#8220;Zeile&#8220; _builder_version=&#8220;3.25&#8243; global_colors_info=&#8220;{}&#8220;][et_pb_column_inner saved_specialty_column_type=&#8220;3_4&#8243; _builder_version=&#8220;3.25&#8243; custom_padding=&#8220;|||&#8220; global_colors_info=&#8220;{}&#8220; custom_padding__hover=&#8220;|||&#8220;][et_pb_divider color=&#8220;#555555&#8243; _builder_version=&#8220;3.5.1&#8243; global_colors_info=&#8220;{}&#8220;][\/et_pb_divider][et_pb_text admin_label=&#8220;Buchungswidget&#8220; _builder_version=&#8220;3.29.3&#8243; global_colors_info=&#8220;{}&#8220;]<\/p>\n<h2 class=\"text-content-heading\" id=\"widget\">Buchungswidget (Onlinebuchung)<\/h2>\n<p>[\/et_pb_text][et_pb_text _builder_version=&#8220;3.29.3&#8243; global_colors_info=&#8220;{}&#8220;]<strong>Navigation<\/strong>: <strong>Men\u00fc<\/strong> \u2192 <strong>Onlinebuchung<\/strong> \u2192 <strong>Tab Design &#038; Vorschau<\/strong> \u2192 <strong>Buchungswidget<\/strong>[\/et_pb_text][\/et_pb_column_inner][\/et_pb_row_inner][et_pb_row_inner admin_label=&#8220;Zeile&#8220; _builder_version=&#8220;3.25&#8243; global_colors_info=&#8220;{}&#8220;][et_pb_column_inner saved_specialty_column_type=&#8220;3_4&#8243; _builder_version=&#8220;3.25&#8243; custom_padding=&#8220;|||&#8220; global_colors_info=&#8220;{}&#8220; custom_padding__hover=&#8220;|||&#8220;][et_pb_image src=&#8220;https:\/\/www.cituro.com\/help\/wp-content\/uploads\/2020\/12\/Allgemeine-einstellungen.png&#8220; alt=&#8220;Allgemeine Designanpassungen&#8220; _builder_version=&#8220;4.14.5&#8243; global_colors_info=&#8220;{}&#8220;][\/et_pb_image][et_pb_text _builder_version=&#8220;3.29.3&#8243; global_colors_info=&#8220;{}&#8220;]Neben den Standard Einstellungen k\u00f6nnen Sie weitere Design Anpassungen vornehmen. Mithilfe von CSS k\u00f6nnen Sie Ihr Buchungswidget individuell anpassen. Sie k\u00f6nnen beliebige Texte ausblenden, \u00fcberschreiben oder Ihr Logo einf\u00fcgen. Hier sind Ihnen keine Grenzen gesetzt.<\/p>\n<p>Hier finden Sie unsere ausf\u00fchrlichen Anleitungen:[\/et_pb_text][et_pb_text admin_label=&#8220;Aufz\u00e4hlung&#8220; _builder_version=&#8220;3.29.3&#8243; global_colors_info=&#8220;{}&#8220;]<\/p>\n<ol>\n<li><a href=\"https:\/\/www.cituro.com\/help\/individuelles-design\/logo-einfuegen\">Logo einf\u00fcgen<\/a><\/li>\n<li><a href=\"https:\/\/www.cituro.com\/help\/individuelles-design\/hinweis-individuell-anpassen\">Hinweis individuell anpassen<\/a><\/li>\n<li><a href=\"https:\/\/www.cituro.com\/help\/bewertungssystem\/bewertungen-in-online-buchung-anzeigen\/\">Bewertungen anzeigen<\/a><\/li>\n<li><a href=\"https:\/\/www.cituro.com\/help\/individuelles-design\/hintergrundbild-einfuegen\">Hintergrundbild einf\u00fcgen<\/a><\/li>\n<li><a href=\"https:\/\/www.cituro.com\/help\/individuelles-design\/ressourcen-in-zusammenfassung-entfernen\">Mitarbeiter\/Ressourcen in der Zusammenfassung entfernen<\/a><\/li>\n<\/ol>\n<p>[\/et_pb_text][\/et_pb_column_inner][\/et_pb_row_inner][et_pb_row_inner _builder_version=&#8220;3.25&#8243; global_module=&#8220;491&#8243; collapsed=&#8220;off&#8220; global_colors_info=&#8220;{}&#8220;][et_pb_column_inner _builder_version=&#8220;3.25&#8243; custom_padding=&#8220;|||&#8220; global_colors_info=&#8220;{}&#8220; custom_padding__hover=&#8220;|||&#8220;][et_pb_divider color=&#8220;#555555&#8243; divider_position=&#8220;center&#8220; _builder_version=&#8220;4.12.1&#8243; global_colors_info=&#8220;{}&#8220;][\/et_pb_divider][et_pb_text _builder_version=&#8220;4.14.5&#8243; global_colors_info=&#8220;{}&#8220;]<\/p>\n<h2 style=\"text-align: center;\">Sie haben Fragen? Wir helfen gerne!<\/h2>\n<p>[\/et_pb_text][\/et_pb_column_inner][\/et_pb_row_inner][et_pb_row_inner column_structure=&#8220;1_2,1_2&#8243; _builder_version=&#8220;3.25&#8243; global_module=&#8220;487&#8243; saved_tabs=&#8220;all&#8220; global_colors_info=&#8220;{}&#8220;][et_pb_column_inner type=&#8220;1_2&#8243; _builder_version=&#8220;3.25&#8243; custom_padding=&#8220;|||&#8220; global_colors_info=&#8220;{}&#8220; custom_padding__hover=&#8220;|||&#8220;][et_pb_blurb title=&#8220;E-Mail&#8220; use_icon=&#8220;on&#8220; font_icon=&#8220;&#xe010;||divi||400&#8243; icon_color=&#8220;#555555&#8243; _builder_version=&#8220;4.13.0&#8243; header_level=&#8220;h3&#8243; text_orientation=&#8220;center&#8220; custom_padding=&#8220;10px|10px|10px|10px&#8220; animation_style=&#8220;zoom&#8220; box_shadow_style=&#8220;preset1&#8243; global_colors_info=&#8220;{}&#8220;]<\/p>\n<p style=\"text-align: center;\">Schreiben Sie uns eine E-Mail<br \/>\n<a href=\"mailto:support@cituro.com\">support@cituro.com<\/a><\/p>\n<p>[\/et_pb_blurb][\/et_pb_column_inner][et_pb_column_inner type=&#8220;1_2&#8243; _builder_version=&#8220;3.25&#8243; custom_padding=&#8220;|||&#8220; global_colors_info=&#8220;{}&#8220; custom_padding__hover=&#8220;|||&#8220;][et_pb_blurb title=&#8220;Telefon&#8220; use_icon=&#8220;on&#8220; font_icon=&#8220;&#xe090;||divi||400&#8243; icon_color=&#8220;#555555&#8243; _builder_version=&#8220;4.13.0&#8243; header_level=&#8220;h3&#8243; text_orientation=&#8220;center&#8220; custom_padding=&#8220;10px|10px|10px|10px&#8220; animation_style=&#8220;zoom&#8220; box_shadow_style=&#8220;preset1&#8243; global_colors_info=&#8220;{}&#8220;]<\/p>\n<p style=\"text-align: center;\">Wir sind f\u00fcr Sie da<br \/>\n<a href=\"tel:004982199973940\">+49 821 999 739 40<\/a><\/p>\n<p>[\/et_pb_blurb][\/et_pb_column_inner][\/et_pb_row_inner][\/et_pb_column][\/et_pb_section]<\/p>\n","protected":false},"excerpt":{"rendered":"<p>Sie k\u00f6nnen die Onlinebuchung (Buchungswidget) f\u00fcr Ihre Kunden individuell gestalten. Passen Sie Farben, die Schriftart und den Buchungsbutton an Ihr Corporate Design an.<\/p>\n","protected":false},"author":1,"featured_media":0,"parent":0,"menu_order":0,"comment_status":"closed","ping_status":"closed","template":"","meta":{"_et_pb_use_builder":"on","_et_pb_old_content":"","_et_gb_content_width":"","footnotes":""},"class_list":["post-1558","page","type-page","status-publish","hentry"],"yoast_head":"<!-- This site is optimized with the Yoast SEO plugin v23.9 - https:\/\/yoast.com\/wordpress\/plugins\/seo\/ -->\n<title>Individuelles Design der Onlinebuchung - cituro Helpcenter<\/title>\n<meta name=\"description\" content=\"Sie k\u00f6nnen die Onlinebuchung f\u00fcr Ihre Kunden individuell gestalten. Passen Sie Farben, Schriftart und den Buchungsbutton an Ihr Corporate Design an.\" \/>\n<meta name=\"robots\" content=\"index, follow, max-snippet:-1, max-image-preview:large, max-video-preview:-1\" \/>\n<link rel=\"canonical\" href=\"https:\/\/www.cituro.com\/help\/individuelles-design\" \/>\n<meta property=\"og:locale\" content=\"de_DE\" \/>\n<meta property=\"og:type\" content=\"article\" \/>\n<meta property=\"og:title\" content=\"Individuelles Design der Onlinebuchung - cituro Helpcenter\" \/>\n<meta property=\"og:description\" content=\"Sie k\u00f6nnen die Onlinebuchung f\u00fcr Ihre Kunden individuell gestalten. Passen Sie Farben, Schriftart und den Buchungsbutton an Ihr Corporate Design an.\" \/>\n<meta property=\"og:url\" content=\"https:\/\/www.cituro.com\/help\/individuelles-design\" \/>\n<meta property=\"og:site_name\" content=\"cituro Helpcenter\" \/>\n<meta property=\"article:modified_time\" content=\"2025-09-18T09:40:44+00:00\" \/>\n<meta name=\"twitter:card\" content=\"summary_large_image\" \/>\n<meta name=\"twitter:label1\" content=\"Gesch\u00e4tzte Lesezeit\" \/>\n\t<meta name=\"twitter:data1\" content=\"3\u00a0Minuten\" \/>\n<script type=\"application\/ld+json\" class=\"yoast-schema-graph\">{\"@context\":\"https:\/\/schema.org\",\"@graph\":[{\"@type\":\"WebPage\",\"@id\":\"https:\/\/www.cituro.com\/help\/individuelles-design\",\"url\":\"https:\/\/www.cituro.com\/help\/individuelles-design\",\"name\":\"Individuelles Design der Onlinebuchung - cituro Helpcenter\",\"isPartOf\":{\"@id\":\"https:\/\/www.cituro.com\/help\/#website\"},\"datePublished\":\"2020-02-04T16:23:46+00:00\",\"dateModified\":\"2025-09-18T09:40:44+00:00\",\"description\":\"Sie k\u00f6nnen die Onlinebuchung f\u00fcr Ihre Kunden individuell gestalten. Passen Sie Farben, Schriftart und den Buchungsbutton an Ihr Corporate Design an.\",\"breadcrumb\":{\"@id\":\"https:\/\/www.cituro.com\/help\/individuelles-design#breadcrumb\"},\"inLanguage\":\"de\",\"potentialAction\":[{\"@type\":\"ReadAction\",\"target\":[\"https:\/\/www.cituro.com\/help\/individuelles-design\"]}]},{\"@type\":\"BreadcrumbList\",\"@id\":\"https:\/\/www.cituro.com\/help\/individuelles-design#breadcrumb\",\"itemListElement\":[{\"@type\":\"ListItem\",\"position\":1,\"name\":\"Startseite\",\"item\":\"https:\/\/www.cituro.com\/help\/\"},{\"@type\":\"ListItem\",\"position\":2,\"name\":\"Individuelles Design\"}]},{\"@type\":\"WebSite\",\"@id\":\"https:\/\/www.cituro.com\/help\/#website\",\"url\":\"https:\/\/www.cituro.com\/help\/\",\"name\":\"cituro Helpcenter\",\"description\":\"Eine weitere WordPress-Website\",\"potentialAction\":[{\"@type\":\"SearchAction\",\"target\":{\"@type\":\"EntryPoint\",\"urlTemplate\":\"https:\/\/www.cituro.com\/help\/?s={search_term_string}\"},\"query-input\":{\"@type\":\"PropertyValueSpecification\",\"valueRequired\":true,\"valueName\":\"search_term_string\"}}],\"inLanguage\":\"de\"}]}<\/script>\n<!-- \/ Yoast SEO plugin. -->","yoast_head_json":{"title":"Individuelles Design der Onlinebuchung - cituro Helpcenter","description":"Sie k\u00f6nnen die Onlinebuchung f\u00fcr Ihre Kunden individuell gestalten. Passen Sie Farben, Schriftart und den Buchungsbutton an Ihr Corporate Design an.","robots":{"index":"index","follow":"follow","max-snippet":"max-snippet:-1","max-image-preview":"max-image-preview:large","max-video-preview":"max-video-preview:-1"},"canonical":"https:\/\/www.cituro.com\/help\/individuelles-design","og_locale":"de_DE","og_type":"article","og_title":"Individuelles Design der Onlinebuchung - cituro Helpcenter","og_description":"Sie k\u00f6nnen die Onlinebuchung f\u00fcr Ihre Kunden individuell gestalten. Passen Sie Farben, Schriftart und den Buchungsbutton an Ihr Corporate Design an.","og_url":"https:\/\/www.cituro.com\/help\/individuelles-design","og_site_name":"cituro Helpcenter","article_modified_time":"2025-09-18T09:40:44+00:00","twitter_card":"summary_large_image","twitter_misc":{"Gesch\u00e4tzte Lesezeit":"3\u00a0Minuten"},"schema":{"@context":"https:\/\/schema.org","@graph":[{"@type":"WebPage","@id":"https:\/\/www.cituro.com\/help\/individuelles-design","url":"https:\/\/www.cituro.com\/help\/individuelles-design","name":"Individuelles Design der Onlinebuchung - cituro Helpcenter","isPartOf":{"@id":"https:\/\/www.cituro.com\/help\/#website"},"datePublished":"2020-02-04T16:23:46+00:00","dateModified":"2025-09-18T09:40:44+00:00","description":"Sie k\u00f6nnen die Onlinebuchung f\u00fcr Ihre Kunden individuell gestalten. Passen Sie Farben, Schriftart und den Buchungsbutton an Ihr Corporate Design an.","breadcrumb":{"@id":"https:\/\/www.cituro.com\/help\/individuelles-design#breadcrumb"},"inLanguage":"de","potentialAction":[{"@type":"ReadAction","target":["https:\/\/www.cituro.com\/help\/individuelles-design"]}]},{"@type":"BreadcrumbList","@id":"https:\/\/www.cituro.com\/help\/individuelles-design#breadcrumb","itemListElement":[{"@type":"ListItem","position":1,"name":"Startseite","item":"https:\/\/www.cituro.com\/help\/"},{"@type":"ListItem","position":2,"name":"Individuelles Design"}]},{"@type":"WebSite","@id":"https:\/\/www.cituro.com\/help\/#website","url":"https:\/\/www.cituro.com\/help\/","name":"cituro Helpcenter","description":"Eine weitere WordPress-Website","potentialAction":[{"@type":"SearchAction","target":{"@type":"EntryPoint","urlTemplate":"https:\/\/www.cituro.com\/help\/?s={search_term_string}"},"query-input":{"@type":"PropertyValueSpecification","valueRequired":true,"valueName":"search_term_string"}}],"inLanguage":"de"}]}},"_links":{"self":[{"href":"https:\/\/www.cituro.com\/help\/wp-json\/wp\/v2\/pages\/1558","targetHints":{"allow":["GET"]}}],"collection":[{"href":"https:\/\/www.cituro.com\/help\/wp-json\/wp\/v2\/pages"}],"about":[{"href":"https:\/\/www.cituro.com\/help\/wp-json\/wp\/v2\/types\/page"}],"author":[{"embeddable":true,"href":"https:\/\/www.cituro.com\/help\/wp-json\/wp\/v2\/users\/1"}],"replies":[{"embeddable":true,"href":"https:\/\/www.cituro.com\/help\/wp-json\/wp\/v2\/comments?post=1558"}],"version-history":[{"count":4,"href":"https:\/\/www.cituro.com\/help\/wp-json\/wp\/v2\/pages\/1558\/revisions"}],"predecessor-version":[{"id":12650,"href":"https:\/\/www.cituro.com\/help\/wp-json\/wp\/v2\/pages\/1558\/revisions\/12650"}],"wp:attachment":[{"href":"https:\/\/www.cituro.com\/help\/wp-json\/wp\/v2\/media?parent=1558"}],"curies":[{"name":"wp","href":"https:\/\/api.w.org\/{rel}","templated":true}]}}