{"id":1510,"date":"2020-02-03T19:01:58","date_gmt":"2020-02-03T18:01:58","guid":{"rendered":"https:\/\/www.cituro.com\/help\/?page_id=1510"},"modified":"2025-09-18T11:03:15","modified_gmt":"2025-09-18T09:03:15","slug":"dienstplan","status":"publish","type":"page","link":"https:\/\/www.cituro.com\/help\/dienstplan","title":{"rendered":"Dienstplan"},"content":{"rendered":"<p>[et_pb_section fb_built=&#8220;1&#8243; specialty=&#8220;on&#8220; module_class=&#8220; et_pb_specialty_fullwidth&#8220; _builder_version=&#8220;3.22&#8243; inner_width=&#8220;89%&#8220; inner_width_tablet=&#8220;80%&#8220; inner_width_phone=&#8220;&#8220; inner_width_last_edited=&#8220;on|desktop&#8220; inner_max_width=&#8220;89%&#8220; inner_max_width_tablet=&#8220;80%&#8220; inner_max_width_phone=&#8220;&#8220; inner_max_width_last_edited=&#8220;on|desktop&#8220; make_fullwidth=&#8220;on&#8220; global_colors_info=&#8220;{}&#8220;][et_pb_column type=&#8220;1_4&#8243; _builder_version=&#8220;3.25&#8243; custom_padding=&#8220;|||&#8220; global_colors_info=&#8220;{}&#8220; custom_padding__hover=&#8220;|||&#8220;][et_pb_sidebar area=&#8220;sidebar-1&#8243; disabled_on=&#8220;on|on|off&#8220; _builder_version=&#8220;3.29.3&#8243; custom_padding=&#8220;50px|||&#8220; global_colors_info=&#8220;{}&#8220;][\/et_pb_sidebar][\/et_pb_column][et_pb_column type=&#8220;3_4&#8243; specialty_columns=&#8220;3&#8243; _builder_version=&#8220;3.25&#8243; custom_padding=&#8220;|||&#8220; global_colors_info=&#8220;{}&#8220; custom_padding__hover=&#8220;|||&#8220;][et_pb_row_inner admin_label=&#8220;Zeile&#8220; _builder_version=&#8220;3.25&#8243; global_colors_info=&#8220;{}&#8220;][et_pb_column_inner saved_specialty_column_type=&#8220;3_4&#8243; _builder_version=&#8220;3.25&#8243; custom_padding=&#8220;|||&#8220; global_colors_info=&#8220;{}&#8220; custom_padding__hover=&#8220;|||&#8220;][et_pb_text admin_label=&#8220;Dienstplan&#8220; _builder_version=&#8220;3.29.3&#8243; global_colors_info=&#8220;{}&#8220;]<\/p>\n<h1>Dienstplan<\/h1>\n<p>[\/et_pb_text][et_pb_text _builder_version=&#8220;4.13.0&#8243; global_colors_info=&#8220;{}&#8220;]<strong>Flexible Gestaltung der buchbaren Zeitr\u00e4ume.<\/strong><\/p>\n<p>Mit cituro planen und verwalten Sie die Arbeitszeiten und Abwesenheiten Ihres Teams und Ihrer Ressourcen mit wenigen Klicks. Sie behalten stets den \u00dcberblick \u00fcber An- und Abwesenheiten Ihrer Mitarbeiter und k\u00f6nnen diese jederzeit anpassen.<br \/>\n<br \/>\n<a href=\"#dienstplan\">1. Dienstplan aufrufen<\/a><br \/>\n<a href=\"#verfugbar\">2. Verwaltung von Verf\u00fcgbarkeiten<\/a><br \/>\n<a href=\"#vorlage\">3. Farben \u00e4ndern und Schichtvorlagen erstellen<\/a>[\/et_pb_text][et_pb_text _builder_version=&#8220;3.29.3&#8243; global_colors_info=&#8220;{}&#8220;]Sie haben keine regul\u00e4ren \u00d6ffnungszeiten und m\u00f6chten die Onlinebuchung nur f\u00fcr individuelle Tage\/Zeitr\u00e4ume freischalten? <a href=\"#individuell\">Hier geht es zur Anleitung<\/a>.[\/et_pb_text][\/et_pb_column_inner][\/et_pb_row_inner][et_pb_row_inner admin_label=&#8220;Zeile&#8220; _builder_version=&#8220;3.25&#8243; global_colors_info=&#8220;{}&#8220;][et_pb_column_inner saved_specialty_column_type=&#8220;3_4&#8243; _builder_version=&#8220;3.25&#8243; custom_padding=&#8220;|||&#8220; global_colors_info=&#8220;{}&#8220; custom_padding__hover=&#8220;|||&#8220;][et_pb_divider color=&#8220;#555555&#8243; _builder_version=&#8220;3.5.1&#8243; global_colors_info=&#8220;{}&#8220;][\/et_pb_divider][\/et_pb_column_inner][\/et_pb_row_inner][et_pb_row_inner admin_label=&#8220;Zeile&#8220; _builder_version=&#8220;3.25&#8243; global_colors_info=&#8220;{}&#8220;][et_pb_column_inner saved_specialty_column_type=&#8220;3_4&#8243; _builder_version=&#8220;3.25&#8243; custom_padding=&#8220;|||&#8220; global_colors_info=&#8220;{}&#8220; custom_padding__hover=&#8220;|||&#8220;][et_pb_text admin_label=&#8220;Dienstplan aufrufen&#8220; _builder_version=&#8220;3.29.3&#8243; global_colors_info=&#8220;{}&#8220;]<\/p>\n<h2 class=\"text-content-heading\" id=\"dienstplan\">1. Dienstplan aufrufen<\/h2>\n<p>[\/et_pb_text][et_pb_text _builder_version=&#8220;3.29.3&#8243; global_colors_info=&#8220;{}&#8220;]<strong>Navigation<\/strong>: <strong>Men\u00fc<\/strong> \u2192 <strong>Kalender<\/strong> \u2192 <strong>Dienstplan (oben rechts)<\/strong> <\/p>\n<p>Zur\u00fcck zur Kalenderansicht: Wieder oben rechts auf <i>Kalender<\/i> klicken.[\/et_pb_text][et_pb_image src=&#8220;https:\/\/www.cituro.com\/help\/wp-content\/uploads\/2020\/02\/Dienstplan.png&#8220; alt=&#8220;Dienstplan&#8220; title_text=&#8220;Dienstplan&#8220; align_tablet=&#8220;center&#8220; align_phone=&#8220;&#8220; align_last_edited=&#8220;on|desktop&#8220; _builder_version=&#8220;4.14.5&#8243; max_width=&#8220;600px&#8220; module_alignment=&#8220;center&#8220; box_shadow_style=&#8220;preset2&#8243; box_shadow_vertical=&#8220;4px&#8220; global_colors_info=&#8220;{}&#8220;][\/et_pb_image][et_pb_text _builder_version=&#8220;3.29.3&#8243; global_colors_info=&#8220;{}&#8220;]Die in hellgrau dargestellten Zeiten sind die <strong>Arbeitszeiten<\/strong> bzw. <strong>verf\u00fcgbaren Zeiten<\/strong>, die Sie bei Ihren Mitarbeitern und Ressourcen hinterlegt haben.[\/et_pb_text][\/et_pb_column_inner][\/et_pb_row_inner][et_pb_row_inner admin_label=&#8220;Zeile&#8220; _builder_version=&#8220;3.25&#8243; global_colors_info=&#8220;{}&#8220;][et_pb_column_inner saved_specialty_column_type=&#8220;3_4&#8243; _builder_version=&#8220;3.25&#8243; custom_padding=&#8220;|||&#8220; global_colors_info=&#8220;{}&#8220; custom_padding__hover=&#8220;|||&#8220;][et_pb_divider color=&#8220;#555555&#8243; _builder_version=&#8220;3.5.1&#8243; global_colors_info=&#8220;{}&#8220;][\/et_pb_divider][\/et_pb_column_inner][\/et_pb_row_inner][et_pb_row_inner admin_label=&#8220;Zeile&#8220; _builder_version=&#8220;3.25&#8243; global_colors_info=&#8220;{}&#8220;][et_pb_column_inner saved_specialty_column_type=&#8220;3_4&#8243; _builder_version=&#8220;3.25&#8243; custom_padding=&#8220;|||&#8220; global_colors_info=&#8220;{}&#8220; custom_padding__hover=&#8220;|||&#8220;][et_pb_text admin_label=&#8220;Verwaltung von Verf\u00fcgbarkeiten&#8220; _builder_version=&#8220;3.29.3&#8243; global_colors_info=&#8220;{}&#8220;]<\/p>\n<h2 class=\"text-content-heading\" id=\"verfugbar\">2. Verwaltung von Verf\u00fcgbarkeiten<\/h2>\n<p>[\/et_pb_text][et_pb_text _builder_version=&#8220;3.29.3&#8243; global_colors_info=&#8220;{}&#8220;]Die in hellgrau hinterlegten Zeiten sind die Arbeitszeiten bzw. verf\u00fcgbaren Zeiten, die Sie bei den Mitarbeitern\/Ressourcen hinterlegt haben. Diese Zeiten k\u00f6nnen Sie hier \u00fcberschreiben bzw. individuell anpassen. [\/et_pb_text][et_pb_text _builder_version=&#8220;3.29.3&#8243; global_colors_info=&#8220;{}&#8220;]<strong>Navigation<\/strong>: <strong>Men\u00fc<\/strong> \u2192 <strong>Kalender<\/strong> \u2192 <strong>Dienstplan<\/strong> \u2192 <strong>In Slots klicken<\/strong>[\/et_pb_text][\/et_pb_column_inner][\/et_pb_row_inner][et_pb_row_inner column_structure=&#8220;1_2,1_2&#8243; admin_label=&#8220;Zeile&#8220; _builder_version=&#8220;3.25&#8243; global_colors_info=&#8220;{}&#8220;][et_pb_column_inner type=&#8220;1_2&#8243; saved_specialty_column_type=&#8220;3_4&#8243; _builder_version=&#8220;3.25&#8243; custom_padding=&#8220;|||&#8220; global_colors_info=&#8220;{}&#8220; custom_padding__hover=&#8220;|||&#8220;][et_pb_text _builder_version=&#8220;3.29.3&#8243; global_colors_info=&#8220;{}&#8220;]<strong>Verf\u00fcgbarkeit bearbeiten<\/strong><br \/>\nHier k\u00f6nnen Sie Verf\u00fcgbarkeiten eintragen, die von den Arbeitszeiten Ihrer Mitarbeiter oder von den verf\u00fcgbaren Zeiten Ihrer Ressourcen abweichen. Sie k\u00f6nnen einzelne Tage oder Zeitr\u00e4ume bearbeiten.[\/et_pb_text][et_pb_text _builder_version=&#8220;3.29.3&#8243; global_colors_info=&#8220;{}&#8220;]<strong>Krankheit eintragen<\/strong><br \/>\nTragen Sie Krankheitstage ein und blockieren Sie so den Mitarbeiter f\u00fcr die Onlinebuchung.[\/et_pb_text][\/et_pb_column_inner][et_pb_column_inner type=&#8220;1_2&#8243; saved_specialty_column_type=&#8220;3_4&#8243; _builder_version=&#8220;3.25&#8243; custom_padding=&#8220;|||&#8220; global_colors_info=&#8220;{}&#8220; custom_padding__hover=&#8220;|||&#8220;][et_pb_text _builder_version=&#8220;3.29.3&#8243; global_colors_info=&#8220;{}&#8220;]<strong>Urlaub eintragen<\/strong><br \/>\nTragen Sie Urlaubstage ein und blockieren Sie so den Mitarbeiter f\u00fcr die Onlinebuchung.[\/et_pb_text][et_pb_text _builder_version=&#8220;3.29.3&#8243; global_colors_info=&#8220;{}&#8220;]<strong>Tag(e) blockieren<\/strong><br \/>\nHier k\u00f6nnen Sie einzelne Tage f\u00fcr die Onlinebuchung blockieren. Sie k\u00f6nnen ausw\u00e4hlen, ob nur einzelne Mitarbeiter blockiert werden sollen oder alle.[\/et_pb_text][\/et_pb_column_inner][\/et_pb_row_inner][et_pb_row_inner admin_label=&#8220;Zeile&#8220; _builder_version=&#8220;3.25&#8243; global_colors_info=&#8220;{}&#8220;][et_pb_column_inner saved_specialty_column_type=&#8220;3_4&#8243; _builder_version=&#8220;3.25&#8243; custom_padding=&#8220;|||&#8220; global_colors_info=&#8220;{}&#8220; custom_padding__hover=&#8220;|||&#8220;][et_pb_image src=&#8220;https:\/\/www.cituro.com\/help\/wp-content\/uploads\/2020\/02\/verwaltung-von-verfuegbarkeiten.png&#8220; alt=&#8220;Verwaltung von Verf\u00fcgbarkeiten&#8220; title_text=&#8220;Verwaltung von Verf\u00fcgbarkeiten&#8220; align_tablet=&#8220;center&#8220; align_phone=&#8220;&#8220; align_last_edited=&#8220;on|desktop&#8220; _builder_version=&#8220;4.14.5&#8243; max_width=&#8220;700px&#8220; module_alignment=&#8220;center&#8220; box_shadow_style=&#8220;preset2&#8243; box_shadow_vertical=&#8220;4px&#8220; global_colors_info=&#8220;{}&#8220;][\/et_pb_image][et_pb_text _builder_version=&#8220;3.29.3&#8243; global_colors_info=&#8220;{}&#8220;]Die ge\u00e4nderte Verf\u00fcgbarkeit wird sofort mit Ihrem Kalender und der Onlinebuchung synchronisiert. [\/et_pb_text][\/et_pb_column_inner][\/et_pb_row_inner][et_pb_row_inner admin_label=&#8220;Zeile&#8220; _builder_version=&#8220;3.25&#8243; global_colors_info=&#8220;{}&#8220;][et_pb_column_inner saved_specialty_column_type=&#8220;3_4&#8243; _builder_version=&#8220;3.25&#8243; custom_padding=&#8220;|||&#8220; global_colors_info=&#8220;{}&#8220; custom_padding__hover=&#8220;|||&#8220;][et_pb_divider color=&#8220;#555555&#8243; _builder_version=&#8220;3.5.1&#8243; global_colors_info=&#8220;{}&#8220;][\/et_pb_divider][\/et_pb_column_inner][\/et_pb_row_inner][et_pb_row_inner admin_label=&#8220;Zeile&#8220; _builder_version=&#8220;3.25&#8243; global_colors_info=&#8220;{}&#8220;][et_pb_column_inner saved_specialty_column_type=&#8220;3_4&#8243; _builder_version=&#8220;3.25&#8243; custom_padding=&#8220;|||&#8220; global_colors_info=&#8220;{}&#8220; custom_padding__hover=&#8220;|||&#8220;][et_pb_text admin_label=&#8220;Farben \u00e4ndern und Schichtvorlagen erstellen&#8220; _builder_version=&#8220;3.29.3&#8243; global_colors_info=&#8220;{}&#8220;]<\/p>\n<h2 class=\"text-content-heading\" id=\"vorlage\">3. Farben \u00e4ndern und Schichtvorlagen erstellen<\/h2>\n<p>[\/et_pb_text][et_pb_text _builder_version=&#8220;3.29.3&#8243; global_colors_info=&#8220;{}&#8220;]<strong>Navigation<\/strong>: <strong>Men\u00fc<\/strong> \u2192 <strong>Kalender<\/strong> \u2192 <strong>Dienstplan<\/strong> \u2192 <strong>Einstellungen (Zahnrad oben rechts)<\/strong>[\/et_pb_text][\/et_pb_column_inner][\/et_pb_row_inner][et_pb_row_inner column_structure=&#8220;1_2,1_2&#8243; admin_label=&#8220;Zeile&#8220; _builder_version=&#8220;3.25&#8243; global_colors_info=&#8220;{}&#8220;][et_pb_column_inner type=&#8220;1_2&#8243; saved_specialty_column_type=&#8220;3_4&#8243; _builder_version=&#8220;3.25&#8243; custom_padding=&#8220;|||&#8220; global_colors_info=&#8220;{}&#8220; custom_padding__hover=&#8220;|||&#8220;][et_pb_image src=&#8220;https:\/\/www.cituro.com\/help\/wp-content\/uploads\/2020\/02\/Schichtvorlagen.png&#8220; alt=&#8220;Schichtvorlagen erstellen&#8220; title_text=&#8220;Schichtvorlagen erstellen&#8220; align_tablet=&#8220;center&#8220; align_phone=&#8220;&#8220; align_last_edited=&#8220;on|desktop&#8220; _builder_version=&#8220;4.14.5&#8243; box_shadow_style=&#8220;preset2&#8243; box_shadow_vertical=&#8220;4px&#8220; global_colors_info=&#8220;{}&#8220;][\/et_pb_image][\/et_pb_column_inner][et_pb_column_inner type=&#8220;1_2&#8243; saved_specialty_column_type=&#8220;3_4&#8243; _builder_version=&#8220;3.25&#8243; custom_padding=&#8220;|||&#8220; global_colors_info=&#8220;{}&#8220; custom_padding__hover=&#8220;|||&#8220;][et_pb_text _builder_version=&#8220;3.29.3&#8243; global_colors_info=&#8220;{}&#8220;]<strong>1. Schicht hinzuf\u00fcgen<\/strong>:<br \/>\nLegen Sie eine neue Schichtvorlage an. Vergeben Sie einen Namen, eine Farbe und legen Sie die verf\u00fcgbare Zeit fest.<br \/>\n<br \/>\n<strong>2. Schichtvorlage im Dienstplan ausw\u00e4hlen<\/strong>:<br \/>\nNachdem Sie eigenen Schichten angelegt haben k\u00f6nnen Sie diese im Dienstplan ausw\u00e4hlen. Klicken Sie in einen Slot, klicken Sie auf <i>Verf\u00fcgbarkeit bearbeiten<\/i> und w\u00e4hlen Sie Ihre Schichtvorlage aus.[\/et_pb_text][\/et_pb_column_inner][\/et_pb_row_inner][et_pb_row_inner admin_label=&#8220;Zeile&#8220; _builder_version=&#8220;3.25&#8243; global_colors_info=&#8220;{}&#8220;][et_pb_column_inner saved_specialty_column_type=&#8220;3_4&#8243; _builder_version=&#8220;3.25&#8243; custom_padding=&#8220;|||&#8220; global_colors_info=&#8220;{}&#8220; custom_padding__hover=&#8220;|||&#8220;][et_pb_divider color=&#8220;#555555&#8243; _builder_version=&#8220;3.5.1&#8243; global_colors_info=&#8220;{}&#8220;][\/et_pb_divider][\/et_pb_column_inner][\/et_pb_row_inner][et_pb_row_inner admin_label=&#8220;Zeile&#8220; _builder_version=&#8220;3.25&#8243; global_colors_info=&#8220;{}&#8220;][et_pb_column_inner saved_specialty_column_type=&#8220;3_4&#8243; _builder_version=&#8220;3.25&#8243; custom_padding=&#8220;|||&#8220; global_colors_info=&#8220;{}&#8220; custom_padding__hover=&#8220;|||&#8220;][et_pb_text admin_label=&#8220;Anleitung individuelle buchbare Zeiten&#8220; _builder_version=&#8220;3.29.3&#8243; global_colors_info=&#8220;{}&#8220;]<\/p>\n<h2 class=\"text-content-heading\" id=\"individuell\">Individuelle buchbare Zeiten festlegen<\/h2>\n<p>[\/et_pb_text][et_pb_text _builder_version=&#8220;3.29.3&#8243; global_colors_info=&#8220;{}&#8220;]Sie haben individuelle buchbare Zeiten, die sich <strong>nicht<\/strong> w\u00f6chentlich wiederholen, sondern von Tag zu Tag und von Woche zu Woche unterscheiden?[\/et_pb_text][\/et_pb_column_inner][\/et_pb_row_inner][et_pb_row_inner admin_label=&#8220;Zeile&#8220; _builder_version=&#8220;3.25&#8243; global_colors_info=&#8220;{}&#8220;][et_pb_column_inner saved_specialty_column_type=&#8220;3_4&#8243; _builder_version=&#8220;3.25&#8243; custom_padding=&#8220;|||&#8220; global_colors_info=&#8220;{}&#8220; custom_padding__hover=&#8220;|||&#8220;][et_pb_text admin_label=&#8220;Schritt 1&#8243; _builder_version=&#8220;3.29.3&#8243; global_colors_info=&#8220;{}&#8220;]<strong>Schritt 1:<\/strong><\/p>\n<p>1. Entfernen Sie die regul\u00e4ren Arbeitszeiten\/Verf\u00fcgbare Zeiten:<\/p>\n<p>Mitarbeiter: Men\u00fc \u2192 Mitarbeiter\u2192 Mitarbeiteranklicken \u2192 Tab Arbeitszeiten<br \/>\nRessourcen: Men\u00fc \u2192 Ressourcen \u2192 Ressource anklicken \u2192 Tab Verf\u00fcgbare Zeiten<\/p>\n<p>2. W\u00e4hlen Sie <i>Individuelle Zeiten<\/i> aus und entfernen Sie alle H\u00e4kchen (siehe Bild).[\/et_pb_text][et_pb_image src=&#8220;https:\/\/www.cituro.com\/help\/wp-content\/uploads\/2020\/02\/Arbeitszeiten-entfernen.png&#8220; alt=&#8220;Arbeitszeiten entfernen&#8220; title_text=&#8220;Arbeitszeiten entfernen&#8220; _builder_version=&#8220;4.14.5&#8243; max_width=&#8220;500px&#8220; module_alignment=&#8220;center&#8220; box_shadow_style=&#8220;preset2&#8243; box_shadow_vertical=&#8220;4px&#8220; global_colors_info=&#8220;{}&#8220;][\/et_pb_image][\/et_pb_column_inner][\/et_pb_row_inner][et_pb_row_inner admin_label=&#8220;Zeile&#8220; _builder_version=&#8220;3.25&#8243; global_colors_info=&#8220;{}&#8220;][et_pb_column_inner saved_specialty_column_type=&#8220;3_4&#8243; _builder_version=&#8220;3.25&#8243; custom_padding=&#8220;|||&#8220; global_colors_info=&#8220;{}&#8220; custom_padding__hover=&#8220;|||&#8220;][et_pb_text admin_label=&#8220;Schritt 2&#8243; _builder_version=&#8220;3.29.3&#8243; global_colors_info=&#8220;{}&#8220;]<strong>Schritt 2:<\/strong><\/p>\n<p>Zeiten im Dienstplan hinzuf\u00fcgen:<\/p>\n<p>1. Navigieren Sie zum Dienstplan: Men\u00fc \u2192 Kalender \u2192 Dienstplan (rechts oben)<br \/>\n2. Klicken Sie nun in die gew\u00fcnschten Slots und w\u00e4hlen Sie <i>Verf\u00fcgbarkeit bearbeiten<\/i> aus und tragen Sie Ihre Individuellen Zeiten ein.[\/et_pb_text][et_pb_image src=&#8220;https:\/\/www.cituro.com\/help\/wp-content\/uploads\/2020\/02\/Dienstplan-bearbeiten.png&#8220; alt=&#8220;Dienstplan bearbeiten&#8220; title_text=&#8220;Dienstplan bearbeiten&#8220; _builder_version=&#8220;4.14.5&#8243; max_width=&#8220;700px&#8220; module_alignment=&#8220;center&#8220; box_shadow_style=&#8220;preset2&#8243; box_shadow_vertical=&#8220;4px&#8220; global_colors_info=&#8220;{}&#8220;][\/et_pb_image][\/et_pb_column_inner][\/et_pb_row_inner][et_pb_row_inner _builder_version=&#8220;3.25&#8243; global_module=&#8220;491&#8243; collapsed=&#8220;off&#8220; global_colors_info=&#8220;{}&#8220;][et_pb_column_inner _builder_version=&#8220;3.25&#8243; custom_padding=&#8220;|||&#8220; global_colors_info=&#8220;{}&#8220; custom_padding__hover=&#8220;|||&#8220;][et_pb_divider color=&#8220;#555555&#8243; divider_position=&#8220;center&#8220; _builder_version=&#8220;4.12.1&#8243; global_colors_info=&#8220;{}&#8220;][\/et_pb_divider][et_pb_text _builder_version=&#8220;4.14.5&#8243; global_colors_info=&#8220;{}&#8220;]<\/p>\n<h2 style=\"text-align: center;\">Sie haben Fragen? Wir helfen gerne!<\/h2>\n<p>[\/et_pb_text][\/et_pb_column_inner][\/et_pb_row_inner][et_pb_row_inner column_structure=&#8220;1_2,1_2&#8243; _builder_version=&#8220;3.25&#8243; global_module=&#8220;487&#8243; saved_tabs=&#8220;all&#8220; global_colors_info=&#8220;{}&#8220;][et_pb_column_inner type=&#8220;1_2&#8243; _builder_version=&#8220;3.25&#8243; custom_padding=&#8220;|||&#8220; global_colors_info=&#8220;{}&#8220; custom_padding__hover=&#8220;|||&#8220;][et_pb_blurb title=&#8220;E-Mail&#8220; use_icon=&#8220;on&#8220; font_icon=&#8220;&#xe010;||divi||400&#8243; icon_color=&#8220;#555555&#8243; _builder_version=&#8220;4.13.0&#8243; header_level=&#8220;h3&#8243; text_orientation=&#8220;center&#8220; custom_padding=&#8220;10px|10px|10px|10px&#8220; animation_style=&#8220;zoom&#8220; box_shadow_style=&#8220;preset1&#8243; global_colors_info=&#8220;{}&#8220;]<\/p>\n<p style=\"text-align: center;\">Schreiben Sie uns eine E-Mail<br \/>\n<a href=\"mailto:support@cituro.com\">support@cituro.com<\/a><\/p>\n<p>[\/et_pb_blurb][\/et_pb_column_inner][et_pb_column_inner type=&#8220;1_2&#8243; _builder_version=&#8220;3.25&#8243; custom_padding=&#8220;|||&#8220; global_colors_info=&#8220;{}&#8220; custom_padding__hover=&#8220;|||&#8220;][et_pb_blurb title=&#8220;Telefon&#8220; use_icon=&#8220;on&#8220; font_icon=&#8220;&#xe090;||divi||400&#8243; icon_color=&#8220;#555555&#8243; _builder_version=&#8220;4.13.0&#8243; header_level=&#8220;h3&#8243; text_orientation=&#8220;center&#8220; custom_padding=&#8220;10px|10px|10px|10px&#8220; animation_style=&#8220;zoom&#8220; box_shadow_style=&#8220;preset1&#8243; global_colors_info=&#8220;{}&#8220;]<\/p>\n<p style=\"text-align: center;\">Wir sind f\u00fcr Sie da<br \/>\n<a href=\"tel:004982199973940\">+49 821 999 739 40<\/a><\/p>\n<p>[\/et_pb_blurb][\/et_pb_column_inner][\/et_pb_row_inner][\/et_pb_column][\/et_pb_section]<\/p>\n","protected":false},"excerpt":{"rendered":"<p>Mit dem Dienstplan k\u00f6nnen Sie die Arbeitszeiten und Abwesenheiten Ihres Teams und Ihrer Ressourcen mit wenigen Klicks einsehen und bearbeiten. Sie behalten stets den \u00dcberblick \u00fcber An- und Abwesenheiten Ihrer Mitarbeiter und k\u00f6nnen diese jederzeit anpassen.<\/p>\n","protected":false},"author":1,"featured_media":0,"parent":0,"menu_order":0,"comment_status":"closed","ping_status":"closed","template":"","meta":{"_et_pb_use_builder":"on","_et_pb_old_content":"","_et_gb_content_width":"","footnotes":""},"class_list":["post-1510","page","type-page","status-publish","hentry"],"yoast_head":"<!-- This site is optimized with the Yoast SEO plugin v23.9 - https:\/\/yoast.com\/wordpress\/plugins\/seo\/ -->\n<title>Dienstplan - cituro Helpcenter<\/title>\n<meta name=\"description\" content=\"Unserem umfangreichen Dienstplan f\u00fcr individuelle Verf\u00fcgbarkeiten, Urlaub- und Krankheitstage, Schichtplanung uvm. Hier geht es zur Anleitung.\" \/>\n<meta name=\"robots\" content=\"index, follow, max-snippet:-1, max-image-preview:large, max-video-preview:-1\" \/>\n<link rel=\"canonical\" href=\"https:\/\/www.cituro.com\/help\/dienstplan\" \/>\n<meta property=\"og:locale\" content=\"de_DE\" \/>\n<meta property=\"og:type\" content=\"article\" \/>\n<meta property=\"og:title\" content=\"Dienstplan - cituro Helpcenter\" \/>\n<meta property=\"og:description\" content=\"Unserem umfangreichen Dienstplan f\u00fcr individuelle Verf\u00fcgbarkeiten, Urlaub- und Krankheitstage, Schichtplanung uvm. Hier geht es zur Anleitung.\" \/>\n<meta property=\"og:url\" content=\"https:\/\/www.cituro.com\/help\/dienstplan\" \/>\n<meta property=\"og:site_name\" content=\"cituro Helpcenter\" \/>\n<meta property=\"article:modified_time\" content=\"2025-09-18T09:03:15+00:00\" \/>\n<meta name=\"twitter:card\" content=\"summary_large_image\" \/>\n<meta name=\"twitter:label1\" content=\"Gesch\u00e4tzte Lesezeit\" \/>\n\t<meta name=\"twitter:data1\" content=\"5\u00a0Minuten\" \/>\n<script type=\"application\/ld+json\" class=\"yoast-schema-graph\">{\"@context\":\"https:\/\/schema.org\",\"@graph\":[{\"@type\":\"WebPage\",\"@id\":\"https:\/\/www.cituro.com\/help\/dienstplan\",\"url\":\"https:\/\/www.cituro.com\/help\/dienstplan\",\"name\":\"Dienstplan - cituro Helpcenter\",\"isPartOf\":{\"@id\":\"https:\/\/www.cituro.com\/help\/#website\"},\"datePublished\":\"2020-02-03T18:01:58+00:00\",\"dateModified\":\"2025-09-18T09:03:15+00:00\",\"description\":\"Unserem umfangreichen Dienstplan f\u00fcr individuelle Verf\u00fcgbarkeiten, Urlaub- und Krankheitstage, Schichtplanung uvm. Hier geht es zur Anleitung.\",\"breadcrumb\":{\"@id\":\"https:\/\/www.cituro.com\/help\/dienstplan#breadcrumb\"},\"inLanguage\":\"de\",\"potentialAction\":[{\"@type\":\"ReadAction\",\"target\":[\"https:\/\/www.cituro.com\/help\/dienstplan\"]}]},{\"@type\":\"BreadcrumbList\",\"@id\":\"https:\/\/www.cituro.com\/help\/dienstplan#breadcrumb\",\"itemListElement\":[{\"@type\":\"ListItem\",\"position\":1,\"name\":\"Startseite\",\"item\":\"https:\/\/www.cituro.com\/help\/\"},{\"@type\":\"ListItem\",\"position\":2,\"name\":\"Dienstplan\"}]},{\"@type\":\"WebSite\",\"@id\":\"https:\/\/www.cituro.com\/help\/#website\",\"url\":\"https:\/\/www.cituro.com\/help\/\",\"name\":\"cituro Helpcenter\",\"description\":\"Eine weitere WordPress-Website\",\"potentialAction\":[{\"@type\":\"SearchAction\",\"target\":{\"@type\":\"EntryPoint\",\"urlTemplate\":\"https:\/\/www.cituro.com\/help\/?s={search_term_string}\"},\"query-input\":{\"@type\":\"PropertyValueSpecification\",\"valueRequired\":true,\"valueName\":\"search_term_string\"}}],\"inLanguage\":\"de\"}]}<\/script>\n<!-- \/ Yoast SEO plugin. -->","yoast_head_json":{"title":"Dienstplan - cituro Helpcenter","description":"Unserem umfangreichen Dienstplan f\u00fcr individuelle Verf\u00fcgbarkeiten, Urlaub- und Krankheitstage, Schichtplanung uvm. Hier geht es zur Anleitung.","robots":{"index":"index","follow":"follow","max-snippet":"max-snippet:-1","max-image-preview":"max-image-preview:large","max-video-preview":"max-video-preview:-1"},"canonical":"https:\/\/www.cituro.com\/help\/dienstplan","og_locale":"de_DE","og_type":"article","og_title":"Dienstplan - cituro Helpcenter","og_description":"Unserem umfangreichen Dienstplan f\u00fcr individuelle Verf\u00fcgbarkeiten, Urlaub- und Krankheitstage, Schichtplanung uvm. Hier geht es zur Anleitung.","og_url":"https:\/\/www.cituro.com\/help\/dienstplan","og_site_name":"cituro Helpcenter","article_modified_time":"2025-09-18T09:03:15+00:00","twitter_card":"summary_large_image","twitter_misc":{"Gesch\u00e4tzte Lesezeit":"5\u00a0Minuten"},"schema":{"@context":"https:\/\/schema.org","@graph":[{"@type":"WebPage","@id":"https:\/\/www.cituro.com\/help\/dienstplan","url":"https:\/\/www.cituro.com\/help\/dienstplan","name":"Dienstplan - cituro Helpcenter","isPartOf":{"@id":"https:\/\/www.cituro.com\/help\/#website"},"datePublished":"2020-02-03T18:01:58+00:00","dateModified":"2025-09-18T09:03:15+00:00","description":"Unserem umfangreichen Dienstplan f\u00fcr individuelle Verf\u00fcgbarkeiten, Urlaub- und Krankheitstage, Schichtplanung uvm. Hier geht es zur Anleitung.","breadcrumb":{"@id":"https:\/\/www.cituro.com\/help\/dienstplan#breadcrumb"},"inLanguage":"de","potentialAction":[{"@type":"ReadAction","target":["https:\/\/www.cituro.com\/help\/dienstplan"]}]},{"@type":"BreadcrumbList","@id":"https:\/\/www.cituro.com\/help\/dienstplan#breadcrumb","itemListElement":[{"@type":"ListItem","position":1,"name":"Startseite","item":"https:\/\/www.cituro.com\/help\/"},{"@type":"ListItem","position":2,"name":"Dienstplan"}]},{"@type":"WebSite","@id":"https:\/\/www.cituro.com\/help\/#website","url":"https:\/\/www.cituro.com\/help\/","name":"cituro Helpcenter","description":"Eine weitere WordPress-Website","potentialAction":[{"@type":"SearchAction","target":{"@type":"EntryPoint","urlTemplate":"https:\/\/www.cituro.com\/help\/?s={search_term_string}"},"query-input":{"@type":"PropertyValueSpecification","valueRequired":true,"valueName":"search_term_string"}}],"inLanguage":"de"}]}},"_links":{"self":[{"href":"https:\/\/www.cituro.com\/help\/wp-json\/wp\/v2\/pages\/1510","targetHints":{"allow":["GET"]}}],"collection":[{"href":"https:\/\/www.cituro.com\/help\/wp-json\/wp\/v2\/pages"}],"about":[{"href":"https:\/\/www.cituro.com\/help\/wp-json\/wp\/v2\/types\/page"}],"author":[{"embeddable":true,"href":"https:\/\/www.cituro.com\/help\/wp-json\/wp\/v2\/users\/1"}],"replies":[{"embeddable":true,"href":"https:\/\/www.cituro.com\/help\/wp-json\/wp\/v2\/comments?post=1510"}],"version-history":[{"count":3,"href":"https:\/\/www.cituro.com\/help\/wp-json\/wp\/v2\/pages\/1510\/revisions"}],"predecessor-version":[{"id":12404,"href":"https:\/\/www.cituro.com\/help\/wp-json\/wp\/v2\/pages\/1510\/revisions\/12404"}],"wp:attachment":[{"href":"https:\/\/www.cituro.com\/help\/wp-json\/wp\/v2\/media?parent=1510"}],"curies":[{"name":"wp","href":"https:\/\/api.w.org\/{rel}","templated":true}]}}