{"id":12191,"date":"2024-11-26T10:57:20","date_gmt":"2024-11-26T09:57:20","guid":{"rendered":"https:\/\/www.cituro.com\/help\/?page_id=12191"},"modified":"2025-08-01T21:01:13","modified_gmt":"2025-08-01T19:01:13","slug":"bewertungen-sammeln","status":"publish","type":"page","link":"https:\/\/www.cituro.com\/help\/bewertungssystem\/bewertungen-sammeln","title":{"rendered":"Bewertungen sammeln"},"content":{"rendered":"<p>[et_pb_section fb_built=&#8220;1&#8243; specialty=&#8220;on&#8220; module_class=&#8220; et_pb_specialty_fullwidth&#8220; _builder_version=&#8220;3.22&#8243; inner_width=&#8220;89%&#8220; inner_width_tablet=&#8220;80%&#8220; inner_width_phone=&#8220;&#8220; inner_width_last_edited=&#8220;on|desktop&#8220; inner_max_width=&#8220;89%&#8220; inner_max_width_tablet=&#8220;80%&#8220; inner_max_width_phone=&#8220;&#8220; inner_max_width_last_edited=&#8220;on|desktop&#8220; make_fullwidth=&#8220;on&#8220; global_colors_info=&#8220;{}&#8220;][et_pb_column type=&#8220;1_4&#8243; _builder_version=&#8220;3.25&#8243; custom_padding=&#8220;|||&#8220; global_colors_info=&#8220;{}&#8220; custom_padding__hover=&#8220;|||&#8220;][et_pb_sidebar area=&#8220;sidebar-1&#8243; disabled_on=&#8220;on|on|off&#8220; _builder_version=&#8220;3.29.3&#8243; custom_padding=&#8220;50px|||&#8220; global_colors_info=&#8220;{}&#8220;][\/et_pb_sidebar][\/et_pb_column][et_pb_column type=&#8220;3_4&#8243; specialty_columns=&#8220;3&#8243; _builder_version=&#8220;3.25&#8243; custom_padding=&#8220;|||&#8220; global_colors_info=&#8220;{}&#8220; custom_padding__hover=&#8220;|||&#8220;][et_pb_row_inner admin_label=&#8220;Zeile&#8220; _builder_version=&#8220;3.25&#8243; global_colors_info=&#8220;{}&#8220;][et_pb_column_inner saved_specialty_column_type=&#8220;3_4&#8243; _builder_version=&#8220;3.25&#8243; custom_padding=&#8220;|||&#8220; global_colors_info=&#8220;{}&#8220; custom_padding__hover=&#8220;|||&#8220;][et_pb_text admin_label=&#8220;Bewertungen sammeln&#8220; _builder_version=&#8220;4.14.5&#8243; global_colors_info=&#8220;{}&#8220;]<\/p>\n<h1>Bewertungen sammeln<\/h1>\n<p>[\/et_pb_text][et_pb_text _builder_version=&#8220;4.14.5&#8243; global_colors_info=&#8220;{}&#8220;]<a href=\"https:\/\/app.cituro.com\/adminui\/#advanced-settings\/review-settings\" target=\"_blank\" rel=\"noopener noreferrer\"><strong>Men\u00fc<\/strong> \u2192 <strong>Erweitert<\/strong> \u2192 <strong>Bewertungssystem<\/strong><\/a><\/p>\n<p>Bewertungen sammeln ist ein wichtiger Bestandteil, um Vertrauen bei potenziellen Kunden zu gewinnen und die eigene Sichtbarkeit zu steigern. Mit unserer automatisierten Bewertungsanfrage k\u00f6nnen Sie Ihre Kunden direkt nach einem Termin um Feedback bitten. So erhalten Sie wertvolle R\u00fcckmeldungen, die Sie zur Optimierung Ihres Services nutzen k\u00f6nnen. Die erhaltenen Bewertungen lassen sich anschlie\u00dfend auf Ihrer Webseite, in der Online-Terminbuchung oder in den Google-Suchergebnissen anzeigen. Kundenbewertungen f\u00f6rdern die Glaubw\u00fcrdigkeit und erh\u00f6hen die Wahrscheinlichkeit, dass neue Kunden auf Sie aufmerksam werden und sich f\u00fcr Ihren Service entscheiden.<\/p>\n<p>[\/et_pb_text][et_pb_image src=&#8220;https:\/\/www.cituro.com\/help\/wp-content\/uploads\/2020\/11\/Kundenrezensionen-liste.png&#8220; alt=&#8220;Kundenrezensionen&#8220; align_tablet=&#8220;center&#8220; align_phone=&#8220;&#8220; align_last_edited=&#8220;on|desktop&#8220; _builder_version=&#8220;4.14.5&#8243; width=&#8220;100%&#8220; max_width=&#8220;700px&#8220; module_alignment=&#8220;center&#8220; custom_margin=&#8220;||||false|false&#8220; custom_padding=&#8220;||||false|false&#8220; box_shadow_style=&#8220;preset2&#8243; box_shadow_vertical=&#8220;4px&#8220; global_colors_info=&#8220;{}&#8220;][\/et_pb_image][et_pb_divider color=&#8220;#555555&#8243; _builder_version=&#8220;3.5.1&#8243; locked=&#8220;off&#8220; global_colors_info=&#8220;{}&#8220;][\/et_pb_divider][\/et_pb_column_inner][\/et_pb_row_inner][et_pb_row_inner admin_label=&#8220;Zeile&#8220; _builder_version=&#8220;3.25&#8243; global_colors_info=&#8220;{}&#8220;][et_pb_column_inner saved_specialty_column_type=&#8220;3_4&#8243; _builder_version=&#8220;3.25&#8243; custom_padding=&#8220;|||&#8220; global_colors_info=&#8220;{}&#8220; custom_padding__hover=&#8220;|||&#8220;][et_pb_text admin_label=&#8220;Kundenrezensionen ver\u00f6ffentlichen&#8220; _builder_version=&#8220;4.14.5&#8243; global_colors_info=&#8220;{}&#8220;]<\/p>\n<h2 class=\"text-content-heading\" id=\"extern\">Einfach Bewertungen auf anderen Portalen sammeln<\/h2>\n<p>[\/et_pb_text][et_pb_text _builder_version=&#8220;4.14.5&#8243; hover_enabled=&#8220;0&#8243; global_colors_info=&#8220;{}&#8220; sticky_enabled=&#8220;0&#8243;]<\/p>\n<p>Mit dieser Funktion k\u00f6nnen Sie die automatisierten Bewertungsanfragen an verschiedene Bewertungsplattformen (Google, Trustpilot, Provenexpert, Jameda, Yelp uvm.) weiterleiten und so das Feedback Ihrer Kunden gezielt steuern. Sie k\u00f6nnen dabei festlegen, auf welchen Bewertungslattformen die Bewertungen erscheinen sollen und sogar entscheiden, dass Bewertungen mit bestimmten Sternebewertungen an diese Bewertungsplattformen weitergeleitet werden. So k\u00f6nnen Sie Ihre Online-Reputation st\u00e4rken und sicherstellen, dass positive Bewertungen dort sichtbar sind, wo sie am meisten Wirkung zeigen.<\/p>\n<p class=\"notice blue\"><strong>Hinweis:<\/strong><br \/>Diese Funktion steht Ihnen ab dem Premium Paket zur Verf\u00fcgung.<\/p>\n<p>[\/et_pb_text][\/et_pb_column_inner][\/et_pb_row_inner][et_pb_row_inner _builder_version=&#8220;3.25&#8243; global_module=&#8220;491&#8243; collapsed=&#8220;off&#8220; global_colors_info=&#8220;{}&#8220;][et_pb_column_inner _builder_version=&#8220;3.25&#8243; custom_padding=&#8220;|||&#8220; global_colors_info=&#8220;{}&#8220; custom_padding__hover=&#8220;|||&#8220;][et_pb_divider color=&#8220;#555555&#8243; divider_position=&#8220;center&#8220; _builder_version=&#8220;4.12.1&#8243; global_colors_info=&#8220;{}&#8220;][\/et_pb_divider][et_pb_text _builder_version=&#8220;4.14.5&#8243; global_colors_info=&#8220;{}&#8220;]<\/p>\n<h2 style=\"text-align: center;\">Sie haben Fragen? Wir helfen gerne!<\/h2>\n<p>[\/et_pb_text][\/et_pb_column_inner][\/et_pb_row_inner][et_pb_row_inner column_structure=&#8220;1_2,1_2&#8243; _builder_version=&#8220;3.25&#8243; global_module=&#8220;487&#8243; saved_tabs=&#8220;all&#8220; global_colors_info=&#8220;{}&#8220;][et_pb_column_inner type=&#8220;1_2&#8243; _builder_version=&#8220;3.25&#8243; custom_padding=&#8220;|||&#8220; global_colors_info=&#8220;{}&#8220; custom_padding__hover=&#8220;|||&#8220;][et_pb_blurb title=&#8220;E-Mail&#8220; use_icon=&#8220;on&#8220; font_icon=&#8220;&#xe010;||divi||400&#8243; icon_color=&#8220;#555555&#8243; _builder_version=&#8220;4.13.0&#8243; header_level=&#8220;h3&#8243; text_orientation=&#8220;center&#8220; custom_padding=&#8220;10px|10px|10px|10px&#8220; animation_style=&#8220;zoom&#8220; box_shadow_style=&#8220;preset1&#8243; global_colors_info=&#8220;{}&#8220;]<\/p>\n<p style=\"text-align: center;\">Schreiben Sie uns eine E-Mail<br \/>\n<a href=\"mailto:support@cituro.com\">support@cituro.com<\/a><\/p>\n<p>[\/et_pb_blurb][\/et_pb_column_inner][et_pb_column_inner type=&#8220;1_2&#8243; _builder_version=&#8220;3.25&#8243; custom_padding=&#8220;|||&#8220; global_colors_info=&#8220;{}&#8220; custom_padding__hover=&#8220;|||&#8220;][et_pb_blurb title=&#8220;Telefon&#8220; use_icon=&#8220;on&#8220; font_icon=&#8220;&#xe090;||divi||400&#8243; icon_color=&#8220;#555555&#8243; _builder_version=&#8220;4.13.0&#8243; header_level=&#8220;h3&#8243; text_orientation=&#8220;center&#8220; custom_padding=&#8220;10px|10px|10px|10px&#8220; animation_style=&#8220;zoom&#8220; box_shadow_style=&#8220;preset1&#8243; global_colors_info=&#8220;{}&#8220;]<\/p>\n<p style=\"text-align: center;\">Wir sind f\u00fcr Sie da<br \/>\n<a href=\"tel:004982199973940\">+49 821 999 739 40<\/a><\/p>\n<p>[\/et_pb_blurb][\/et_pb_column_inner][\/et_pb_row_inner][\/et_pb_column][\/et_pb_section]<\/p>\n","protected":false},"excerpt":{"rendered":"<p>In dieser Anleitung erfahren Sie Schritt f\u00fcr Schritt, wie Sie mithilfe von cituro Bewertungen einfach und effektiv sammeln k\u00f6nnen.<\/p>\n","protected":false},"author":3,"featured_media":0,"parent":2662,"menu_order":0,"comment_status":"closed","ping_status":"closed","template":"","meta":{"_et_pb_use_builder":"on","_et_pb_old_content":"","_et_gb_content_width":"","footnotes":""},"class_list":["post-12191","page","type-page","status-publish","hentry"],"yoast_head":"<!-- This site is optimized with the Yoast SEO plugin v23.9 - https:\/\/yoast.com\/wordpress\/plugins\/seo\/ -->\n<title>Bewertungen sammeln - cituro Helpcenter<\/title>\n<meta name=\"description\" content=\"Sammeln Sie \u00fcber cituro Bewertungen einfach und effektiv, um Vertrauen aufzubauen und Sichtbarkeit zu erh\u00f6hen.\" \/>\n<meta name=\"robots\" content=\"index, follow, max-snippet:-1, max-image-preview:large, max-video-preview:-1\" \/>\n<link rel=\"canonical\" href=\"https:\/\/www.cituro.com\/help\/bewertungssystem\/bewertungen-sammeln\" \/>\n<meta property=\"og:locale\" content=\"de_DE\" \/>\n<meta property=\"og:type\" content=\"article\" \/>\n<meta property=\"og:title\" content=\"Bewertungen sammeln - cituro Helpcenter\" \/>\n<meta property=\"og:description\" content=\"Sammeln Sie \u00fcber cituro Bewertungen einfach und effektiv, um Vertrauen aufzubauen und Sichtbarkeit zu erh\u00f6hen.\" \/>\n<meta property=\"og:url\" content=\"https:\/\/www.cituro.com\/help\/bewertungssystem\/bewertungen-sammeln\" \/>\n<meta property=\"og:site_name\" content=\"cituro Helpcenter\" \/>\n<meta property=\"article:modified_time\" content=\"2025-08-01T19:01:13+00:00\" \/>\n<meta name=\"twitter:card\" content=\"summary_large_image\" \/>\n<meta name=\"twitter:label1\" content=\"Gesch\u00e4tzte Lesezeit\" \/>\n\t<meta name=\"twitter:data1\" content=\"3\u00a0Minuten\" \/>\n<script type=\"application\/ld+json\" class=\"yoast-schema-graph\">{\"@context\":\"https:\/\/schema.org\",\"@graph\":[{\"@type\":\"WebPage\",\"@id\":\"https:\/\/www.cituro.com\/help\/bewertungssystem\/bewertungen-sammeln\",\"url\":\"https:\/\/www.cituro.com\/help\/bewertungssystem\/bewertungen-sammeln\",\"name\":\"Bewertungen sammeln - cituro Helpcenter\",\"isPartOf\":{\"@id\":\"https:\/\/www.cituro.com\/help\/#website\"},\"datePublished\":\"2024-11-26T09:57:20+00:00\",\"dateModified\":\"2025-08-01T19:01:13+00:00\",\"description\":\"Sammeln Sie \u00fcber cituro Bewertungen einfach und effektiv, um Vertrauen aufzubauen und Sichtbarkeit zu erh\u00f6hen.\",\"breadcrumb\":{\"@id\":\"https:\/\/www.cituro.com\/help\/bewertungssystem\/bewertungen-sammeln#breadcrumb\"},\"inLanguage\":\"de\",\"potentialAction\":[{\"@type\":\"ReadAction\",\"target\":[\"https:\/\/www.cituro.com\/help\/bewertungssystem\/bewertungen-sammeln\"]}]},{\"@type\":\"BreadcrumbList\",\"@id\":\"https:\/\/www.cituro.com\/help\/bewertungssystem\/bewertungen-sammeln#breadcrumb\",\"itemListElement\":[{\"@type\":\"ListItem\",\"position\":1,\"name\":\"Startseite\",\"item\":\"https:\/\/www.cituro.com\/help\/\"},{\"@type\":\"ListItem\",\"position\":2,\"name\":\"Bewertungssystem\",\"item\":\"https:\/\/www.cituro.com\/help\/bewertungssystem\"},{\"@type\":\"ListItem\",\"position\":3,\"name\":\"Bewertungen sammeln\"}]},{\"@type\":\"WebSite\",\"@id\":\"https:\/\/www.cituro.com\/help\/#website\",\"url\":\"https:\/\/www.cituro.com\/help\/\",\"name\":\"cituro Helpcenter\",\"description\":\"Eine weitere WordPress-Website\",\"potentialAction\":[{\"@type\":\"SearchAction\",\"target\":{\"@type\":\"EntryPoint\",\"urlTemplate\":\"https:\/\/www.cituro.com\/help\/?s={search_term_string}\"},\"query-input\":{\"@type\":\"PropertyValueSpecification\",\"valueRequired\":true,\"valueName\":\"search_term_string\"}}],\"inLanguage\":\"de\"}]}<\/script>\n<!-- \/ Yoast SEO plugin. -->","yoast_head_json":{"title":"Bewertungen sammeln - cituro Helpcenter","description":"Sammeln Sie \u00fcber cituro Bewertungen einfach und effektiv, um Vertrauen aufzubauen und Sichtbarkeit zu erh\u00f6hen.","robots":{"index":"index","follow":"follow","max-snippet":"max-snippet:-1","max-image-preview":"max-image-preview:large","max-video-preview":"max-video-preview:-1"},"canonical":"https:\/\/www.cituro.com\/help\/bewertungssystem\/bewertungen-sammeln","og_locale":"de_DE","og_type":"article","og_title":"Bewertungen sammeln - cituro Helpcenter","og_description":"Sammeln Sie \u00fcber cituro Bewertungen einfach und effektiv, um Vertrauen aufzubauen und Sichtbarkeit zu erh\u00f6hen.","og_url":"https:\/\/www.cituro.com\/help\/bewertungssystem\/bewertungen-sammeln","og_site_name":"cituro Helpcenter","article_modified_time":"2025-08-01T19:01:13+00:00","twitter_card":"summary_large_image","twitter_misc":{"Gesch\u00e4tzte Lesezeit":"3\u00a0Minuten"},"schema":{"@context":"https:\/\/schema.org","@graph":[{"@type":"WebPage","@id":"https:\/\/www.cituro.com\/help\/bewertungssystem\/bewertungen-sammeln","url":"https:\/\/www.cituro.com\/help\/bewertungssystem\/bewertungen-sammeln","name":"Bewertungen sammeln - cituro Helpcenter","isPartOf":{"@id":"https:\/\/www.cituro.com\/help\/#website"},"datePublished":"2024-11-26T09:57:20+00:00","dateModified":"2025-08-01T19:01:13+00:00","description":"Sammeln Sie \u00fcber cituro Bewertungen einfach und effektiv, um Vertrauen aufzubauen und Sichtbarkeit zu erh\u00f6hen.","breadcrumb":{"@id":"https:\/\/www.cituro.com\/help\/bewertungssystem\/bewertungen-sammeln#breadcrumb"},"inLanguage":"de","potentialAction":[{"@type":"ReadAction","target":["https:\/\/www.cituro.com\/help\/bewertungssystem\/bewertungen-sammeln"]}]},{"@type":"BreadcrumbList","@id":"https:\/\/www.cituro.com\/help\/bewertungssystem\/bewertungen-sammeln#breadcrumb","itemListElement":[{"@type":"ListItem","position":1,"name":"Startseite","item":"https:\/\/www.cituro.com\/help\/"},{"@type":"ListItem","position":2,"name":"Bewertungssystem","item":"https:\/\/www.cituro.com\/help\/bewertungssystem"},{"@type":"ListItem","position":3,"name":"Bewertungen sammeln"}]},{"@type":"WebSite","@id":"https:\/\/www.cituro.com\/help\/#website","url":"https:\/\/www.cituro.com\/help\/","name":"cituro Helpcenter","description":"Eine weitere WordPress-Website","potentialAction":[{"@type":"SearchAction","target":{"@type":"EntryPoint","urlTemplate":"https:\/\/www.cituro.com\/help\/?s={search_term_string}"},"query-input":{"@type":"PropertyValueSpecification","valueRequired":true,"valueName":"search_term_string"}}],"inLanguage":"de"}]}},"_links":{"self":[{"href":"https:\/\/www.cituro.com\/help\/wp-json\/wp\/v2\/pages\/12191","targetHints":{"allow":["GET"]}}],"collection":[{"href":"https:\/\/www.cituro.com\/help\/wp-json\/wp\/v2\/pages"}],"about":[{"href":"https:\/\/www.cituro.com\/help\/wp-json\/wp\/v2\/types\/page"}],"author":[{"embeddable":true,"href":"https:\/\/www.cituro.com\/help\/wp-json\/wp\/v2\/users\/3"}],"replies":[{"embeddable":true,"href":"https:\/\/www.cituro.com\/help\/wp-json\/wp\/v2\/comments?post=12191"}],"version-history":[{"count":22,"href":"https:\/\/www.cituro.com\/help\/wp-json\/wp\/v2\/pages\/12191\/revisions"}],"predecessor-version":[{"id":12501,"href":"https:\/\/www.cituro.com\/help\/wp-json\/wp\/v2\/pages\/12191\/revisions\/12501"}],"up":[{"embeddable":true,"href":"https:\/\/www.cituro.com\/help\/wp-json\/wp\/v2\/pages\/2662"}],"wp:attachment":[{"href":"https:\/\/www.cituro.com\/help\/wp-json\/wp\/v2\/media?parent=12191"}],"curies":[{"name":"wp","href":"https:\/\/api.w.org\/{rel}","templated":true}]}}