{"id":11875,"date":"2024-10-01T10:20:27","date_gmt":"2024-10-01T08:20:27","guid":{"rendered":"https:\/\/www.cituro.com\/help\/?page_id=11875"},"modified":"2025-08-01T21:19:57","modified_gmt":"2025-08-01T19:19:57","slug":"warteliste-einzeltermine","status":"publish","type":"page","link":"https:\/\/www.cituro.com\/help\/leistungen-anlegen\/einzelleistungen\/warteliste-einzeltermine","title":{"rendered":"Warteliste f\u00fcr Einzeltermine"},"content":{"rendered":"<p>[et_pb_section fb_built=&#8220;1&#8243; specialty=&#8220;on&#8220; module_class=&#8220; et_pb_specialty_fullwidth&#8220; _builder_version=&#8220;3.22&#8243; inner_width=&#8220;89%&#8220; inner_width_tablet=&#8220;80%&#8220; inner_width_phone=&#8220;&#8220; inner_width_last_edited=&#8220;on|desktop&#8220; inner_max_width=&#8220;89%&#8220; inner_max_width_tablet=&#8220;80%&#8220; inner_max_width_phone=&#8220;&#8220; inner_max_width_last_edited=&#8220;on|desktop&#8220; make_fullwidth=&#8220;on&#8220; global_colors_info=&#8220;{}&#8220;][et_pb_column type=&#8220;1_4&#8243; _builder_version=&#8220;3.25&#8243; custom_padding=&#8220;|||&#8220; global_colors_info=&#8220;{}&#8220; custom_padding__hover=&#8220;|||&#8220;][et_pb_sidebar area=&#8220;sidebar-1&#8243; disabled_on=&#8220;on|on|off&#8220; _builder_version=&#8220;3.29.3&#8243; custom_padding=&#8220;50px|||&#8220; global_colors_info=&#8220;{}&#8220;][\/et_pb_sidebar][\/et_pb_column][et_pb_column type=&#8220;3_4&#8243; specialty_columns=&#8220;3&#8243; _builder_version=&#8220;3.25&#8243; custom_padding=&#8220;|||&#8220; global_colors_info=&#8220;{}&#8220; custom_padding__hover=&#8220;|||&#8220;][et_pb_row_inner admin_label=&#8220;Zeile&#8220; _builder_version=&#8220;3.25&#8243; global_colors_info=&#8220;{}&#8220;][et_pb_column_inner saved_specialty_column_type=&#8220;3_4&#8243; _builder_version=&#8220;3.25&#8243; custom_padding=&#8220;|||&#8220; global_colors_info=&#8220;{}&#8220; custom_padding__hover=&#8220;|||&#8220;][et_pb_text admin_label=&#8220;Warteliste&#8220; _builder_version=&#8220;4.14.5&#8243; global_colors_info=&#8220;{}&#8220;]<\/p>\n<h1>Warteliste f\u00fcr Einzeltermine<\/h1>\n<p>[\/et_pb_text][et_pb_text admin_label=&#8220;Text&#8220; _builder_version=&#8220;4.14.5&#8243; custom_padding=&#8220;0px||20px&#8220; global_colors_info=&#8220;{}&#8220;]<\/p>\n<p>Mit der Wartelistenfunktion k\u00f6nnen Sie frei gewordene Einzeltermine automatisch mit wartenden Kunden f\u00fcllen und so Ihre Auslastung optimieren. Sobald ein Termin frei wird, k\u00f6nnen diese Kunden automatisch benachrichtigt oder von einem Mitarbeiter manuell zu dem verf\u00fcgbaren Termin eingeladen werden. So optimieren Sie Ihre Auslastung und reduzieren Leerlaufzeiten in Ihrem Terminkalender. <\/p>\n<p>Hier erfahren Sie:<\/p>\n<p>\n<a href=\"#aktivieren\">1. Warteliste aktivieren und konfigurieren<\/a><br \/>\n<a href=\"#verwalten\">2. Mit der Warteliste im Kalender arbeiten<\/a>\n<\/p>\n<p>[\/et_pb_text][\/et_pb_column_inner][\/et_pb_row_inner][et_pb_row_inner admin_label=&#8220;Zeile&#8220; _builder_version=&#8220;3.25&#8243; global_colors_info=&#8220;{}&#8220;][et_pb_column_inner saved_specialty_column_type=&#8220;3_4&#8243; _builder_version=&#8220;3.25&#8243; custom_padding=&#8220;|||&#8220; global_colors_info=&#8220;{}&#8220; custom_padding__hover=&#8220;|||&#8220;][et_pb_divider color=&#8220;#555555&#8243; _builder_version=&#8220;4.14.5&#8243; global_colors_info=&#8220;{}&#8220;][\/et_pb_divider][\/et_pb_column_inner][\/et_pb_row_inner][et_pb_row_inner admin_label=&#8220;Zeile&#8220; _builder_version=&#8220;3.25&#8243; global_colors_info=&#8220;{}&#8220;][et_pb_column_inner saved_specialty_column_type=&#8220;3_4&#8243; _builder_version=&#8220;3.25&#8243; custom_padding=&#8220;|||&#8220; global_colors_info=&#8220;{}&#8220; custom_padding__hover=&#8220;|||&#8220;][et_pb_text admin_label=&#8220;1. Warteliste aktivieren und konfigurieren&#8220; _builder_version=&#8220;4.14.5&#8243; global_colors_info=&#8220;{}&#8220;]<\/p>\n<h2 id=\"aktivieren\" class=\"text-content-heading\">1. Warteliste aktivieren und konfigurieren<\/h2>\n<p>[\/et_pb_text][et_pb_text admin_label=&#8220;Text&#8220; _builder_version=&#8220;4.14.5&#8243; global_colors_info=&#8220;{}&#8220;]<\/p>\n<p>Damit Ihre Kunden sich auf die Warteliste setzen k\u00f6nnen, m\u00fcssen Sie die Wartelist f\u00fcr Einzeltermine in Ihrem cituro Manager aktivieren und mit den gew\u00fcnschten Einstellungen konfigurieren.<\/p>\n<p>[\/et_pb_text][et_pb_text admin_label=&#8220;Text&#8220; _builder_version=&#8220;4.14.5&#8243; global_colors_info=&#8220;{}&#8220;]<\/p>\n<h3>Konfiguration<\/h3>\n<p><strong>Men\u00fc<\/strong> \u2192 <strong>Onlinebuchung<\/strong> \u2192 <strong>Buchungseinstellungen<\/strong> \u2192 <strong>Warteliste Einzeltermine<\/strong><\/p>\n<p>Klicken Sie auf den Schalter, um die Warteliste f\u00fcr Einzeltermine zu aktivieren. Mit dieser Einstellung aktivieren Sie die Warteliste f\u00fcr die Online-Terminbuchung und auch f\u00fcr interne Terminbuchungen im Kalender.<\/p>\n<p>Durch das Aktivieren des Schalters, erscheinen Felder, um die Warteliste zu konfigurieren. <\/p>\n<p>[\/et_pb_text][et_pb_image src=&#8220;https:\/\/www.cituro.com\/help\/wp-content\/uploads\/2024\/09\/warteliste-einzeltermine-aktivieren.png&#8220; alt=&#8220;Warteliste f\u00fcr Einzeltermine aktivieren&#8220; title_text=&#8220;warteliste-einzeltermine-aktivieren&#8220; align=&#8220;center&#8220; align_tablet=&#8220;center&#8220; align_phone=&#8220;center&#8220; align_last_edited=&#8220;on|desktop&#8220; _builder_version=&#8220;4.14.5&#8243; max_width=&#8220;800px&#8220; module_alignment=&#8220;center&#8220; hover_enabled=&#8220;0&#8243; box_shadow_style=&#8220;preset2&#8243; box_shadow_vertical=&#8220;4px&#8220; global_colors_info=&#8220;{}&#8220; sticky_enabled=&#8220;0&#8243;][\/et_pb_image][et_pb_text admin_label=&#8220;Text&#8220; _builder_version=&#8220;4.14.5&#8243; global_colors_info=&#8220;{}&#8220;]<\/p>\n<h4>Maximale Anzahl an Terminvorschl\u00e4gen<\/h4>\n<p>Legen Sie fest, wie oft ein Kunde mit fr\u00fcherem Terminwunsch \u00fcber freie Slots benachrichtigt werden soll, bevor dieser von der Warteliste gel\u00f6scht wird.<\/p>\n<h4>Wartelistenmodus<\/h4>\n<p>Der <b>Wartelistenmodus<\/b> legt fest, wie frei gewordene Termine mit Wartelisteneintr\u00e4gen gef\u00fcllt werden.<\/p>\n<ul>\n<li><i>Manuell:<\/i> Freie Termine werden manuell durch einen Mitarbeiter mit Eintr\u00e4gen aus der Warteliste gef\u00fcllt.<\/li>\n<li><i>Automatisch:<\/i> Kunden mit Wartelisteneintr\u00e4gen werden automatisch zu freien Terminen eingeladen.<\/li>\n<li><i>Anzahl Termineinladungen:<\/i> Bei der Auswahl des automatischen Wartelistenmodus k\u00f6nnen Sie festlegen, wie viele Kunden der Warteliste benachrichtigt werden, sobald ein Termin frei wird.<\/li>\n<\/ul>\n<h3>Ansicht in der Onlinebuchung<\/h3>\n<p>Nach einer Online-Terminbuchung erscheint in der Buchungsbest\u00e4tigungsseite die Option zur Auswahl einer Terminpr\u00e4ferenz.<\/p>\n<p>Aktiviert der Kunde den Schalter, erscheint eine Zeitslot-Auswahl mit folgenden Optionen: <b>Den ganzen Tag<\/b>, <b>Vormittags<\/b>, <b>Nachmittags<\/b> und <b>Individuelle Zeiten<\/b>.<\/p>\n<p>Mit diesen Optionen kann Ihr Kunden angeben, wann er Zeit f\u00fcr einen fr\u00fcheren Termin hat. Diese Auswahl wird anschlie\u00dfend bei der Terminvergabe in der Warteliste ber\u00fccksichtigt.<\/p>\n<p>[\/et_pb_text][et_pb_image src=&#8220;https:\/\/www.cituro.com\/help\/wp-content\/uploads\/2024\/10\/warteliste-Einzeltermine-onlinebuchung.png&#8220; alt=&#8220;Warteliste in der Onlinebuchung aktivieren&#8220; title_text=&#8220;warteliste-Einzeltermine-onlinebuchung&#8220; align=&#8220;center&#8220; align_tablet=&#8220;center&#8220; align_phone=&#8220;center&#8220; align_last_edited=&#8220;on|desktop&#8220; _builder_version=&#8220;4.14.5&#8243; max_width=&#8220;600px&#8220; module_alignment=&#8220;center&#8220; hover_enabled=&#8220;0&#8243; box_shadow_style=&#8220;preset2&#8243; box_shadow_vertical=&#8220;4px&#8220; global_colors_info=&#8220;{}&#8220; sticky_enabled=&#8220;0&#8243;][\/et_pb_image][et_pb_text admin_label=&#8220;Text&#8220; _builder_version=&#8220;4.14.5&#8243; global_colors_info=&#8220;{}&#8220;]<\/p>\n<p class=\"notice blue\"><strong>Hinweis:<\/strong> Sie k\u00f6nnen auch in direkt im cituro Kalender in einen Termin eine Pr\u00e4ferenz f\u00fcr die Warteliste angeben.<\/p>\n<p>[\/et_pb_text][\/et_pb_column_inner][\/et_pb_row_inner][et_pb_row_inner admin_label=&#8220;Zeile&#8220; _builder_version=&#8220;3.25&#8243; global_colors_info=&#8220;{}&#8220;][et_pb_column_inner saved_specialty_column_type=&#8220;3_4&#8243; _builder_version=&#8220;3.25&#8243; custom_padding=&#8220;|||&#8220; global_colors_info=&#8220;{}&#8220; custom_padding__hover=&#8220;|||&#8220;][et_pb_divider color=&#8220;#555555&#8243; _builder_version=&#8220;3.5.1&#8243; global_colors_info=&#8220;{}&#8220;][\/et_pb_divider][et_pb_text admin_label=&#8220;2. Mit der Warteliste im Kalender arbeiten&#8220; _builder_version=&#8220;4.14.5&#8243; global_colors_info=&#8220;{}&#8220;]<\/p>\n<h2 id=\"verwalten\" class=\"text-content-heading\">2. Mit der Warteliste im Kalender arbeiten<\/h2>\n<p>[\/et_pb_text][et_pb_text admin_label=&#8220;Text&#8220; _builder_version=&#8220;4.14.5&#8243; global_colors_info=&#8220;{}&#8220;]<\/p>\n<p> Sie finden die Warteliste direkt in Ihrem cituro Kalender oben rechts am Listensymbol.<\/p>\n<p>Nachdem Kunden Terminw\u00fcnsche angegeben haben und sich auf die Warteliste gesetzt haben, k\u00f6nnen Sie die Termine einsehen und wartende Kunden in freie gewordene Zeitslots verschieben, bzw. einladen.<\/p>\n<p>[\/et_pb_text][et_pb_image src=&#8220;https:\/\/www.cituro.com\/help\/wp-content\/uploads\/2024\/10\/Warteliste-drag-and-drop.png&#8220; alt=&#8220;Warteliste f\u00fcr Einzeltermine verwalten&#8220; title_text=&#8220;Warteliste-drag-and-drop&#8220; align=&#8220;center&#8220; align_tablet=&#8220;center&#8220; align_phone=&#8220;center&#8220; align_last_edited=&#8220;on|desktop&#8220; _builder_version=&#8220;4.14.5&#8243; max_width=&#8220;800px&#8220; module_alignment=&#8220;center&#8220; hover_enabled=&#8220;0&#8243; global_colors_info=&#8220;{}&#8220; sticky_enabled=&#8220;0&#8243;][\/et_pb_image][et_pb_text admin_label=&#8220;Text&#8220; _builder_version=&#8220;4.14.5&#8243; global_colors_info=&#8220;{}&#8220;]<\/p>\n<h3>Nach Wartelisteneintr\u00e4gen filtern<\/h3>\n<p>Mit der Filterfunktion pr\u00fcfen bzw. filtern Sie, ob es f\u00fcr einen bestimmten Zeitslot in Ihrem Kalender Wartelisteneintr\u00e4ge gibt. Filtern Sie nach <b>Datum<\/b>, <b>Uhrzeit<\/b> und <b>Mitarbeiter<\/b>, um sich Terminw\u00fcnsche wartender Kunden anzeigen zu lassen, die dieser Mitarbeiter in einem freien Slot erf\u00fcllen kann.<\/p>\n<p>Die angezeigten Ergebnisse sind bereits gebuchten Termine, die f\u00fcr den gefilterten Zeitslot einen Terminwunsch angegeben haben.<\/p>\n<p>Alternativ k\u00f6nnen Sie mit der Maus in den frei gewordenen Zeitslot klicken. Damit wird Ihnen direkt angezeigt, welche Termine und Kunden diesen Zeitslot in ihrer Pr\u00e4ferenz ausgew\u00e4hlt haben.<\/p>\n<p class=\"notice blue\"><strong>Hinweis:<\/strong> Der Mitarbeiterfilter filtert nach dem Mitarbeiter, der in dem Zeitslot buchbar ist. Dieser Mitarbeiter ist <b>nicht<\/b> der Mitarbeiter, der im bereits gebuchten Termin ausgew\u00e4hlt wurde, au\u00dfer es wurde explizit die Einstellung <b>Mitarbeiterauswahl beibehalten<\/b> ausgew\u00e4hlt.<\/p>\n<p>[\/et_pb_text][et_pb_text admin_label=&#8220;Text&#8220; _builder_version=&#8220;4.14.5&#8243; global_colors_info=&#8220;{}&#8220;]<\/p>\n<h3>Termin verschieben und Kunde benachrichtigen<\/h3>\n<p> M\u00f6chten Sie einen Termin aus der Warteliste direkt in den frei gewordenen Zeitslot verschieben, k\u00f6nnen Sie den Termin einfach mit Ihrer Maus per Drag &#038; Drop in den entsprechenden Zeitslot verschieben. Alternativ k\u00f6nnen Sie den Termin \u00fcber die 3 Punkte bearbeiten und den neuen Zeitslot angeben.<\/p>\n<p>Wenn Sie einen Zeitslot ausgew\u00e4hlt haben und einen oder mehrere Kunden benachrichtigen m\u00f6chten, dass ein Termin frei geworden ist, k\u00f6nnen Sie den Kunden \u00fcber die angezeigten Kontaktdaten informieren, oder direkt \u00fcber cituro benachrichtigen.<\/p>\n<p> Klicken Sie \u00fcber die 3 Punkte an der Seite auf <b>Einladen<\/b>, um nur diesen einen Kunden zu benachrichtigen.<\/p>\n<p> Klicken Sie auf <b>Alle einladen<\/b>, um alle auf der Liste zu benachrichtigen.<\/p>\n<p>[\/et_pb_text][\/et_pb_column_inner][\/et_pb_row_inner][et_pb_row_inner _builder_version=&#8220;3.25&#8243; global_module=&#8220;491&#8243; collapsed=&#8220;off&#8220; global_colors_info=&#8220;{}&#8220;][et_pb_column_inner _builder_version=&#8220;3.25&#8243; custom_padding=&#8220;|||&#8220; global_colors_info=&#8220;{}&#8220; custom_padding__hover=&#8220;|||&#8220;][et_pb_divider color=&#8220;#555555&#8243; divider_position=&#8220;center&#8220; _builder_version=&#8220;4.12.1&#8243; global_colors_info=&#8220;{}&#8220;][\/et_pb_divider][et_pb_text _builder_version=&#8220;4.14.5&#8243; global_colors_info=&#8220;{}&#8220;]<\/p>\n<h2 style=\"text-align: center;\">Sie haben Fragen? Wir helfen gerne!<\/h2>\n<p>[\/et_pb_text][\/et_pb_column_inner][\/et_pb_row_inner][et_pb_row_inner column_structure=&#8220;1_2,1_2&#8243; _builder_version=&#8220;3.25&#8243; global_module=&#8220;487&#8243; saved_tabs=&#8220;all&#8220; global_colors_info=&#8220;{}&#8220;][et_pb_column_inner type=&#8220;1_2&#8243; _builder_version=&#8220;3.25&#8243; custom_padding=&#8220;|||&#8220; global_colors_info=&#8220;{}&#8220; custom_padding__hover=&#8220;|||&#8220;][et_pb_blurb title=&#8220;E-Mail&#8220; use_icon=&#8220;on&#8220; font_icon=&#8220;&#xe010;||divi||400&#8243; icon_color=&#8220;#555555&#8243; _builder_version=&#8220;4.13.0&#8243; header_level=&#8220;h3&#8243; text_orientation=&#8220;center&#8220; custom_padding=&#8220;10px|10px|10px|10px&#8220; animation_style=&#8220;zoom&#8220; box_shadow_style=&#8220;preset1&#8243; global_colors_info=&#8220;{}&#8220;]<\/p>\n<p style=\"text-align: center;\">Schreiben Sie uns eine E-Mail<br \/>\n<a href=\"mailto:support@cituro.com\">support@cituro.com<\/a><\/p>\n<p>[\/et_pb_blurb][\/et_pb_column_inner][et_pb_column_inner type=&#8220;1_2&#8243; _builder_version=&#8220;3.25&#8243; custom_padding=&#8220;|||&#8220; global_colors_info=&#8220;{}&#8220; custom_padding__hover=&#8220;|||&#8220;][et_pb_blurb title=&#8220;Telefon&#8220; use_icon=&#8220;on&#8220; font_icon=&#8220;&#xe090;||divi||400&#8243; icon_color=&#8220;#555555&#8243; _builder_version=&#8220;4.13.0&#8243; header_level=&#8220;h3&#8243; text_orientation=&#8220;center&#8220; custom_padding=&#8220;10px|10px|10px|10px&#8220; animation_style=&#8220;zoom&#8220; box_shadow_style=&#8220;preset1&#8243; global_colors_info=&#8220;{}&#8220;]<\/p>\n<p style=\"text-align: center;\">Wir sind f\u00fcr Sie da<br \/>\n<a href=\"tel:004982199973940\">+49 821 999 739 40<\/a><\/p>\n<p>[\/et_pb_blurb][\/et_pb_column_inner][\/et_pb_row_inner][\/et_pb_column][\/et_pb_section]<\/p>\n","protected":false},"excerpt":{"rendered":"<p>Erfahren Sie in dieser Anleitung, wie Sie eine Warteliste f\u00fcr Einzeltermine einrichten. Mit der Wartelistenfunktion k\u00f6nnen Kunden nach einer Terminbuchung einen fr\u00fcheren Terminwunsch angeben.<\/p>\n","protected":false},"author":3,"featured_media":7865,"parent":1410,"menu_order":0,"comment_status":"closed","ping_status":"closed","template":"","meta":{"_et_pb_use_builder":"on","_et_pb_old_content":"","_et_gb_content_width":"","footnotes":""},"class_list":["post-11875","page","type-page","status-publish","has-post-thumbnail","hentry"],"yoast_head":"<!-- This site is optimized with the Yoast SEO plugin v23.9 - https:\/\/yoast.com\/wordpress\/plugins\/seo\/ -->\n<title>Warteliste f\u00fcr Einzeltermine - cituro Helpcenter<\/title>\n<meta name=\"description\" content=\"Erfahren Sie, wie Sie eine Warteliste f\u00fcr Einzeltermine einrichten. Mit dieser Funktion k\u00f6nnen Kunden einen fr\u00fcheren Terminwunsch angeben.\" \/>\n<meta name=\"robots\" content=\"index, follow, max-snippet:-1, max-image-preview:large, max-video-preview:-1\" \/>\n<link rel=\"canonical\" href=\"https:\/\/www.cituro.com\/help\/leistungen-anlegen\/einzelleistungen\/warteliste-einzeltermine\" \/>\n<meta property=\"og:locale\" content=\"de_DE\" \/>\n<meta property=\"og:type\" content=\"article\" \/>\n<meta property=\"og:title\" content=\"Warteliste f\u00fcr Einzeltermine - cituro Helpcenter\" \/>\n<meta property=\"og:description\" content=\"Erfahren Sie, wie Sie eine Warteliste f\u00fcr Einzeltermine einrichten. Mit dieser Funktion k\u00f6nnen Kunden einen fr\u00fcheren Terminwunsch angeben.\" \/>\n<meta property=\"og:url\" content=\"https:\/\/www.cituro.com\/help\/leistungen-anlegen\/einzelleistungen\/warteliste-einzeltermine\" \/>\n<meta property=\"og:site_name\" content=\"cituro Helpcenter\" \/>\n<meta property=\"article:modified_time\" content=\"2025-08-01T19:19:57+00:00\" \/>\n<meta property=\"og:image\" content=\"https:\/\/www.cituro.com\/help\/wp-content\/uploads\/2022\/06\/cituro-logo-whitebg-1000x1000-1.png\" \/>\n\t<meta property=\"og:image:width\" content=\"1000\" \/>\n\t<meta property=\"og:image:height\" content=\"1000\" \/>\n\t<meta property=\"og:image:type\" content=\"image\/png\" \/>\n<meta name=\"twitter:card\" content=\"summary_large_image\" \/>\n<meta name=\"twitter:label1\" content=\"Gesch\u00e4tzte Lesezeit\" \/>\n\t<meta name=\"twitter:data1\" content=\"6\u00a0Minuten\" \/>\n<script type=\"application\/ld+json\" class=\"yoast-schema-graph\">{\"@context\":\"https:\/\/schema.org\",\"@graph\":[{\"@type\":\"WebPage\",\"@id\":\"https:\/\/www.cituro.com\/help\/leistungen-anlegen\/einzelleistungen\/warteliste-einzeltermine\",\"url\":\"https:\/\/www.cituro.com\/help\/leistungen-anlegen\/einzelleistungen\/warteliste-einzeltermine\",\"name\":\"Warteliste f\u00fcr Einzeltermine - cituro Helpcenter\",\"isPartOf\":{\"@id\":\"https:\/\/www.cituro.com\/help\/#website\"},\"primaryImageOfPage\":{\"@id\":\"https:\/\/www.cituro.com\/help\/leistungen-anlegen\/einzelleistungen\/warteliste-einzeltermine#primaryimage\"},\"image\":{\"@id\":\"https:\/\/www.cituro.com\/help\/leistungen-anlegen\/einzelleistungen\/warteliste-einzeltermine#primaryimage\"},\"thumbnailUrl\":\"https:\/\/www.cituro.com\/help\/wp-content\/uploads\/2022\/06\/cituro-logo-whitebg-1000x1000-1.png\",\"datePublished\":\"2024-10-01T08:20:27+00:00\",\"dateModified\":\"2025-08-01T19:19:57+00:00\",\"description\":\"Erfahren Sie, wie Sie eine Warteliste f\u00fcr Einzeltermine einrichten. Mit dieser Funktion k\u00f6nnen Kunden einen fr\u00fcheren Terminwunsch angeben.\",\"breadcrumb\":{\"@id\":\"https:\/\/www.cituro.com\/help\/leistungen-anlegen\/einzelleistungen\/warteliste-einzeltermine#breadcrumb\"},\"inLanguage\":\"de\",\"potentialAction\":[{\"@type\":\"ReadAction\",\"target\":[\"https:\/\/www.cituro.com\/help\/leistungen-anlegen\/einzelleistungen\/warteliste-einzeltermine\"]}]},{\"@type\":\"ImageObject\",\"inLanguage\":\"de\",\"@id\":\"https:\/\/www.cituro.com\/help\/leistungen-anlegen\/einzelleistungen\/warteliste-einzeltermine#primaryimage\",\"url\":\"https:\/\/www.cituro.com\/help\/wp-content\/uploads\/2022\/06\/cituro-logo-whitebg-1000x1000-1.png\",\"contentUrl\":\"https:\/\/www.cituro.com\/help\/wp-content\/uploads\/2022\/06\/cituro-logo-whitebg-1000x1000-1.png\",\"width\":1000,\"height\":1000},{\"@type\":\"BreadcrumbList\",\"@id\":\"https:\/\/www.cituro.com\/help\/leistungen-anlegen\/einzelleistungen\/warteliste-einzeltermine#breadcrumb\",\"itemListElement\":[{\"@type\":\"ListItem\",\"position\":1,\"name\":\"Startseite\",\"item\":\"https:\/\/www.cituro.com\/help\/\"},{\"@type\":\"ListItem\",\"position\":2,\"name\":\"Leistungen anlegen\",\"item\":\"https:\/\/www.cituro.com\/help\/leistungen-anlegen\"},{\"@type\":\"ListItem\",\"position\":3,\"name\":\"Einzelleistungen anlegen\",\"item\":\"https:\/\/www.cituro.com\/help\/leistungen-anlegen\/einzelleistungen\"},{\"@type\":\"ListItem\",\"position\":4,\"name\":\"Warteliste f\u00fcr Einzeltermine\"}]},{\"@type\":\"WebSite\",\"@id\":\"https:\/\/www.cituro.com\/help\/#website\",\"url\":\"https:\/\/www.cituro.com\/help\/\",\"name\":\"cituro Helpcenter\",\"description\":\"Eine weitere WordPress-Website\",\"potentialAction\":[{\"@type\":\"SearchAction\",\"target\":{\"@type\":\"EntryPoint\",\"urlTemplate\":\"https:\/\/www.cituro.com\/help\/?s={search_term_string}\"},\"query-input\":{\"@type\":\"PropertyValueSpecification\",\"valueRequired\":true,\"valueName\":\"search_term_string\"}}],\"inLanguage\":\"de\"}]}<\/script>\n<!-- \/ Yoast SEO plugin. -->","yoast_head_json":{"title":"Warteliste f\u00fcr Einzeltermine - cituro Helpcenter","description":"Erfahren Sie, wie Sie eine Warteliste f\u00fcr Einzeltermine einrichten. Mit dieser Funktion k\u00f6nnen Kunden einen fr\u00fcheren Terminwunsch angeben.","robots":{"index":"index","follow":"follow","max-snippet":"max-snippet:-1","max-image-preview":"max-image-preview:large","max-video-preview":"max-video-preview:-1"},"canonical":"https:\/\/www.cituro.com\/help\/leistungen-anlegen\/einzelleistungen\/warteliste-einzeltermine","og_locale":"de_DE","og_type":"article","og_title":"Warteliste f\u00fcr Einzeltermine - cituro Helpcenter","og_description":"Erfahren Sie, wie Sie eine Warteliste f\u00fcr Einzeltermine einrichten. Mit dieser Funktion k\u00f6nnen Kunden einen fr\u00fcheren Terminwunsch angeben.","og_url":"https:\/\/www.cituro.com\/help\/leistungen-anlegen\/einzelleistungen\/warteliste-einzeltermine","og_site_name":"cituro Helpcenter","article_modified_time":"2025-08-01T19:19:57+00:00","og_image":[{"width":1000,"height":1000,"url":"https:\/\/www.cituro.com\/help\/wp-content\/uploads\/2022\/06\/cituro-logo-whitebg-1000x1000-1.png","type":"image\/png"}],"twitter_card":"summary_large_image","twitter_misc":{"Gesch\u00e4tzte Lesezeit":"6\u00a0Minuten"},"schema":{"@context":"https:\/\/schema.org","@graph":[{"@type":"WebPage","@id":"https:\/\/www.cituro.com\/help\/leistungen-anlegen\/einzelleistungen\/warteliste-einzeltermine","url":"https:\/\/www.cituro.com\/help\/leistungen-anlegen\/einzelleistungen\/warteliste-einzeltermine","name":"Warteliste f\u00fcr Einzeltermine - cituro Helpcenter","isPartOf":{"@id":"https:\/\/www.cituro.com\/help\/#website"},"primaryImageOfPage":{"@id":"https:\/\/www.cituro.com\/help\/leistungen-anlegen\/einzelleistungen\/warteliste-einzeltermine#primaryimage"},"image":{"@id":"https:\/\/www.cituro.com\/help\/leistungen-anlegen\/einzelleistungen\/warteliste-einzeltermine#primaryimage"},"thumbnailUrl":"https:\/\/www.cituro.com\/help\/wp-content\/uploads\/2022\/06\/cituro-logo-whitebg-1000x1000-1.png","datePublished":"2024-10-01T08:20:27+00:00","dateModified":"2025-08-01T19:19:57+00:00","description":"Erfahren Sie, wie Sie eine Warteliste f\u00fcr Einzeltermine einrichten. Mit dieser Funktion k\u00f6nnen Kunden einen fr\u00fcheren Terminwunsch angeben.","breadcrumb":{"@id":"https:\/\/www.cituro.com\/help\/leistungen-anlegen\/einzelleistungen\/warteliste-einzeltermine#breadcrumb"},"inLanguage":"de","potentialAction":[{"@type":"ReadAction","target":["https:\/\/www.cituro.com\/help\/leistungen-anlegen\/einzelleistungen\/warteliste-einzeltermine"]}]},{"@type":"ImageObject","inLanguage":"de","@id":"https:\/\/www.cituro.com\/help\/leistungen-anlegen\/einzelleistungen\/warteliste-einzeltermine#primaryimage","url":"https:\/\/www.cituro.com\/help\/wp-content\/uploads\/2022\/06\/cituro-logo-whitebg-1000x1000-1.png","contentUrl":"https:\/\/www.cituro.com\/help\/wp-content\/uploads\/2022\/06\/cituro-logo-whitebg-1000x1000-1.png","width":1000,"height":1000},{"@type":"BreadcrumbList","@id":"https:\/\/www.cituro.com\/help\/leistungen-anlegen\/einzelleistungen\/warteliste-einzeltermine#breadcrumb","itemListElement":[{"@type":"ListItem","position":1,"name":"Startseite","item":"https:\/\/www.cituro.com\/help\/"},{"@type":"ListItem","position":2,"name":"Leistungen anlegen","item":"https:\/\/www.cituro.com\/help\/leistungen-anlegen"},{"@type":"ListItem","position":3,"name":"Einzelleistungen anlegen","item":"https:\/\/www.cituro.com\/help\/leistungen-anlegen\/einzelleistungen"},{"@type":"ListItem","position":4,"name":"Warteliste f\u00fcr Einzeltermine"}]},{"@type":"WebSite","@id":"https:\/\/www.cituro.com\/help\/#website","url":"https:\/\/www.cituro.com\/help\/","name":"cituro Helpcenter","description":"Eine weitere WordPress-Website","potentialAction":[{"@type":"SearchAction","target":{"@type":"EntryPoint","urlTemplate":"https:\/\/www.cituro.com\/help\/?s={search_term_string}"},"query-input":{"@type":"PropertyValueSpecification","valueRequired":true,"valueName":"search_term_string"}}],"inLanguage":"de"}]}},"_links":{"self":[{"href":"https:\/\/www.cituro.com\/help\/wp-json\/wp\/v2\/pages\/11875","targetHints":{"allow":["GET"]}}],"collection":[{"href":"https:\/\/www.cituro.com\/help\/wp-json\/wp\/v2\/pages"}],"about":[{"href":"https:\/\/www.cituro.com\/help\/wp-json\/wp\/v2\/types\/page"}],"author":[{"embeddable":true,"href":"https:\/\/www.cituro.com\/help\/wp-json\/wp\/v2\/users\/3"}],"replies":[{"embeddable":true,"href":"https:\/\/www.cituro.com\/help\/wp-json\/wp\/v2\/comments?post=11875"}],"version-history":[{"count":88,"href":"https:\/\/www.cituro.com\/help\/wp-json\/wp\/v2\/pages\/11875\/revisions"}],"predecessor-version":[{"id":12512,"href":"https:\/\/www.cituro.com\/help\/wp-json\/wp\/v2\/pages\/11875\/revisions\/12512"}],"up":[{"embeddable":true,"href":"https:\/\/www.cituro.com\/help\/wp-json\/wp\/v2\/pages\/1410"}],"wp:featuredmedia":[{"embeddable":true,"href":"https:\/\/www.cituro.com\/help\/wp-json\/wp\/v2\/media\/7865"}],"wp:attachment":[{"href":"https:\/\/www.cituro.com\/help\/wp-json\/wp\/v2\/media?parent=11875"}],"curies":[{"name":"wp","href":"https:\/\/api.w.org\/{rel}","templated":true}]}}