{"id":10766,"date":"2023-09-29T13:19:43","date_gmt":"2023-09-29T11:19:43","guid":{"rendered":"https:\/\/www.cituro.com\/help\/?page_id=10766"},"modified":"2025-08-01T22:42:04","modified_gmt":"2025-08-01T20:42:04","slug":"hochladen-von-kundendokumenten","status":"publish","type":"page","link":"https:\/\/www.cituro.com\/help\/dateien-hochladen\/hochladen-von-kundendokumenten","title":{"rendered":"Hochladen von Kundendokumenten"},"content":{"rendered":"<p>[et_pb_section fb_built=&#8220;1&#8243; specialty=&#8220;on&#8220; module_class=&#8220; et_pb_specialty_fullwidth&#8220; _builder_version=&#8220;3.22&#8243; inner_width=&#8220;89%&#8220; inner_width_tablet=&#8220;80%&#8220; inner_width_phone=&#8220;&#8220; inner_width_last_edited=&#8220;on|desktop&#8220; inner_max_width=&#8220;89%&#8220; inner_max_width_tablet=&#8220;80%&#8220; inner_max_width_phone=&#8220;&#8220; inner_max_width_last_edited=&#8220;on|desktop&#8220; make_fullwidth=&#8220;on&#8220; global_colors_info=&#8220;{}&#8220;][et_pb_column type=&#8220;1_4&#8243; _builder_version=&#8220;3.25&#8243; custom_padding=&#8220;|||&#8220; global_colors_info=&#8220;{}&#8220; custom_padding__hover=&#8220;|||&#8220;][et_pb_sidebar area=&#8220;sidebar-1&#8243; disabled_on=&#8220;on|on|off&#8220; _builder_version=&#8220;3.29.3&#8243; custom_padding=&#8220;50px|||&#8220; global_colors_info=&#8220;{}&#8220;][\/et_pb_sidebar][\/et_pb_column][et_pb_column type=&#8220;3_4&#8243; specialty_columns=&#8220;3&#8243; _builder_version=&#8220;3.25&#8243; custom_padding=&#8220;|||&#8220; global_colors_info=&#8220;{}&#8220; custom_padding__hover=&#8220;|||&#8220;][et_pb_row_inner admin_label=&#8220;Zeile&#8220; _builder_version=&#8220;3.25&#8243; global_colors_info=&#8220;{}&#8220;][et_pb_column_inner saved_specialty_column_type=&#8220;3_4&#8243; _builder_version=&#8220;3.25&#8243; custom_padding=&#8220;|||&#8220; global_colors_info=&#8220;{}&#8220; custom_padding__hover=&#8220;|||&#8220;][et_pb_text admin_label=&#8220;Hochladen von Kundendokumenten&#8220; _builder_version=&#8220;4.14.5&#8243; global_colors_info=&#8220;{}&#8220;]<\/p>\n<h1>Hochladen von Kundendokumenten<\/h1>\n<p>[\/et_pb_text][et_pb_text _builder_version=&#8220;4.14.5&#8243; global_colors_info=&#8220;{}&#8220;]Mit unserer Uploadfunktion k\u00f6nnen Sie die Dokumente Ihrer Kunden flexibel in der Kundenverwaltung ablegen.<\/p>\n<p>F\u00fcr jeden Kunden k\u00f6nnen individuelle Dateien hochgeladen werden. Als Kundenattribute k\u00f6nnen Sie unterschiedliche Upload-Bereiche erstellen und so die wichtigen Dokumente sortiert ablegen. Auch Ihre Kunden k\u00f6nnen bei der Online-Terminbuchung direkt Dokumente hochladen, welche im passenden Kundenattribut in der Kundenkartei abgelegt wird.[\/et_pb_text][et_pb_text _builder_version=&#8220;4.14.5&#8243; global_colors_info=&#8220;{}&#8220;]<strong> Schritt f\u00fcr Schritt Anleitung <\/strong><\/p>\n<ol>\n<li><a href=\"#attribut\">Kundenattribut erstellen<\/a><\/li>\n<li><a href=\"#terminbuchung\">Upload in der Online-Terminbuchung<\/a><\/li>\n<li><a href=\"#kundenverwaltung\">Upload von Dokumenten in der Kundenkartei<\/a><\/li>\n<\/ol>\n<p>[\/et_pb_text][et_pb_text admin_label=&#8220;Hinweis&#8220; _builder_version=&#8220;4.14.5&#8243; global_colors_info=&#8220;{}&#8220;]<\/p>\n<p class=\"notice blue\"><strong>Hinweis:<\/strong><br \/>Dateien bis zu 5MB k\u00f6nnen einfach per Auswahl oder Drag &#038; Drop der Kundenkartei hinzugef\u00fcgt werden. Alle g\u00e4ngigen Dateiformate (Bild, Text, Tabellen, Archiv-Dateien) k\u00f6nnen hochgeladen werden. Pro Account kann dabei eine Datenmenge von bis zu 0,5GB hinterlegt werden. Sollte dies f\u00fcr Sie nicht ausreichend sein, k\u00f6nnen Sie die Zusatzoptionen zur Speicherplatzerweiterung buchen. Diese Einstellung finden Sie unter Men\u00fc -> Vertrag -> Zusatzoptionen.<\/p>\n<p>[\/et_pb_text][\/et_pb_column_inner][\/et_pb_row_inner][et_pb_row_inner _builder_version=&#8220;4.14.5&#8243; _module_preset=&#8220;default&#8220; global_colors_info=&#8220;{}&#8220;][et_pb_column_inner saved_specialty_column_type=&#8220;3_4&#8243; _builder_version=&#8220;4.14.5&#8243; _module_preset=&#8220;default&#8220; global_colors_info=&#8220;{}&#8220;][et_pb_divider color=&#8220;#555555&#8243; _builder_version=&#8220;3.5.1&#8243; global_colors_info=&#8220;{}&#8220;][\/et_pb_divider][\/et_pb_column_inner][\/et_pb_row_inner][et_pb_row_inner admin_label=&#8220;Zeile&#8220; _builder_version=&#8220;3.25&#8243; global_colors_info=&#8220;{}&#8220;][et_pb_column_inner saved_specialty_column_type=&#8220;3_4&#8243; _builder_version=&#8220;3.25&#8243; custom_padding=&#8220;|||&#8220; global_colors_info=&#8220;{}&#8220; custom_padding__hover=&#8220;|||&#8220;][et_pb_text admin_label=&#8220;Erstellung Kundenattribut&#8220; _builder_version=&#8220;4.14.5&#8243; global_colors_info=&#8220;{}&#8220;]<\/p>\n<h2 class=\"text-content-heading\" id=\"attribut\">1. Kundenattribut erstellen<\/h2>\n<p>[\/et_pb_text][et_pb_text _builder_version=&#8220;4.14.5&#8243; global_colors_info=&#8220;{}&#8220;]<strong>Navigation<\/strong>: <strong>Men\u00fc<\/strong> \u2192 <strong>Datenbank<\/strong> \u2192 <strong>Eigene Attribute<\/strong> \u2192 <strong>Kundenattribute<\/strong><\/p>\n<p>Damit Ihre Kunden Dateien in der Online-Terminbuchung hochladen, oder Sie mehrere Upload-Bereiche verwalten k\u00f6nnen, ben\u00f6tigen Sie Kundenattribute.<\/p>\n<p>Wenn Sie nur allgemeine Dokumente beim Kunden hochladen m\u00f6chten, ohne das Ihr Kunde selbst Dateien bei der Buchung hochladen kann, reicht es wenn Sie den allgemeine Dokumenten-Upload nutzen. Dies finden Sie unter <a href=\"#kundenverwaltung\">3. Upload und Verwaltung in der Kundenkartei<\/a>.[\/et_pb_text][et_pb_image src=&#8220;https:\/\/www.cituro.com\/help\/wp-content\/uploads\/2023\/09\/Kundenattribut-erstellen.png&#8220; alt=&#8220;Kundenattribut-erstellen&#8220; title_text=&#8220;Kundenattribut-erstellen&#8220; align=&#8220;center&#8220; align_tablet=&#8220;center&#8220; align_phone=&#8220;center&#8220; align_last_edited=&#8220;on|desktop&#8220; _builder_version=&#8220;4.14.5&#8243; max_width=&#8220;800px&#8220; module_alignment=&#8220;center&#8220; hover_enabled=&#8220;0&#8243; box_shadow_style=&#8220;preset2&#8243; box_shadow_vertical=&#8220;4px&#8220; global_colors_info=&#8220;{}&#8220; sticky_enabled=&#8220;0&#8243;][\/et_pb_image][et_pb_text _builder_version=&#8220;4.14.5&#8243; global_colors_info=&#8220;{}&#8220;]<\/p>\n<p> Klicken auf auf Kundenattribut erstellen und w\u00e4hlen Sie einen ansprechenden Namen f\u00fcr dieses Attribut. Anschlie\u00dfend w\u00e4hlen Sie unter <i>Typ<\/i> <strong>Datei-Upload<\/strong> aus. Wenn <strong>immer<\/strong> eine Datei hochgeladen werden soll, k\u00f6nnen Sie einen Haken bei <i>Pflichtfeld<\/i> setzen. [\/et_pb_text][et_pb_image src=&#8220;https:\/\/www.cituro.com\/help\/wp-content\/uploads\/2023\/10\/kundenattribut-datei-upload.png&#8220; alt=&#8220;Kundenattribut Datei-Upload&#8220; title_text=&#8220;kundenattribut-datei-upload&#8220; align=&#8220;center&#8220; align_tablet=&#8220;center&#8220; align_phone=&#8220;&#8220; align_last_edited=&#8220;on|desktop&#8220; _builder_version=&#8220;4.14.5&#8243; max_width=&#8220;600px&#8220; module_alignment=&#8220;center&#8220; hover_enabled=&#8220;0&#8243; box_shadow_style=&#8220;preset2&#8243; box_shadow_vertical=&#8220;4px&#8220; global_colors_info=&#8220;{}&#8220; sticky_enabled=&#8220;0&#8243;][\/et_pb_image][\/et_pb_column_inner][\/et_pb_row_inner][et_pb_row_inner _builder_version=&#8220;4.14.5&#8243; _module_preset=&#8220;default&#8220; global_colors_info=&#8220;{}&#8220;][et_pb_column_inner saved_specialty_column_type=&#8220;3_4&#8243; _builder_version=&#8220;4.14.5&#8243; _module_preset=&#8220;default&#8220; global_colors_info=&#8220;{}&#8220;][et_pb_divider color=&#8220;#555555&#8243; _builder_version=&#8220;3.5.1&#8243; global_colors_info=&#8220;{}&#8220;][\/et_pb_divider][\/et_pb_column_inner][\/et_pb_row_inner][et_pb_row_inner admin_label=&#8220;Zeile&#8220; _builder_version=&#8220;3.25&#8243; global_colors_info=&#8220;{}&#8220;][et_pb_column_inner saved_specialty_column_type=&#8220;3_4&#8243; _builder_version=&#8220;3.25&#8243; custom_padding=&#8220;|||&#8220; global_colors_info=&#8220;{}&#8220; custom_padding__hover=&#8220;|||&#8220;][et_pb_text admin_label=&#8220;Upload in der Online-Terminbuchung&#8220; _builder_version=&#8220;4.14.5&#8243; global_colors_info=&#8220;{}&#8220;]<\/p>\n<h2 class=\"text-content-heading\" id=\"terminbuchung\">2. Upload in der Online-Terminbuchung<\/h2>\n<p>[\/et_pb_text][et_pb_text admin_label=&#8220;Text&#8220; _builder_version=&#8220;4.14.5&#8243; global_colors_info=&#8220;{}&#8220;]<\/p>\n<p>Damit Ihre Kunden direkt bei der Terminbuchung Dokumente hochladen k\u00f6nnen, m\u00fcssen Sie das eben angelegte Kundenattribut Ihrem Buchungsformular hinzuf\u00fcgen.<\/p>\n<p><strong>Navigation<\/strong>: <strong>Men\u00fc<\/strong> \u2192 <strong>Onlinebuchung<\/strong>\u2192 <strong>Buchungsformular<\/strong>\u2192 <strong>Feld hinzuf\u00fcgen<\/strong>[\/et_pb_text][et_pb_image src=&#8220;https:\/\/www.cituro.com\/help\/wp-content\/uploads\/2023\/09\/formuarfeld-hinzufuegen.png&#8220; alt=&#8220;Kunden anlegen&#8220; title_text=&#8220;formuarfeld-hinzuf\u00fcgen&#8220; align=&#8220;center&#8220; align_tablet=&#8220;center&#8220; align_phone=&#8220;&#8220; align_last_edited=&#8220;on|desktop&#8220; _builder_version=&#8220;4.14.5&#8243; max_width=&#8220;800px&#8220; module_alignment=&#8220;center&#8220; hover_enabled=&#8220;0&#8243; box_shadow_style=&#8220;preset2&#8243; box_shadow_vertical=&#8220;4px&#8220; global_colors_info=&#8220;{}&#8220; sticky_enabled=&#8220;0&#8243;][\/et_pb_image][et_pb_text admin_label=&#8220;Kunden bearbeiten&#8220; _builder_version=&#8220;4.14.5&#8243; global_colors_info=&#8220;{}&#8220;]<\/p>\n<p>W\u00e4hlen Sie das eben angelegte Kundenattribut aus und f\u00fcgen Sie es Ihrem Buchungsformular hinzu. \u00dcber die 3 Punkte k\u00f6nnen Sie das Feld verschieben, bearbeiten und l\u00f6schen. <\/p>\n<p class=\"notice blue\"><strong>Hinweis:<\/strong> <br \/>Sie k\u00f6nnen dieses Formularfeld nur f\u00fcr spezifische Leistungen anzeigen lassen. Klicken Sie hierf\u00fcr auf <strong>Feld bearbeiten \u2192 Benutzung bei Leistungen<\/strong> und haken Sie entsprechend nur die Leistungen an, an denen dieses Feld abgefragt werden soll.<\/p>\n<p>[\/et_pb_text][et_pb_image src=&#8220;https:\/\/www.cituro.com\/help\/wp-content\/uploads\/2023\/09\/kundendaten-upload-terminbuchung.png&#8220; alt=&#8220;Kundendaten Upload in der Onlin-Terminbuchung&#8220; title_text=&#8220;kundendaten-upload-terminbuchung&#8220; align=&#8220;center&#8220; align_tablet=&#8220;center&#8220; align_phone=&#8220;&#8220; align_last_edited=&#8220;on|desktop&#8220; _builder_version=&#8220;4.14.5&#8243; max_width=&#8220;800px&#8220; module_alignment=&#8220;center&#8220; hover_enabled=&#8220;0&#8243; box_shadow_style=&#8220;preset2&#8243; box_shadow_vertical=&#8220;4px&#8220; global_colors_info=&#8220;{}&#8220; sticky_enabled=&#8220;0&#8243;][\/et_pb_image][\/et_pb_column_inner][\/et_pb_row_inner][et_pb_row_inner _builder_version=&#8220;4.14.5&#8243; _module_preset=&#8220;default&#8220; global_colors_info=&#8220;{}&#8220;][et_pb_column_inner saved_specialty_column_type=&#8220;3_4&#8243; _builder_version=&#8220;4.14.5&#8243; _module_preset=&#8220;default&#8220; global_colors_info=&#8220;{}&#8220;][et_pb_divider color=&#8220;#555555&#8243; _builder_version=&#8220;3.5.1&#8243; global_colors_info=&#8220;{}&#8220;][\/et_pb_divider][\/et_pb_column_inner][\/et_pb_row_inner][et_pb_row_inner admin_label=&#8220;Zeile&#8220; _builder_version=&#8220;3.25&#8243; global_colors_info=&#8220;{}&#8220;][et_pb_column_inner saved_specialty_column_type=&#8220;3_4&#8243; _builder_version=&#8220;3.25&#8243; custom_padding=&#8220;|||&#8220; global_colors_info=&#8220;{}&#8220; custom_padding__hover=&#8220;|||&#8220;][et_pb_text admin_label=&#8220;Dokumente Hochladen&#8220; _builder_version=&#8220;4.14.5&#8243; global_colors_info=&#8220;{}&#8220;]<\/p>\n<h2 class=\"text-content-heading\" id=\"kundenverwaltung\">3. Upload von Dokumenten in der Kundenkartei<\/h2>\n<p>[\/et_pb_text][et_pb_text _builder_version=&#8220;4.14.5&#8243; global_colors_info=&#8220;{}&#8220;]<strong>Navigation<\/strong>: <strong>Men\u00fc<\/strong> \u2192 <strong>Kunden<\/strong> \u2192 <strong>Kunde bearbeiten<\/strong> \u2192 <strong>Tab Dokumente<\/strong><\/p>\n<p>Innerhalb einer Kundenkartei k\u00f6nnen wichtige Dokumente hochgeladen werden. Diese k\u00f6nnen zur Vorbereitung auf den n\u00e4chsten Termin oder zur regul\u00e4ren Archivierung von Kundendokumenten dienen. Standardm\u00e4\u00dfig steht Ihnen bereits ein Ablageort namens <i>allgemeinen Dokumente <\/i> zur Verf\u00fcgung. Wenn Sie ein Kundenattribut wie bei <a href=\"#terminbuchung\">Upload in der Online-Terminbuchung<\/a> erstellt haben, wird Ihnen dieses ebenfalls in der Kundenverwaltung angezeigt. [\/et_pb_text][et_pb_image src=&#8220;https:\/\/www.cituro.com\/help\/wp-content\/uploads\/2023\/10\/kundendokumenten-upload.png&#8220; alt=&#8220;Dokumentenupload&#8220; title_text=&#8220;kundendokumenten-upload&#8220; align=&#8220;center&#8220; align_tablet=&#8220;center&#8220; align_phone=&#8220;&#8220; align_last_edited=&#8220;on|desktop&#8220; _builder_version=&#8220;4.14.5&#8243; module_alignment=&#8220;center&#8220; hover_enabled=&#8220;0&#8243; global_colors_info=&#8220;{}&#8220; sticky_enabled=&#8220;0&#8243;][\/et_pb_image][\/et_pb_column_inner][\/et_pb_row_inner][et_pb_row_inner _builder_version=&#8220;3.25&#8243; global_module=&#8220;491&#8243; collapsed=&#8220;off&#8220; global_colors_info=&#8220;{}&#8220;][et_pb_column_inner _builder_version=&#8220;3.25&#8243; custom_padding=&#8220;|||&#8220; global_colors_info=&#8220;{}&#8220; custom_padding__hover=&#8220;|||&#8220;][et_pb_divider color=&#8220;#555555&#8243; divider_position=&#8220;center&#8220; _builder_version=&#8220;4.12.1&#8243; global_colors_info=&#8220;{}&#8220;][\/et_pb_divider][et_pb_text _builder_version=&#8220;4.14.5&#8243; global_colors_info=&#8220;{}&#8220;]<\/p>\n<h2 style=\"text-align: center;\">Sie haben Fragen? Wir helfen gerne!<\/h2>\n<p>[\/et_pb_text][\/et_pb_column_inner][\/et_pb_row_inner][et_pb_row_inner column_structure=&#8220;1_2,1_2&#8243; _builder_version=&#8220;3.25&#8243; global_module=&#8220;487&#8243; saved_tabs=&#8220;all&#8220; global_colors_info=&#8220;{}&#8220;][et_pb_column_inner type=&#8220;1_2&#8243; _builder_version=&#8220;3.25&#8243; custom_padding=&#8220;|||&#8220; global_colors_info=&#8220;{}&#8220; custom_padding__hover=&#8220;|||&#8220;][et_pb_blurb title=&#8220;E-Mail&#8220; use_icon=&#8220;on&#8220; font_icon=&#8220;&#xe010;||divi||400&#8243; icon_color=&#8220;#555555&#8243; _builder_version=&#8220;4.13.0&#8243; header_level=&#8220;h3&#8243; text_orientation=&#8220;center&#8220; custom_padding=&#8220;10px|10px|10px|10px&#8220; animation_style=&#8220;zoom&#8220; box_shadow_style=&#8220;preset1&#8243; global_colors_info=&#8220;{}&#8220;]<\/p>\n<p style=\"text-align: center;\">Schreiben Sie uns eine E-Mail<br \/>\n<a href=\"mailto:support@cituro.com\">support@cituro.com<\/a><\/p>\n<p>[\/et_pb_blurb][\/et_pb_column_inner][et_pb_column_inner type=&#8220;1_2&#8243; _builder_version=&#8220;3.25&#8243; custom_padding=&#8220;|||&#8220; global_colors_info=&#8220;{}&#8220; custom_padding__hover=&#8220;|||&#8220;][et_pb_blurb title=&#8220;Telefon&#8220; use_icon=&#8220;on&#8220; font_icon=&#8220;&#xe090;||divi||400&#8243; icon_color=&#8220;#555555&#8243; _builder_version=&#8220;4.13.0&#8243; header_level=&#8220;h3&#8243; text_orientation=&#8220;center&#8220; custom_padding=&#8220;10px|10px|10px|10px&#8220; animation_style=&#8220;zoom&#8220; box_shadow_style=&#8220;preset1&#8243; global_colors_info=&#8220;{}&#8220;]<\/p>\n<p style=\"text-align: center;\">Wir sind f\u00fcr Sie da<br \/>\n<a href=\"tel:004982199973940\">+49 821 999 739 40<\/a><\/p>\n<p>[\/et_pb_blurb][\/et_pb_column_inner][\/et_pb_row_inner][\/et_pb_column][\/et_pb_section]<\/p>\n","protected":false},"excerpt":{"rendered":"<p>Mit unserer Uploadfunktion k\u00f6nnen Sie und Ihre Kunden Dateien bei der Online-Terminbuchung hochladen und direkt in der Kundenkartei speichern.<\/p>\n","protected":false},"author":3,"featured_media":7865,"parent":10744,"menu_order":0,"comment_status":"closed","ping_status":"closed","template":"","meta":{"_et_pb_use_builder":"on","_et_pb_old_content":"","_et_gb_content_width":"","footnotes":""},"class_list":["post-10766","page","type-page","status-publish","has-post-thumbnail","hentry"],"yoast_head":"<!-- This site is optimized with the Yoast SEO plugin v23.9 - https:\/\/yoast.com\/wordpress\/plugins\/seo\/ -->\n<title>Hochladen von Kundendokumenten<\/title>\n<meta name=\"description\" content=\"Mit unserer Uploadfunktion k\u00f6nnen Sie und Ihre Kunden Dateien bei der Online-Terminbuchung hochladen und direkt in der Kundenkartei speichern.\" \/>\n<meta name=\"robots\" content=\"index, follow, max-snippet:-1, max-image-preview:large, max-video-preview:-1\" \/>\n<link rel=\"canonical\" href=\"https:\/\/www.cituro.com\/help\/dateien-hochladen\/hochladen-von-kundendokumenten\" \/>\n<meta property=\"og:locale\" content=\"de_DE\" \/>\n<meta property=\"og:type\" content=\"article\" \/>\n<meta property=\"og:title\" content=\"Hochladen von Kundendokumenten\" \/>\n<meta property=\"og:description\" content=\"Mit unserer Uploadfunktion k\u00f6nnen Sie und Ihre Kunden Dateien bei der Online-Terminbuchung hochladen und direkt in der Kundenkartei speichern.\" \/>\n<meta property=\"og:url\" content=\"https:\/\/www.cituro.com\/help\/dateien-hochladen\/hochladen-von-kundendokumenten\" \/>\n<meta property=\"og:site_name\" content=\"cituro Helpcenter\" \/>\n<meta property=\"article:modified_time\" content=\"2025-08-01T20:42:04+00:00\" \/>\n<meta property=\"og:image\" content=\"https:\/\/www.cituro.com\/help\/wp-content\/uploads\/2022\/06\/cituro-logo-whitebg-1000x1000-1.png\" \/>\n\t<meta property=\"og:image:width\" content=\"1000\" \/>\n\t<meta property=\"og:image:height\" content=\"1000\" \/>\n\t<meta property=\"og:image:type\" content=\"image\/png\" \/>\n<meta name=\"twitter:card\" content=\"summary_large_image\" \/>\n<meta name=\"twitter:label1\" content=\"Gesch\u00e4tzte Lesezeit\" \/>\n\t<meta name=\"twitter:data1\" content=\"5\u00a0Minuten\" \/>\n<script type=\"application\/ld+json\" class=\"yoast-schema-graph\">{\"@context\":\"https:\/\/schema.org\",\"@graph\":[{\"@type\":\"WebPage\",\"@id\":\"https:\/\/www.cituro.com\/help\/dateien-hochladen\/hochladen-von-kundendokumenten\",\"url\":\"https:\/\/www.cituro.com\/help\/dateien-hochladen\/hochladen-von-kundendokumenten\",\"name\":\"Hochladen von Kundendokumenten\",\"isPartOf\":{\"@id\":\"https:\/\/www.cituro.com\/help\/#website\"},\"primaryImageOfPage\":{\"@id\":\"https:\/\/www.cituro.com\/help\/dateien-hochladen\/hochladen-von-kundendokumenten#primaryimage\"},\"image\":{\"@id\":\"https:\/\/www.cituro.com\/help\/dateien-hochladen\/hochladen-von-kundendokumenten#primaryimage\"},\"thumbnailUrl\":\"https:\/\/www.cituro.com\/help\/wp-content\/uploads\/2022\/06\/cituro-logo-whitebg-1000x1000-1.png\",\"datePublished\":\"2023-09-29T11:19:43+00:00\",\"dateModified\":\"2025-08-01T20:42:04+00:00\",\"description\":\"Mit unserer Uploadfunktion k\u00f6nnen Sie und Ihre Kunden Dateien bei der Online-Terminbuchung hochladen und direkt in der Kundenkartei speichern.\",\"breadcrumb\":{\"@id\":\"https:\/\/www.cituro.com\/help\/dateien-hochladen\/hochladen-von-kundendokumenten#breadcrumb\"},\"inLanguage\":\"de\",\"potentialAction\":[{\"@type\":\"ReadAction\",\"target\":[\"https:\/\/www.cituro.com\/help\/dateien-hochladen\/hochladen-von-kundendokumenten\"]}]},{\"@type\":\"ImageObject\",\"inLanguage\":\"de\",\"@id\":\"https:\/\/www.cituro.com\/help\/dateien-hochladen\/hochladen-von-kundendokumenten#primaryimage\",\"url\":\"https:\/\/www.cituro.com\/help\/wp-content\/uploads\/2022\/06\/cituro-logo-whitebg-1000x1000-1.png\",\"contentUrl\":\"https:\/\/www.cituro.com\/help\/wp-content\/uploads\/2022\/06\/cituro-logo-whitebg-1000x1000-1.png\",\"width\":1000,\"height\":1000},{\"@type\":\"BreadcrumbList\",\"@id\":\"https:\/\/www.cituro.com\/help\/dateien-hochladen\/hochladen-von-kundendokumenten#breadcrumb\",\"itemListElement\":[{\"@type\":\"ListItem\",\"position\":1,\"name\":\"Startseite\",\"item\":\"https:\/\/www.cituro.com\/help\/\"},{\"@type\":\"ListItem\",\"position\":2,\"name\":\"Dateien hochladen\",\"item\":\"https:\/\/www.cituro.com\/help\/dateien-hochladen\"},{\"@type\":\"ListItem\",\"position\":3,\"name\":\"Hochladen von Kundendokumenten\"}]},{\"@type\":\"WebSite\",\"@id\":\"https:\/\/www.cituro.com\/help\/#website\",\"url\":\"https:\/\/www.cituro.com\/help\/\",\"name\":\"cituro Helpcenter\",\"description\":\"Eine weitere WordPress-Website\",\"potentialAction\":[{\"@type\":\"SearchAction\",\"target\":{\"@type\":\"EntryPoint\",\"urlTemplate\":\"https:\/\/www.cituro.com\/help\/?s={search_term_string}\"},\"query-input\":{\"@type\":\"PropertyValueSpecification\",\"valueRequired\":true,\"valueName\":\"search_term_string\"}}],\"inLanguage\":\"de\"}]}<\/script>\n<!-- \/ Yoast SEO plugin. -->","yoast_head_json":{"title":"Hochladen von Kundendokumenten","description":"Mit unserer Uploadfunktion k\u00f6nnen Sie und Ihre Kunden Dateien bei der Online-Terminbuchung hochladen und direkt in der Kundenkartei speichern.","robots":{"index":"index","follow":"follow","max-snippet":"max-snippet:-1","max-image-preview":"max-image-preview:large","max-video-preview":"max-video-preview:-1"},"canonical":"https:\/\/www.cituro.com\/help\/dateien-hochladen\/hochladen-von-kundendokumenten","og_locale":"de_DE","og_type":"article","og_title":"Hochladen von Kundendokumenten","og_description":"Mit unserer Uploadfunktion k\u00f6nnen Sie und Ihre Kunden Dateien bei der Online-Terminbuchung hochladen und direkt in der Kundenkartei speichern.","og_url":"https:\/\/www.cituro.com\/help\/dateien-hochladen\/hochladen-von-kundendokumenten","og_site_name":"cituro Helpcenter","article_modified_time":"2025-08-01T20:42:04+00:00","og_image":[{"width":1000,"height":1000,"url":"https:\/\/www.cituro.com\/help\/wp-content\/uploads\/2022\/06\/cituro-logo-whitebg-1000x1000-1.png","type":"image\/png"}],"twitter_card":"summary_large_image","twitter_misc":{"Gesch\u00e4tzte Lesezeit":"5\u00a0Minuten"},"schema":{"@context":"https:\/\/schema.org","@graph":[{"@type":"WebPage","@id":"https:\/\/www.cituro.com\/help\/dateien-hochladen\/hochladen-von-kundendokumenten","url":"https:\/\/www.cituro.com\/help\/dateien-hochladen\/hochladen-von-kundendokumenten","name":"Hochladen von Kundendokumenten","isPartOf":{"@id":"https:\/\/www.cituro.com\/help\/#website"},"primaryImageOfPage":{"@id":"https:\/\/www.cituro.com\/help\/dateien-hochladen\/hochladen-von-kundendokumenten#primaryimage"},"image":{"@id":"https:\/\/www.cituro.com\/help\/dateien-hochladen\/hochladen-von-kundendokumenten#primaryimage"},"thumbnailUrl":"https:\/\/www.cituro.com\/help\/wp-content\/uploads\/2022\/06\/cituro-logo-whitebg-1000x1000-1.png","datePublished":"2023-09-29T11:19:43+00:00","dateModified":"2025-08-01T20:42:04+00:00","description":"Mit unserer Uploadfunktion k\u00f6nnen Sie und Ihre Kunden Dateien bei der Online-Terminbuchung hochladen und direkt in der Kundenkartei speichern.","breadcrumb":{"@id":"https:\/\/www.cituro.com\/help\/dateien-hochladen\/hochladen-von-kundendokumenten#breadcrumb"},"inLanguage":"de","potentialAction":[{"@type":"ReadAction","target":["https:\/\/www.cituro.com\/help\/dateien-hochladen\/hochladen-von-kundendokumenten"]}]},{"@type":"ImageObject","inLanguage":"de","@id":"https:\/\/www.cituro.com\/help\/dateien-hochladen\/hochladen-von-kundendokumenten#primaryimage","url":"https:\/\/www.cituro.com\/help\/wp-content\/uploads\/2022\/06\/cituro-logo-whitebg-1000x1000-1.png","contentUrl":"https:\/\/www.cituro.com\/help\/wp-content\/uploads\/2022\/06\/cituro-logo-whitebg-1000x1000-1.png","width":1000,"height":1000},{"@type":"BreadcrumbList","@id":"https:\/\/www.cituro.com\/help\/dateien-hochladen\/hochladen-von-kundendokumenten#breadcrumb","itemListElement":[{"@type":"ListItem","position":1,"name":"Startseite","item":"https:\/\/www.cituro.com\/help\/"},{"@type":"ListItem","position":2,"name":"Dateien hochladen","item":"https:\/\/www.cituro.com\/help\/dateien-hochladen"},{"@type":"ListItem","position":3,"name":"Hochladen von Kundendokumenten"}]},{"@type":"WebSite","@id":"https:\/\/www.cituro.com\/help\/#website","url":"https:\/\/www.cituro.com\/help\/","name":"cituro Helpcenter","description":"Eine weitere WordPress-Website","potentialAction":[{"@type":"SearchAction","target":{"@type":"EntryPoint","urlTemplate":"https:\/\/www.cituro.com\/help\/?s={search_term_string}"},"query-input":{"@type":"PropertyValueSpecification","valueRequired":true,"valueName":"search_term_string"}}],"inLanguage":"de"}]}},"_links":{"self":[{"href":"https:\/\/www.cituro.com\/help\/wp-json\/wp\/v2\/pages\/10766","targetHints":{"allow":["GET"]}}],"collection":[{"href":"https:\/\/www.cituro.com\/help\/wp-json\/wp\/v2\/pages"}],"about":[{"href":"https:\/\/www.cituro.com\/help\/wp-json\/wp\/v2\/types\/page"}],"author":[{"embeddable":true,"href":"https:\/\/www.cituro.com\/help\/wp-json\/wp\/v2\/users\/3"}],"replies":[{"embeddable":true,"href":"https:\/\/www.cituro.com\/help\/wp-json\/wp\/v2\/comments?post=10766"}],"version-history":[{"count":51,"href":"https:\/\/www.cituro.com\/help\/wp-json\/wp\/v2\/pages\/10766\/revisions"}],"predecessor-version":[{"id":12553,"href":"https:\/\/www.cituro.com\/help\/wp-json\/wp\/v2\/pages\/10766\/revisions\/12553"}],"up":[{"embeddable":true,"href":"https:\/\/www.cituro.com\/help\/wp-json\/wp\/v2\/pages\/10744"}],"wp:featuredmedia":[{"embeddable":true,"href":"https:\/\/www.cituro.com\/help\/wp-json\/wp\/v2\/media\/7865"}],"wp:attachment":[{"href":"https:\/\/www.cituro.com\/help\/wp-json\/wp\/v2\/media?parent=10766"}],"curies":[{"name":"wp","href":"https:\/\/api.w.org\/{rel}","templated":true}]}}