{"id":10099,"date":"2023-04-03T13:55:09","date_gmt":"2023-04-03T11:55:09","guid":{"rendered":"https:\/\/www.cituro.com\/help\/?page_id=10099"},"modified":"2025-08-01T21:52:30","modified_gmt":"2025-08-01T19:52:30","slug":"exklusivbuchung","status":"publish","type":"page","link":"https:\/\/www.cituro.com\/help\/gruppenbuchung\/exklusivbuchung","title":{"rendered":"Exklusivbuchung"},"content":{"rendered":"<p>[et_pb_section fb_built=&#8220;1&#8243; specialty=&#8220;on&#8220; module_class=&#8220; et_pb_specialty_fullwidth&#8220; _builder_version=&#8220;3.22&#8243; inner_width=&#8220;89%&#8220; inner_width_tablet=&#8220;80%&#8220; inner_width_phone=&#8220;&#8220; inner_width_last_edited=&#8220;on|desktop&#8220; inner_max_width=&#8220;89%&#8220; inner_max_width_tablet=&#8220;80%&#8220; inner_max_width_phone=&#8220;&#8220; inner_max_width_last_edited=&#8220;on|desktop&#8220; make_fullwidth=&#8220;on&#8220; global_colors_info=&#8220;{}&#8220;][et_pb_column type=&#8220;1_4&#8243; _builder_version=&#8220;3.25&#8243; custom_padding=&#8220;|||&#8220; global_colors_info=&#8220;{}&#8220; custom_padding__hover=&#8220;|||&#8220;][et_pb_sidebar area=&#8220;sidebar-1&#8243; disabled_on=&#8220;on|on|off&#8220; _builder_version=&#8220;3.29.3&#8243; custom_padding=&#8220;50px|||&#8220; global_colors_info=&#8220;{}&#8220;][\/et_pb_sidebar][\/et_pb_column][et_pb_column type=&#8220;3_4&#8243; specialty_columns=&#8220;3&#8243; _builder_version=&#8220;3.25&#8243; custom_padding=&#8220;|||&#8220; global_colors_info=&#8220;{}&#8220; custom_padding__hover=&#8220;|||&#8220;][et_pb_row_inner admin_label=&#8220;Zeile&#8220; _builder_version=&#8220;3.25&#8243; global_colors_info=&#8220;{}&#8220;][et_pb_column_inner saved_specialty_column_type=&#8220;3_4&#8243; _builder_version=&#8220;3.25&#8243; custom_padding=&#8220;|||&#8220; global_colors_info=&#8220;{}&#8220; custom_padding__hover=&#8220;|||&#8220;][et_pb_text admin_label=&#8220;Exklusivbuchung&#8220; _builder_version=&#8220;4.14.5&#8243; global_colors_info=&#8220;{}&#8220;]<\/p>\n<h1>Exklusivbuchung<\/h1>\n<p>[\/et_pb_text][et_pb_text _builder_version=&#8220;4.14.5&#8243; global_colors_info=&#8220;{}&#8220;]<strong>Men\u00fc<\/strong> \u2192 <strong>Gruppenleistung<\/strong> \u2192 <strong>Leistung anlegen\/bearbeiten<\/strong> \u2192 <strong>Buchung<\/strong>[\/et_pb_text][et_pb_text _builder_version=&#8220;4.14.5&#8243; global_colors_info=&#8220;{}&#8220;]<\/p>\n<p>Mit der Exklusivbuchung k\u00f6nnen Sie Ihren Kunden die M\u00f6glichkeit bieten, eine gesamte Veranstaltung f\u00fcr sich alleine zu buchen. Webinare, Events, Schulungen und andere Veranstaltungen k\u00f6nnen so beispielsweise direkt von einem Unternehmen oder einer Schulklasse gebucht werden.<\/p>\n<p class=\"notice blue\"><strong>Hinweis:<\/strong><br \/>F\u00fcr diese Funktion neb\u00f6tigen Sie das Addon <strong>Gruppenbuchung Plus<\/strong> oder <strong>Gruppenbuchung Premium<\/strong>.\u00a0<br \/> Sie k\u00f6nnen dieses Addon Ihrem Abonnement unter <strong>Men\u00fc<\/strong> \u2192 <strong>Vertrag<\/strong>  hinzuf\u00fcgen.<\/p>\n<p>[\/et_pb_text][et_pb_divider color=&#8220;#555555&#8243; _builder_version=&#8220;3.5.1&#8243; locked=&#8220;off&#8220; global_colors_info=&#8220;{}&#8220;][\/et_pb_divider][\/et_pb_column_inner][\/et_pb_row_inner][et_pb_row_inner admin_label=&#8220;Zeile&#8220; _builder_version=&#8220;3.25&#8243; global_colors_info=&#8220;{}&#8220;][et_pb_column_inner saved_specialty_column_type=&#8220;3_4&#8243; _builder_version=&#8220;3.25&#8243; custom_padding=&#8220;|||&#8220; global_colors_info=&#8220;{}&#8220; custom_padding__hover=&#8220;|||&#8220;][et_pb_text admin_label=&#8220;Exklusivbuchung einrichten&#8220; _builder_version=&#8220;4.14.5&#8243; global_colors_info=&#8220;{}&#8220;]<\/p>\n<h2 class=\"text-content-heading\" id=\"intern\">Exlusivbuchung einrichten<\/h2>\n<p>[\/et_pb_text][et_pb_text _builder_version=&#8220;4.14.5&#8243; global_colors_info=&#8220;{}&#8220;]<strong>Men\u00fc<\/strong> \u2192 <strong>Gruppenleistung<\/strong> \u2192 <strong>Leistung anlegen\/bearbeiten<\/strong> \u2192 <strong>Buchung<\/strong><\/p>\n<p>Damit Ihre Kunden Veranstaltungen auch exclusiv buchen k\u00f6nnen, m\u00fcssen Sie diese Option in Ihrer bestehenden Leistung oder bei der EInrichtung einer neuen Leistung aktivieren. Gehen Sie hierf\u00fcr in Ihrer Gruppenleistung auf den Reiter Buchung und w\u00e4hlen Sie bei <strong>Exklusivbuchung<\/strong> -> <strong>Exklusivbuchung m\u00f6glich<\/strong> aus.<\/p>\n<p>[\/et_pb_text][et_pb_image src=&#8220;https:\/\/www.cituro.com\/help\/wp-content\/uploads\/2023\/03\/exlusivbuchung-aktivieren.png&#8220; alt=&#8220;Exklusivbuchung aktivieren&#8220; title_text=&#8220;exklusivbuchung-aktivieren&#8220; align_tablet=&#8220;center&#8220; align_phone=&#8220;&#8220; align_last_edited=&#8220;on|desktop&#8220; _builder_version=&#8220;4.14.5&#8243; width=&#8220;100%&#8220; max_width=&#8220;700px&#8220; module_alignment=&#8220;center&#8220; custom_margin=&#8220;||||false|false&#8220; custom_padding=&#8220;||||false|false&#8220; hover_enabled=&#8220;0&#8243; box_shadow_style=&#8220;preset2&#8243; box_shadow_vertical=&#8220;4px&#8220; global_colors_info=&#8220;{}&#8220; sticky_enabled=&#8220;0&#8243;][\/et_pb_image][et_pb_text _builder_version=&#8220;4.14.5&#8243; global_colors_info=&#8220;{}&#8220;]<\/p>\n<p>Sie haben auch die M\u00f6glichkeit einen Preis f\u00fcr eine Exklusivbuchung zu hinterlegen. Sie k\u00f6nnen sich dabei an den Preis pro Teilnehmer und der maximalen Teilnehmeranzahl orientieren. Sollten Sie keinen Preis haben, k\u00f6nnen Sie das Feld leer lassen.<\/p>\n<p>[\/et_pb_text][et_pb_image src=&#8220;https:\/\/www.cituro.com\/help\/wp-content\/uploads\/2023\/03\/exlusivbuchung-preis.png&#8220; alt=&#8220;Exklusivbuchung Preis hinterlegen&#8220; title_text=&#8220;exklusivbuchung-preis&#8220; align_tablet=&#8220;center&#8220; align_phone=&#8220;&#8220; align_last_edited=&#8220;on|desktop&#8220; _builder_version=&#8220;4.14.5&#8243; width=&#8220;100%&#8220; max_width=&#8220;700px&#8220; module_alignment=&#8220;center&#8220; custom_margin=&#8220;||||false|false&#8220; custom_padding=&#8220;||||false|false&#8220; hover_enabled=&#8220;0&#8243; box_shadow_style=&#8220;preset2&#8243; box_shadow_vertical=&#8220;4px&#8220; global_colors_info=&#8220;{}&#8220; sticky_enabled=&#8220;0&#8243;][\/et_pb_image][\/et_pb_column_inner][\/et_pb_row_inner][et_pb_row_inner _builder_version=&#8220;3.25&#8243; global_module=&#8220;491&#8243; collapsed=&#8220;off&#8220; global_colors_info=&#8220;{}&#8220;][et_pb_column_inner _builder_version=&#8220;3.25&#8243; custom_padding=&#8220;|||&#8220; global_colors_info=&#8220;{}&#8220; custom_padding__hover=&#8220;|||&#8220;][et_pb_divider color=&#8220;#555555&#8243; divider_position=&#8220;center&#8220; _builder_version=&#8220;4.12.1&#8243; global_colors_info=&#8220;{}&#8220;][\/et_pb_divider][et_pb_text _builder_version=&#8220;4.14.5&#8243; global_colors_info=&#8220;{}&#8220;]<\/p>\n<h2 style=\"text-align: center;\">Sie haben Fragen? Wir helfen gerne!<\/h2>\n<p>[\/et_pb_text][\/et_pb_column_inner][\/et_pb_row_inner][et_pb_row_inner column_structure=&#8220;1_2,1_2&#8243; _builder_version=&#8220;3.25&#8243; global_module=&#8220;487&#8243; saved_tabs=&#8220;all&#8220; global_colors_info=&#8220;{}&#8220;][et_pb_column_inner type=&#8220;1_2&#8243; _builder_version=&#8220;3.25&#8243; custom_padding=&#8220;|||&#8220; global_colors_info=&#8220;{}&#8220; custom_padding__hover=&#8220;|||&#8220;][et_pb_blurb title=&#8220;E-Mail&#8220; use_icon=&#8220;on&#8220; font_icon=&#8220;&#xe010;||divi||400&#8243; icon_color=&#8220;#555555&#8243; _builder_version=&#8220;4.13.0&#8243; header_level=&#8220;h3&#8243; text_orientation=&#8220;center&#8220; custom_padding=&#8220;10px|10px|10px|10px&#8220; animation_style=&#8220;zoom&#8220; box_shadow_style=&#8220;preset1&#8243; global_colors_info=&#8220;{}&#8220;]<\/p>\n<p style=\"text-align: center;\">Schreiben Sie uns eine E-Mail<br \/>\n<a href=\"mailto:support@cituro.com\">support@cituro.com<\/a><\/p>\n<p>[\/et_pb_blurb][\/et_pb_column_inner][et_pb_column_inner type=&#8220;1_2&#8243; _builder_version=&#8220;3.25&#8243; custom_padding=&#8220;|||&#8220; global_colors_info=&#8220;{}&#8220; custom_padding__hover=&#8220;|||&#8220;][et_pb_blurb title=&#8220;Telefon&#8220; use_icon=&#8220;on&#8220; font_icon=&#8220;&#xe090;||divi||400&#8243; icon_color=&#8220;#555555&#8243; _builder_version=&#8220;4.13.0&#8243; header_level=&#8220;h3&#8243; text_orientation=&#8220;center&#8220; custom_padding=&#8220;10px|10px|10px|10px&#8220; animation_style=&#8220;zoom&#8220; box_shadow_style=&#8220;preset1&#8243; global_colors_info=&#8220;{}&#8220;]<\/p>\n<p style=\"text-align: center;\">Wir sind f\u00fcr Sie da<br \/>\n<a href=\"tel:004982199973940\">+49 821 999 739 40<\/a><\/p>\n<p>[\/et_pb_blurb][\/et_pb_column_inner][\/et_pb_row_inner][\/et_pb_column][\/et_pb_section]<\/p>\n","protected":false},"excerpt":{"rendered":"<p>In dieser Anleitung zeigen wir Ihnen, wie Sie beispielsweise eine Veranstaltung, einen Kurs oder ein Event als Exklusivbuchung einstellen k\u00f6nnen.<\/p>\n","protected":false},"author":3,"featured_media":7865,"parent":10061,"menu_order":0,"comment_status":"closed","ping_status":"closed","template":"","meta":{"_et_pb_use_builder":"on","_et_pb_old_content":"","_et_gb_content_width":"","footnotes":""},"class_list":["post-10099","page","type-page","status-publish","has-post-thumbnail","hentry"],"yoast_head":"<!-- This site is optimized with the Yoast SEO plugin v23.9 - https:\/\/yoast.com\/wordpress\/plugins\/seo\/ -->\n<title>Exklusivbuchung - cituro Helpcenter<\/title>\n<meta name=\"description\" content=\"In dieser Anleitung zeigen wir Ihnen, wie Sie beispielsweise eine Veranstaltung, einen Kurs oder ein Event als Exklusivbuchung einstellen k\u00f6nnen.\" \/>\n<meta name=\"robots\" content=\"index, follow, max-snippet:-1, max-image-preview:large, max-video-preview:-1\" \/>\n<link rel=\"canonical\" href=\"https:\/\/www.cituro.com\/help\/gruppenbuchung\/exklusivbuchung\" \/>\n<meta property=\"og:locale\" content=\"de_DE\" \/>\n<meta property=\"og:type\" content=\"article\" \/>\n<meta property=\"og:title\" content=\"Exklusivbuchung - cituro Helpcenter\" \/>\n<meta property=\"og:description\" content=\"In dieser Anleitung zeigen wir Ihnen, wie Sie beispielsweise eine Veranstaltung, einen Kurs oder ein Event als Exklusivbuchung einstellen k\u00f6nnen.\" \/>\n<meta property=\"og:url\" content=\"https:\/\/www.cituro.com\/help\/gruppenbuchung\/exklusivbuchung\" \/>\n<meta property=\"og:site_name\" content=\"cituro Helpcenter\" \/>\n<meta property=\"article:modified_time\" content=\"2025-08-01T19:52:30+00:00\" \/>\n<meta property=\"og:image\" content=\"https:\/\/www.cituro.com\/help\/wp-content\/uploads\/2022\/06\/cituro-logo-whitebg-1000x1000-1.png\" \/>\n\t<meta property=\"og:image:width\" content=\"1000\" \/>\n\t<meta property=\"og:image:height\" content=\"1000\" \/>\n\t<meta property=\"og:image:type\" content=\"image\/png\" \/>\n<meta name=\"twitter:card\" content=\"summary_large_image\" \/>\n<meta name=\"twitter:label1\" content=\"Gesch\u00e4tzte Lesezeit\" \/>\n\t<meta name=\"twitter:data1\" content=\"3\u00a0Minuten\" \/>\n<script type=\"application\/ld+json\" class=\"yoast-schema-graph\">{\"@context\":\"https:\/\/schema.org\",\"@graph\":[{\"@type\":\"WebPage\",\"@id\":\"https:\/\/www.cituro.com\/help\/gruppenbuchung\/exklusivbuchung\",\"url\":\"https:\/\/www.cituro.com\/help\/gruppenbuchung\/exklusivbuchung\",\"name\":\"Exklusivbuchung - cituro Helpcenter\",\"isPartOf\":{\"@id\":\"https:\/\/www.cituro.com\/help\/#website\"},\"primaryImageOfPage\":{\"@id\":\"https:\/\/www.cituro.com\/help\/gruppenbuchung\/exklusivbuchung#primaryimage\"},\"image\":{\"@id\":\"https:\/\/www.cituro.com\/help\/gruppenbuchung\/exklusivbuchung#primaryimage\"},\"thumbnailUrl\":\"https:\/\/www.cituro.com\/help\/wp-content\/uploads\/2022\/06\/cituro-logo-whitebg-1000x1000-1.png\",\"datePublished\":\"2023-04-03T11:55:09+00:00\",\"dateModified\":\"2025-08-01T19:52:30+00:00\",\"description\":\"In dieser Anleitung zeigen wir Ihnen, wie Sie beispielsweise eine Veranstaltung, einen Kurs oder ein Event als Exklusivbuchung einstellen k\u00f6nnen.\",\"breadcrumb\":{\"@id\":\"https:\/\/www.cituro.com\/help\/gruppenbuchung\/exklusivbuchung#breadcrumb\"},\"inLanguage\":\"de\",\"potentialAction\":[{\"@type\":\"ReadAction\",\"target\":[\"https:\/\/www.cituro.com\/help\/gruppenbuchung\/exklusivbuchung\"]}]},{\"@type\":\"ImageObject\",\"inLanguage\":\"de\",\"@id\":\"https:\/\/www.cituro.com\/help\/gruppenbuchung\/exklusivbuchung#primaryimage\",\"url\":\"https:\/\/www.cituro.com\/help\/wp-content\/uploads\/2022\/06\/cituro-logo-whitebg-1000x1000-1.png\",\"contentUrl\":\"https:\/\/www.cituro.com\/help\/wp-content\/uploads\/2022\/06\/cituro-logo-whitebg-1000x1000-1.png\",\"width\":1000,\"height\":1000},{\"@type\":\"BreadcrumbList\",\"@id\":\"https:\/\/www.cituro.com\/help\/gruppenbuchung\/exklusivbuchung#breadcrumb\",\"itemListElement\":[{\"@type\":\"ListItem\",\"position\":1,\"name\":\"Startseite\",\"item\":\"https:\/\/www.cituro.com\/help\/\"},{\"@type\":\"ListItem\",\"position\":2,\"name\":\"Gruppenbuchung\",\"item\":\"https:\/\/www.cituro.com\/help\/gruppenbuchung\"},{\"@type\":\"ListItem\",\"position\":3,\"name\":\"Exklusivbuchung\"}]},{\"@type\":\"WebSite\",\"@id\":\"https:\/\/www.cituro.com\/help\/#website\",\"url\":\"https:\/\/www.cituro.com\/help\/\",\"name\":\"cituro Helpcenter\",\"description\":\"Eine weitere WordPress-Website\",\"potentialAction\":[{\"@type\":\"SearchAction\",\"target\":{\"@type\":\"EntryPoint\",\"urlTemplate\":\"https:\/\/www.cituro.com\/help\/?s={search_term_string}\"},\"query-input\":{\"@type\":\"PropertyValueSpecification\",\"valueRequired\":true,\"valueName\":\"search_term_string\"}}],\"inLanguage\":\"de\"}]}<\/script>\n<!-- \/ Yoast SEO plugin. -->","yoast_head_json":{"title":"Exklusivbuchung - cituro Helpcenter","description":"In dieser Anleitung zeigen wir Ihnen, wie Sie beispielsweise eine Veranstaltung, einen Kurs oder ein Event als Exklusivbuchung einstellen k\u00f6nnen.","robots":{"index":"index","follow":"follow","max-snippet":"max-snippet:-1","max-image-preview":"max-image-preview:large","max-video-preview":"max-video-preview:-1"},"canonical":"https:\/\/www.cituro.com\/help\/gruppenbuchung\/exklusivbuchung","og_locale":"de_DE","og_type":"article","og_title":"Exklusivbuchung - cituro Helpcenter","og_description":"In dieser Anleitung zeigen wir Ihnen, wie Sie beispielsweise eine Veranstaltung, einen Kurs oder ein Event als Exklusivbuchung einstellen k\u00f6nnen.","og_url":"https:\/\/www.cituro.com\/help\/gruppenbuchung\/exklusivbuchung","og_site_name":"cituro Helpcenter","article_modified_time":"2025-08-01T19:52:30+00:00","og_image":[{"width":1000,"height":1000,"url":"https:\/\/www.cituro.com\/help\/wp-content\/uploads\/2022\/06\/cituro-logo-whitebg-1000x1000-1.png","type":"image\/png"}],"twitter_card":"summary_large_image","twitter_misc":{"Gesch\u00e4tzte Lesezeit":"3\u00a0Minuten"},"schema":{"@context":"https:\/\/schema.org","@graph":[{"@type":"WebPage","@id":"https:\/\/www.cituro.com\/help\/gruppenbuchung\/exklusivbuchung","url":"https:\/\/www.cituro.com\/help\/gruppenbuchung\/exklusivbuchung","name":"Exklusivbuchung - cituro Helpcenter","isPartOf":{"@id":"https:\/\/www.cituro.com\/help\/#website"},"primaryImageOfPage":{"@id":"https:\/\/www.cituro.com\/help\/gruppenbuchung\/exklusivbuchung#primaryimage"},"image":{"@id":"https:\/\/www.cituro.com\/help\/gruppenbuchung\/exklusivbuchung#primaryimage"},"thumbnailUrl":"https:\/\/www.cituro.com\/help\/wp-content\/uploads\/2022\/06\/cituro-logo-whitebg-1000x1000-1.png","datePublished":"2023-04-03T11:55:09+00:00","dateModified":"2025-08-01T19:52:30+00:00","description":"In dieser Anleitung zeigen wir Ihnen, wie Sie beispielsweise eine Veranstaltung, einen Kurs oder ein Event als Exklusivbuchung einstellen k\u00f6nnen.","breadcrumb":{"@id":"https:\/\/www.cituro.com\/help\/gruppenbuchung\/exklusivbuchung#breadcrumb"},"inLanguage":"de","potentialAction":[{"@type":"ReadAction","target":["https:\/\/www.cituro.com\/help\/gruppenbuchung\/exklusivbuchung"]}]},{"@type":"ImageObject","inLanguage":"de","@id":"https:\/\/www.cituro.com\/help\/gruppenbuchung\/exklusivbuchung#primaryimage","url":"https:\/\/www.cituro.com\/help\/wp-content\/uploads\/2022\/06\/cituro-logo-whitebg-1000x1000-1.png","contentUrl":"https:\/\/www.cituro.com\/help\/wp-content\/uploads\/2022\/06\/cituro-logo-whitebg-1000x1000-1.png","width":1000,"height":1000},{"@type":"BreadcrumbList","@id":"https:\/\/www.cituro.com\/help\/gruppenbuchung\/exklusivbuchung#breadcrumb","itemListElement":[{"@type":"ListItem","position":1,"name":"Startseite","item":"https:\/\/www.cituro.com\/help\/"},{"@type":"ListItem","position":2,"name":"Gruppenbuchung","item":"https:\/\/www.cituro.com\/help\/gruppenbuchung"},{"@type":"ListItem","position":3,"name":"Exklusivbuchung"}]},{"@type":"WebSite","@id":"https:\/\/www.cituro.com\/help\/#website","url":"https:\/\/www.cituro.com\/help\/","name":"cituro Helpcenter","description":"Eine weitere WordPress-Website","potentialAction":[{"@type":"SearchAction","target":{"@type":"EntryPoint","urlTemplate":"https:\/\/www.cituro.com\/help\/?s={search_term_string}"},"query-input":{"@type":"PropertyValueSpecification","valueRequired":true,"valueName":"search_term_string"}}],"inLanguage":"de"}]}},"_links":{"self":[{"href":"https:\/\/www.cituro.com\/help\/wp-json\/wp\/v2\/pages\/10099","targetHints":{"allow":["GET"]}}],"collection":[{"href":"https:\/\/www.cituro.com\/help\/wp-json\/wp\/v2\/pages"}],"about":[{"href":"https:\/\/www.cituro.com\/help\/wp-json\/wp\/v2\/types\/page"}],"author":[{"embeddable":true,"href":"https:\/\/www.cituro.com\/help\/wp-json\/wp\/v2\/users\/3"}],"replies":[{"embeddable":true,"href":"https:\/\/www.cituro.com\/help\/wp-json\/wp\/v2\/comments?post=10099"}],"version-history":[{"count":27,"href":"https:\/\/www.cituro.com\/help\/wp-json\/wp\/v2\/pages\/10099\/revisions"}],"predecessor-version":[{"id":12526,"href":"https:\/\/www.cituro.com\/help\/wp-json\/wp\/v2\/pages\/10099\/revisions\/12526"}],"up":[{"embeddable":true,"href":"https:\/\/www.cituro.com\/help\/wp-json\/wp\/v2\/pages\/10061"}],"wp:featuredmedia":[{"embeddable":true,"href":"https:\/\/www.cituro.com\/help\/wp-json\/wp\/v2\/media\/7865"}],"wp:attachment":[{"href":"https:\/\/www.cituro.com\/help\/wp-json\/wp\/v2\/media?parent=10099"}],"curies":[{"name":"wp","href":"https:\/\/api.w.org\/{rel}","templated":true}]}}